{"id":5667,"date":"2019-10-19T15:47:55","date_gmt":"2019-10-19T15:47:55","guid":{"rendered":"https:\/\/novoaglobal.com\/sw\/?page_id=5667"},"modified":"2022-01-18T07:39:45","modified_gmt":"2022-01-18T07:39:45","slug":"novoaglobal-skapa-sakrare-gemenskaper","status":"publish","type":"page","link":"https:\/\/novoaglobal.com\/sw\/novoaglobal-skapa-sakrare-gemenskaper\/","title":{"rendered":"OM OSS"},"content":{"rendered":"<section class=\"sh-section sh-section-4554c1964e37fbbb6afece028615103e fw-main-row sh-section-visibility-everywhere\">\n\t\n\t\n\t<div class=\"sh-section-container container-fluid\">\n\t\t<div class=\"fw-row\">\n\t\n<div class=\"sh-column sh-column-d614895bb62ef0d8f4185664f7270753 fw-col-xs-12\" >\n\n\t\n\t<div class=\"sh-column-wrapper\">\n\t\t\n<div class=\"sh-heading  \" id=\"heading-8440553eb4198483b9983011922b37ea\">\n\t<div class=\"sh-element-margin\">\n\n\t\t\n\t\t\t<h2 class=\"sh-heading-content size-xxl text-center\">\n\t\t\t\tOM OSS\t\t\t<\/h2>\n\n\t\t\n\t<\/div>\n<\/div>\n\t<\/div>\n\n\n\t\t\n\n<\/div>\n<\/div>\n\n\t<\/div>\n<\/section>\n\n<section class=\"sh-section sh-section-6d6dbf83178ba5dc4151e7c9ea3c75cf fw-main-row sh-section-visibility-everywhere\">\n\t\n\t\n\t<div class=\"sh-section-container container section-justify-height\">\n\t\t<div class=\"fw-row\">\n\t\n<div class=\"sh-column sh-column-d28a20641558a2899670a6ed5a50d1b5 fw-col-xs-12 fw-col-sm-6\" >\n\n\t\n\t<div class=\"sh-column-wrapper\">\n\t\t\n<div class=\"sh-heading  \" id=\"heading-4bb404a9da74a7501e3f66f7a22ac53d\">\n\t<div class=\"sh-element-margin\">\n\n\t\t\n\t\t\t<h2 class=\"sh-heading-content size-s text-left\">\n\t\t\t\tNovoaGlobal\t\t\t<\/h2>\n\n\t\t\n\t<\/div>\n<\/div>\n\n<div id=\"text-block-12cdf824ee9513b69942c74a4747bde4\" class=\"sh-text-block\">\n\t<p>Med en kundbas som t\u00e4cker Amerika, \u00e4r Novoa Global ett MBE\/SBE-f\u00f6retag som \u00e4r dedikerat till att utveckla h\u00f6gteknologiska l\u00f6sningar som hj\u00e4lper samh\u00e4llen att bli s\u00e4krare platser f\u00f6r sina medborgare. Trafiks\u00e4kerhet och brottsf\u00f6rebyggande arbete g\u00e5r hand i hand och kan hanteras effektivt med en kombination av innovativ verkst\u00e4llighet och utbildningsteknik.<\/p><p><strong>Syn<\/strong><\/p><p>V\u00e5r vision \u00e4r att skapa s\u00e4krare samh\u00e4llen f\u00f6r v\u00e5ra familjer. Vi vill ha samh\u00e4llen fria fr\u00e5n trafikrelaterade skador eller d\u00f6dsfall. Samh\u00e4llen fria fr\u00e5n brott. Ett samh\u00e4lle d\u00e4r familjer vill bos\u00e4tta sig och v\u00e4xa, d\u00e4r barn kan blomstra och f\u00f6retag kan frodas.<\/p><p><strong>Uppdrag<\/strong><\/p><p>V\u00e5rt uppdrag \u00e4r att tillhandah\u00e5lla icke-komplexa l\u00f6sningar som hj\u00e4lper organisationer att b\u00e4ttre utnyttja tekniken. Vi vill tillhandah\u00e5lla den mest avancerade tekniken och hj\u00e4lpa kommuner att minska trafikolyckor, skador och d\u00f6dsfall i sina samh\u00e4llen samtidigt som vi hj\u00e4lper deras polisavdelningar att minska brottsligheten genom att m\u00f6jligg\u00f6ra b\u00e4ttre resursutnyttjande av tj\u00e4nstem\u00e4n och leverera proaktiv intelligens p\u00e5 det mest effektiva s\u00e4ttet .<\/p><\/div>\n\t<\/div>\n\n\n\t\t\n\n<\/div>\n\n<div class=\"sh-column sh-column-3c5418793c1c7763f145d5230717b563 fw-col-xs-12 fw-col-sm-4\" >\n\n\t\n\t<div class=\"sh-column-wrapper\">\n\t\t\n<div id=\"single-image-3b32a744016f18170ab6a96f3ed6e26f\" class=\"sh-single-image   sh-single-image-shadow3\">\n\t<div class=\"sh-element-margin\">\n\t\t\n\t\t\t\t\t<div class=\"sh-image-lazy-loading\" style=\"max-width: 541px;\">\n\t\t\n\t\t\t<div class=\"sh-single-image-container sh-single-image-container-lazy\">\n\t\t\t\t\t\t\t\t\t\t\t\t\t\t\t<a href=\"\/\/novoaglobal.com\/wp-content\/uploads\/2019\/11\/About-us-4-shot_edited-2.jpg\" rel=\"lightbox\">\n\t\t\t\t\t\n\t\t\t\t\t\t\t\t\t\t\t\t\t\t\t\t\t\t\t\t\t<div class=\"ratio-container\" style=\"padding-top: 87.24584103512%;\">\n\t\t\t\t\t\t\t\t\t<div class=\"ratio-content\">\n\t\t\t\t\t\t\t\t\t\t<img class=\"sh-image-url lazy\" data-src=\"https:\/\/novoaglobal.com\/sw\/wp-content\/uploads\/2019\/11\/About-us-4-shot_edited-2.jpg\" alt=\"NovoaGlobal\" \/>\n\t\t\t\t\t\t\t\t\t<\/div>\n\t\t\t\t\t\t\t\t<\/div>\n\t\t\t\t\t\t\t\n\t\t\t\t\t\t\t\t\t\t\t\t\t\n\t\t\t\t\t\t\t\t\t\t\t<\/a>\n\t\t\t\t\t\t\t\t\t\n\t\t\t\t\t\t\t<\/div>\n\n\t\t\t\t\t<\/div>\n\t\t\n\t<\/div>\n<\/div>\n\t<\/div>\n\n\n\t\t\n\n<\/div>\n<\/div>\n\n\t<\/div>\n<\/section>\n","protected":false},"excerpt":{"rendered":"<p>OM OSS NovoaGlobal Med en kundbas som t\u00e4cker Amerika, \u00e4r Novoa Global ett MBE\/SBE-f\u00f6retag som \u00e4r dedikerat till att utveckla h\u00f6gteknologiska l\u00f6sningar som hj\u00e4lper samh\u00e4llen att bli s\u00e4krare platser f\u00f6r&#8230;<\/p>\n","protected":false},"author":1,"featured_media":6406,"parent":0,"menu_order":0,"comment_status":"closed","ping_status":"closed","template":"","meta":{"_exactmetrics_skip_tracking":false,"_exactmetrics_sitenote_active":false,"_exactmetrics_sitenote_note":"","_exactmetrics_sitenote_category":0,"footnotes":""},"class_list":["post-5667","page","type-page","status-publish","has-post-thumbnail","hentry"],"yoast_head":"<!-- This site is optimized with the Yoast SEO plugin v27.4 - https:\/\/yoast.com\/product\/yoast-seo-wordpress\/ -->\n<title>NovoaGlobal trafiks\u00e4kerhet och fototillsynsunderr\u00e4ttelser<\/title>\n<meta name=\"description\" content=\"NovoaGlobal\u2122 \u00e4r en ledande leverant\u00f6r av automatiserade l\u00f6sningar f\u00f6r bildkontroll som r\u00f6tt ljus, hastighet, \u00f6verg\u00e5ngsst\u00e4lle, stoppskylt, gridlock, LPR\" \/>\n<meta name=\"robots\" content=\"index, follow, max-snippet:-1, max-image-preview:large, max-video-preview:-1\" \/>\n<link rel=\"canonical\" href=\"https:\/\/novoaglobal.com\/sw\/novoaglobal-skapa-sakrare-gemenskaper\/\" \/>\n<meta property=\"og:locale\" content=\"sv_SE\" \/>\n<meta property=\"og:type\" content=\"article\" \/>\n<meta property=\"og:title\" content=\"NovoaGlobal trafiks\u00e4kerhet och fototillsynsunderr\u00e4ttelser\" \/>\n<meta property=\"og:description\" content=\"NovoaGlobal\u2122 \u00e4r en ledande leverant\u00f6r av automatiserade l\u00f6sningar f\u00f6r bildkontroll som r\u00f6tt ljus, hastighet, \u00f6verg\u00e5ngsst\u00e4lle, stoppskylt, gridlock, LPR\" \/>\n<meta property=\"og:url\" content=\"https:\/\/novoaglobal.com\/sw\/novoaglobal-skapa-sakrare-gemenskaper\/\" \/>\n<meta property=\"og:site_name\" content=\"NovoaGlobal\u00ae\" \/>\n<meta property=\"article:publisher\" content=\"https:\/\/www.facebook.com\/novoaglobal\/\" \/>\n<meta property=\"article:modified_time\" content=\"2022-01-18T07:39:45+00:00\" \/>\n<meta property=\"og:image\" content=\"https:\/\/novoaglobal.com\/sw\/wp-content\/uploads\/2020\/01\/bigstock-Back-to-school-lovely-school-36404680.jpg\" \/>\n\t<meta property=\"og:image:width\" content=\"1600\" \/>\n\t<meta property=\"og:image:height\" content=\"1067\" \/>\n\t<meta property=\"og:image:type\" content=\"image\/jpeg\" \/>\n<meta name=\"twitter:card\" content=\"summary_large_image\" \/>\n<meta name=\"twitter:site\" content=\"@NovoaGlobal\" \/>\n<meta name=\"twitter:label1\" content=\"Ber\u00e4knad l\u00e4stid\" \/>\n\t<meta name=\"twitter:data1\" content=\"1 minut\" \/>\n<script type=\"application\/ld+json\" class=\"yoast-schema-graph\">{\"@context\":\"https:\\\/\\\/schema.org\",\"@graph\":[{\"@type\":\"WebPage\",\"@id\":\"https:\\\/\\\/novoaglobal.com\\\/sw\\\/novoaglobal-skapa-sakrare-gemenskaper\\\/\",\"url\":\"https:\\\/\\\/novoaglobal.com\\\/sw\\\/novoaglobal-skapa-sakrare-gemenskaper\\\/\",\"name\":\"NovoaGlobal trafiks\u00e4kerhet och fototillsynsunderr\u00e4ttelser\",\"isPartOf\":{\"@id\":\"https:\\\/\\\/novoaglobal.com\\\/sw\\\/#website\"},\"primaryImageOfPage\":{\"@id\":\"https:\\\/\\\/novoaglobal.com\\\/sw\\\/novoaglobal-skapa-sakrare-gemenskaper\\\/#primaryimage\"},\"image\":{\"@id\":\"https:\\\/\\\/novoaglobal.com\\\/sw\\\/novoaglobal-skapa-sakrare-gemenskaper\\\/#primaryimage\"},\"thumbnailUrl\":\"https:\\\/\\\/novoaglobal.com\\\/sw\\\/wp-content\\\/uploads\\\/2020\\\/01\\\/bigstock-Back-to-school-lovely-school-36404680.jpg\",\"datePublished\":\"2019-10-19T15:47:55+00:00\",\"dateModified\":\"2022-01-18T07:39:45+00:00\",\"description\":\"NovoaGlobal\u2122 \u00e4r en ledande leverant\u00f6r av automatiserade l\u00f6sningar f\u00f6r bildkontroll som r\u00f6tt ljus, hastighet, \u00f6verg\u00e5ngsst\u00e4lle, stoppskylt, gridlock, LPR\",\"breadcrumb\":{\"@id\":\"https:\\\/\\\/novoaglobal.com\\\/sw\\\/novoaglobal-skapa-sakrare-gemenskaper\\\/#breadcrumb\"},\"inLanguage\":\"sv-SE\",\"potentialAction\":[{\"@type\":\"ReadAction\",\"target\":[\"https:\\\/\\\/novoaglobal.com\\\/sw\\\/novoaglobal-skapa-sakrare-gemenskaper\\\/\"]}]},{\"@type\":\"ImageObject\",\"inLanguage\":\"sv-SE\",\"@id\":\"https:\\\/\\\/novoaglobal.com\\\/sw\\\/novoaglobal-skapa-sakrare-gemenskaper\\\/#primaryimage\",\"url\":\"https:\\\/\\\/novoaglobal.com\\\/sw\\\/wp-content\\\/uploads\\\/2020\\\/01\\\/bigstock-Back-to-school-lovely-school-36404680.jpg\",\"contentUrl\":\"https:\\\/\\\/novoaglobal.com\\\/sw\\\/wp-content\\\/uploads\\\/2020\\\/01\\\/bigstock-Back-to-school-lovely-school-36404680.jpg\",\"width\":1600,\"height\":1067,\"caption\":\"Back to school - lovely schoolgirl on the way to the school\"},{\"@type\":\"BreadcrumbList\",\"@id\":\"https:\\\/\\\/novoaglobal.com\\\/sw\\\/novoaglobal-skapa-sakrare-gemenskaper\\\/#breadcrumb\",\"itemListElement\":[{\"@type\":\"ListItem\",\"position\":1,\"name\":\"Home\",\"item\":\"https:\\\/\\\/novoaglobal.com\\\/sw\\\/\"},{\"@type\":\"ListItem\",\"position\":2,\"name\":\"OM OSS\"}]},{\"@type\":\"WebSite\",\"@id\":\"https:\\\/\\\/novoaglobal.com\\\/sw\\\/#website\",\"url\":\"https:\\\/\\\/novoaglobal.com\\\/sw\\\/\",\"name\":\"NovoaGlobal\u00ae\",\"description\":\"Creating Safer Communities\",\"publisher\":{\"@id\":\"https:\\\/\\\/novoaglobal.com\\\/sw\\\/#organization\"},\"potentialAction\":[{\"@type\":\"SearchAction\",\"target\":{\"@type\":\"EntryPoint\",\"urlTemplate\":\"https:\\\/\\\/novoaglobal.com\\\/sw\\\/?s={search_term_string}\"},\"query-input\":{\"@type\":\"PropertyValueSpecification\",\"valueRequired\":true,\"valueName\":\"search_term_string\"}}],\"inLanguage\":\"sv-SE\"},{\"@type\":\"Organization\",\"@id\":\"https:\\\/\\\/novoaglobal.com\\\/sw\\\/#organization\",\"name\":\"NovoaGlobal\",\"url\":\"https:\\\/\\\/novoaglobal.com\\\/sw\\\/\",\"logo\":{\"@type\":\"ImageObject\",\"inLanguage\":\"sv-SE\",\"@id\":\"https:\\\/\\\/novoaglobal.com\\\/sw\\\/#\\\/schema\\\/logo\\\/image\\\/\",\"url\":\"https:\\\/\\\/novoaglobal.com\\\/sw\\\/wp-content\\\/uploads\\\/2019\\\/10\\\/logo-history-2.png\",\"contentUrl\":\"https:\\\/\\\/novoaglobal.com\\\/sw\\\/wp-content\\\/uploads\\\/2019\\\/10\\\/logo-history-2.png\",\"width\":394,\"height\":363,\"caption\":\"NovoaGlobal\"},\"image\":{\"@id\":\"https:\\\/\\\/novoaglobal.com\\\/sw\\\/#\\\/schema\\\/logo\\\/image\\\/\"},\"sameAs\":[\"https:\\\/\\\/www.facebook.com\\\/novoaglobal\\\/\",\"https:\\\/\\\/x.com\\\/NovoaGlobal\",\"https:\\\/\\\/www.instagram.com\\\/novoaglobal\\\/\",\"https:\\\/\\\/www.linkedin.com\\\/company\\\/novoaglobal\\\/about\\\/\",\"https:\\\/\\\/www.youtube.com\\\/channel\\\/UCoMVz-xMzL_dyjZ0GgVz7Dw\"]}]}<\/script>\n<!-- \/ Yoast SEO plugin. -->","yoast_head_json":{"title":"NovoaGlobal trafiks\u00e4kerhet och fototillsynsunderr\u00e4ttelser","description":"NovoaGlobal\u2122 \u00e4r en ledande leverant\u00f6r av automatiserade l\u00f6sningar f\u00f6r bildkontroll som r\u00f6tt ljus, hastighet, \u00f6verg\u00e5ngsst\u00e4lle, stoppskylt, gridlock, LPR","robots":{"index":"index","follow":"follow","max-snippet":"max-snippet:-1","max-image-preview":"max-image-preview:large","max-video-preview":"max-video-preview:-1"},"canonical":"https:\/\/novoaglobal.com\/sw\/novoaglobal-skapa-sakrare-gemenskaper\/","og_locale":"sv_SE","og_type":"article","og_title":"NovoaGlobal trafiks\u00e4kerhet och fototillsynsunderr\u00e4ttelser","og_description":"NovoaGlobal\u2122 \u00e4r en ledande leverant\u00f6r av automatiserade l\u00f6sningar f\u00f6r bildkontroll som r\u00f6tt ljus, hastighet, \u00f6verg\u00e5ngsst\u00e4lle, stoppskylt, gridlock, LPR","og_url":"https:\/\/novoaglobal.com\/sw\/novoaglobal-skapa-sakrare-gemenskaper\/","og_site_name":"NovoaGlobal\u00ae","article_publisher":"https:\/\/www.facebook.com\/novoaglobal\/","article_modified_time":"2022-01-18T07:39:45+00:00","og_image":[{"width":1600,"height":1067,"url":"https:\/\/novoaglobal.com\/sw\/wp-content\/uploads\/2020\/01\/bigstock-Back-to-school-lovely-school-36404680.jpg","type":"image\/jpeg"}],"twitter_card":"summary_large_image","twitter_site":"@NovoaGlobal","twitter_misc":{"Ber\u00e4knad l\u00e4stid":"1 minut"},"schema":{"@context":"https:\/\/schema.org","@graph":[{"@type":"WebPage","@id":"https:\/\/novoaglobal.com\/sw\/novoaglobal-skapa-sakrare-gemenskaper\/","url":"https:\/\/novoaglobal.com\/sw\/novoaglobal-skapa-sakrare-gemenskaper\/","name":"NovoaGlobal trafiks\u00e4kerhet och fototillsynsunderr\u00e4ttelser","isPartOf":{"@id":"https:\/\/novoaglobal.com\/sw\/#website"},"primaryImageOfPage":{"@id":"https:\/\/novoaglobal.com\/sw\/novoaglobal-skapa-sakrare-gemenskaper\/#primaryimage"},"image":{"@id":"https:\/\/novoaglobal.com\/sw\/novoaglobal-skapa-sakrare-gemenskaper\/#primaryimage"},"thumbnailUrl":"https:\/\/novoaglobal.com\/sw\/wp-content\/uploads\/2020\/01\/bigstock-Back-to-school-lovely-school-36404680.jpg","datePublished":"2019-10-19T15:47:55+00:00","dateModified":"2022-01-18T07:39:45+00:00","description":"NovoaGlobal\u2122 \u00e4r en ledande leverant\u00f6r av automatiserade l\u00f6sningar f\u00f6r bildkontroll som r\u00f6tt ljus, hastighet, \u00f6verg\u00e5ngsst\u00e4lle, stoppskylt, gridlock, LPR","breadcrumb":{"@id":"https:\/\/novoaglobal.com\/sw\/novoaglobal-skapa-sakrare-gemenskaper\/#breadcrumb"},"inLanguage":"sv-SE","potentialAction":[{"@type":"ReadAction","target":["https:\/\/novoaglobal.com\/sw\/novoaglobal-skapa-sakrare-gemenskaper\/"]}]},{"@type":"ImageObject","inLanguage":"sv-SE","@id":"https:\/\/novoaglobal.com\/sw\/novoaglobal-skapa-sakrare-gemenskaper\/#primaryimage","url":"https:\/\/novoaglobal.com\/sw\/wp-content\/uploads\/2020\/01\/bigstock-Back-to-school-lovely-school-36404680.jpg","contentUrl":"https:\/\/novoaglobal.com\/sw\/wp-content\/uploads\/2020\/01\/bigstock-Back-to-school-lovely-school-36404680.jpg","width":1600,"height":1067,"caption":"Back to school - lovely schoolgirl on the way to the school"},{"@type":"BreadcrumbList","@id":"https:\/\/novoaglobal.com\/sw\/novoaglobal-skapa-sakrare-gemenskaper\/#breadcrumb","itemListElement":[{"@type":"ListItem","position":1,"name":"Home","item":"https:\/\/novoaglobal.com\/sw\/"},{"@type":"ListItem","position":2,"name":"OM OSS"}]},{"@type":"WebSite","@id":"https:\/\/novoaglobal.com\/sw\/#website","url":"https:\/\/novoaglobal.com\/sw\/","name":"NovoaGlobal\u00ae","description":"Creating Safer Communities","publisher":{"@id":"https:\/\/novoaglobal.com\/sw\/#organization"},"potentialAction":[{"@type":"SearchAction","target":{"@type":"EntryPoint","urlTemplate":"https:\/\/novoaglobal.com\/sw\/?s={search_term_string}"},"query-input":{"@type":"PropertyValueSpecification","valueRequired":true,"valueName":"search_term_string"}}],"inLanguage":"sv-SE"},{"@type":"Organization","@id":"https:\/\/novoaglobal.com\/sw\/#organization","name":"NovoaGlobal","url":"https:\/\/novoaglobal.com\/sw\/","logo":{"@type":"ImageObject","inLanguage":"sv-SE","@id":"https:\/\/novoaglobal.com\/sw\/#\/schema\/logo\/image\/","url":"https:\/\/novoaglobal.com\/sw\/wp-content\/uploads\/2019\/10\/logo-history-2.png","contentUrl":"https:\/\/novoaglobal.com\/sw\/wp-content\/uploads\/2019\/10\/logo-history-2.png","width":394,"height":363,"caption":"NovoaGlobal"},"image":{"@id":"https:\/\/novoaglobal.com\/sw\/#\/schema\/logo\/image\/"},"sameAs":["https:\/\/www.facebook.com\/novoaglobal\/","https:\/\/x.com\/NovoaGlobal","https:\/\/www.instagram.com\/novoaglobal\/","https:\/\/www.linkedin.com\/company\/novoaglobal\/about\/","https:\/\/www.youtube.com\/channel\/UCoMVz-xMzL_dyjZ0GgVz7Dw"]}]}},"_links":{"self":[{"href":"https:\/\/novoaglobal.com\/sw\/wp-json\/wp\/v2\/pages\/5667","targetHints":{"allow":["GET"]}}],"collection":[{"href":"https:\/\/novoaglobal.com\/sw\/wp-json\/wp\/v2\/pages"}],"about":[{"href":"https:\/\/novoaglobal.com\/sw\/wp-json\/wp\/v2\/types\/page"}],"author":[{"embeddable":true,"href":"https:\/\/novoaglobal.com\/sw\/wp-json\/wp\/v2\/users\/1"}],"replies":[{"embeddable":true,"href":"https:\/\/novoaglobal.com\/sw\/wp-json\/wp\/v2\/comments?post=5667"}],"version-history":[{"count":3,"href":"https:\/\/novoaglobal.com\/sw\/wp-json\/wp\/v2\/pages\/5667\/revisions"}],"predecessor-version":[{"id":10466,"href":"https:\/\/novoaglobal.com\/sw\/wp-json\/wp\/v2\/pages\/5667\/revisions\/10466"}],"wp:featuredmedia":[{"embeddable":true,"href":"https:\/\/novoaglobal.com\/sw\/wp-json\/wp\/v2\/media\/6406"}],"wp:attachment":[{"href":"https:\/\/novoaglobal.com\/sw\/wp-json\/wp\/v2\/media?parent=5667"}],"curies":[{"name":"wp","href":"https:\/\/api.w.org\/{rel}","templated":true}]}}