{"id":2434,"date":"2019-10-14T08:59:24","date_gmt":"2019-10-14T08:59:24","guid":{"rendered":"https:\/\/novoaglobal.com\/sw\/?page_id=2434"},"modified":"2022-01-19T08:14:26","modified_gmt":"2022-01-19T08:14:26","slug":"video-sek","status":"publish","type":"page","link":"https:\/\/novoaglobal.com\/sw\/video-sek\/","title":{"rendered":"VIDEO\u00d6VERVAKNING"},"content":{"rendered":"<section class=\"sh-section sh-section-4554c1964e37fbbb6afece028615103e fw-main-row sh-section-visibility-everywhere\">\n\t\n\t\n\t<div class=\"sh-section-container container-fluid\">\n\t\t\t<\/div>\n<\/section>\n\n<section class=\"sh-section sh-section-6d6dbf83178ba5dc4151e7c9ea3c75cf fw-main-row sh-section-visibility-everywhere\">\n\t\n\t\n\t<div class=\"sh-section-container container section-justify-height\">\n\t\t<div class=\"fw-row\">\n\t\n<div class=\"sh-column sh-column-d28a20641558a2899670a6ed5a50d1b5 fw-col-xs-12 fw-col-sm-6\" >\n\n\t\n\t<div class=\"sh-column-wrapper\">\n\t\t\n<div class=\"sh-heading  \" id=\"heading-4bb404a9da74a7501e3f66f7a22ac53d\">\n\t<div class=\"sh-element-margin\">\n\n\t\t\n\t\t\t<h2 class=\"sh-heading-content size-l text-left\">\n\t\t\t\tVIDEO-SEK\t\t\t<\/h2>\n\n\t\t\n\t<\/div>\n<\/div>\n\n<div id=\"text-block-12cdf824ee9513b69942c74a4747bde4\" class=\"sh-text-block\">\n\t<p><strong>ODISKUTIBEL BEVIS H\u00c4MTAD MED NOVOAGLOBAL'S VIDEO-SEC<\/strong><\/p><p>N\u00e4r en polis utreder orsaken till en olycka eller en detektiv st\u00e5r inf\u00f6r ett ol\u00f6st brott, g\u00f6r tydlig h\u00f6guppl\u00f6st video stor skillnad.<\/p><p><strong>Hur Video-Sec anv\u00e4nds:<\/strong><\/p><ul><li>Granska krascher f\u00f6r att l\u00f6sa vem som \u00e4r felet<\/li><li>L\u00f6s brott som en biljakt i h\u00f6g hastighet<\/li><li>Identifiera inbrottsmisst\u00e4nkta<\/li><li>\u00c5tala illegal streetracing<\/li><\/ul><p><strong>HUR FUNGERAR DET?<\/strong><\/p><p>Novoa Globals Video-Sec laddar automatiskt upp en bild var 60:e sekund och lagrar h\u00f6guppl\u00f6st video. Genom att minimera str\u00f6mmande data under icke-v\u00e4sentliga tidsperioder har brottsbek\u00e4mpning exceptionell bildkvalitet utan att \u00f6verbelasta tillg\u00e5ngen p\u00e5 bandbredd. Inspelad och lagrad str\u00f6mmande video kan n\u00e5s direkt, granskas och laddas ner under en viss tidsperiod. Med Video-Sec kan en minuts str\u00f6mmande video \u00e5terkallas med ett enkelt musklick.<\/p><p>Med Video-Sec har medborgarna sinnesfrid och vet att det finns teknik d\u00e4r ute som skyddar dem samtidigt som de l\u00e5ter brottslingar veta att de blir iakttagna. Novoa Globals Video-Sec ger bevis f\u00f6r att f\u00e5nga och \u00e5tala.<\/p><\/div>\n\t<\/div>\n\n\n\t\t\n\n<\/div>\n\n<div class=\"sh-column sh-column-3c5418793c1c7763f145d5230717b563 fw-col-xs-12 fw-col-sm-4\" >\n\n\t\n\t<div class=\"sh-column-wrapper\">\n\t\t\n<div id=\"single-image-3b32a744016f18170ab6a96f3ed6e26f\" class=\"sh-single-image   sh-single-image-shadow3\">\n\t<div class=\"sh-element-margin\">\n\t\t\n\t\t\t\t\t<div class=\"sh-image-lazy-loading\" style=\"max-width: 300px;\">\n\t\t\n\t\t\t<div class=\"sh-single-image-container sh-single-image-container-lazy\">\n\t\t\t\t\t\t\t\t\t\t\t\t\t\t\t<a href=\"\/\/novoaglobal.net\/wp-content\/uploads\/2019\/10\/screenshot2.png\" rel=\"lightbox\">\n\t\t\t\t\t\n\t\t\t\t\t\t\t\t\t\t\t\t\t\t\t\t\t\t\t\t\t<div class=\"ratio-container\" style=\"padding-top: 166.66666666667%;\">\n\t\t\t\t\t\t\t\t\t<div class=\"ratio-content\">\n\t\t\t\t\t\t\t\t\t\t<img class=\"sh-image-url lazy\" data-src=\"https:\/\/novoaglobal.com\/sw\/wp-content\/uploads\/2019\/10\/screenshot2.png\" alt=\"VIDEO-SEC\" \/>\n\t\t\t\t\t\t\t\t\t<\/div>\n\t\t\t\t\t\t\t\t<\/div>\n\t\t\t\t\t\t\t\n\t\t\t\t\t\t\t\t\t\t\t\t\t\n\t\t\t\t\t\t\t\t\t\t\t<\/a>\n\t\t\t\t\t\t\t\t\t\n\t\t\t\t\t\t\t<\/div>\n\n\t\t\t\t\t<\/div>\n\t\t\n\t<\/div>\n<\/div>\n\t<\/div>\n\n\n\t\t\n\n<\/div>\n<\/div>\n\n\t<\/div>\n<\/section>\n\n<section class=\"sh-section sh-section-b414616623d6b016e214df18ed1b88c2 fw-main-row sh-section-visibility-everywhere\">\n\t\n\t\n\t<div class=\"sh-section-container container section-justify-height\">\n\t\t<div class=\"fw-row\">\n\t\n<div class=\"sh-column sh-column-e9252772e44fa48dd446ae414b2b8fdb fw-col-xs-12 fw-col-sm-4 sh-column-mobile-padding\" >\n\n\t\n\t<div class=\"sh-column-wrapper\">\n\t\t\n<div id=\"single-image-84a8be123fe22348a16eb7d9066bcbd5\" class=\"sh-single-image   sh-single-image-shadow3\">\n\t<div class=\"sh-element-margin\">\n\t\t\n\t\t\t\t\t<div class=\"sh-image-lazy-loading\" style=\"max-width: 300px;\">\n\t\t\n\t\t\t<div class=\"sh-single-image-container sh-single-image-container-lazy\">\n\t\t\t\t\t\t\t\t\t\t\t\t\t\t\t<a href=\"\/\/novoaglobal.net\/wp-content\/uploads\/2019\/10\/High-speed-chase-with-screenshot-and-photo-copy-300x164.jpg\" rel=\"lightbox\">\n\t\t\t\t\t\n\t\t\t\t\t\t\t\t\t\t\t\t\t\t\t\t\t\t\t\t\t<div class=\"ratio-container\" style=\"padding-top: 54.666666666667%;\">\n\t\t\t\t\t\t\t\t\t<div class=\"ratio-content\">\n\t\t\t\t\t\t\t\t\t\t<img class=\"sh-image-url lazy\" data-src=\"https:\/\/novoaglobal.com\/sw\/wp-content\/uploads\/2019\/10\/High-speed-chase-with-screenshot-and-photo-copy-300x164.jpg\" alt=\"VIDEO SEC ADVANTAGES\" \/>\n\t\t\t\t\t\t\t\t\t<\/div>\n\t\t\t\t\t\t\t\t<\/div>\n\t\t\t\t\t\t\t\n\t\t\t\t\t\t\t\t\t\t\t\t\t\n\t\t\t\t\t\t\t\t\t\t\t<\/a>\n\t\t\t\t\t\t\t\t\t\n\t\t\t\t\t\t\t<\/div>\n\n\t\t\t\t\t<\/div>\n\t\t\n\t<\/div>\n<\/div>\n\t<\/div>\n\n\n\t\t\n\n<\/div>\n\n<div class=\"sh-column sh-column-de3a1b7d30dba7ebef3d81e7220d363f fw-col-xs-12 fw-col-sm-6\" >\n\n\t\n\t<div class=\"sh-column-wrapper\">\n\t\t\n<div id=\"text-block-e78c0fb2b8b264aa79bd96aca25b81ed\" class=\"sh-text-block\">\n\t<h5>VIDEO-SEC'S ADVANTAGES:<\/h5><ul class=\"police-page\"><li>Live Viewing\/Monitoring<\/li><li>Retrieve any time period<\/li><li>High-resolution digital video<\/li><li>Minimal bandwidth<\/li><li>Easy DVR retrieval<\/li><li>Robust back office software<\/li><li>Secure Cloud Solution<\/li><li>Court Case Management<\/li><\/ul><\/div>\n\t<\/div>\n\n\n\t\t\n\n<\/div>\n<\/div>\n\n\t<\/div>\n<\/section>\n","protected":false},"excerpt":{"rendered":"<p>VIDEO-SEK ODISKUTIBEL BEVIS H\u00c4MTAD MED NOVOAGLOBAL&#8217;S VIDEO-SECN\u00e4r en polis utreder orsaken till en olycka eller en detektiv st\u00e5r inf\u00f6r ett ol\u00f6st brott, g\u00f6r tydlig h\u00f6guppl\u00f6st video stor skillnad.Hur Video-Sec anv\u00e4nds:Granska&#8230;<\/p>\n","protected":false},"author":1,"featured_media":6796,"parent":0,"menu_order":0,"comment_status":"closed","ping_status":"closed","template":"","meta":{"_exactmetrics_skip_tracking":false,"_exactmetrics_sitenote_active":false,"_exactmetrics_sitenote_note":"","_exactmetrics_sitenote_category":0,"footnotes":""},"class_list":["post-2434","page","type-page","status-publish","has-post-thumbnail","hentry"],"yoast_head":"<!-- This site is optimized with the Yoast SEO plugin v27.4 - https:\/\/yoast.com\/product\/yoast-seo-wordpress\/ -->\n<title>NovoaGlobal\u00ae Video\u00f6vervakning,Automatiserad kamerafototill\u00e4mpning<\/title>\n<meta name=\"description\" content=\"NovoaGlobal\u00ae erbjuder video\u00f6vervaknings\u00f6vervakning av trafik i n\u00e4stan realtid 24 timmar, 7 dagar i veckan f\u00f6r att f\u00f6rb\u00e4ttra trafik\u00f6vervakningen.\" \/>\n<meta name=\"robots\" content=\"index, follow, max-snippet:-1, max-image-preview:large, max-video-preview:-1\" \/>\n<link rel=\"canonical\" href=\"https:\/\/novoaglobal.com\/sw\/video-sek\/\" \/>\n<meta property=\"og:locale\" content=\"sv_SE\" \/>\n<meta property=\"og:type\" content=\"article\" \/>\n<meta property=\"og:title\" content=\"NovoaGlobal\u00ae Video\u00f6vervakning,Automatiserad kamerafototill\u00e4mpning\" \/>\n<meta property=\"og:description\" content=\"NovoaGlobal\u00ae erbjuder video\u00f6vervaknings\u00f6vervakning av trafik i n\u00e4stan realtid 24 timmar, 7 dagar i veckan f\u00f6r att f\u00f6rb\u00e4ttra trafik\u00f6vervakningen.\" \/>\n<meta property=\"og:url\" content=\"https:\/\/novoaglobal.com\/sw\/video-sek\/\" \/>\n<meta property=\"og:site_name\" content=\"NovoaGlobal\u00ae\" \/>\n<meta property=\"article:publisher\" content=\"https:\/\/www.facebook.com\/novoaglobal\/\" \/>\n<meta property=\"article:modified_time\" content=\"2022-01-19T08:14:26+00:00\" \/>\n<meta property=\"og:image\" content=\"https:\/\/novoaglobal.com\/sw\/wp-content\/uploads\/2020\/06\/Video-Sec-1200-x-630-copy-e1593470025975.jpg\" \/>\n\t<meta property=\"og:image:width\" content=\"765\" \/>\n\t<meta property=\"og:image:height\" content=\"630\" \/>\n\t<meta property=\"og:image:type\" content=\"image\/jpeg\" \/>\n<meta name=\"twitter:card\" content=\"summary_large_image\" \/>\n<meta name=\"twitter:site\" content=\"@NovoaGlobal\" \/>\n<meta name=\"twitter:label1\" content=\"Ber\u00e4knad l\u00e4stid\" \/>\n\t<meta name=\"twitter:data1\" content=\"1 minut\" \/>\n<script type=\"application\/ld+json\" class=\"yoast-schema-graph\">{\"@context\":\"https:\\\/\\\/schema.org\",\"@graph\":[{\"@type\":\"WebPage\",\"@id\":\"https:\\\/\\\/novoaglobal.com\\\/sw\\\/video-sek\\\/\",\"url\":\"https:\\\/\\\/novoaglobal.com\\\/sw\\\/video-sek\\\/\",\"name\":\"NovoaGlobal\u00ae Video\u00f6vervakning,Automatiserad kamerafototill\u00e4mpning\",\"isPartOf\":{\"@id\":\"https:\\\/\\\/novoaglobal.com\\\/sw\\\/#website\"},\"primaryImageOfPage\":{\"@id\":\"https:\\\/\\\/novoaglobal.com\\\/sw\\\/video-sek\\\/#primaryimage\"},\"image\":{\"@id\":\"https:\\\/\\\/novoaglobal.com\\\/sw\\\/video-sek\\\/#primaryimage\"},\"thumbnailUrl\":\"https:\\\/\\\/novoaglobal.com\\\/sw\\\/wp-content\\\/uploads\\\/2020\\\/06\\\/Video-Sec-1200-x-630-copy-e1593470025975.jpg\",\"datePublished\":\"2019-10-14T08:59:24+00:00\",\"dateModified\":\"2022-01-19T08:14:26+00:00\",\"description\":\"NovoaGlobal\u00ae erbjuder video\u00f6vervaknings\u00f6vervakning av trafik i n\u00e4stan realtid 24 timmar, 7 dagar i veckan f\u00f6r att f\u00f6rb\u00e4ttra trafik\u00f6vervakningen.\",\"breadcrumb\":{\"@id\":\"https:\\\/\\\/novoaglobal.com\\\/sw\\\/video-sek\\\/#breadcrumb\"},\"inLanguage\":\"sv-SE\",\"potentialAction\":[{\"@type\":\"ReadAction\",\"target\":[\"https:\\\/\\\/novoaglobal.com\\\/sw\\\/video-sek\\\/\"]}]},{\"@type\":\"ImageObject\",\"inLanguage\":\"sv-SE\",\"@id\":\"https:\\\/\\\/novoaglobal.com\\\/sw\\\/video-sek\\\/#primaryimage\",\"url\":\"https:\\\/\\\/novoaglobal.com\\\/sw\\\/wp-content\\\/uploads\\\/2020\\\/06\\\/Video-Sec-1200-x-630-copy-e1593470025975.jpg\",\"contentUrl\":\"https:\\\/\\\/novoaglobal.com\\\/sw\\\/wp-content\\\/uploads\\\/2020\\\/06\\\/Video-Sec-1200-x-630-copy-e1593470025975.jpg\",\"width\":765,\"height\":630,\"caption\":\"NovoaGlobal Video Monitoring, NovoaGlobal Automated Camera Enforcement\"},{\"@type\":\"BreadcrumbList\",\"@id\":\"https:\\\/\\\/novoaglobal.com\\\/sw\\\/video-sek\\\/#breadcrumb\",\"itemListElement\":[{\"@type\":\"ListItem\",\"position\":1,\"name\":\"Home\",\"item\":\"https:\\\/\\\/novoaglobal.com\\\/sw\\\/\"},{\"@type\":\"ListItem\",\"position\":2,\"name\":\"VIDEO\u00d6VERVAKNING\"}]},{\"@type\":\"WebSite\",\"@id\":\"https:\\\/\\\/novoaglobal.com\\\/sw\\\/#website\",\"url\":\"https:\\\/\\\/novoaglobal.com\\\/sw\\\/\",\"name\":\"NovoaGlobal\u00ae\",\"description\":\"Creating Safer Communities\",\"publisher\":{\"@id\":\"https:\\\/\\\/novoaglobal.com\\\/sw\\\/#organization\"},\"potentialAction\":[{\"@type\":\"SearchAction\",\"target\":{\"@type\":\"EntryPoint\",\"urlTemplate\":\"https:\\\/\\\/novoaglobal.com\\\/sw\\\/?s={search_term_string}\"},\"query-input\":{\"@type\":\"PropertyValueSpecification\",\"valueRequired\":true,\"valueName\":\"search_term_string\"}}],\"inLanguage\":\"sv-SE\"},{\"@type\":\"Organization\",\"@id\":\"https:\\\/\\\/novoaglobal.com\\\/sw\\\/#organization\",\"name\":\"NovoaGlobal\",\"url\":\"https:\\\/\\\/novoaglobal.com\\\/sw\\\/\",\"logo\":{\"@type\":\"ImageObject\",\"inLanguage\":\"sv-SE\",\"@id\":\"https:\\\/\\\/novoaglobal.com\\\/sw\\\/#\\\/schema\\\/logo\\\/image\\\/\",\"url\":\"https:\\\/\\\/novoaglobal.com\\\/sw\\\/wp-content\\\/uploads\\\/2019\\\/10\\\/logo-history-2.png\",\"contentUrl\":\"https:\\\/\\\/novoaglobal.com\\\/sw\\\/wp-content\\\/uploads\\\/2019\\\/10\\\/logo-history-2.png\",\"width\":394,\"height\":363,\"caption\":\"NovoaGlobal\"},\"image\":{\"@id\":\"https:\\\/\\\/novoaglobal.com\\\/sw\\\/#\\\/schema\\\/logo\\\/image\\\/\"},\"sameAs\":[\"https:\\\/\\\/www.facebook.com\\\/novoaglobal\\\/\",\"https:\\\/\\\/x.com\\\/NovoaGlobal\",\"https:\\\/\\\/www.instagram.com\\\/novoaglobal\\\/\",\"https:\\\/\\\/www.linkedin.com\\\/company\\\/novoaglobal\\\/about\\\/\",\"https:\\\/\\\/www.youtube.com\\\/channel\\\/UCoMVz-xMzL_dyjZ0GgVz7Dw\"]}]}<\/script>\n<!-- \/ Yoast SEO plugin. -->","yoast_head_json":{"title":"NovoaGlobal\u00ae Video\u00f6vervakning,Automatiserad kamerafototill\u00e4mpning","description":"NovoaGlobal\u00ae erbjuder video\u00f6vervaknings\u00f6vervakning av trafik i n\u00e4stan realtid 24 timmar, 7 dagar i veckan f\u00f6r att f\u00f6rb\u00e4ttra trafik\u00f6vervakningen.","robots":{"index":"index","follow":"follow","max-snippet":"max-snippet:-1","max-image-preview":"max-image-preview:large","max-video-preview":"max-video-preview:-1"},"canonical":"https:\/\/novoaglobal.com\/sw\/video-sek\/","og_locale":"sv_SE","og_type":"article","og_title":"NovoaGlobal\u00ae Video\u00f6vervakning,Automatiserad kamerafototill\u00e4mpning","og_description":"NovoaGlobal\u00ae erbjuder video\u00f6vervaknings\u00f6vervakning av trafik i n\u00e4stan realtid 24 timmar, 7 dagar i veckan f\u00f6r att f\u00f6rb\u00e4ttra trafik\u00f6vervakningen.","og_url":"https:\/\/novoaglobal.com\/sw\/video-sek\/","og_site_name":"NovoaGlobal\u00ae","article_publisher":"https:\/\/www.facebook.com\/novoaglobal\/","article_modified_time":"2022-01-19T08:14:26+00:00","og_image":[{"width":765,"height":630,"url":"https:\/\/novoaglobal.com\/sw\/wp-content\/uploads\/2020\/06\/Video-Sec-1200-x-630-copy-e1593470025975.jpg","type":"image\/jpeg"}],"twitter_card":"summary_large_image","twitter_site":"@NovoaGlobal","twitter_misc":{"Ber\u00e4knad l\u00e4stid":"1 minut"},"schema":{"@context":"https:\/\/schema.org","@graph":[{"@type":"WebPage","@id":"https:\/\/novoaglobal.com\/sw\/video-sek\/","url":"https:\/\/novoaglobal.com\/sw\/video-sek\/","name":"NovoaGlobal\u00ae Video\u00f6vervakning,Automatiserad kamerafototill\u00e4mpning","isPartOf":{"@id":"https:\/\/novoaglobal.com\/sw\/#website"},"primaryImageOfPage":{"@id":"https:\/\/novoaglobal.com\/sw\/video-sek\/#primaryimage"},"image":{"@id":"https:\/\/novoaglobal.com\/sw\/video-sek\/#primaryimage"},"thumbnailUrl":"https:\/\/novoaglobal.com\/sw\/wp-content\/uploads\/2020\/06\/Video-Sec-1200-x-630-copy-e1593470025975.jpg","datePublished":"2019-10-14T08:59:24+00:00","dateModified":"2022-01-19T08:14:26+00:00","description":"NovoaGlobal\u00ae erbjuder video\u00f6vervaknings\u00f6vervakning av trafik i n\u00e4stan realtid 24 timmar, 7 dagar i veckan f\u00f6r att f\u00f6rb\u00e4ttra trafik\u00f6vervakningen.","breadcrumb":{"@id":"https:\/\/novoaglobal.com\/sw\/video-sek\/#breadcrumb"},"inLanguage":"sv-SE","potentialAction":[{"@type":"ReadAction","target":["https:\/\/novoaglobal.com\/sw\/video-sek\/"]}]},{"@type":"ImageObject","inLanguage":"sv-SE","@id":"https:\/\/novoaglobal.com\/sw\/video-sek\/#primaryimage","url":"https:\/\/novoaglobal.com\/sw\/wp-content\/uploads\/2020\/06\/Video-Sec-1200-x-630-copy-e1593470025975.jpg","contentUrl":"https:\/\/novoaglobal.com\/sw\/wp-content\/uploads\/2020\/06\/Video-Sec-1200-x-630-copy-e1593470025975.jpg","width":765,"height":630,"caption":"NovoaGlobal Video Monitoring, NovoaGlobal Automated Camera Enforcement"},{"@type":"BreadcrumbList","@id":"https:\/\/novoaglobal.com\/sw\/video-sek\/#breadcrumb","itemListElement":[{"@type":"ListItem","position":1,"name":"Home","item":"https:\/\/novoaglobal.com\/sw\/"},{"@type":"ListItem","position":2,"name":"VIDEO\u00d6VERVAKNING"}]},{"@type":"WebSite","@id":"https:\/\/novoaglobal.com\/sw\/#website","url":"https:\/\/novoaglobal.com\/sw\/","name":"NovoaGlobal\u00ae","description":"Creating Safer Communities","publisher":{"@id":"https:\/\/novoaglobal.com\/sw\/#organization"},"potentialAction":[{"@type":"SearchAction","target":{"@type":"EntryPoint","urlTemplate":"https:\/\/novoaglobal.com\/sw\/?s={search_term_string}"},"query-input":{"@type":"PropertyValueSpecification","valueRequired":true,"valueName":"search_term_string"}}],"inLanguage":"sv-SE"},{"@type":"Organization","@id":"https:\/\/novoaglobal.com\/sw\/#organization","name":"NovoaGlobal","url":"https:\/\/novoaglobal.com\/sw\/","logo":{"@type":"ImageObject","inLanguage":"sv-SE","@id":"https:\/\/novoaglobal.com\/sw\/#\/schema\/logo\/image\/","url":"https:\/\/novoaglobal.com\/sw\/wp-content\/uploads\/2019\/10\/logo-history-2.png","contentUrl":"https:\/\/novoaglobal.com\/sw\/wp-content\/uploads\/2019\/10\/logo-history-2.png","width":394,"height":363,"caption":"NovoaGlobal"},"image":{"@id":"https:\/\/novoaglobal.com\/sw\/#\/schema\/logo\/image\/"},"sameAs":["https:\/\/www.facebook.com\/novoaglobal\/","https:\/\/x.com\/NovoaGlobal","https:\/\/www.instagram.com\/novoaglobal\/","https:\/\/www.linkedin.com\/company\/novoaglobal\/about\/","https:\/\/www.youtube.com\/channel\/UCoMVz-xMzL_dyjZ0GgVz7Dw"]}]}},"_links":{"self":[{"href":"https:\/\/novoaglobal.com\/sw\/wp-json\/wp\/v2\/pages\/2434","targetHints":{"allow":["GET"]}}],"collection":[{"href":"https:\/\/novoaglobal.com\/sw\/wp-json\/wp\/v2\/pages"}],"about":[{"href":"https:\/\/novoaglobal.com\/sw\/wp-json\/wp\/v2\/types\/page"}],"author":[{"embeddable":true,"href":"https:\/\/novoaglobal.com\/sw\/wp-json\/wp\/v2\/users\/1"}],"replies":[{"embeddable":true,"href":"https:\/\/novoaglobal.com\/sw\/wp-json\/wp\/v2\/comments?post=2434"}],"version-history":[{"count":3,"href":"https:\/\/novoaglobal.com\/sw\/wp-json\/wp\/v2\/pages\/2434\/revisions"}],"predecessor-version":[{"id":10518,"href":"https:\/\/novoaglobal.com\/sw\/wp-json\/wp\/v2\/pages\/2434\/revisions\/10518"}],"wp:featuredmedia":[{"embeddable":true,"href":"https:\/\/novoaglobal.com\/sw\/wp-json\/wp\/v2\/media\/6796"}],"wp:attachment":[{"href":"https:\/\/novoaglobal.com\/sw\/wp-json\/wp\/v2\/media?parent=2434"}],"curies":[{"name":"wp","href":"https:\/\/api.w.org\/{rel}","templated":true}]}}