{"id":2428,"date":"2019-10-14T08:49:56","date_gmt":"2019-10-14T08:49:56","guid":{"rendered":"https:\/\/novoaglobal.com\/sw\/?page_id=2428"},"modified":"2022-01-19T08:21:43","modified_gmt":"2022-01-19T08:21:43","slug":"body-cam-sek","status":"publish","type":"page","link":"https:\/\/novoaglobal.com\/sw\/body-cam-sek\/","title":{"rendered":"KROPPSBLITEN KAMERA"},"content":{"rendered":"<section class=\"sh-section sh-section-4554c1964e37fbbb6afece028615103e fw-main-row sh-section-visibility-everywhere\">\n\t\n\t\n\t<div class=\"sh-section-container container-fluid\">\n\t\t\t<\/div>\n<\/section>\n\n<section class=\"sh-section sh-section-6d6dbf83178ba5dc4151e7c9ea3c75cf fw-main-row sh-section-visibility-everywhere\">\n\t\n\t\n\t<div class=\"sh-section-container container section-justify-height\">\n\t\t<div class=\"fw-row\">\n\t\n<div class=\"sh-column sh-column-d28a20641558a2899670a6ed5a50d1b5 fw-col-xs-12 fw-col-sm-6\" >\n\n\t\n\t<div class=\"sh-column-wrapper\">\n\t\t\n<div class=\"sh-heading  \" id=\"heading-4bb404a9da74a7501e3f66f7a22ac53d\">\n\t<div class=\"sh-element-margin\">\n\n\t\t\n\t\t\t<h2 class=\"sh-heading-content size-l text-left\">\n\t\t\t\tKroppskamera-SEC\t\t\t<\/h2>\n\n\t\t\n\t<\/div>\n<\/div>\n\n<div id=\"text-block-12cdf824ee9513b69942c74a4747bde4\" class=\"sh-text-block\">\n\t<div id=\"pg-1400-1\" class=\"panel-grid panel-no-style\"><div id=\"pgc-1400-1-0\" class=\"panel-grid-cell\"><div id=\"panel-1400-1-0-0\" class=\"so-panel widget widget_text panel-first-child panel-last-child\" data-index=\"1\"><div class=\"textwidget\"><p><strong>SKYDDAR POLIS OCH MEDBORGARE MED NOVOAGLOBALS POLISKROPP BLITT KAMERA!<\/strong><br \/><strong>TILLHANDAH\u00c5LLANDE H\u00d6GUPPL\u00d6SNING VIDEO BEVIS P\u00c5 INTERAKTIONEN MELLAN OFFICERARE OCH MEDBORGARE!<\/strong><\/p><p>En officers jobb \u00e4r sv\u00e5rt och alltf\u00f6r ofta skiljer sig ber\u00e4ttelserna om vad som faktiskt h\u00e4nde mellan officeren och civilisten. Men \u00e4ven om vittnesm\u00e5l kan vara felaktiga, \u00e4r videobevis stenfast och erk\u00e4nd i en domstol. Vi introducerar BodyCam-Sec, den kroppsburna kameran som ger ett opartiskt \u00f6ga f\u00f6r att skydda b\u00e5de tj\u00e4nstem\u00e4n och medborgare.<\/p><p>Novoa Global \u00e4r stolta \u00f6ver att presentera v\u00e5r BodyCam-Sec kroppsburna kameral\u00f6sning. BodyCam-Sec \u00e4r en helt automatiserad frist\u00e5ende l\u00f6sning f\u00f6r video, som registrerar interaktionen mellan polisen och medborgarna p\u00e5 platsen.<\/p><\/div><\/div><\/div><\/div><\/div>\n\t<\/div>\n\n\n\t\t\n\n<\/div>\n\n<div class=\"sh-column sh-column-3c5418793c1c7763f145d5230717b563 fw-col-xs-12 fw-col-sm-4\" >\n\n\t\n\t<div class=\"sh-column-wrapper\">\n\t\t\n<div id=\"single-image-3b32a744016f18170ab6a96f3ed6e26f\" class=\"sh-single-image   sh-single-image-shadow3\">\n\t<div class=\"sh-element-margin\">\n\t\t\n\t\t\t\t\t<div class=\"sh-image-lazy-loading\" style=\"max-width: 691px;\">\n\t\t\n\t\t\t<div class=\"sh-single-image-container sh-single-image-container-lazy\">\n\t\t\t\t\t\t\t\t\t\t\t\t\t\t\t<a href=\"\/\/novoaglobal.com\/wp-content\/uploads\/2021\/08\/Body-Camera-NG-2021-B.png\" rel=\"lightbox\">\n\t\t\t\t\t\n\t\t\t\t\t\t\t\t\t\t\t\t\t\t\t\t\t\t\t\t\t<div class=\"ratio-container\" style=\"padding-top: 37.337192474674%;\">\n\t\t\t\t\t\t\t\t\t<div class=\"ratio-content\">\n\t\t\t\t\t\t\t\t\t\t<img class=\"sh-image-url lazy\" data-src=\"https:\/\/novoaglobal.com\/sw\/wp-content\/uploads\/2021\/08\/Body-Camera-NG-2021-B.png\" alt=\"NovoaGlobal Body Camera is part of the BodyCam-Sec system\" \/>\n\t\t\t\t\t\t\t\t\t<\/div>\n\t\t\t\t\t\t\t\t<\/div>\n\t\t\t\t\t\t\t\n\t\t\t\t\t\t\t\t\t\t\t\t\t\n\t\t\t\t\t\t\t\t\t\t\t<\/a>\n\t\t\t\t\t\t\t\t\t\n\t\t\t\t\t\t\t<\/div>\n\n\t\t\t\t\t<\/div>\n\t\t\n\t<\/div>\n<\/div>\n\t<\/div>\n\n\n\t\t\n\n<\/div>\n<\/div>\n\n\t<\/div>\n<\/section>\n\n<section class=\"sh-section sh-section-b414616623d6b016e214df18ed1b88c2 fw-main-row sh-section-visibility-everywhere\">\n\t\n\t\n\t<div class=\"sh-section-container container section-justify-height\">\n\t\t<div class=\"fw-row\">\n\t\n<div class=\"sh-column sh-column-e9252772e44fa48dd446ae414b2b8fdb fw-col-xs-12 fw-col-sm-4 sh-column-mobile-padding\" >\n\n\t\n\t<div class=\"sh-column-wrapper\">\n\t\t\n<div id=\"single-image-84a8be123fe22348a16eb7d9066bcbd5\" class=\"sh-single-image   sh-single-image-shadow3\">\n\t<div class=\"sh-element-margin\">\n\t\t\n\t\t\t\t\t<div class=\"sh-image-lazy-loading\" style=\"max-width: 300px;\">\n\t\t\n\t\t\t<div class=\"sh-single-image-container sh-single-image-container-lazy\">\n\t\t\t\t\t\t\t\t\t\t\t\t\t\t\t<a href=\"\/\/novoaglobal.net\/wp-content\/uploads\/2019\/10\/Screen-shot-of-Bodycam-back-office-300x213.png\" rel=\"lightbox\">\n\t\t\t\t\t\n\t\t\t\t\t\t\t\t\t\t\t\t\t\t\t\t\t\t\t\t\t<div class=\"ratio-container\" style=\"padding-top: 71%;\">\n\t\t\t\t\t\t\t\t\t<div class=\"ratio-content\">\n\t\t\t\t\t\t\t\t\t\t<img class=\"sh-image-url lazy\" data-src=\"https:\/\/novoaglobal.com\/sw\/wp-content\/uploads\/2019\/10\/Screen-shot-of-Bodycam-back-office-300x213.png\" alt=\"Novoa Global BodyCam\" \/>\n\t\t\t\t\t\t\t\t\t<\/div>\n\t\t\t\t\t\t\t\t<\/div>\n\t\t\t\t\t\t\t\n\t\t\t\t\t\t\t\t\t\t\t\t\t\n\t\t\t\t\t\t\t\t\t\t\t<\/a>\n\t\t\t\t\t\t\t\t\t\n\t\t\t\t\t\t\t<\/div>\n\n\t\t\t\t\t<\/div>\n\t\t\n\t<\/div>\n<\/div>\n\t<\/div>\n\n\n\t\t\n\n<\/div>\n\n<div class=\"sh-column sh-column-de3a1b7d30dba7ebef3d81e7220d363f fw-col-xs-12 fw-col-sm-6\" >\n\n\t\n\t<div class=\"sh-column-wrapper\">\n\t\t\n<div id=\"text-block-e78c0fb2b8b264aa79bd96aca25b81ed\" class=\"sh-text-block\">\n\t<p><strong>VAD \u00c4R BODYCAM-SEC?<\/strong><\/p><p>NovoaGlobal BodyCam-Sec \u00e4r en extremt h\u00e5llbar kamera f\u00f6r tj\u00e4nstem\u00e4n designad f\u00f6r enkel anv\u00e4ndning samtidigt som den ger enkelhet och \u00f6verl\u00e4gsen prestanda. BodyCam-Sec levererar videoinspelning, ljudinspelning, m\u00f6jlighet att ta en bild, f\u00f6rinspelning och automatisk infrar\u00f6d inspelning f\u00f6r svagt ljus.<\/p><ul><li>Start med en knapptryckning<\/li><li>GPS, wifi och 4G (valfritt)<\/li><li>IP 67 vattent\u00e4t<\/li><li>Robust backoffice-mjukvara<\/li><\/ul><\/div>\n\t<\/div>\n\n\n\t\t\n\n<\/div>\n<\/div>\n\n\t<\/div>\n<\/section>\n","protected":false},"excerpt":{"rendered":"<p>Kroppskamera-SEC SKYDDAR POLIS OCH MEDBORGARE MED NOVOAGLOBALS POLISKROPP BLITT KAMERA!TILLHANDAH\u00c5LLANDE H\u00d6GUPPL\u00d6SNING VIDEO BEVIS P\u00c5 INTERAKTIONEN MELLAN OFFICERARE OCH MEDBORGARE!En officers jobb \u00e4r sv\u00e5rt och alltf\u00f6r ofta skiljer sig ber\u00e4ttelserna om&#8230;<\/p>\n","protected":false},"author":1,"featured_media":6812,"parent":0,"menu_order":0,"comment_status":"closed","ping_status":"closed","template":"","meta":{"_exactmetrics_skip_tracking":false,"_exactmetrics_sitenote_active":false,"_exactmetrics_sitenote_note":"","_exactmetrics_sitenote_category":0,"footnotes":""},"class_list":["post-2428","page","type-page","status-publish","has-post-thumbnail","hentry"],"yoast_head":"<!-- This site is optimized with the Yoast SEO plugin v27.4 - https:\/\/yoast.com\/product\/yoast-seo-wordpress\/ -->\n<title>NovoaGlobal\u00aeKroppsburen kamera, integrerad fotof\u00f6rst\u00e4rkning<\/title>\n<meta name=\"description\" content=\"NovoaGlobal\u00ae Kroppsburen kamera, skapar s\u00e4krare gemenskaper med integrerad poliskamera som f\u00e5ngar videobevis p\u00e5 interaktioner.\" \/>\n<meta name=\"robots\" content=\"index, follow, max-snippet:-1, max-image-preview:large, max-video-preview:-1\" \/>\n<link rel=\"canonical\" href=\"https:\/\/novoaglobal.com\/sw\/body-cam-sek\/\" \/>\n<meta property=\"og:locale\" content=\"sv_SE\" \/>\n<meta property=\"og:type\" content=\"article\" \/>\n<meta property=\"og:title\" content=\"NovoaGlobal\u00aeKroppsburen kamera, integrerad fotof\u00f6rst\u00e4rkning\" \/>\n<meta property=\"og:description\" content=\"NovoaGlobal\u00ae Kroppsburen kamera, skapar s\u00e4krare gemenskaper med integrerad poliskamera som f\u00e5ngar videobevis p\u00e5 interaktioner.\" \/>\n<meta property=\"og:url\" content=\"https:\/\/novoaglobal.com\/sw\/body-cam-sek\/\" \/>\n<meta property=\"og:site_name\" content=\"NovoaGlobal\u00ae\" \/>\n<meta property=\"article:publisher\" content=\"https:\/\/www.facebook.com\/novoaglobal\/\" \/>\n<meta property=\"article:modified_time\" content=\"2022-01-19T08:21:43+00:00\" \/>\n<meta property=\"og:image\" content=\"https:\/\/novoaglobal.com\/sw\/wp-content\/uploads\/2020\/06\/NG-BodyCam-Web-Solutions_edited-1.jpg\" \/>\n\t<meta property=\"og:image:width\" content=\"1280\" \/>\n\t<meta property=\"og:image:height\" content=\"619\" \/>\n\t<meta property=\"og:image:type\" content=\"image\/jpeg\" \/>\n<meta name=\"twitter:card\" content=\"summary_large_image\" \/>\n<meta name=\"twitter:site\" content=\"@NovoaGlobal\" \/>\n<meta name=\"twitter:label1\" content=\"Ber\u00e4knad l\u00e4stid\" \/>\n\t<meta name=\"twitter:data1\" content=\"2 minuter\" \/>\n<script type=\"application\/ld+json\" class=\"yoast-schema-graph\">{\"@context\":\"https:\\\/\\\/schema.org\",\"@graph\":[{\"@type\":\"WebPage\",\"@id\":\"https:\\\/\\\/novoaglobal.com\\\/sw\\\/body-cam-sek\\\/\",\"url\":\"https:\\\/\\\/novoaglobal.com\\\/sw\\\/body-cam-sek\\\/\",\"name\":\"NovoaGlobal\u00aeKroppsburen kamera, integrerad fotof\u00f6rst\u00e4rkning\",\"isPartOf\":{\"@id\":\"https:\\\/\\\/novoaglobal.com\\\/sw\\\/#website\"},\"primaryImageOfPage\":{\"@id\":\"https:\\\/\\\/novoaglobal.com\\\/sw\\\/body-cam-sek\\\/#primaryimage\"},\"image\":{\"@id\":\"https:\\\/\\\/novoaglobal.com\\\/sw\\\/body-cam-sek\\\/#primaryimage\"},\"thumbnailUrl\":\"https:\\\/\\\/novoaglobal.com\\\/sw\\\/wp-content\\\/uploads\\\/2020\\\/06\\\/NG-BodyCam-Web-Solutions_edited-1.jpg\",\"datePublished\":\"2019-10-14T08:49:56+00:00\",\"dateModified\":\"2022-01-19T08:21:43+00:00\",\"description\":\"NovoaGlobal\u00ae Kroppsburen kamera, skapar s\u00e4krare gemenskaper med integrerad poliskamera som f\u00e5ngar videobevis p\u00e5 interaktioner.\",\"breadcrumb\":{\"@id\":\"https:\\\/\\\/novoaglobal.com\\\/sw\\\/body-cam-sek\\\/#breadcrumb\"},\"inLanguage\":\"sv-SE\",\"potentialAction\":[{\"@type\":\"ReadAction\",\"target\":[\"https:\\\/\\\/novoaglobal.com\\\/sw\\\/body-cam-sek\\\/\"]}]},{\"@type\":\"ImageObject\",\"inLanguage\":\"sv-SE\",\"@id\":\"https:\\\/\\\/novoaglobal.com\\\/sw\\\/body-cam-sek\\\/#primaryimage\",\"url\":\"https:\\\/\\\/novoaglobal.com\\\/sw\\\/wp-content\\\/uploads\\\/2020\\\/06\\\/NG-BodyCam-Web-Solutions_edited-1.jpg\",\"contentUrl\":\"https:\\\/\\\/novoaglobal.com\\\/sw\\\/wp-content\\\/uploads\\\/2020\\\/06\\\/NG-BodyCam-Web-Solutions_edited-1.jpg\",\"width\":1280,\"height\":619,\"caption\":\"BodyCam-Sec is a body worn Camera that captures Video evidence of the interaction\"},{\"@type\":\"BreadcrumbList\",\"@id\":\"https:\\\/\\\/novoaglobal.com\\\/sw\\\/body-cam-sek\\\/#breadcrumb\",\"itemListElement\":[{\"@type\":\"ListItem\",\"position\":1,\"name\":\"Home\",\"item\":\"https:\\\/\\\/novoaglobal.com\\\/sw\\\/\"},{\"@type\":\"ListItem\",\"position\":2,\"name\":\"KROPPSBLITEN KAMERA\"}]},{\"@type\":\"WebSite\",\"@id\":\"https:\\\/\\\/novoaglobal.com\\\/sw\\\/#website\",\"url\":\"https:\\\/\\\/novoaglobal.com\\\/sw\\\/\",\"name\":\"NovoaGlobal\u00ae\",\"description\":\"Creating Safer Communities\",\"publisher\":{\"@id\":\"https:\\\/\\\/novoaglobal.com\\\/sw\\\/#organization\"},\"potentialAction\":[{\"@type\":\"SearchAction\",\"target\":{\"@type\":\"EntryPoint\",\"urlTemplate\":\"https:\\\/\\\/novoaglobal.com\\\/sw\\\/?s={search_term_string}\"},\"query-input\":{\"@type\":\"PropertyValueSpecification\",\"valueRequired\":true,\"valueName\":\"search_term_string\"}}],\"inLanguage\":\"sv-SE\"},{\"@type\":\"Organization\",\"@id\":\"https:\\\/\\\/novoaglobal.com\\\/sw\\\/#organization\",\"name\":\"NovoaGlobal\",\"url\":\"https:\\\/\\\/novoaglobal.com\\\/sw\\\/\",\"logo\":{\"@type\":\"ImageObject\",\"inLanguage\":\"sv-SE\",\"@id\":\"https:\\\/\\\/novoaglobal.com\\\/sw\\\/#\\\/schema\\\/logo\\\/image\\\/\",\"url\":\"https:\\\/\\\/novoaglobal.com\\\/sw\\\/wp-content\\\/uploads\\\/2019\\\/10\\\/logo-history-2.png\",\"contentUrl\":\"https:\\\/\\\/novoaglobal.com\\\/sw\\\/wp-content\\\/uploads\\\/2019\\\/10\\\/logo-history-2.png\",\"width\":394,\"height\":363,\"caption\":\"NovoaGlobal\"},\"image\":{\"@id\":\"https:\\\/\\\/novoaglobal.com\\\/sw\\\/#\\\/schema\\\/logo\\\/image\\\/\"},\"sameAs\":[\"https:\\\/\\\/www.facebook.com\\\/novoaglobal\\\/\",\"https:\\\/\\\/x.com\\\/NovoaGlobal\",\"https:\\\/\\\/www.instagram.com\\\/novoaglobal\\\/\",\"https:\\\/\\\/www.linkedin.com\\\/company\\\/novoaglobal\\\/about\\\/\",\"https:\\\/\\\/www.youtube.com\\\/channel\\\/UCoMVz-xMzL_dyjZ0GgVz7Dw\"]}]}<\/script>\n<!-- \/ Yoast SEO plugin. -->","yoast_head_json":{"title":"NovoaGlobal\u00aeKroppsburen kamera, integrerad fotof\u00f6rst\u00e4rkning","description":"NovoaGlobal\u00ae Kroppsburen kamera, skapar s\u00e4krare gemenskaper med integrerad poliskamera som f\u00e5ngar videobevis p\u00e5 interaktioner.","robots":{"index":"index","follow":"follow","max-snippet":"max-snippet:-1","max-image-preview":"max-image-preview:large","max-video-preview":"max-video-preview:-1"},"canonical":"https:\/\/novoaglobal.com\/sw\/body-cam-sek\/","og_locale":"sv_SE","og_type":"article","og_title":"NovoaGlobal\u00aeKroppsburen kamera, integrerad fotof\u00f6rst\u00e4rkning","og_description":"NovoaGlobal\u00ae Kroppsburen kamera, skapar s\u00e4krare gemenskaper med integrerad poliskamera som f\u00e5ngar videobevis p\u00e5 interaktioner.","og_url":"https:\/\/novoaglobal.com\/sw\/body-cam-sek\/","og_site_name":"NovoaGlobal\u00ae","article_publisher":"https:\/\/www.facebook.com\/novoaglobal\/","article_modified_time":"2022-01-19T08:21:43+00:00","og_image":[{"width":1280,"height":619,"url":"https:\/\/novoaglobal.com\/sw\/wp-content\/uploads\/2020\/06\/NG-BodyCam-Web-Solutions_edited-1.jpg","type":"image\/jpeg"}],"twitter_card":"summary_large_image","twitter_site":"@NovoaGlobal","twitter_misc":{"Ber\u00e4knad l\u00e4stid":"2 minuter"},"schema":{"@context":"https:\/\/schema.org","@graph":[{"@type":"WebPage","@id":"https:\/\/novoaglobal.com\/sw\/body-cam-sek\/","url":"https:\/\/novoaglobal.com\/sw\/body-cam-sek\/","name":"NovoaGlobal\u00aeKroppsburen kamera, integrerad fotof\u00f6rst\u00e4rkning","isPartOf":{"@id":"https:\/\/novoaglobal.com\/sw\/#website"},"primaryImageOfPage":{"@id":"https:\/\/novoaglobal.com\/sw\/body-cam-sek\/#primaryimage"},"image":{"@id":"https:\/\/novoaglobal.com\/sw\/body-cam-sek\/#primaryimage"},"thumbnailUrl":"https:\/\/novoaglobal.com\/sw\/wp-content\/uploads\/2020\/06\/NG-BodyCam-Web-Solutions_edited-1.jpg","datePublished":"2019-10-14T08:49:56+00:00","dateModified":"2022-01-19T08:21:43+00:00","description":"NovoaGlobal\u00ae Kroppsburen kamera, skapar s\u00e4krare gemenskaper med integrerad poliskamera som f\u00e5ngar videobevis p\u00e5 interaktioner.","breadcrumb":{"@id":"https:\/\/novoaglobal.com\/sw\/body-cam-sek\/#breadcrumb"},"inLanguage":"sv-SE","potentialAction":[{"@type":"ReadAction","target":["https:\/\/novoaglobal.com\/sw\/body-cam-sek\/"]}]},{"@type":"ImageObject","inLanguage":"sv-SE","@id":"https:\/\/novoaglobal.com\/sw\/body-cam-sek\/#primaryimage","url":"https:\/\/novoaglobal.com\/sw\/wp-content\/uploads\/2020\/06\/NG-BodyCam-Web-Solutions_edited-1.jpg","contentUrl":"https:\/\/novoaglobal.com\/sw\/wp-content\/uploads\/2020\/06\/NG-BodyCam-Web-Solutions_edited-1.jpg","width":1280,"height":619,"caption":"BodyCam-Sec is a body worn Camera that captures Video evidence of the interaction"},{"@type":"BreadcrumbList","@id":"https:\/\/novoaglobal.com\/sw\/body-cam-sek\/#breadcrumb","itemListElement":[{"@type":"ListItem","position":1,"name":"Home","item":"https:\/\/novoaglobal.com\/sw\/"},{"@type":"ListItem","position":2,"name":"KROPPSBLITEN KAMERA"}]},{"@type":"WebSite","@id":"https:\/\/novoaglobal.com\/sw\/#website","url":"https:\/\/novoaglobal.com\/sw\/","name":"NovoaGlobal\u00ae","description":"Creating Safer Communities","publisher":{"@id":"https:\/\/novoaglobal.com\/sw\/#organization"},"potentialAction":[{"@type":"SearchAction","target":{"@type":"EntryPoint","urlTemplate":"https:\/\/novoaglobal.com\/sw\/?s={search_term_string}"},"query-input":{"@type":"PropertyValueSpecification","valueRequired":true,"valueName":"search_term_string"}}],"inLanguage":"sv-SE"},{"@type":"Organization","@id":"https:\/\/novoaglobal.com\/sw\/#organization","name":"NovoaGlobal","url":"https:\/\/novoaglobal.com\/sw\/","logo":{"@type":"ImageObject","inLanguage":"sv-SE","@id":"https:\/\/novoaglobal.com\/sw\/#\/schema\/logo\/image\/","url":"https:\/\/novoaglobal.com\/sw\/wp-content\/uploads\/2019\/10\/logo-history-2.png","contentUrl":"https:\/\/novoaglobal.com\/sw\/wp-content\/uploads\/2019\/10\/logo-history-2.png","width":394,"height":363,"caption":"NovoaGlobal"},"image":{"@id":"https:\/\/novoaglobal.com\/sw\/#\/schema\/logo\/image\/"},"sameAs":["https:\/\/www.facebook.com\/novoaglobal\/","https:\/\/x.com\/NovoaGlobal","https:\/\/www.instagram.com\/novoaglobal\/","https:\/\/www.linkedin.com\/company\/novoaglobal\/about\/","https:\/\/www.youtube.com\/channel\/UCoMVz-xMzL_dyjZ0GgVz7Dw"]}]}},"_links":{"self":[{"href":"https:\/\/novoaglobal.com\/sw\/wp-json\/wp\/v2\/pages\/2428","targetHints":{"allow":["GET"]}}],"collection":[{"href":"https:\/\/novoaglobal.com\/sw\/wp-json\/wp\/v2\/pages"}],"about":[{"href":"https:\/\/novoaglobal.com\/sw\/wp-json\/wp\/v2\/types\/page"}],"author":[{"embeddable":true,"href":"https:\/\/novoaglobal.com\/sw\/wp-json\/wp\/v2\/users\/1"}],"replies":[{"embeddable":true,"href":"https:\/\/novoaglobal.com\/sw\/wp-json\/wp\/v2\/comments?post=2428"}],"version-history":[{"count":3,"href":"https:\/\/novoaglobal.com\/sw\/wp-json\/wp\/v2\/pages\/2428\/revisions"}],"predecessor-version":[{"id":10521,"href":"https:\/\/novoaglobal.com\/sw\/wp-json\/wp\/v2\/pages\/2428\/revisions\/10521"}],"wp:featuredmedia":[{"embeddable":true,"href":"https:\/\/novoaglobal.com\/sw\/wp-json\/wp\/v2\/media\/6812"}],"wp:attachment":[{"href":"https:\/\/novoaglobal.com\/sw\/wp-json\/wp\/v2\/media?parent=2428"}],"curies":[{"name":"wp","href":"https:\/\/api.w.org\/{rel}","templated":true}]}}