{"id":2415,"date":"2019-10-14T08:35:44","date_gmt":"2019-10-14T08:35:44","guid":{"rendered":"https:\/\/novoaglobal.com\/sw\/?page_id=2415"},"modified":"2022-01-19T07:49:25","modified_gmt":"2022-01-19T07:49:25","slug":"e-biljettsakert","status":"publish","type":"page","link":"https:\/\/novoaglobal.com\/sw\/e-biljettsakert\/","title":{"rendered":"E-BILJETTNING"},"content":{"rendered":"<section class=\"sh-section sh-section-4554c1964e37fbbb6afece028615103e fw-main-row sh-section-visibility-everywhere\">\n\t\n\t\n\t<div class=\"sh-section-container container-fluid\">\n\t\t\t<\/div>\n<\/section>\n\n<section class=\"sh-section sh-section-6d6dbf83178ba5dc4151e7c9ea3c75cf fw-main-row sh-section-visibility-everywhere\">\n\t\n\t\n\t<div class=\"sh-section-container container section-justify-height\">\n\t\t<div class=\"fw-row\">\n\t\n<div class=\"sh-column sh-column-d28a20641558a2899670a6ed5a50d1b5 fw-col-xs-12 fw-col-sm-6\" >\n\n\t\n\t<div class=\"sh-column-wrapper\">\n\t\t\n<div class=\"sh-heading  \" id=\"heading-4bb404a9da74a7501e3f66f7a22ac53d\">\n\t<div class=\"sh-element-margin\">\n\n\t\t\n\t\t\t<h2 class=\"sh-heading-content size-l text-left\">\n\t\t\t\tBILJETTS\u00c4KERT\t\t\t<\/h2>\n\n\t\t\n\t<\/div>\n<\/div>\n\n<div id=\"text-block-12cdf824ee9513b69942c74a4747bde4\" class=\"sh-text-block\">\n\t<p><strong>STREAMLINE BILJETTNINGSPROCESSEN MED ATT ANV\u00c4NDA TABL\u00c9T OCH SKRIVARE<\/strong><\/p><p>Att skriva biljetter f\u00f6r hand \u00e4r tidskr\u00e4vande, \u00f6kar problemen med handstilsfel, skapar dubbelinmatning vid \u00e5terkomst till polisstationen och backloggar som h\u00e5ller poliserna borta fr\u00e5n gatorna.<\/p><p>Eticketing-Safe automatiserar trafikh\u00e4nvisningar, p\u00e5skyndar utf\u00e4rdandet av trafikbiljetter och skapar en mer effektiv process med s\u00f6ml\u00f6s kontinuitet och integration. NovoaGlobals toppmoderna mobila teknik g\u00f6r det m\u00f6jligt f\u00f6r tj\u00e4nstem\u00e4n p\u00e5 f\u00e4ltet att utf\u00e4rda biljetter som laddas upp direkt till det centraliserade backoffice-systemet med hj\u00e4lp av en PDA\/surfplatta och en b\u00e4rbar skrivare. Processen \u00e4r str\u00f6mlinjeformad och tar kortare tid, s\u00e5 dagarna med dubbelregistrering \u00e4r \u00f6ver.<\/p><p><strong>HUR DET FUNGERAR<\/strong><\/p><p>Handl\u00e4ggare laddar digitalt upp biljettdata fr\u00e5n handdatorn direkt till det bekv\u00e4ma, toppmoderna Pro-Center \u00e4rendehanteringssystemet via mobil eller tr\u00e5dl\u00f6s teknik. Systemet tillhandah\u00e5ller ocks\u00e5 en b\u00e4rbar skrivare f\u00f6r att skriva ut referenser i f\u00e4ltet, vilket lindrar fel och p\u00e5skyndar processen. Spara tid och eliminera fel med Eticketing-Safe.<\/p><\/div>\n\t<\/div>\n\n\n\t\t\n\n<\/div>\n\n<div class=\"sh-column sh-column-3c5418793c1c7763f145d5230717b563 fw-col-xs-12 fw-col-sm-4\" >\n\n\t\n\t<div class=\"sh-column-wrapper\">\n\t\t\n<div id=\"single-image-3b32a744016f18170ab6a96f3ed6e26f\" class=\"sh-single-image   sh-single-image-shadow3\">\n\t<div class=\"sh-element-margin\">\n\t\t\n\t\t\t\t\t<div class=\"sh-image-lazy-loading\" style=\"max-width: 170px;\">\n\t\t\n\t\t\t<div class=\"sh-single-image-container sh-single-image-container-lazy\">\n\t\t\t\t\t\t\t\t\t\t\t\t\t\t\t<a href=\"\/\/novoaglobal.net\/wp-content\/uploads\/2019\/10\/Eticketing-Vertical-copy.png\" rel=\"lightbox\">\n\t\t\t\t\t\n\t\t\t\t\t\t\t\t\t\t\t\t\t\t\t\t\t\t\t\t\t<div class=\"ratio-container\" style=\"padding-top: 235.29411764706%;\">\n\t\t\t\t\t\t\t\t\t<div class=\"ratio-content\">\n\t\t\t\t\t\t\t\t\t\t<img class=\"sh-image-url lazy\" data-src=\"https:\/\/novoaglobal.com\/sw\/wp-content\/uploads\/2019\/10\/Eticketing-Vertical-copy.png\" alt=\"ETICKETING SAFE\" \/>\n\t\t\t\t\t\t\t\t\t<\/div>\n\t\t\t\t\t\t\t\t<\/div>\n\t\t\t\t\t\t\t\n\t\t\t\t\t\t\t\t\t\t\t\t\t\n\t\t\t\t\t\t\t\t\t\t\t<\/a>\n\t\t\t\t\t\t\t\t\t\n\t\t\t\t\t\t\t<\/div>\n\n\t\t\t\t\t<\/div>\n\t\t\n\t<\/div>\n<\/div>\n\t<\/div>\n\n\n\t\t\n\n<\/div>\n<\/div>\n\n\t<\/div>\n<\/section>\n\n<section class=\"sh-section sh-section-b414616623d6b016e214df18ed1b88c2 fw-main-row sh-section-visibility-everywhere\">\n\t\n\t\n\t<div class=\"sh-section-container container section-justify-height\">\n\t\t<div class=\"fw-row\">\n\t\n<div class=\"sh-column sh-column-e9252772e44fa48dd446ae414b2b8fdb fw-col-xs-12 fw-col-sm-4 sh-column-mobile-padding\" >\n\n\t\n\t<div class=\"sh-column-wrapper\">\n\t\t\n<div id=\"single-image-84a8be123fe22348a16eb7d9066bcbd5\" class=\"sh-single-image   sh-single-image-shadow3\">\n\t<div class=\"sh-element-margin\">\n\t\t\n\t\t\t\t\t<div class=\"sh-image-lazy-loading\" style=\"max-width: 200px;\">\n\t\t\n\t\t\t<div class=\"sh-single-image-container sh-single-image-container-lazy\">\n\t\t\t\t\t\t\t\t\t\t\t\t\t\t\t<a href=\"\/\/novoaglobal.net\/wp-content\/uploads\/2019\/10\/screen-shot-and-ticket.jpg\" rel=\"lightbox\">\n\t\t\t\t\t\n\t\t\t\t\t\t\t\t\t\t\t\t\t\t\t\t\t\t\t\t\t<div class=\"ratio-container\" style=\"padding-top: 65.5%;\">\n\t\t\t\t\t\t\t\t\t<div class=\"ratio-content\">\n\t\t\t\t\t\t\t\t\t\t<img class=\"sh-image-url lazy\" data-src=\"https:\/\/novoaglobal.com\/sw\/wp-content\/uploads\/2019\/10\/screen-shot-and-ticket.jpg\" alt=\"ETICKETING SAFE ADVANTAGES\" \/>\n\t\t\t\t\t\t\t\t\t<\/div>\n\t\t\t\t\t\t\t\t<\/div>\n\t\t\t\t\t\t\t\n\t\t\t\t\t\t\t\t\t\t\t\t\t\n\t\t\t\t\t\t\t\t\t\t\t<\/a>\n\t\t\t\t\t\t\t\t\t\n\t\t\t\t\t\t\t<\/div>\n\n\t\t\t\t\t<\/div>\n\t\t\n\t<\/div>\n<\/div>\n\t<\/div>\n\n\n\t\t\n\n<\/div>\n\n<div class=\"sh-column sh-column-de3a1b7d30dba7ebef3d81e7220d363f fw-col-xs-12 fw-col-sm-6\" >\n\n\t\n\t<div class=\"sh-column-wrapper\">\n\t\t\n<div id=\"text-block-e78c0fb2b8b264aa79bd96aca25b81ed\" class=\"sh-text-block\">\n\t<p><strong>BILJETTS\u00c4KRA F\u00d6RDELAR:<\/strong><\/p><ul><li>F\u00f6rb\u00e4ttrad effektivitet och precision<\/li><li>Direkt uppladdning till \u00e4rendehantering<\/li><li>Skriv ut citat i f\u00e4ltet<\/li><li>Robust Pro-Center back office-mjukvara<\/li><li>S\u00e4ker molnl\u00f6sning<\/li><\/ul><\/div>\n\t<\/div>\n\n\n\t\t\n\n<\/div>\n<\/div>\n\n\t<\/div>\n<\/section>\n","protected":false},"excerpt":{"rendered":"<p>BILJETTS\u00c4KERT STREAMLINE BILJETTNINGSPROCESSEN MED ATT ANV\u00c4NDA TABL\u00c9T OCH SKRIVAREAtt skriva biljetter f\u00f6r hand \u00e4r tidskr\u00e4vande, \u00f6kar problemen med handstilsfel, skapar dubbelinmatning vid \u00e5terkomst till polisstationen och backloggar som h\u00e5ller poliserna&#8230;<\/p>\n","protected":false},"author":1,"featured_media":1709,"parent":0,"menu_order":0,"comment_status":"closed","ping_status":"closed","template":"","meta":{"_exactmetrics_skip_tracking":false,"_exactmetrics_sitenote_active":false,"_exactmetrics_sitenote_note":"","_exactmetrics_sitenote_category":0,"footnotes":""},"class_list":["post-2415","page","type-page","status-publish","has-post-thumbnail","hentry"],"yoast_head":"<!-- This site is optimized with the Yoast SEO plugin v27.4 - https:\/\/yoast.com\/product\/yoast-seo-wordpress\/ -->\n<title>NovoaGlobal\u00ae Eticketing f\u00f6r brottsbek\u00e4mpning automatiserar trafikh\u00e4nvisningar<\/title>\n<meta name=\"description\" content=\"E-BILJETTNING Skapa s\u00e4krare gemenskaper genom att automatisera trafikh\u00e4nvisningar, p\u00e5skynda biljettutgivningen f\u00f6r en effektiv, s\u00f6ml\u00f6s l\u00f6sning.\" \/>\n<meta name=\"robots\" content=\"index, follow, max-snippet:-1, max-image-preview:large, max-video-preview:-1\" \/>\n<link rel=\"canonical\" href=\"https:\/\/novoaglobal.com\/sw\/e-biljettsakert\/\" \/>\n<meta property=\"og:locale\" content=\"sv_SE\" \/>\n<meta property=\"og:type\" content=\"article\" \/>\n<meta property=\"og:title\" content=\"NovoaGlobal\u00ae Eticketing f\u00f6r brottsbek\u00e4mpning automatiserar trafikh\u00e4nvisningar\" \/>\n<meta property=\"og:description\" content=\"E-BILJETTNING Skapa s\u00e4krare gemenskaper genom att automatisera trafikh\u00e4nvisningar, p\u00e5skynda biljettutgivningen f\u00f6r en effektiv, s\u00f6ml\u00f6s l\u00f6sning.\" \/>\n<meta property=\"og:url\" content=\"https:\/\/novoaglobal.com\/sw\/e-biljettsakert\/\" \/>\n<meta property=\"og:site_name\" content=\"NovoaGlobal\u00ae\" \/>\n<meta property=\"article:publisher\" content=\"https:\/\/www.facebook.com\/novoaglobal\/\" \/>\n<meta property=\"article:modified_time\" content=\"2022-01-19T07:49:25+00:00\" \/>\n<meta property=\"og:image\" content=\"https:\/\/novoaglobal.com\/sw\/wp-content\/uploads\/2019\/10\/eticketing-banner-copy.jpg\" \/>\n\t<meta property=\"og:image:width\" content=\"1000\" \/>\n\t<meta property=\"og:image:height\" content=\"667\" \/>\n\t<meta property=\"og:image:type\" content=\"image\/jpeg\" \/>\n<meta name=\"twitter:card\" content=\"summary_large_image\" \/>\n<meta name=\"twitter:site\" content=\"@NovoaGlobal\" \/>\n<meta name=\"twitter:label1\" content=\"Ber\u00e4knad l\u00e4stid\" \/>\n\t<meta name=\"twitter:data1\" content=\"1 minut\" \/>\n<script type=\"application\/ld+json\" class=\"yoast-schema-graph\">{\"@context\":\"https:\\\/\\\/schema.org\",\"@graph\":[{\"@type\":\"WebPage\",\"@id\":\"https:\\\/\\\/novoaglobal.com\\\/sw\\\/e-biljettsakert\\\/\",\"url\":\"https:\\\/\\\/novoaglobal.com\\\/sw\\\/e-biljettsakert\\\/\",\"name\":\"NovoaGlobal\u00ae Eticketing f\u00f6r brottsbek\u00e4mpning automatiserar trafikh\u00e4nvisningar\",\"isPartOf\":{\"@id\":\"https:\\\/\\\/novoaglobal.com\\\/sw\\\/#website\"},\"primaryImageOfPage\":{\"@id\":\"https:\\\/\\\/novoaglobal.com\\\/sw\\\/e-biljettsakert\\\/#primaryimage\"},\"image\":{\"@id\":\"https:\\\/\\\/novoaglobal.com\\\/sw\\\/e-biljettsakert\\\/#primaryimage\"},\"thumbnailUrl\":\"https:\\\/\\\/novoaglobal.com\\\/sw\\\/wp-content\\\/uploads\\\/2019\\\/10\\\/eticketing-banner-copy.jpg\",\"datePublished\":\"2019-10-14T08:35:44+00:00\",\"dateModified\":\"2022-01-19T07:49:25+00:00\",\"description\":\"E-BILJETTNING Skapa s\u00e4krare gemenskaper genom att automatisera trafikh\u00e4nvisningar, p\u00e5skynda biljettutgivningen f\u00f6r en effektiv, s\u00f6ml\u00f6s l\u00f6sning.\",\"breadcrumb\":{\"@id\":\"https:\\\/\\\/novoaglobal.com\\\/sw\\\/e-biljettsakert\\\/#breadcrumb\"},\"inLanguage\":\"sv-SE\",\"potentialAction\":[{\"@type\":\"ReadAction\",\"target\":[\"https:\\\/\\\/novoaglobal.com\\\/sw\\\/e-biljettsakert\\\/\"]}]},{\"@type\":\"ImageObject\",\"inLanguage\":\"sv-SE\",\"@id\":\"https:\\\/\\\/novoaglobal.com\\\/sw\\\/e-biljettsakert\\\/#primaryimage\",\"url\":\"https:\\\/\\\/novoaglobal.com\\\/sw\\\/wp-content\\\/uploads\\\/2019\\\/10\\\/eticketing-banner-copy.jpg\",\"contentUrl\":\"https:\\\/\\\/novoaglobal.com\\\/sw\\\/wp-content\\\/uploads\\\/2019\\\/10\\\/eticketing-banner-copy.jpg\",\"width\":1000,\"height\":667,\"caption\":\"NovoaGobal Eticketing Automates traffic citations, expedites traffic ticket issuance creating a more efficient process with seamless continuity and integration\"},{\"@type\":\"BreadcrumbList\",\"@id\":\"https:\\\/\\\/novoaglobal.com\\\/sw\\\/e-biljettsakert\\\/#breadcrumb\",\"itemListElement\":[{\"@type\":\"ListItem\",\"position\":1,\"name\":\"Home\",\"item\":\"https:\\\/\\\/novoaglobal.com\\\/sw\\\/\"},{\"@type\":\"ListItem\",\"position\":2,\"name\":\"E-BILJETTNING\"}]},{\"@type\":\"WebSite\",\"@id\":\"https:\\\/\\\/novoaglobal.com\\\/sw\\\/#website\",\"url\":\"https:\\\/\\\/novoaglobal.com\\\/sw\\\/\",\"name\":\"NovoaGlobal\u00ae\",\"description\":\"Creating Safer Communities\",\"publisher\":{\"@id\":\"https:\\\/\\\/novoaglobal.com\\\/sw\\\/#organization\"},\"potentialAction\":[{\"@type\":\"SearchAction\",\"target\":{\"@type\":\"EntryPoint\",\"urlTemplate\":\"https:\\\/\\\/novoaglobal.com\\\/sw\\\/?s={search_term_string}\"},\"query-input\":{\"@type\":\"PropertyValueSpecification\",\"valueRequired\":true,\"valueName\":\"search_term_string\"}}],\"inLanguage\":\"sv-SE\"},{\"@type\":\"Organization\",\"@id\":\"https:\\\/\\\/novoaglobal.com\\\/sw\\\/#organization\",\"name\":\"NovoaGlobal\",\"url\":\"https:\\\/\\\/novoaglobal.com\\\/sw\\\/\",\"logo\":{\"@type\":\"ImageObject\",\"inLanguage\":\"sv-SE\",\"@id\":\"https:\\\/\\\/novoaglobal.com\\\/sw\\\/#\\\/schema\\\/logo\\\/image\\\/\",\"url\":\"https:\\\/\\\/novoaglobal.com\\\/sw\\\/wp-content\\\/uploads\\\/2019\\\/10\\\/logo-history-2.png\",\"contentUrl\":\"https:\\\/\\\/novoaglobal.com\\\/sw\\\/wp-content\\\/uploads\\\/2019\\\/10\\\/logo-history-2.png\",\"width\":394,\"height\":363,\"caption\":\"NovoaGlobal\"},\"image\":{\"@id\":\"https:\\\/\\\/novoaglobal.com\\\/sw\\\/#\\\/schema\\\/logo\\\/image\\\/\"},\"sameAs\":[\"https:\\\/\\\/www.facebook.com\\\/novoaglobal\\\/\",\"https:\\\/\\\/x.com\\\/NovoaGlobal\",\"https:\\\/\\\/www.instagram.com\\\/novoaglobal\\\/\",\"https:\\\/\\\/www.linkedin.com\\\/company\\\/novoaglobal\\\/about\\\/\",\"https:\\\/\\\/www.youtube.com\\\/channel\\\/UCoMVz-xMzL_dyjZ0GgVz7Dw\"]}]}<\/script>\n<!-- \/ Yoast SEO plugin. -->","yoast_head_json":{"title":"NovoaGlobal\u00ae Eticketing f\u00f6r brottsbek\u00e4mpning automatiserar trafikh\u00e4nvisningar","description":"E-BILJETTNING Skapa s\u00e4krare gemenskaper genom att automatisera trafikh\u00e4nvisningar, p\u00e5skynda biljettutgivningen f\u00f6r en effektiv, s\u00f6ml\u00f6s l\u00f6sning.","robots":{"index":"index","follow":"follow","max-snippet":"max-snippet:-1","max-image-preview":"max-image-preview:large","max-video-preview":"max-video-preview:-1"},"canonical":"https:\/\/novoaglobal.com\/sw\/e-biljettsakert\/","og_locale":"sv_SE","og_type":"article","og_title":"NovoaGlobal\u00ae Eticketing f\u00f6r brottsbek\u00e4mpning automatiserar trafikh\u00e4nvisningar","og_description":"E-BILJETTNING Skapa s\u00e4krare gemenskaper genom att automatisera trafikh\u00e4nvisningar, p\u00e5skynda biljettutgivningen f\u00f6r en effektiv, s\u00f6ml\u00f6s l\u00f6sning.","og_url":"https:\/\/novoaglobal.com\/sw\/e-biljettsakert\/","og_site_name":"NovoaGlobal\u00ae","article_publisher":"https:\/\/www.facebook.com\/novoaglobal\/","article_modified_time":"2022-01-19T07:49:25+00:00","og_image":[{"width":1000,"height":667,"url":"https:\/\/novoaglobal.com\/sw\/wp-content\/uploads\/2019\/10\/eticketing-banner-copy.jpg","type":"image\/jpeg"}],"twitter_card":"summary_large_image","twitter_site":"@NovoaGlobal","twitter_misc":{"Ber\u00e4knad l\u00e4stid":"1 minut"},"schema":{"@context":"https:\/\/schema.org","@graph":[{"@type":"WebPage","@id":"https:\/\/novoaglobal.com\/sw\/e-biljettsakert\/","url":"https:\/\/novoaglobal.com\/sw\/e-biljettsakert\/","name":"NovoaGlobal\u00ae Eticketing f\u00f6r brottsbek\u00e4mpning automatiserar trafikh\u00e4nvisningar","isPartOf":{"@id":"https:\/\/novoaglobal.com\/sw\/#website"},"primaryImageOfPage":{"@id":"https:\/\/novoaglobal.com\/sw\/e-biljettsakert\/#primaryimage"},"image":{"@id":"https:\/\/novoaglobal.com\/sw\/e-biljettsakert\/#primaryimage"},"thumbnailUrl":"https:\/\/novoaglobal.com\/sw\/wp-content\/uploads\/2019\/10\/eticketing-banner-copy.jpg","datePublished":"2019-10-14T08:35:44+00:00","dateModified":"2022-01-19T07:49:25+00:00","description":"E-BILJETTNING Skapa s\u00e4krare gemenskaper genom att automatisera trafikh\u00e4nvisningar, p\u00e5skynda biljettutgivningen f\u00f6r en effektiv, s\u00f6ml\u00f6s l\u00f6sning.","breadcrumb":{"@id":"https:\/\/novoaglobal.com\/sw\/e-biljettsakert\/#breadcrumb"},"inLanguage":"sv-SE","potentialAction":[{"@type":"ReadAction","target":["https:\/\/novoaglobal.com\/sw\/e-biljettsakert\/"]}]},{"@type":"ImageObject","inLanguage":"sv-SE","@id":"https:\/\/novoaglobal.com\/sw\/e-biljettsakert\/#primaryimage","url":"https:\/\/novoaglobal.com\/sw\/wp-content\/uploads\/2019\/10\/eticketing-banner-copy.jpg","contentUrl":"https:\/\/novoaglobal.com\/sw\/wp-content\/uploads\/2019\/10\/eticketing-banner-copy.jpg","width":1000,"height":667,"caption":"NovoaGobal Eticketing Automates traffic citations, expedites traffic ticket issuance creating a more efficient process with seamless continuity and integration"},{"@type":"BreadcrumbList","@id":"https:\/\/novoaglobal.com\/sw\/e-biljettsakert\/#breadcrumb","itemListElement":[{"@type":"ListItem","position":1,"name":"Home","item":"https:\/\/novoaglobal.com\/sw\/"},{"@type":"ListItem","position":2,"name":"E-BILJETTNING"}]},{"@type":"WebSite","@id":"https:\/\/novoaglobal.com\/sw\/#website","url":"https:\/\/novoaglobal.com\/sw\/","name":"NovoaGlobal\u00ae","description":"Creating Safer Communities","publisher":{"@id":"https:\/\/novoaglobal.com\/sw\/#organization"},"potentialAction":[{"@type":"SearchAction","target":{"@type":"EntryPoint","urlTemplate":"https:\/\/novoaglobal.com\/sw\/?s={search_term_string}"},"query-input":{"@type":"PropertyValueSpecification","valueRequired":true,"valueName":"search_term_string"}}],"inLanguage":"sv-SE"},{"@type":"Organization","@id":"https:\/\/novoaglobal.com\/sw\/#organization","name":"NovoaGlobal","url":"https:\/\/novoaglobal.com\/sw\/","logo":{"@type":"ImageObject","inLanguage":"sv-SE","@id":"https:\/\/novoaglobal.com\/sw\/#\/schema\/logo\/image\/","url":"https:\/\/novoaglobal.com\/sw\/wp-content\/uploads\/2019\/10\/logo-history-2.png","contentUrl":"https:\/\/novoaglobal.com\/sw\/wp-content\/uploads\/2019\/10\/logo-history-2.png","width":394,"height":363,"caption":"NovoaGlobal"},"image":{"@id":"https:\/\/novoaglobal.com\/sw\/#\/schema\/logo\/image\/"},"sameAs":["https:\/\/www.facebook.com\/novoaglobal\/","https:\/\/x.com\/NovoaGlobal","https:\/\/www.instagram.com\/novoaglobal\/","https:\/\/www.linkedin.com\/company\/novoaglobal\/about\/","https:\/\/www.youtube.com\/channel\/UCoMVz-xMzL_dyjZ0GgVz7Dw"]}]}},"_links":{"self":[{"href":"https:\/\/novoaglobal.com\/sw\/wp-json\/wp\/v2\/pages\/2415","targetHints":{"allow":["GET"]}}],"collection":[{"href":"https:\/\/novoaglobal.com\/sw\/wp-json\/wp\/v2\/pages"}],"about":[{"href":"https:\/\/novoaglobal.com\/sw\/wp-json\/wp\/v2\/types\/page"}],"author":[{"embeddable":true,"href":"https:\/\/novoaglobal.com\/sw\/wp-json\/wp\/v2\/users\/1"}],"replies":[{"embeddable":true,"href":"https:\/\/novoaglobal.com\/sw\/wp-json\/wp\/v2\/comments?post=2415"}],"version-history":[{"count":3,"href":"https:\/\/novoaglobal.com\/sw\/wp-json\/wp\/v2\/pages\/2415\/revisions"}],"predecessor-version":[{"id":10508,"href":"https:\/\/novoaglobal.com\/sw\/wp-json\/wp\/v2\/pages\/2415\/revisions\/10508"}],"wp:featuredmedia":[{"embeddable":true,"href":"https:\/\/novoaglobal.com\/sw\/wp-json\/wp\/v2\/media\/1709"}],"wp:attachment":[{"href":"https:\/\/novoaglobal.com\/sw\/wp-json\/wp\/v2\/media?parent=2415"}],"curies":[{"name":"wp","href":"https:\/\/api.w.org\/{rel}","templated":true}]}}