{"id":2409,"date":"2019-10-14T08:28:38","date_gmt":"2019-10-14T08:28:38","guid":{"rendered":"https:\/\/novoaglobal.com\/sw\/?page_id=2409"},"modified":"2022-01-19T07:45:30","modified_gmt":"2022-01-19T07:45:30","slug":"parksakert","status":"publish","type":"page","link":"https:\/\/novoaglobal.com\/sw\/parksakert\/","title":{"rendered":"UPPF\u00d6LJANDE AV PARKERING"},"content":{"rendered":"<section class=\"sh-section sh-section-4554c1964e37fbbb6afece028615103e fw-main-row sh-section-visibility-everywhere\">\n\t\n\t\n\t<div class=\"sh-section-container container-fluid\">\n\t\t\t<\/div>\n<\/section>\n\n<section class=\"sh-section sh-section-6d6dbf83178ba5dc4151e7c9ea3c75cf fw-main-row sh-section-visibility-everywhere\">\n\t\n\t\n\t<div class=\"sh-section-container container section-justify-height\">\n\t\t<div class=\"fw-row\">\n\t\n<div class=\"sh-column sh-column-d28a20641558a2899670a6ed5a50d1b5 fw-col-xs-12 fw-col-sm-6\" >\n\n\t\n\t<div class=\"sh-column-wrapper\">\n\t\t\n<div class=\"sh-heading  \" id=\"heading-4bb404a9da74a7501e3f66f7a22ac53d\">\n\t<div class=\"sh-element-margin\">\n\n\t\t\n\t\t\t<h2 class=\"sh-heading-content size-l text-left\">\n\t\t\t\tPARKSAKER\t\t\t<\/h2>\n\n\t\t\n\t<\/div>\n<\/div>\n\n<div id=\"text-block-12cdf824ee9513b69942c74a4747bde4\" class=\"sh-text-block\">\n\t<p><strong>SPARA TID OCH PENGAR GENOM ATT GENOMF\u00d6RA PARKERINGSBROTT MED PARK-SAFE<\/strong><\/p><p>Park-Safe p\u00e5skyndar processen med att uppr\u00e4tth\u00e5lla parkerings\u00f6vertr\u00e4delser, vilket sparar tid och pengar. V\u00e5rt automatiska parkeringssystem g\u00f6r det m\u00f6jligt f\u00f6r tillsynspersonal att stanna kvar i fordonet n\u00e4r de ut\u00f6var parkerings\u00f6vertr\u00e4delser med mobilkamera eller f\u00e5r \u00f6vertr\u00e4delser fr\u00e5n en fast fj\u00e4rrkamera. Att uppr\u00e4tth\u00e5lla \u00f6vertr\u00e4delser f\u00f6r m\u00e4tarparkering, inga parkeringszoner, lastzoner, handikappparkering och mer \u00e4r nu enklare \u00e4n n\u00e5gonsin. Park-Safe \u00e4r en del av Novoa Global-familjen av s\u00e4kerhetsprodukter.<\/p><\/div>\n\t<\/div>\n\n\n\t\t\n\n<\/div>\n\n<div class=\"sh-column sh-column-3c5418793c1c7763f145d5230717b563 fw-col-xs-12 fw-col-sm-4\" >\n\n\t\n\t<div class=\"sh-column-wrapper\">\n\t\t\n<div id=\"single-image-3b32a744016f18170ab6a96f3ed6e26f\" class=\"sh-single-image   sh-single-image-shadow3\">\n\t<div class=\"sh-element-margin\">\n\t\t\n\t\t\t\t\t<div class=\"sh-image-lazy-loading\" style=\"max-width: 300px;\">\n\t\t\n\t\t\t<div class=\"sh-single-image-container sh-single-image-container-lazy\">\n\t\t\t\t\t\t\t\t\t\t\t\t\t\t\t<a href=\"\/\/novoaglobal.net\/wp-content\/uploads\/2019\/10\/Park-safe-cars-on-backside-1-300x212.jpg\" rel=\"lightbox\">\n\t\t\t\t\t\n\t\t\t\t\t\t\t\t\t\t\t\t\t\t\t\t\t\t\t\t\t<div class=\"ratio-container\" style=\"padding-top: 70.666666666667%;\">\n\t\t\t\t\t\t\t\t\t<div class=\"ratio-content\">\n\t\t\t\t\t\t\t\t\t\t<img class=\"sh-image-url lazy\" data-src=\"https:\/\/novoaglobal.com\/sw\/wp-content\/uploads\/2019\/10\/Park-safe-cars-on-backside-1-300x212.jpg\" alt=\"Park safe\" \/>\n\t\t\t\t\t\t\t\t\t<\/div>\n\t\t\t\t\t\t\t\t<\/div>\n\t\t\t\t\t\t\t\n\t\t\t\t\t\t\t\t\t\t\t\t\t\n\t\t\t\t\t\t\t\t\t\t\t<\/a>\n\t\t\t\t\t\t\t\t\t\n\t\t\t\t\t\t\t<\/div>\n\n\t\t\t\t\t<\/div>\n\t\t\n\t<\/div>\n<\/div>\n\t<\/div>\n\n\n\t\t\n\n<\/div>\n<\/div>\n\n\t<\/div>\n<\/section>\n\n<section class=\"sh-section sh-section-b414616623d6b016e214df18ed1b88c2 fw-main-row sh-section-visibility-everywhere\">\n\t\n\t\n\t<div class=\"sh-section-container container section-justify-height\">\n\t\t<div class=\"fw-row\">\n\t\n<div class=\"sh-column sh-column-e9252772e44fa48dd446ae414b2b8fdb fw-col-xs-12 fw-col-sm-4 sh-column-mobile-padding\" >\n\n\t\n\t<div class=\"sh-column-wrapper\">\n\t\t\n<div id=\"single-image-84a8be123fe22348a16eb7d9066bcbd5\" class=\"sh-single-image   sh-single-image-shadow3\">\n\t<div class=\"sh-element-margin\">\n\t\t\n\t\t\t\t\t<div class=\"sh-image-lazy-loading\" style=\"max-width: 300px;\">\n\t\t\n\t\t\t<div class=\"sh-single-image-container sh-single-image-container-lazy\">\n\t\t\t\t\t\t\t\t\t\t\t\t\t\t\t<a href=\"\/\/novoaglobal.net\/wp-content\/uploads\/2019\/10\/Screen-shot-Capture-Violation-close-up-with-notes-300x252.jpg\" rel=\"lightbox\">\n\t\t\t\t\t\n\t\t\t\t\t\t\t\t\t\t\t\t\t\t\t\t\t\t\t\t\t<div class=\"ratio-container\" style=\"padding-top: 84%;\">\n\t\t\t\t\t\t\t\t\t<div class=\"ratio-content\">\n\t\t\t\t\t\t\t\t\t\t<img class=\"sh-image-url lazy\" data-src=\"https:\/\/novoaglobal.com\/sw\/wp-content\/uploads\/2019\/10\/Screen-shot-Capture-Violation-close-up-with-notes-300x252.jpg\" alt=\"PARK-SAFE ADVANTAGES\" \/>\n\t\t\t\t\t\t\t\t\t<\/div>\n\t\t\t\t\t\t\t\t<\/div>\n\t\t\t\t\t\t\t\n\t\t\t\t\t\t\t\t\t\t\t\t\t\n\t\t\t\t\t\t\t\t\t\t\t<\/a>\n\t\t\t\t\t\t\t\t\t\n\t\t\t\t\t\t\t<\/div>\n\n\t\t\t\t\t<\/div>\n\t\t\n\t<\/div>\n<\/div>\n\t<\/div>\n\n\n\t\t\n\n<\/div>\n\n<div class=\"sh-column sh-column-de3a1b7d30dba7ebef3d81e7220d363f fw-col-xs-12 fw-col-sm-6\" >\n\n\t\n\t<div class=\"sh-column-wrapper\">\n\t\t\n<div id=\"text-block-e78c0fb2b8b264aa79bd96aca25b81ed\" class=\"sh-text-block\">\n\t<p><strong>PARKS\u00c4KRA F\u00d6RDELAR:<\/strong><\/p><p>Vi tillhandah\u00e5ller en nyckelf\u00e4rdig l\u00f6sning utan kostnad f\u00f6r v\u00e5ra kunder inklusive: studie, installation, system, f\u00f6rbehandling, betalningssystem och mycket mer.<\/p><ul><li>H\u00f6guppl\u00f6sta digitala bilder<\/li><li>Robust DVR-h\u00e4mtning<\/li><li>Robust backoffice-mjukvara<\/li><li>S\u00e4ker molnl\u00f6sning<\/li><\/ul><\/div>\n\t<\/div>\n\n\n\t\t\n\n<\/div>\n<\/div>\n\n\t<\/div>\n<\/section>\n","protected":false},"excerpt":{"rendered":"<p>PARKSAKER SPARA TID OCH PENGAR GENOM ATT GENOMF\u00d6RA PARKERINGSBROTT MED PARK-SAFEPark-Safe p\u00e5skyndar processen med att uppr\u00e4tth\u00e5lla parkerings\u00f6vertr\u00e4delser, vilket sparar tid och pengar. V\u00e5rt automatiska parkeringssystem g\u00f6r det m\u00f6jligt f\u00f6r tillsynspersonal&#8230;<\/p>\n","protected":false},"author":1,"featured_media":6822,"parent":0,"menu_order":0,"comment_status":"closed","ping_status":"closed","template":"","meta":{"_exactmetrics_skip_tracking":false,"_exactmetrics_sitenote_active":false,"_exactmetrics_sitenote_note":"","_exactmetrics_sitenote_category":0,"footnotes":""},"class_list":["post-2409","page","type-page","status-publish","has-post-thumbnail","hentry"],"yoast_head":"<!-- This site is optimized with the Yoast SEO plugin v27.4 - https:\/\/yoast.com\/product\/yoast-seo-wordpress\/ -->\n<title>NovoaGlobal\u00ae Parkerings\u00f6vertr\u00e4delse Bildtillsyn, parkeringskamera<\/title>\n<meta name=\"description\" content=\"NovoaGlobal\u00ae Skapa s\u00e4krare gemenskaper med Automated Parking Violation Photo Enforcement f\u00f6r att uppr\u00e4tth\u00e5lla parkerings\u00f6vertr\u00e4delser\" \/>\n<meta name=\"robots\" content=\"index, follow, max-snippet:-1, max-image-preview:large, max-video-preview:-1\" \/>\n<link rel=\"canonical\" href=\"https:\/\/novoaglobal.com\/sw\/parksakert\/\" \/>\n<meta property=\"og:locale\" content=\"sv_SE\" \/>\n<meta property=\"og:type\" content=\"article\" \/>\n<meta property=\"og:title\" content=\"NovoaGlobal\u00ae Parkerings\u00f6vertr\u00e4delse Bildtillsyn, parkeringskamera\" \/>\n<meta property=\"og:description\" content=\"NovoaGlobal\u00ae Skapa s\u00e4krare gemenskaper med Automated Parking Violation Photo Enforcement f\u00f6r att uppr\u00e4tth\u00e5lla parkerings\u00f6vertr\u00e4delser\" \/>\n<meta property=\"og:url\" content=\"https:\/\/novoaglobal.com\/sw\/parksakert\/\" \/>\n<meta property=\"og:site_name\" content=\"NovoaGlobal\u00ae\" \/>\n<meta property=\"article:publisher\" content=\"https:\/\/www.facebook.com\/novoaglobal\/\" \/>\n<meta property=\"article:modified_time\" content=\"2022-01-19T07:45:30+00:00\" \/>\n<meta property=\"og:image\" content=\"https:\/\/novoaglobal.com\/sw\/wp-content\/uploads\/2020\/06\/NG-Park-Safe-Web-Solutions.jpg\" \/>\n\t<meta property=\"og:image:width\" content=\"1280\" \/>\n\t<meta property=\"og:image:height\" content=\"619\" \/>\n\t<meta property=\"og:image:type\" content=\"image\/jpeg\" \/>\n<meta name=\"twitter:card\" content=\"summary_large_image\" \/>\n<meta name=\"twitter:site\" content=\"@NovoaGlobal\" \/>\n<meta name=\"twitter:label1\" content=\"Ber\u00e4knad l\u00e4stid\" \/>\n\t<meta name=\"twitter:data1\" content=\"1 minut\" \/>\n<script type=\"application\/ld+json\" class=\"yoast-schema-graph\">{\"@context\":\"https:\\\/\\\/schema.org\",\"@graph\":[{\"@type\":\"WebPage\",\"@id\":\"https:\\\/\\\/novoaglobal.com\\\/sw\\\/parksakert\\\/\",\"url\":\"https:\\\/\\\/novoaglobal.com\\\/sw\\\/parksakert\\\/\",\"name\":\"NovoaGlobal\u00ae Parkerings\u00f6vertr\u00e4delse Bildtillsyn, parkeringskamera\",\"isPartOf\":{\"@id\":\"https:\\\/\\\/novoaglobal.com\\\/sw\\\/#website\"},\"primaryImageOfPage\":{\"@id\":\"https:\\\/\\\/novoaglobal.com\\\/sw\\\/parksakert\\\/#primaryimage\"},\"image\":{\"@id\":\"https:\\\/\\\/novoaglobal.com\\\/sw\\\/parksakert\\\/#primaryimage\"},\"thumbnailUrl\":\"https:\\\/\\\/novoaglobal.com\\\/sw\\\/wp-content\\\/uploads\\\/2020\\\/06\\\/NG-Park-Safe-Web-Solutions.jpg\",\"datePublished\":\"2019-10-14T08:28:38+00:00\",\"dateModified\":\"2022-01-19T07:45:30+00:00\",\"description\":\"NovoaGlobal\u00ae Skapa s\u00e4krare gemenskaper med Automated Parking Violation Photo Enforcement f\u00f6r att uppr\u00e4tth\u00e5lla parkerings\u00f6vertr\u00e4delser\",\"breadcrumb\":{\"@id\":\"https:\\\/\\\/novoaglobal.com\\\/sw\\\/parksakert\\\/#breadcrumb\"},\"inLanguage\":\"sv-SE\",\"potentialAction\":[{\"@type\":\"ReadAction\",\"target\":[\"https:\\\/\\\/novoaglobal.com\\\/sw\\\/parksakert\\\/\"]}]},{\"@type\":\"ImageObject\",\"inLanguage\":\"sv-SE\",\"@id\":\"https:\\\/\\\/novoaglobal.com\\\/sw\\\/parksakert\\\/#primaryimage\",\"url\":\"https:\\\/\\\/novoaglobal.com\\\/sw\\\/wp-content\\\/uploads\\\/2020\\\/06\\\/NG-Park-Safe-Web-Solutions.jpg\",\"contentUrl\":\"https:\\\/\\\/novoaglobal.com\\\/sw\\\/wp-content\\\/uploads\\\/2020\\\/06\\\/NG-Park-Safe-Web-Solutions.jpg\",\"width\":1280,\"height\":619,\"caption\":\"NovoaGlobal Park-Safe Integrated automated parking enforcement\"},{\"@type\":\"BreadcrumbList\",\"@id\":\"https:\\\/\\\/novoaglobal.com\\\/sw\\\/parksakert\\\/#breadcrumb\",\"itemListElement\":[{\"@type\":\"ListItem\",\"position\":1,\"name\":\"Home\",\"item\":\"https:\\\/\\\/novoaglobal.com\\\/sw\\\/\"},{\"@type\":\"ListItem\",\"position\":2,\"name\":\"UPPF\u00d6LJANDE AV PARKERING\"}]},{\"@type\":\"WebSite\",\"@id\":\"https:\\\/\\\/novoaglobal.com\\\/sw\\\/#website\",\"url\":\"https:\\\/\\\/novoaglobal.com\\\/sw\\\/\",\"name\":\"NovoaGlobal\u00ae\",\"description\":\"Creating Safer Communities\",\"publisher\":{\"@id\":\"https:\\\/\\\/novoaglobal.com\\\/sw\\\/#organization\"},\"potentialAction\":[{\"@type\":\"SearchAction\",\"target\":{\"@type\":\"EntryPoint\",\"urlTemplate\":\"https:\\\/\\\/novoaglobal.com\\\/sw\\\/?s={search_term_string}\"},\"query-input\":{\"@type\":\"PropertyValueSpecification\",\"valueRequired\":true,\"valueName\":\"search_term_string\"}}],\"inLanguage\":\"sv-SE\"},{\"@type\":\"Organization\",\"@id\":\"https:\\\/\\\/novoaglobal.com\\\/sw\\\/#organization\",\"name\":\"NovoaGlobal\",\"url\":\"https:\\\/\\\/novoaglobal.com\\\/sw\\\/\",\"logo\":{\"@type\":\"ImageObject\",\"inLanguage\":\"sv-SE\",\"@id\":\"https:\\\/\\\/novoaglobal.com\\\/sw\\\/#\\\/schema\\\/logo\\\/image\\\/\",\"url\":\"https:\\\/\\\/novoaglobal.com\\\/sw\\\/wp-content\\\/uploads\\\/2019\\\/10\\\/logo-history-2.png\",\"contentUrl\":\"https:\\\/\\\/novoaglobal.com\\\/sw\\\/wp-content\\\/uploads\\\/2019\\\/10\\\/logo-history-2.png\",\"width\":394,\"height\":363,\"caption\":\"NovoaGlobal\"},\"image\":{\"@id\":\"https:\\\/\\\/novoaglobal.com\\\/sw\\\/#\\\/schema\\\/logo\\\/image\\\/\"},\"sameAs\":[\"https:\\\/\\\/www.facebook.com\\\/novoaglobal\\\/\",\"https:\\\/\\\/x.com\\\/NovoaGlobal\",\"https:\\\/\\\/www.instagram.com\\\/novoaglobal\\\/\",\"https:\\\/\\\/www.linkedin.com\\\/company\\\/novoaglobal\\\/about\\\/\",\"https:\\\/\\\/www.youtube.com\\\/channel\\\/UCoMVz-xMzL_dyjZ0GgVz7Dw\"]}]}<\/script>\n<!-- \/ Yoast SEO plugin. -->","yoast_head_json":{"title":"NovoaGlobal\u00ae Parkerings\u00f6vertr\u00e4delse Bildtillsyn, parkeringskamera","description":"NovoaGlobal\u00ae Skapa s\u00e4krare gemenskaper med Automated Parking Violation Photo Enforcement f\u00f6r att uppr\u00e4tth\u00e5lla parkerings\u00f6vertr\u00e4delser","robots":{"index":"index","follow":"follow","max-snippet":"max-snippet:-1","max-image-preview":"max-image-preview:large","max-video-preview":"max-video-preview:-1"},"canonical":"https:\/\/novoaglobal.com\/sw\/parksakert\/","og_locale":"sv_SE","og_type":"article","og_title":"NovoaGlobal\u00ae Parkerings\u00f6vertr\u00e4delse Bildtillsyn, parkeringskamera","og_description":"NovoaGlobal\u00ae Skapa s\u00e4krare gemenskaper med Automated Parking Violation Photo Enforcement f\u00f6r att uppr\u00e4tth\u00e5lla parkerings\u00f6vertr\u00e4delser","og_url":"https:\/\/novoaglobal.com\/sw\/parksakert\/","og_site_name":"NovoaGlobal\u00ae","article_publisher":"https:\/\/www.facebook.com\/novoaglobal\/","article_modified_time":"2022-01-19T07:45:30+00:00","og_image":[{"width":1280,"height":619,"url":"https:\/\/novoaglobal.com\/sw\/wp-content\/uploads\/2020\/06\/NG-Park-Safe-Web-Solutions.jpg","type":"image\/jpeg"}],"twitter_card":"summary_large_image","twitter_site":"@NovoaGlobal","twitter_misc":{"Ber\u00e4knad l\u00e4stid":"1 minut"},"schema":{"@context":"https:\/\/schema.org","@graph":[{"@type":"WebPage","@id":"https:\/\/novoaglobal.com\/sw\/parksakert\/","url":"https:\/\/novoaglobal.com\/sw\/parksakert\/","name":"NovoaGlobal\u00ae Parkerings\u00f6vertr\u00e4delse Bildtillsyn, parkeringskamera","isPartOf":{"@id":"https:\/\/novoaglobal.com\/sw\/#website"},"primaryImageOfPage":{"@id":"https:\/\/novoaglobal.com\/sw\/parksakert\/#primaryimage"},"image":{"@id":"https:\/\/novoaglobal.com\/sw\/parksakert\/#primaryimage"},"thumbnailUrl":"https:\/\/novoaglobal.com\/sw\/wp-content\/uploads\/2020\/06\/NG-Park-Safe-Web-Solutions.jpg","datePublished":"2019-10-14T08:28:38+00:00","dateModified":"2022-01-19T07:45:30+00:00","description":"NovoaGlobal\u00ae Skapa s\u00e4krare gemenskaper med Automated Parking Violation Photo Enforcement f\u00f6r att uppr\u00e4tth\u00e5lla parkerings\u00f6vertr\u00e4delser","breadcrumb":{"@id":"https:\/\/novoaglobal.com\/sw\/parksakert\/#breadcrumb"},"inLanguage":"sv-SE","potentialAction":[{"@type":"ReadAction","target":["https:\/\/novoaglobal.com\/sw\/parksakert\/"]}]},{"@type":"ImageObject","inLanguage":"sv-SE","@id":"https:\/\/novoaglobal.com\/sw\/parksakert\/#primaryimage","url":"https:\/\/novoaglobal.com\/sw\/wp-content\/uploads\/2020\/06\/NG-Park-Safe-Web-Solutions.jpg","contentUrl":"https:\/\/novoaglobal.com\/sw\/wp-content\/uploads\/2020\/06\/NG-Park-Safe-Web-Solutions.jpg","width":1280,"height":619,"caption":"NovoaGlobal Park-Safe Integrated automated parking enforcement"},{"@type":"BreadcrumbList","@id":"https:\/\/novoaglobal.com\/sw\/parksakert\/#breadcrumb","itemListElement":[{"@type":"ListItem","position":1,"name":"Home","item":"https:\/\/novoaglobal.com\/sw\/"},{"@type":"ListItem","position":2,"name":"UPPF\u00d6LJANDE AV PARKERING"}]},{"@type":"WebSite","@id":"https:\/\/novoaglobal.com\/sw\/#website","url":"https:\/\/novoaglobal.com\/sw\/","name":"NovoaGlobal\u00ae","description":"Creating Safer Communities","publisher":{"@id":"https:\/\/novoaglobal.com\/sw\/#organization"},"potentialAction":[{"@type":"SearchAction","target":{"@type":"EntryPoint","urlTemplate":"https:\/\/novoaglobal.com\/sw\/?s={search_term_string}"},"query-input":{"@type":"PropertyValueSpecification","valueRequired":true,"valueName":"search_term_string"}}],"inLanguage":"sv-SE"},{"@type":"Organization","@id":"https:\/\/novoaglobal.com\/sw\/#organization","name":"NovoaGlobal","url":"https:\/\/novoaglobal.com\/sw\/","logo":{"@type":"ImageObject","inLanguage":"sv-SE","@id":"https:\/\/novoaglobal.com\/sw\/#\/schema\/logo\/image\/","url":"https:\/\/novoaglobal.com\/sw\/wp-content\/uploads\/2019\/10\/logo-history-2.png","contentUrl":"https:\/\/novoaglobal.com\/sw\/wp-content\/uploads\/2019\/10\/logo-history-2.png","width":394,"height":363,"caption":"NovoaGlobal"},"image":{"@id":"https:\/\/novoaglobal.com\/sw\/#\/schema\/logo\/image\/"},"sameAs":["https:\/\/www.facebook.com\/novoaglobal\/","https:\/\/x.com\/NovoaGlobal","https:\/\/www.instagram.com\/novoaglobal\/","https:\/\/www.linkedin.com\/company\/novoaglobal\/about\/","https:\/\/www.youtube.com\/channel\/UCoMVz-xMzL_dyjZ0GgVz7Dw"]}]}},"_links":{"self":[{"href":"https:\/\/novoaglobal.com\/sw\/wp-json\/wp\/v2\/pages\/2409","targetHints":{"allow":["GET"]}}],"collection":[{"href":"https:\/\/novoaglobal.com\/sw\/wp-json\/wp\/v2\/pages"}],"about":[{"href":"https:\/\/novoaglobal.com\/sw\/wp-json\/wp\/v2\/types\/page"}],"author":[{"embeddable":true,"href":"https:\/\/novoaglobal.com\/sw\/wp-json\/wp\/v2\/users\/1"}],"replies":[{"embeddable":true,"href":"https:\/\/novoaglobal.com\/sw\/wp-json\/wp\/v2\/comments?post=2409"}],"version-history":[{"count":2,"href":"https:\/\/novoaglobal.com\/sw\/wp-json\/wp\/v2\/pages\/2409\/revisions"}],"predecessor-version":[{"id":10505,"href":"https:\/\/novoaglobal.com\/sw\/wp-json\/wp\/v2\/pages\/2409\/revisions\/10505"}],"wp:featuredmedia":[{"embeddable":true,"href":"https:\/\/novoaglobal.com\/sw\/wp-json\/wp\/v2\/media\/6822"}],"wp:attachment":[{"href":"https:\/\/novoaglobal.com\/sw\/wp-json\/wp\/v2\/media?parent=2409"}],"curies":[{"name":"wp","href":"https:\/\/api.w.org\/{rel}","templated":true}]}}