{"id":2393,"date":"2019-10-14T08:11:09","date_gmt":"2019-10-14T08:11:09","guid":{"rendered":"https:\/\/novoaglobal.com\/sw\/?page_id=2393"},"modified":"2022-01-19T07:29:26","modified_gmt":"2022-01-19T07:29:26","slug":"gridlock-saker","status":"publish","type":"page","link":"https:\/\/novoaglobal.com\/sw\/gridlock-saker\/","title":{"rendered":"TOTALSTOPP"},"content":{"rendered":"<section class=\"sh-section sh-section-4554c1964e37fbbb6afece028615103e fw-main-row sh-section-visibility-everywhere\">\n\t\n\t\n\t<div class=\"sh-section-container container-fluid\">\n\t\t\t<\/div>\n<\/section>\n\n<section class=\"sh-section sh-section-6d6dbf83178ba5dc4151e7c9ea3c75cf fw-main-row sh-section-visibility-everywhere\">\n\t\n\t\n\t<div class=\"sh-section-container container section-justify-height\">\n\t\t<div class=\"fw-row\">\n\t\n<div class=\"sh-column sh-column-d28a20641558a2899670a6ed5a50d1b5 fw-col-xs-12 fw-col-sm-6\" >\n\n\t\n\t<div class=\"sh-column-wrapper\">\n\t\t\n<div class=\"sh-heading  \" id=\"heading-4bb404a9da74a7501e3f66f7a22ac53d\">\n\t<div class=\"sh-element-margin\">\n\n\t\t\n\t\t\t<h2 class=\"sh-heading-content size-l text-left\">\n\t\t\t\tTOTALSTOPP-S\u00c4KER\t\t\t<\/h2>\n\n\t\t\n\t<\/div>\n<\/div>\n\n<div id=\"text-block-12cdf824ee9513b69942c74a4747bde4\" class=\"sh-text-block\">\n\t<p><strong>F\u00d6RARE L\u00c4RER ATT VARA ARTIG MOT ANDRA F\u00d6RARE MED NOVOAGLOBAL'S GRIDLOCK\u2013SAFE-KAMERA, DESIGNET F\u00d6R ATT F\u00d6RB\u00c4TTRA KRYSSNINGSS\u00c4KERHETEN<\/strong><\/p><p>Gridlock f\u00f6rst\u00f6r \u00f6verbelastade st\u00e4der. Trafikstockningar orsakas av ot\u00e5liga f\u00f6rare som k\u00f6r in i korsningar utan att kunna r\u00f6ja den. Dessa f\u00f6rare orsakar ett s\u00e5dant l\u00e5sning att inga fordon kan r\u00f6ra sig i n\u00e5gon riktning! Att blockera korsningar \u00e4r inte bara olagligt utan orsakar irritation f\u00f6r andra f\u00f6rare vilket kan leda till v\u00e4graseri, minskar effektiviteten i trafikfl\u00f6det, blockerar utryckningsfordon fr\u00e5n att passera och riskerar andra f\u00f6rares s\u00e4kerhet och s\u00e4kerhet.<\/p><\/div>\n\t<\/div>\n\n\n\t\t\n\n<\/div>\n\n<div class=\"sh-column sh-column-3c5418793c1c7763f145d5230717b563 fw-col-xs-12 fw-col-sm-4\" >\n\n\t\n\t<div class=\"sh-column-wrapper\">\n\t\t\n<div id=\"single-image-3b32a744016f18170ab6a96f3ed6e26f\" class=\"sh-single-image   sh-single-image-shadow3\">\n\t<div class=\"sh-element-margin\">\n\t\t\n\t\t\t\t\t<div class=\"sh-image-lazy-loading\" style=\"max-width: 300px;\">\n\t\t\n\t\t\t<div class=\"sh-single-image-container sh-single-image-container-lazy\">\n\t\t\t\t\t\t\t\t\t\t\t\t\t\t\t<a href=\"\/\/novoaglobal.net\/wp-content\/uploads\/2019\/10\/Do-Not-Block-Intersection-w-palms-300x281.jpg\" rel=\"lightbox\">\n\t\t\t\t\t\n\t\t\t\t\t\t\t\t\t\t\t\t\t\t\t\t\t\t\t\t\t<div class=\"ratio-container\" style=\"padding-top: 93.666666666667%;\">\n\t\t\t\t\t\t\t\t\t<div class=\"ratio-content\">\n\t\t\t\t\t\t\t\t\t\t<img class=\"sh-image-url lazy\" data-src=\"https:\/\/novoaglobal.com\/sw\/wp-content\/uploads\/2019\/10\/Do-Not-Block-Intersection-w-palms-300x281.jpg\" alt=\"Do Not Block Intersection\" \/>\n\t\t\t\t\t\t\t\t\t<\/div>\n\t\t\t\t\t\t\t\t<\/div>\n\t\t\t\t\t\t\t\n\t\t\t\t\t\t\t\t\t\t\t\t\t\n\t\t\t\t\t\t\t\t\t\t\t<\/a>\n\t\t\t\t\t\t\t\t\t\n\t\t\t\t\t\t\t<\/div>\n\n\t\t\t\t\t<\/div>\n\t\t\n\t<\/div>\n<\/div>\n\t<\/div>\n\n\n\t\t\n\n<\/div>\n<\/div>\n\n\t<\/div>\n<\/section>\n\n<section class=\"sh-section sh-section-f7a6294b4dc74f7e384040d8b1fc0549 fw-main-row sh-section-visibility-everywhere\">\n\t\n\t\n\t<div class=\"sh-section-container container section-justify-height\">\n\t\t<div class=\"fw-row\">\n\t\n<div class=\"sh-column sh-column-7b14d574ba780f0bee0d7624fd6b241c fw-col-xs-12 fw-col-sm-6\" >\n\n\t\n\t<div class=\"sh-column-wrapper\">\n\t\t\n<div id=\"text-block-eb9d8f0e9ca89db29a5c667e20528ab7\" class=\"sh-text-block\">\n\t<p><strong>Vad \u00e4r l\u00f6sningen?<\/strong><\/p><p>Skydda dina korsningar fr\u00e5n f\u00f6rare som skulle blockera dem med Gridlock\u2013Safe \u00f6vervakning och g\u00f6r dina korsningars gridlock till ett minne blott!<\/p><p>Novoa Global tillhandah\u00e5ller denna viktiga trafikfl\u00f6desl\u00f6sning i USA:s huvudstad. NovoaGlobals Gridlock\u2013Safe, \u00e4ven k\u00e4nd som \"block the box\" \u00e4r en helautomatisk l\u00f6sning f\u00f6r bildkontroll av korsningar f\u00f6r att \u00f6vervaka och avskr\u00e4cka f\u00f6rare fr\u00e5n att k\u00f6ra in i en korsning n\u00e4r det \u00e4r tr\u00e4ngsel p\u00e5 grund av \u00f6kat trafikfl\u00f6de.<\/p><\/div>\n\t<\/div>\n\n\n\t\t\n\n<\/div>\n\n<div class=\"sh-column sh-column-6df9eb0f899e879d82cd527324f2c6ae fw-col-xs-12 fw-col-sm-4\" >\n\n\t\n\t<div class=\"sh-column-wrapper\">\n\t\t\n<div id=\"single-image-8defbf1005ab863012bd5df1ed4db273\" class=\"sh-single-image   sh-single-image-shadow3\">\n\t<div class=\"sh-element-margin\">\n\t\t\n\t\t\t\t\t<div class=\"sh-image-lazy-loading\" style=\"max-width: 300px;\">\n\t\t\n\t\t\t<div class=\"sh-single-image-container sh-single-image-container-lazy\">\n\t\t\t\t\t\t\t\t\t\t\t\t\t\t\t<a href=\"\/\/novoaglobal.net\/wp-content\/uploads\/2019\/10\/Dont-block-the-box-full-300x225.jpg\" rel=\"lightbox\">\n\t\t\t\t\t\n\t\t\t\t\t\t\t\t\t\t\t\t\t\t\t\t\t\t\t\t\t<div class=\"ratio-container\" style=\"padding-top: 75%;\">\n\t\t\t\t\t\t\t\t\t<div class=\"ratio-content\">\n\t\t\t\t\t\t\t\t\t\t<img class=\"sh-image-url lazy\" data-src=\"https:\/\/novoaglobal.com\/sw\/wp-content\/uploads\/2019\/10\/Dont-block-the-box-full-300x225.jpg\" alt=\"Gridlock Safe monitoring\" \/>\n\t\t\t\t\t\t\t\t\t<\/div>\n\t\t\t\t\t\t\t\t<\/div>\n\t\t\t\t\t\t\t\n\t\t\t\t\t\t\t\t\t\t\t\t\t\n\t\t\t\t\t\t\t\t\t\t\t<\/a>\n\t\t\t\t\t\t\t\t\t\n\t\t\t\t\t\t\t<\/div>\n\n\t\t\t\t\t<\/div>\n\t\t\n\t<\/div>\n<\/div>\n\t<\/div>\n\n\n\t\t\n\n<\/div>\n<\/div>\n\n\t<\/div>\n<\/section>\n\n<section class=\"sh-section sh-section-b414616623d6b016e214df18ed1b88c2 fw-main-row sh-section-visibility-everywhere\">\n\t\n\t\n\t<div class=\"sh-section-container container section-justify-height\">\n\t\t<div class=\"fw-row\">\n\t\n<div class=\"sh-column sh-column-e9252772e44fa48dd446ae414b2b8fdb fw-col-xs-12 fw-col-sm-4 sh-column-mobile-padding\" >\n\n\t\n\t<div class=\"sh-column-wrapper\">\n\t\t\n<div id=\"single-image-84a8be123fe22348a16eb7d9066bcbd5\" class=\"sh-single-image   sh-single-image-shadow3\">\n\t<div class=\"sh-element-margin\">\n\t\t\n\t\t\t\t\t<div class=\"sh-image-lazy-loading\" style=\"max-width: 169px;\">\n\t\t\n\t\t\t<div class=\"sh-single-image-container sh-single-image-container-lazy\">\n\t\t\t\t\t\t\t\t\t\t\t\t\t\t\t<a href=\"\/\/novoaglobal.net\/wp-content\/uploads\/2019\/10\/WP_20161003_08_53_41_Pro-169x300.jpg\" rel=\"lightbox\">\n\t\t\t\t\t\n\t\t\t\t\t\t\t\t\t\t\t\t\t\t\t\t\t\t\t\t\t<div class=\"ratio-container\" style=\"padding-top: 177.51479289941%;\">\n\t\t\t\t\t\t\t\t\t<div class=\"ratio-content\">\n\t\t\t\t\t\t\t\t\t\t<img class=\"sh-image-url lazy\" data-src=\"https:\/\/novoaglobal.com\/sw\/wp-content\/uploads\/2019\/10\/WP_20161003_08_53_41_Pro-169x300.jpg\" alt=\"GRIDLOCK SAFE ADVANTAGES\" \/>\n\t\t\t\t\t\t\t\t\t<\/div>\n\t\t\t\t\t\t\t\t<\/div>\n\t\t\t\t\t\t\t\n\t\t\t\t\t\t\t\t\t\t\t\t\t\n\t\t\t\t\t\t\t\t\t\t\t<\/a>\n\t\t\t\t\t\t\t\t\t\n\t\t\t\t\t\t\t<\/div>\n\n\t\t\t\t\t<\/div>\n\t\t\n\t<\/div>\n<\/div>\n\t<\/div>\n\n\n\t\t\n\n<\/div>\n\n<div class=\"sh-column sh-column-de3a1b7d30dba7ebef3d81e7220d363f fw-col-xs-12 fw-col-sm-6\" >\n\n\t\n\t<div class=\"sh-column-wrapper\">\n\t\t\n<div id=\"text-block-e78c0fb2b8b264aa79bd96aca25b81ed\" class=\"sh-text-block\">\n\t<p><strong>GRIDLOCK-SAFE F\u00d6RDELAR:<\/strong><\/p><ul><li>Inget alternativ f\u00f6r f\u00f6rskottskostnader<\/li><li>M\u00f6jlighet att generera \u00f6verskottsmedel<\/li><li>Nyckelf\u00e4rdig, f\u00e4rdig att anv\u00e4nda l\u00f6sning<\/li><li>Ej p\u00e5tr\u00e4ngande installation, inget behov av v\u00e4gbyggen<\/li><li>Juridiskt f\u00f6rsvarbart<\/li><li>24\/7 kundsupport<\/li><li>100 % kompatibel med alla lokala, l\u00e4nsm\u00e4ssiga, statliga och federala lagar<\/li><li>Ledande bildinspelning och datainsamlingsteknik<\/li><li>Dynamiskt backoffice - verifiering av \u00f6vertr\u00e4delser, support, underh\u00e5ll<\/li><\/ul><\/div>\n\t<\/div>\n\n\n\t\t\n\n<\/div>\n<\/div>\n\n\t<\/div>\n<\/section>\n","protected":false},"excerpt":{"rendered":"<p>TOTALSTOPP-S\u00c4KER F\u00d6RARE L\u00c4RER ATT VARA ARTIG MOT ANDRA F\u00d6RARE MED NOVOAGLOBAL&#8217;S GRIDLOCK\u2013SAFE-KAMERA, DESIGNET F\u00d6R ATT F\u00d6RB\u00c4TTRA KRYSSNINGSS\u00c4KERHETENGridlock f\u00f6rst\u00f6r \u00f6verbelastade st\u00e4der. Trafikstockningar orsakas av ot\u00e5liga f\u00f6rare som k\u00f6r in i korsningar&#8230;<\/p>\n","protected":false},"author":1,"featured_media":6807,"parent":0,"menu_order":0,"comment_status":"closed","ping_status":"closed","template":"","meta":{"_exactmetrics_skip_tracking":false,"_exactmetrics_sitenote_active":false,"_exactmetrics_sitenote_note":"","_exactmetrics_sitenote_category":0,"footnotes":""},"class_list":["post-2393","page","type-page","status-publish","has-post-thumbnail","hentry"],"yoast_head":"<!-- This site is optimized with the Yoast SEO plugin v27.4 - https:\/\/yoast.com\/product\/yoast-seo-wordpress\/ -->\n<title>NovoaGlobal\u00ae Totalstopp Automatiserad bildtill\u00e4mpning<\/title>\n<meta name=\"description\" content=\"NovoaGlobal\u00ae Skapa s\u00e4krare gemenskaper med automatisk Gridlock Photo Enforcement f\u00f6r att f\u00f6rhindra f\u00f6rare fr\u00e5n att &quot;blockera rutan&quot; i korsningar\" \/>\n<meta name=\"robots\" content=\"index, follow, max-snippet:-1, max-image-preview:large, max-video-preview:-1\" \/>\n<link rel=\"canonical\" href=\"https:\/\/novoaglobal.com\/sw\/gridlock-saker\/\" \/>\n<meta property=\"og:locale\" content=\"sv_SE\" \/>\n<meta property=\"og:type\" content=\"article\" \/>\n<meta property=\"og:title\" content=\"NovoaGlobal\u00ae Totalstopp Automatiserad bildtill\u00e4mpning\" \/>\n<meta property=\"og:description\" content=\"NovoaGlobal\u00ae Skapa s\u00e4krare gemenskaper med automatisk Gridlock Photo Enforcement f\u00f6r att f\u00f6rhindra f\u00f6rare fr\u00e5n att &quot;blockera rutan&quot; i korsningar\" \/>\n<meta property=\"og:url\" content=\"https:\/\/novoaglobal.com\/sw\/gridlock-saker\/\" \/>\n<meta property=\"og:site_name\" content=\"NovoaGlobal\u00ae\" \/>\n<meta property=\"article:publisher\" content=\"https:\/\/www.facebook.com\/novoaglobal\/\" \/>\n<meta property=\"article:modified_time\" content=\"2022-01-19T07:29:26+00:00\" \/>\n<meta property=\"og:image\" content=\"https:\/\/novoaglobal.com\/sw\/wp-content\/uploads\/2020\/06\/NG-Gridlock-Safe-Web-Solutions-1-e1593526600986.jpg\" \/>\n\t<meta property=\"og:image:width\" content=\"569\" \/>\n\t<meta property=\"og:image:height\" content=\"540\" \/>\n\t<meta property=\"og:image:type\" content=\"image\/jpeg\" \/>\n<meta name=\"twitter:card\" content=\"summary_large_image\" \/>\n<meta name=\"twitter:site\" content=\"@NovoaGlobal\" \/>\n<meta name=\"twitter:label1\" content=\"Ber\u00e4knad l\u00e4stid\" \/>\n\t<meta name=\"twitter:data1\" content=\"1 minut\" \/>\n<script type=\"application\/ld+json\" class=\"yoast-schema-graph\">{\"@context\":\"https:\\\/\\\/schema.org\",\"@graph\":[{\"@type\":\"WebPage\",\"@id\":\"https:\\\/\\\/novoaglobal.com\\\/sw\\\/gridlock-saker\\\/\",\"url\":\"https:\\\/\\\/novoaglobal.com\\\/sw\\\/gridlock-saker\\\/\",\"name\":\"NovoaGlobal\u00ae Totalstopp Automatiserad bildtill\u00e4mpning\",\"isPartOf\":{\"@id\":\"https:\\\/\\\/novoaglobal.com\\\/sw\\\/#website\"},\"primaryImageOfPage\":{\"@id\":\"https:\\\/\\\/novoaglobal.com\\\/sw\\\/gridlock-saker\\\/#primaryimage\"},\"image\":{\"@id\":\"https:\\\/\\\/novoaglobal.com\\\/sw\\\/gridlock-saker\\\/#primaryimage\"},\"thumbnailUrl\":\"https:\\\/\\\/novoaglobal.com\\\/sw\\\/wp-content\\\/uploads\\\/2020\\\/06\\\/NG-Gridlock-Safe-Web-Solutions-1-e1593526600986.jpg\",\"datePublished\":\"2019-10-14T08:11:09+00:00\",\"dateModified\":\"2022-01-19T07:29:26+00:00\",\"description\":\"NovoaGlobal\u00ae Skapa s\u00e4krare gemenskaper med automatisk Gridlock Photo Enforcement f\u00f6r att f\u00f6rhindra f\u00f6rare fr\u00e5n att \\\"blockera rutan\\\" i korsningar\",\"breadcrumb\":{\"@id\":\"https:\\\/\\\/novoaglobal.com\\\/sw\\\/gridlock-saker\\\/#breadcrumb\"},\"inLanguage\":\"sv-SE\",\"potentialAction\":[{\"@type\":\"ReadAction\",\"target\":[\"https:\\\/\\\/novoaglobal.com\\\/sw\\\/gridlock-saker\\\/\"]}]},{\"@type\":\"ImageObject\",\"inLanguage\":\"sv-SE\",\"@id\":\"https:\\\/\\\/novoaglobal.com\\\/sw\\\/gridlock-saker\\\/#primaryimage\",\"url\":\"https:\\\/\\\/novoaglobal.com\\\/sw\\\/wp-content\\\/uploads\\\/2020\\\/06\\\/NG-Gridlock-Safe-Web-Solutions-1-e1593526600986.jpg\",\"contentUrl\":\"https:\\\/\\\/novoaglobal.com\\\/sw\\\/wp-content\\\/uploads\\\/2020\\\/06\\\/NG-Gridlock-Safe-Web-Solutions-1-e1593526600986.jpg\",\"width\":569,\"height\":540,\"caption\":\"NovoaGlobal Gridlock Photo Enforcement\"},{\"@type\":\"BreadcrumbList\",\"@id\":\"https:\\\/\\\/novoaglobal.com\\\/sw\\\/gridlock-saker\\\/#breadcrumb\",\"itemListElement\":[{\"@type\":\"ListItem\",\"position\":1,\"name\":\"Home\",\"item\":\"https:\\\/\\\/novoaglobal.com\\\/sw\\\/\"},{\"@type\":\"ListItem\",\"position\":2,\"name\":\"TOTALSTOPP\"}]},{\"@type\":\"WebSite\",\"@id\":\"https:\\\/\\\/novoaglobal.com\\\/sw\\\/#website\",\"url\":\"https:\\\/\\\/novoaglobal.com\\\/sw\\\/\",\"name\":\"NovoaGlobal\u00ae\",\"description\":\"Creating Safer Communities\",\"publisher\":{\"@id\":\"https:\\\/\\\/novoaglobal.com\\\/sw\\\/#organization\"},\"potentialAction\":[{\"@type\":\"SearchAction\",\"target\":{\"@type\":\"EntryPoint\",\"urlTemplate\":\"https:\\\/\\\/novoaglobal.com\\\/sw\\\/?s={search_term_string}\"},\"query-input\":{\"@type\":\"PropertyValueSpecification\",\"valueRequired\":true,\"valueName\":\"search_term_string\"}}],\"inLanguage\":\"sv-SE\"},{\"@type\":\"Organization\",\"@id\":\"https:\\\/\\\/novoaglobal.com\\\/sw\\\/#organization\",\"name\":\"NovoaGlobal\",\"url\":\"https:\\\/\\\/novoaglobal.com\\\/sw\\\/\",\"logo\":{\"@type\":\"ImageObject\",\"inLanguage\":\"sv-SE\",\"@id\":\"https:\\\/\\\/novoaglobal.com\\\/sw\\\/#\\\/schema\\\/logo\\\/image\\\/\",\"url\":\"https:\\\/\\\/novoaglobal.com\\\/sw\\\/wp-content\\\/uploads\\\/2019\\\/10\\\/logo-history-2.png\",\"contentUrl\":\"https:\\\/\\\/novoaglobal.com\\\/sw\\\/wp-content\\\/uploads\\\/2019\\\/10\\\/logo-history-2.png\",\"width\":394,\"height\":363,\"caption\":\"NovoaGlobal\"},\"image\":{\"@id\":\"https:\\\/\\\/novoaglobal.com\\\/sw\\\/#\\\/schema\\\/logo\\\/image\\\/\"},\"sameAs\":[\"https:\\\/\\\/www.facebook.com\\\/novoaglobal\\\/\",\"https:\\\/\\\/x.com\\\/NovoaGlobal\",\"https:\\\/\\\/www.instagram.com\\\/novoaglobal\\\/\",\"https:\\\/\\\/www.linkedin.com\\\/company\\\/novoaglobal\\\/about\\\/\",\"https:\\\/\\\/www.youtube.com\\\/channel\\\/UCoMVz-xMzL_dyjZ0GgVz7Dw\"]}]}<\/script>\n<!-- \/ Yoast SEO plugin. -->","yoast_head_json":{"title":"NovoaGlobal\u00ae Totalstopp Automatiserad bildtill\u00e4mpning","description":"NovoaGlobal\u00ae Skapa s\u00e4krare gemenskaper med automatisk Gridlock Photo Enforcement f\u00f6r att f\u00f6rhindra f\u00f6rare fr\u00e5n att \"blockera rutan\" i korsningar","robots":{"index":"index","follow":"follow","max-snippet":"max-snippet:-1","max-image-preview":"max-image-preview:large","max-video-preview":"max-video-preview:-1"},"canonical":"https:\/\/novoaglobal.com\/sw\/gridlock-saker\/","og_locale":"sv_SE","og_type":"article","og_title":"NovoaGlobal\u00ae Totalstopp Automatiserad bildtill\u00e4mpning","og_description":"NovoaGlobal\u00ae Skapa s\u00e4krare gemenskaper med automatisk Gridlock Photo Enforcement f\u00f6r att f\u00f6rhindra f\u00f6rare fr\u00e5n att \"blockera rutan\" i korsningar","og_url":"https:\/\/novoaglobal.com\/sw\/gridlock-saker\/","og_site_name":"NovoaGlobal\u00ae","article_publisher":"https:\/\/www.facebook.com\/novoaglobal\/","article_modified_time":"2022-01-19T07:29:26+00:00","og_image":[{"width":569,"height":540,"url":"https:\/\/novoaglobal.com\/sw\/wp-content\/uploads\/2020\/06\/NG-Gridlock-Safe-Web-Solutions-1-e1593526600986.jpg","type":"image\/jpeg"}],"twitter_card":"summary_large_image","twitter_site":"@NovoaGlobal","twitter_misc":{"Ber\u00e4knad l\u00e4stid":"1 minut"},"schema":{"@context":"https:\/\/schema.org","@graph":[{"@type":"WebPage","@id":"https:\/\/novoaglobal.com\/sw\/gridlock-saker\/","url":"https:\/\/novoaglobal.com\/sw\/gridlock-saker\/","name":"NovoaGlobal\u00ae Totalstopp Automatiserad bildtill\u00e4mpning","isPartOf":{"@id":"https:\/\/novoaglobal.com\/sw\/#website"},"primaryImageOfPage":{"@id":"https:\/\/novoaglobal.com\/sw\/gridlock-saker\/#primaryimage"},"image":{"@id":"https:\/\/novoaglobal.com\/sw\/gridlock-saker\/#primaryimage"},"thumbnailUrl":"https:\/\/novoaglobal.com\/sw\/wp-content\/uploads\/2020\/06\/NG-Gridlock-Safe-Web-Solutions-1-e1593526600986.jpg","datePublished":"2019-10-14T08:11:09+00:00","dateModified":"2022-01-19T07:29:26+00:00","description":"NovoaGlobal\u00ae Skapa s\u00e4krare gemenskaper med automatisk Gridlock Photo Enforcement f\u00f6r att f\u00f6rhindra f\u00f6rare fr\u00e5n att \"blockera rutan\" i korsningar","breadcrumb":{"@id":"https:\/\/novoaglobal.com\/sw\/gridlock-saker\/#breadcrumb"},"inLanguage":"sv-SE","potentialAction":[{"@type":"ReadAction","target":["https:\/\/novoaglobal.com\/sw\/gridlock-saker\/"]}]},{"@type":"ImageObject","inLanguage":"sv-SE","@id":"https:\/\/novoaglobal.com\/sw\/gridlock-saker\/#primaryimage","url":"https:\/\/novoaglobal.com\/sw\/wp-content\/uploads\/2020\/06\/NG-Gridlock-Safe-Web-Solutions-1-e1593526600986.jpg","contentUrl":"https:\/\/novoaglobal.com\/sw\/wp-content\/uploads\/2020\/06\/NG-Gridlock-Safe-Web-Solutions-1-e1593526600986.jpg","width":569,"height":540,"caption":"NovoaGlobal Gridlock Photo Enforcement"},{"@type":"BreadcrumbList","@id":"https:\/\/novoaglobal.com\/sw\/gridlock-saker\/#breadcrumb","itemListElement":[{"@type":"ListItem","position":1,"name":"Home","item":"https:\/\/novoaglobal.com\/sw\/"},{"@type":"ListItem","position":2,"name":"TOTALSTOPP"}]},{"@type":"WebSite","@id":"https:\/\/novoaglobal.com\/sw\/#website","url":"https:\/\/novoaglobal.com\/sw\/","name":"NovoaGlobal\u00ae","description":"Creating Safer Communities","publisher":{"@id":"https:\/\/novoaglobal.com\/sw\/#organization"},"potentialAction":[{"@type":"SearchAction","target":{"@type":"EntryPoint","urlTemplate":"https:\/\/novoaglobal.com\/sw\/?s={search_term_string}"},"query-input":{"@type":"PropertyValueSpecification","valueRequired":true,"valueName":"search_term_string"}}],"inLanguage":"sv-SE"},{"@type":"Organization","@id":"https:\/\/novoaglobal.com\/sw\/#organization","name":"NovoaGlobal","url":"https:\/\/novoaglobal.com\/sw\/","logo":{"@type":"ImageObject","inLanguage":"sv-SE","@id":"https:\/\/novoaglobal.com\/sw\/#\/schema\/logo\/image\/","url":"https:\/\/novoaglobal.com\/sw\/wp-content\/uploads\/2019\/10\/logo-history-2.png","contentUrl":"https:\/\/novoaglobal.com\/sw\/wp-content\/uploads\/2019\/10\/logo-history-2.png","width":394,"height":363,"caption":"NovoaGlobal"},"image":{"@id":"https:\/\/novoaglobal.com\/sw\/#\/schema\/logo\/image\/"},"sameAs":["https:\/\/www.facebook.com\/novoaglobal\/","https:\/\/x.com\/NovoaGlobal","https:\/\/www.instagram.com\/novoaglobal\/","https:\/\/www.linkedin.com\/company\/novoaglobal\/about\/","https:\/\/www.youtube.com\/channel\/UCoMVz-xMzL_dyjZ0GgVz7Dw"]}]}},"_links":{"self":[{"href":"https:\/\/novoaglobal.com\/sw\/wp-json\/wp\/v2\/pages\/2393","targetHints":{"allow":["GET"]}}],"collection":[{"href":"https:\/\/novoaglobal.com\/sw\/wp-json\/wp\/v2\/pages"}],"about":[{"href":"https:\/\/novoaglobal.com\/sw\/wp-json\/wp\/v2\/types\/page"}],"author":[{"embeddable":true,"href":"https:\/\/novoaglobal.com\/sw\/wp-json\/wp\/v2\/users\/1"}],"replies":[{"embeddable":true,"href":"https:\/\/novoaglobal.com\/sw\/wp-json\/wp\/v2\/comments?post=2393"}],"version-history":[{"count":3,"href":"https:\/\/novoaglobal.com\/sw\/wp-json\/wp\/v2\/pages\/2393\/revisions"}],"predecessor-version":[{"id":10499,"href":"https:\/\/novoaglobal.com\/sw\/wp-json\/wp\/v2\/pages\/2393\/revisions\/10499"}],"wp:featuredmedia":[{"embeddable":true,"href":"https:\/\/novoaglobal.com\/sw\/wp-json\/wp\/v2\/media\/6807"}],"wp:attachment":[{"href":"https:\/\/novoaglobal.com\/sw\/wp-json\/wp\/v2\/media?parent=2393"}],"curies":[{"name":"wp","href":"https:\/\/api.w.org\/{rel}","templated":true}]}}