{"id":2386,"date":"2019-10-14T08:02:38","date_gmt":"2019-10-14T08:02:38","guid":{"rendered":"https:\/\/novoaglobal.com\/sw\/?page_id=2386"},"modified":"2022-01-19T06:42:56","modified_gmt":"2022-01-19T06:42:56","slug":"overgangssakert","status":"publish","type":"page","link":"https:\/\/novoaglobal.com\/sw\/overgangssakert\/","title":{"rendered":"GENOMF\u00d6RANDE AV K\u00d6RSG\u00c5NG"},"content":{"rendered":"<section class=\"sh-section sh-section-4554c1964e37fbbb6afece028615103e fw-main-row sh-section-visibility-everywhere\">\n\t\n\t\n\t<div class=\"sh-section-container container-fluid\">\n\t\t\t<\/div>\n<\/section>\n\n<section class=\"sh-section sh-section-6d6dbf83178ba5dc4151e7c9ea3c75cf fw-main-row sh-section-visibility-everywhere\">\n\t\n\t\n\t<div class=\"sh-section-container container section-justify-height\">\n\t\t<div class=\"fw-row\">\n\t\n<div class=\"sh-column sh-column-d28a20641558a2899670a6ed5a50d1b5 fw-col-xs-12 fw-col-sm-6\" >\n\n\t\n\t<div class=\"sh-column-wrapper\">\n\t\t\n<div class=\"sh-heading  \" id=\"heading-4bb404a9da74a7501e3f66f7a22ac53d\">\n\t<div class=\"sh-element-margin\">\n\n\t\t\n\t\t\t<h2 class=\"sh-heading-content size-l text-left\">\n\t\t\t\tS\u00c4KER P\u00c5 OVERG\u00c5NG\t\t\t<\/h2>\n\n\t\t\n\t<\/div>\n<\/div>\n\n<div id=\"text-block-12cdf824ee9513b69942c74a4747bde4\" class=\"sh-text-block\">\n\t<p><strong>SKYDDA G\u00c5NG\u00c4NGARE MED NOVOA GLOBAL'S CROSSWALK \u2013 SAFE DESIGNAD F\u00d6R ATT F\u00d6RB\u00c4TTRA G\u00c5NG\u00c4NGARES S\u00c4KERHET<\/strong><\/p><p>Ot\u00e5liga f\u00f6rare riskerar st\u00e4ndigt fotg\u00e4ngarnas s\u00e4kerhet och trygghet. De rusar genom \u00f6verg\u00e5ngsst\u00e4llen, ofta centimeter fr\u00e5n oskyldiga m\u00e4nniskor, n\u00e4r de f\u00f6rs\u00f6ker raka sig n\u00e5gra sekunder fr\u00e5n pendlingen eller att sl\u00e5 ett trafikljus. Dessa f\u00e5 sekunder kan f\u00e5 f\u00f6r\u00f6dande \u00e5terverkningar n\u00e4r en intet ont anande fotg\u00e4ngare blir p\u00e5k\u00f6rd.<\/p><p>&nbsp;<\/p><p><strong>VAD \u00c4R L\u00d6SNINGEN?<\/strong><\/p><p>Novoa Global tillhandah\u00e5ller denna viktiga livr\u00e4ddande l\u00f6sning i USA:s huvudstad. Novoa Globals Crosswalk \u2013 Safe \u00e4r en helautomatisk l\u00f6sning f\u00f6r bild\u00f6vervakning av \u00f6verg\u00e5ngsst\u00e4llen f\u00f6r att \u00f6vervaka och avskr\u00e4cka f\u00f6rare fr\u00e5n att g\u00e5 in p\u00e5 ett \u00f6verg\u00e5ngsst\u00e4lle n\u00e4r m\u00e4nniskor \u00e4r n\u00e4rvarande.<\/p><\/div>\n\t<\/div>\n\n\n\t\t\n\n<\/div>\n\n<div class=\"sh-column sh-column-3c5418793c1c7763f145d5230717b563 fw-col-xs-12 fw-col-sm-4\" >\n\n\t\n\t<div class=\"sh-column-wrapper\">\n\t\t\n<div id=\"single-image-3b32a744016f18170ab6a96f3ed6e26f\" class=\"sh-single-image   sh-single-image-shadow3\">\n\t<div class=\"sh-element-margin\">\n\t\t\n\t\t\t\t\t<div class=\"sh-image-lazy-loading\" style=\"max-width: 1024px;\">\n\t\t\n\t\t\t<div class=\"sh-single-image-container sh-single-image-container-lazy\">\n\t\t\t\t\t\t\t\t\t\t\t\t\t\t\t<a href=\"\/\/novoaglobal.net\/wp-content\/uploads\/2019\/10\/samplecrosswalk2.png\" rel=\"lightbox\">\n\t\t\t\t\t\n\t\t\t\t\t\t\t\t\t\t\t\t\t\t\t\t\t\t\t\t\t<div class=\"ratio-container\" style=\"padding-top: 63.8671875%;\">\n\t\t\t\t\t\t\t\t\t<div class=\"ratio-content\">\n\t\t\t\t\t\t\t\t\t\t<img class=\"sh-image-url lazy\" data-src=\"https:\/\/novoaglobal.com\/sw\/wp-content\/uploads\/2019\/10\/samplecrosswalk2-1024x654.png\" alt=\"NovoaGlobal Crosswalk-Safe\" \/>\n\t\t\t\t\t\t\t\t\t<\/div>\n\t\t\t\t\t\t\t\t<\/div>\n\t\t\t\t\t\t\t\n\t\t\t\t\t\t\t\t\t\t\t\t\t\n\t\t\t\t\t\t\t\t\t\t\t<\/a>\n\t\t\t\t\t\t\t\t\t\n\t\t\t\t\t\t\t<\/div>\n\n\t\t\t\t\t<\/div>\n\t\t\n\t<\/div>\n<\/div>\n\t<\/div>\n\n\n\t\t\n\n<\/div>\n<\/div>\n\n\t<\/div>\n<\/section>\n\n<section class=\"sh-section sh-section-b414616623d6b016e214df18ed1b88c2 fw-main-row sh-section-visibility-everywhere\">\n\t\n\t\n\t<div class=\"sh-section-container container section-justify-height\">\n\t\t<div class=\"fw-row\">\n\t\n<div class=\"sh-column sh-column-e9252772e44fa48dd446ae414b2b8fdb fw-col-xs-12 fw-col-sm-4 sh-column-mobile-padding\" >\n\n\t\n\t<div class=\"sh-column-wrapper\">\n\t\t\n<div id=\"single-image-84a8be123fe22348a16eb7d9066bcbd5\" class=\"sh-single-image   sh-single-image-shadow3\">\n\t<div class=\"sh-element-margin\">\n\t\t\n\t\t\t\t\t<div class=\"sh-image-lazy-loading\" style=\"max-width: 291px;\">\n\t\t\n\t\t\t<div class=\"sh-single-image-container sh-single-image-container-lazy\">\n\t\t\t\t\t\t\t\t\t\t\t\t\t\t\t<a href=\"\/\/novoaglobal.net\/wp-content\/uploads\/2019\/10\/Sensys-Portable-at-crosswalk-291x300.jpg\" rel=\"lightbox\">\n\t\t\t\t\t\n\t\t\t\t\t\t\t\t\t\t\t\t\t\t\t\t\t\t\t\t\t<div class=\"ratio-container\" style=\"padding-top: 103.09278350515%;\">\n\t\t\t\t\t\t\t\t\t<div class=\"ratio-content\">\n\t\t\t\t\t\t\t\t\t\t<img class=\"sh-image-url lazy\" data-src=\"https:\/\/novoaglobal.com\/sw\/wp-content\/uploads\/2019\/10\/Sensys-Portable-at-crosswalk-291x300.jpg\" alt=\"CROSSWALK-SAFE ADVANTAGES\" \/>\n\t\t\t\t\t\t\t\t\t<\/div>\n\t\t\t\t\t\t\t\t<\/div>\n\t\t\t\t\t\t\t\n\t\t\t\t\t\t\t\t\t\t\t\t\t\n\t\t\t\t\t\t\t\t\t\t\t<\/a>\n\t\t\t\t\t\t\t\t\t\n\t\t\t\t\t\t\t<\/div>\n\n\t\t\t\t\t<\/div>\n\t\t\n\t<\/div>\n<\/div>\n\t<\/div>\n\n\n\t\t\n\n<\/div>\n\n<div class=\"sh-column sh-column-de3a1b7d30dba7ebef3d81e7220d363f fw-col-xs-12 fw-col-sm-6\" >\n\n\t\n\t<div class=\"sh-column-wrapper\">\n\t\t\n<div id=\"text-block-e78c0fb2b8b264aa79bd96aca25b81ed\" class=\"sh-text-block\">\n\t<p><strong>CROSSWALK-SAFE F\u00d6RDELAR:<\/strong><\/p><ul><li>Inget alternativ f\u00f6r f\u00f6rskottskostnader<\/li><li>M\u00f6jlighet att generera \u00f6verskottsmedel<\/li><li>Nyckelf\u00e4rdig, f\u00e4rdig att anv\u00e4nda l\u00f6sning<\/li><li>Ej p\u00e5tr\u00e4ngande installation, inget behov av v\u00e4gbyggen<\/li><li>Juridiskt f\u00f6rsvarbart<\/li><li>24\/7 kundsupport<\/li><li>100 % kompatibel med alla lokala, l\u00e4nsm\u00e4ssiga, statliga och federala lagar<\/li><li>Ledande bildinspelning och datainsamlingsteknik<\/li><li>State-of-the-art backoffice som tillhandah\u00e5ller<\/li><li>\u00f6vertr\u00e4delseverifiering, support och underh\u00e5ll<\/li><\/ul><\/div>\n\t<\/div>\n\n\n\t\t\n\n<\/div>\n<\/div>\n\n\t<\/div>\n<\/section>\n","protected":false},"excerpt":{"rendered":"<p>S\u00c4KER P\u00c5 OVERG\u00c5NG SKYDDA G\u00c5NG\u00c4NGARE MED NOVOA GLOBAL&#8217;S CROSSWALK \u2013 SAFE DESIGNAD F\u00d6R ATT F\u00d6RB\u00c4TTRA G\u00c5NG\u00c4NGARES S\u00c4KERHETOt\u00e5liga f\u00f6rare riskerar st\u00e4ndigt fotg\u00e4ngarnas s\u00e4kerhet och trygghet. De rusar genom \u00f6verg\u00e5ngsst\u00e4llen, ofta centimeter&#8230;<\/p>\n","protected":false},"author":1,"featured_media":2389,"parent":0,"menu_order":0,"comment_status":"closed","ping_status":"closed","template":"","meta":{"_exactmetrics_skip_tracking":false,"_exactmetrics_sitenote_active":false,"_exactmetrics_sitenote_note":"","_exactmetrics_sitenote_category":0,"footnotes":""},"class_list":["post-2386","page","type-page","status-publish","has-post-thumbnail","hentry"],"yoast_head":"<!-- This site is optimized with the Yoast SEO plugin v27.4 - https:\/\/yoast.com\/product\/yoast-seo-wordpress\/ -->\n<title>NovoaGlobal\u00ae Automatiserad verkst\u00e4llighet<\/title>\n<meta name=\"description\" content=\"GENOMF\u00d6RANDE AV K\u00d6RSG\u00c5NG Att skapa s\u00e4krare samh\u00e4llen med Automated Crosswalk Photo Enforcement utbildar, uppr\u00e4tth\u00e5ller fotg\u00e4ngares s\u00e4kerhet.\" \/>\n<meta name=\"robots\" content=\"index, follow, max-snippet:-1, max-image-preview:large, max-video-preview:-1\" \/>\n<link rel=\"canonical\" href=\"https:\/\/novoaglobal.com\/sw\/overgangssakert\/\" \/>\n<meta property=\"og:locale\" content=\"sv_SE\" \/>\n<meta property=\"og:type\" content=\"article\" \/>\n<meta property=\"og:title\" content=\"NovoaGlobal\u00ae Automatiserad verkst\u00e4llighet\" \/>\n<meta property=\"og:description\" content=\"GENOMF\u00d6RANDE AV K\u00d6RSG\u00c5NG Att skapa s\u00e4krare samh\u00e4llen med Automated Crosswalk Photo Enforcement utbildar, uppr\u00e4tth\u00e5ller fotg\u00e4ngares s\u00e4kerhet.\" \/>\n<meta property=\"og:url\" content=\"https:\/\/novoaglobal.com\/sw\/overgangssakert\/\" \/>\n<meta property=\"og:site_name\" content=\"NovoaGlobal\u00ae\" \/>\n<meta property=\"article:publisher\" content=\"https:\/\/www.facebook.com\/novoaglobal\/\" \/>\n<meta property=\"article:modified_time\" content=\"2022-01-19T06:42:56+00:00\" \/>\n<meta property=\"og:image\" content=\"https:\/\/novoaglobal.com\/sw\/wp-content\/uploads\/2019\/10\/samplecrosswalk2.png\" \/>\n\t<meta property=\"og:image:width\" content=\"1121\" \/>\n\t<meta property=\"og:image:height\" content=\"716\" \/>\n\t<meta property=\"og:image:type\" content=\"image\/png\" \/>\n<meta name=\"twitter:card\" content=\"summary_large_image\" \/>\n<meta name=\"twitter:site\" content=\"@NovoaGlobal\" \/>\n<meta name=\"twitter:label1\" content=\"Ber\u00e4knad l\u00e4stid\" \/>\n\t<meta name=\"twitter:data1\" content=\"1 minut\" \/>\n<script type=\"application\/ld+json\" class=\"yoast-schema-graph\">{\"@context\":\"https:\\\/\\\/schema.org\",\"@graph\":[{\"@type\":\"WebPage\",\"@id\":\"https:\\\/\\\/novoaglobal.com\\\/sw\\\/overgangssakert\\\/\",\"url\":\"https:\\\/\\\/novoaglobal.com\\\/sw\\\/overgangssakert\\\/\",\"name\":\"NovoaGlobal\u00ae Automatiserad verkst\u00e4llighet\",\"isPartOf\":{\"@id\":\"https:\\\/\\\/novoaglobal.com\\\/sw\\\/#website\"},\"primaryImageOfPage\":{\"@id\":\"https:\\\/\\\/novoaglobal.com\\\/sw\\\/overgangssakert\\\/#primaryimage\"},\"image\":{\"@id\":\"https:\\\/\\\/novoaglobal.com\\\/sw\\\/overgangssakert\\\/#primaryimage\"},\"thumbnailUrl\":\"https:\\\/\\\/novoaglobal.com\\\/sw\\\/wp-content\\\/uploads\\\/2019\\\/10\\\/samplecrosswalk2.png\",\"datePublished\":\"2019-10-14T08:02:38+00:00\",\"dateModified\":\"2022-01-19T06:42:56+00:00\",\"description\":\"GENOMF\u00d6RANDE AV K\u00d6RSG\u00c5NG Att skapa s\u00e4krare samh\u00e4llen med Automated Crosswalk Photo Enforcement utbildar, uppr\u00e4tth\u00e5ller fotg\u00e4ngares s\u00e4kerhet.\",\"breadcrumb\":{\"@id\":\"https:\\\/\\\/novoaglobal.com\\\/sw\\\/overgangssakert\\\/#breadcrumb\"},\"inLanguage\":\"sv-SE\",\"potentialAction\":[{\"@type\":\"ReadAction\",\"target\":[\"https:\\\/\\\/novoaglobal.com\\\/sw\\\/overgangssakert\\\/\"]}]},{\"@type\":\"ImageObject\",\"inLanguage\":\"sv-SE\",\"@id\":\"https:\\\/\\\/novoaglobal.com\\\/sw\\\/overgangssakert\\\/#primaryimage\",\"url\":\"https:\\\/\\\/novoaglobal.com\\\/sw\\\/wp-content\\\/uploads\\\/2019\\\/10\\\/samplecrosswalk2.png\",\"contentUrl\":\"https:\\\/\\\/novoaglobal.com\\\/sw\\\/wp-content\\\/uploads\\\/2019\\\/10\\\/samplecrosswalk2.png\",\"width\":1121,\"height\":716,\"caption\":\"NovoaGlobal Crosswalk-Safe\"},{\"@type\":\"BreadcrumbList\",\"@id\":\"https:\\\/\\\/novoaglobal.com\\\/sw\\\/overgangssakert\\\/#breadcrumb\",\"itemListElement\":[{\"@type\":\"ListItem\",\"position\":1,\"name\":\"Home\",\"item\":\"https:\\\/\\\/novoaglobal.com\\\/sw\\\/\"},{\"@type\":\"ListItem\",\"position\":2,\"name\":\"GENOMF\u00d6RANDE AV K\u00d6RSG\u00c5NG\"}]},{\"@type\":\"WebSite\",\"@id\":\"https:\\\/\\\/novoaglobal.com\\\/sw\\\/#website\",\"url\":\"https:\\\/\\\/novoaglobal.com\\\/sw\\\/\",\"name\":\"NovoaGlobal\u00ae\",\"description\":\"Creating Safer Communities\",\"publisher\":{\"@id\":\"https:\\\/\\\/novoaglobal.com\\\/sw\\\/#organization\"},\"potentialAction\":[{\"@type\":\"SearchAction\",\"target\":{\"@type\":\"EntryPoint\",\"urlTemplate\":\"https:\\\/\\\/novoaglobal.com\\\/sw\\\/?s={search_term_string}\"},\"query-input\":{\"@type\":\"PropertyValueSpecification\",\"valueRequired\":true,\"valueName\":\"search_term_string\"}}],\"inLanguage\":\"sv-SE\"},{\"@type\":\"Organization\",\"@id\":\"https:\\\/\\\/novoaglobal.com\\\/sw\\\/#organization\",\"name\":\"NovoaGlobal\",\"url\":\"https:\\\/\\\/novoaglobal.com\\\/sw\\\/\",\"logo\":{\"@type\":\"ImageObject\",\"inLanguage\":\"sv-SE\",\"@id\":\"https:\\\/\\\/novoaglobal.com\\\/sw\\\/#\\\/schema\\\/logo\\\/image\\\/\",\"url\":\"https:\\\/\\\/novoaglobal.com\\\/sw\\\/wp-content\\\/uploads\\\/2019\\\/10\\\/logo-history-2.png\",\"contentUrl\":\"https:\\\/\\\/novoaglobal.com\\\/sw\\\/wp-content\\\/uploads\\\/2019\\\/10\\\/logo-history-2.png\",\"width\":394,\"height\":363,\"caption\":\"NovoaGlobal\"},\"image\":{\"@id\":\"https:\\\/\\\/novoaglobal.com\\\/sw\\\/#\\\/schema\\\/logo\\\/image\\\/\"},\"sameAs\":[\"https:\\\/\\\/www.facebook.com\\\/novoaglobal\\\/\",\"https:\\\/\\\/x.com\\\/NovoaGlobal\",\"https:\\\/\\\/www.instagram.com\\\/novoaglobal\\\/\",\"https:\\\/\\\/www.linkedin.com\\\/company\\\/novoaglobal\\\/about\\\/\",\"https:\\\/\\\/www.youtube.com\\\/channel\\\/UCoMVz-xMzL_dyjZ0GgVz7Dw\"]}]}<\/script>\n<!-- \/ Yoast SEO plugin. -->","yoast_head_json":{"title":"NovoaGlobal\u00ae Automatiserad verkst\u00e4llighet","description":"GENOMF\u00d6RANDE AV K\u00d6RSG\u00c5NG Att skapa s\u00e4krare samh\u00e4llen med Automated Crosswalk Photo Enforcement utbildar, uppr\u00e4tth\u00e5ller fotg\u00e4ngares s\u00e4kerhet.","robots":{"index":"index","follow":"follow","max-snippet":"max-snippet:-1","max-image-preview":"max-image-preview:large","max-video-preview":"max-video-preview:-1"},"canonical":"https:\/\/novoaglobal.com\/sw\/overgangssakert\/","og_locale":"sv_SE","og_type":"article","og_title":"NovoaGlobal\u00ae Automatiserad verkst\u00e4llighet","og_description":"GENOMF\u00d6RANDE AV K\u00d6RSG\u00c5NG Att skapa s\u00e4krare samh\u00e4llen med Automated Crosswalk Photo Enforcement utbildar, uppr\u00e4tth\u00e5ller fotg\u00e4ngares s\u00e4kerhet.","og_url":"https:\/\/novoaglobal.com\/sw\/overgangssakert\/","og_site_name":"NovoaGlobal\u00ae","article_publisher":"https:\/\/www.facebook.com\/novoaglobal\/","article_modified_time":"2022-01-19T06:42:56+00:00","og_image":[{"width":1121,"height":716,"url":"https:\/\/novoaglobal.com\/sw\/wp-content\/uploads\/2019\/10\/samplecrosswalk2.png","type":"image\/png"}],"twitter_card":"summary_large_image","twitter_site":"@NovoaGlobal","twitter_misc":{"Ber\u00e4knad l\u00e4stid":"1 minut"},"schema":{"@context":"https:\/\/schema.org","@graph":[{"@type":"WebPage","@id":"https:\/\/novoaglobal.com\/sw\/overgangssakert\/","url":"https:\/\/novoaglobal.com\/sw\/overgangssakert\/","name":"NovoaGlobal\u00ae Automatiserad verkst\u00e4llighet","isPartOf":{"@id":"https:\/\/novoaglobal.com\/sw\/#website"},"primaryImageOfPage":{"@id":"https:\/\/novoaglobal.com\/sw\/overgangssakert\/#primaryimage"},"image":{"@id":"https:\/\/novoaglobal.com\/sw\/overgangssakert\/#primaryimage"},"thumbnailUrl":"https:\/\/novoaglobal.com\/sw\/wp-content\/uploads\/2019\/10\/samplecrosswalk2.png","datePublished":"2019-10-14T08:02:38+00:00","dateModified":"2022-01-19T06:42:56+00:00","description":"GENOMF\u00d6RANDE AV K\u00d6RSG\u00c5NG Att skapa s\u00e4krare samh\u00e4llen med Automated Crosswalk Photo Enforcement utbildar, uppr\u00e4tth\u00e5ller fotg\u00e4ngares s\u00e4kerhet.","breadcrumb":{"@id":"https:\/\/novoaglobal.com\/sw\/overgangssakert\/#breadcrumb"},"inLanguage":"sv-SE","potentialAction":[{"@type":"ReadAction","target":["https:\/\/novoaglobal.com\/sw\/overgangssakert\/"]}]},{"@type":"ImageObject","inLanguage":"sv-SE","@id":"https:\/\/novoaglobal.com\/sw\/overgangssakert\/#primaryimage","url":"https:\/\/novoaglobal.com\/sw\/wp-content\/uploads\/2019\/10\/samplecrosswalk2.png","contentUrl":"https:\/\/novoaglobal.com\/sw\/wp-content\/uploads\/2019\/10\/samplecrosswalk2.png","width":1121,"height":716,"caption":"NovoaGlobal Crosswalk-Safe"},{"@type":"BreadcrumbList","@id":"https:\/\/novoaglobal.com\/sw\/overgangssakert\/#breadcrumb","itemListElement":[{"@type":"ListItem","position":1,"name":"Home","item":"https:\/\/novoaglobal.com\/sw\/"},{"@type":"ListItem","position":2,"name":"GENOMF\u00d6RANDE AV K\u00d6RSG\u00c5NG"}]},{"@type":"WebSite","@id":"https:\/\/novoaglobal.com\/sw\/#website","url":"https:\/\/novoaglobal.com\/sw\/","name":"NovoaGlobal\u00ae","description":"Creating Safer Communities","publisher":{"@id":"https:\/\/novoaglobal.com\/sw\/#organization"},"potentialAction":[{"@type":"SearchAction","target":{"@type":"EntryPoint","urlTemplate":"https:\/\/novoaglobal.com\/sw\/?s={search_term_string}"},"query-input":{"@type":"PropertyValueSpecification","valueRequired":true,"valueName":"search_term_string"}}],"inLanguage":"sv-SE"},{"@type":"Organization","@id":"https:\/\/novoaglobal.com\/sw\/#organization","name":"NovoaGlobal","url":"https:\/\/novoaglobal.com\/sw\/","logo":{"@type":"ImageObject","inLanguage":"sv-SE","@id":"https:\/\/novoaglobal.com\/sw\/#\/schema\/logo\/image\/","url":"https:\/\/novoaglobal.com\/sw\/wp-content\/uploads\/2019\/10\/logo-history-2.png","contentUrl":"https:\/\/novoaglobal.com\/sw\/wp-content\/uploads\/2019\/10\/logo-history-2.png","width":394,"height":363,"caption":"NovoaGlobal"},"image":{"@id":"https:\/\/novoaglobal.com\/sw\/#\/schema\/logo\/image\/"},"sameAs":["https:\/\/www.facebook.com\/novoaglobal\/","https:\/\/x.com\/NovoaGlobal","https:\/\/www.instagram.com\/novoaglobal\/","https:\/\/www.linkedin.com\/company\/novoaglobal\/about\/","https:\/\/www.youtube.com\/channel\/UCoMVz-xMzL_dyjZ0GgVz7Dw"]}]}},"_links":{"self":[{"href":"https:\/\/novoaglobal.com\/sw\/wp-json\/wp\/v2\/pages\/2386","targetHints":{"allow":["GET"]}}],"collection":[{"href":"https:\/\/novoaglobal.com\/sw\/wp-json\/wp\/v2\/pages"}],"about":[{"href":"https:\/\/novoaglobal.com\/sw\/wp-json\/wp\/v2\/types\/page"}],"author":[{"embeddable":true,"href":"https:\/\/novoaglobal.com\/sw\/wp-json\/wp\/v2\/users\/1"}],"replies":[{"embeddable":true,"href":"https:\/\/novoaglobal.com\/sw\/wp-json\/wp\/v2\/comments?post=2386"}],"version-history":[{"count":3,"href":"https:\/\/novoaglobal.com\/sw\/wp-json\/wp\/v2\/pages\/2386\/revisions"}],"predecessor-version":[{"id":10490,"href":"https:\/\/novoaglobal.com\/sw\/wp-json\/wp\/v2\/pages\/2386\/revisions\/10490"}],"wp:featuredmedia":[{"embeddable":true,"href":"https:\/\/novoaglobal.com\/sw\/wp-json\/wp\/v2\/media\/2389"}],"wp:attachment":[{"href":"https:\/\/novoaglobal.com\/sw\/wp-json\/wp\/v2\/media?parent=2386"}],"curies":[{"name":"wp","href":"https:\/\/api.w.org\/{rel}","templated":true}]}}