{"id":2380,"date":"2019-10-14T07:41:49","date_gmt":"2019-10-14T07:41:49","guid":{"rendered":"https:\/\/novoaglobal.com\/sw\/?page_id=2380"},"modified":"2022-01-19T07:19:45","modified_gmt":"2022-01-19T07:19:45","slug":"stoppskylt-sakert","status":"publish","type":"page","link":"https:\/\/novoaglobal.com\/sw\/stoppskylt-sakert\/","title":{"rendered":"SLUTA SKYLTGENOMF\u00d6RANDE"},"content":{"rendered":"<section class=\"sh-section sh-section-4554c1964e37fbbb6afece028615103e fw-main-row sh-section-visibility-everywhere\">\n\t\n\t\n\t<div class=\"sh-section-container container-fluid\">\n\t\t\t<\/div>\n<\/section>\n\n<section class=\"sh-section sh-section-6d6dbf83178ba5dc4151e7c9ea3c75cf fw-main-row sh-section-visibility-everywhere\">\n\t\n\t\n\t<div class=\"sh-section-container container section-justify-height\">\n\t\t<div class=\"fw-row\">\n\t\n<div class=\"sh-column sh-column-d28a20641558a2899670a6ed5a50d1b5 fw-col-xs-12 fw-col-sm-6\" >\n\n\t\n\t<div class=\"sh-column-wrapper\">\n\t\t\n<div class=\"sh-heading  \" id=\"heading-4bb404a9da74a7501e3f66f7a22ac53d\">\n\t<div class=\"sh-element-margin\">\n\n\t\t\n\t\t\t<h2 class=\"sh-heading-content size-l text-left\">\n\t\t\t\tSTOPP TECKNA S\u00c4KER\t\t\t<\/h2>\n\n\t\t\n\t<\/div>\n<\/div>\n\n<div id=\"text-block-12cdf824ee9513b69942c74a4747bde4\" class=\"sh-text-block\">\n\t<p><strong>F\u00d6RB\u00c4TTRA S\u00c4KERHETEN F\u00d6R B\u00c5DE F\u00d6RAR- OCH G\u00c5NGF\u00d6RARE MED STOPSIGN-SAFE!<\/strong><\/p><p>Stopp betyder Stopp! Hundratusentals krascher intr\u00e4ffar vid stoppskyltar varje \u00e5r, varav de flesta kan undvikas. F\u00f6rare som v\u00e4ljer att ignorera lagen s\u00e4tter andras s\u00e4kerhet och s\u00e4kerhet p\u00e5 spel, s\u00e4rskilt i h\u00f6ga fotg\u00e4ngaromr\u00e5den som parker, n\u00e4ra skolor och stadsgator. Du kan f\u00f6rebygga krascher, plus ge f\u00f6rare och fotg\u00e4ngare ett extra skyddslager genom att anv\u00e4nda NovoaGlobals StopSign-Safe, en helautomatisk stoppskyltkameral\u00f6sning f\u00f6r att \u00f6vervaka och avskr\u00e4cka f\u00f6rare fr\u00e5n att k\u00f6ra stoppskyltar.<\/p><p>NovoaGlobal tillhandah\u00e5ller denna viktiga livr\u00e4ddande l\u00f6sning i USA:s huvudstad och skyddar v\u00e5ra medborgare och bes\u00f6kare. NovoaGlobal levererar inget annat \u00e4n den b\u00e4sta utrustningen och supporten till v\u00e5ra kunder.<\/p><\/div>\n\t<\/div>\n\n\n\t\t\n\n<\/div>\n\n<div class=\"sh-column sh-column-3c5418793c1c7763f145d5230717b563 fw-col-xs-12 fw-col-sm-4\" >\n\n\t\n\t<div class=\"sh-column-wrapper\">\n\t\t\n<div id=\"single-image-3b32a744016f18170ab6a96f3ed6e26f\" class=\"sh-single-image   sh-single-image-shadow3\">\n\t<div class=\"sh-element-margin\">\n\t\t\n\t\t\t\t\t<div class=\"sh-image-lazy-loading\" style=\"max-width: 300px;\">\n\t\t\n\t\t\t<div class=\"sh-single-image-container sh-single-image-container-lazy\">\n\t\t\t\t\t\t\t\t\t\t\t\t\t\t\t<a href=\"\/\/novoaglobal.net\/wp-content\/uploads\/2019\/10\/screenshot-2-300x251.png\" rel=\"lightbox\">\n\t\t\t\t\t\n\t\t\t\t\t\t\t\t\t\t\t\t\t\t\t\t\t\t\t\t\t<div class=\"ratio-container\" style=\"padding-top: 83.666666666667%;\">\n\t\t\t\t\t\t\t\t\t<div class=\"ratio-content\">\n\t\t\t\t\t\t\t\t\t\t<img class=\"sh-image-url lazy\" data-src=\"https:\/\/novoaglobal.com\/sw\/wp-content\/uploads\/2019\/10\/screenshot-2-300x251.png\" alt=\"STOP SIGN SAFE\" \/>\n\t\t\t\t\t\t\t\t\t<\/div>\n\t\t\t\t\t\t\t\t<\/div>\n\t\t\t\t\t\t\t\n\t\t\t\t\t\t\t\t\t\t\t\t\t\n\t\t\t\t\t\t\t\t\t\t\t<\/a>\n\t\t\t\t\t\t\t\t\t\n\t\t\t\t\t\t\t<\/div>\n\n\t\t\t\t\t<\/div>\n\t\t\n\t<\/div>\n<\/div>\n\t<\/div>\n\n\n\t\t\n\n<\/div>\n<\/div>\n\n\t<\/div>\n<\/section>\n\n<section class=\"sh-section sh-section-b414616623d6b016e214df18ed1b88c2 fw-main-row sh-section-visibility-everywhere\">\n\t\n\t\n\t<div class=\"sh-section-container container section-justify-height\">\n\t\t<div class=\"fw-row\">\n\t\n<div class=\"sh-column sh-column-e9252772e44fa48dd446ae414b2b8fdb fw-col-xs-12 fw-col-sm-4 sh-column-mobile-padding\" >\n\n\t\n\t<div class=\"sh-column-wrapper\">\n\t\t\n<div id=\"single-image-84a8be123fe22348a16eb7d9066bcbd5\" class=\"sh-single-image   sh-single-image-shadow3\">\n\t<div class=\"sh-element-margin\">\n\t\t\n\t\t\t\t\t<div class=\"sh-image-lazy-loading\" style=\"max-width: 300px;\">\n\t\t\n\t\t\t<div class=\"sh-single-image-container sh-single-image-container-lazy\">\n\t\t\t\t\t\t\t\t\t\t\t\t\t\t\t<a href=\"\/\/novoaglobal.net\/wp-content\/uploads\/2019\/10\/screenshot-3-cropped-300x258.png\" rel=\"lightbox\">\n\t\t\t\t\t\n\t\t\t\t\t\t\t\t\t\t\t\t\t\t\t\t\t\t\t\t\t<div class=\"ratio-container\" style=\"padding-top: 86%;\">\n\t\t\t\t\t\t\t\t\t<div class=\"ratio-content\">\n\t\t\t\t\t\t\t\t\t\t<img class=\"sh-image-url lazy\" data-src=\"https:\/\/novoaglobal.com\/sw\/wp-content\/uploads\/2019\/10\/screenshot-3-cropped-300x258.png\" alt=\"STOPSIGN-SAFE ADVANTAGES\" \/>\n\t\t\t\t\t\t\t\t\t<\/div>\n\t\t\t\t\t\t\t\t<\/div>\n\t\t\t\t\t\t\t\n\t\t\t\t\t\t\t\t\t\t\t\t\t\n\t\t\t\t\t\t\t\t\t\t\t<\/a>\n\t\t\t\t\t\t\t\t\t\n\t\t\t\t\t\t\t<\/div>\n\n\t\t\t\t\t<\/div>\n\t\t\n\t<\/div>\n<\/div>\n\t<\/div>\n\n\n\t\t\n\n<\/div>\n\n<div class=\"sh-column sh-column-de3a1b7d30dba7ebef3d81e7220d363f fw-col-xs-12 fw-col-sm-6\" >\n\n\t\n\t<div class=\"sh-column-wrapper\">\n\t\t\n<div id=\"text-block-e78c0fb2b8b264aa79bd96aca25b81ed\" class=\"sh-text-block\">\n\t<p><strong>STOPSIGN-SAFE F\u00d6RDELAR:<\/strong><\/p><ul><li>Icke-p\u00e5tr\u00e4ngande installation, portabilitet<\/li><li>M\u00f6jlighet att \u00f6vervaka flera k\u00f6rf\u00e4lt<\/li><li>Juridiskt f\u00f6rsvarbart<\/li><li>24\/7 kundsupport<\/li><li>Juridiskt f\u00f6rsvarbart<\/li><li>Inga f\u00f6rskottskostnader och potential att generera \u00f6verskottsmedel<\/li><li>100 % kompatibel med alla lokala, statliga och federala lagar<\/li><li>Ledande bildinspelning och datainsamlingsteknik<\/li><li>Dynamiskt backoffice - verifiering av \u00f6vertr\u00e4delser, support, underh\u00e5ll<\/li><li>Kan drivas med batteri f\u00f6r snabb drifts\u00e4ttning<\/li><\/ul><\/div>\n\t<\/div>\n\n\n\t\t\n\n<\/div>\n<\/div>\n\n\t<\/div>\n<\/section>\n","protected":false},"excerpt":{"rendered":"<p>STOPP TECKNA S\u00c4KER F\u00d6RB\u00c4TTRA S\u00c4KERHETEN F\u00d6R B\u00c5DE F\u00d6RAR- OCH G\u00c5NGF\u00d6RARE MED STOPSIGN-SAFE!Stopp betyder Stopp! Hundratusentals krascher intr\u00e4ffar vid stoppskyltar varje \u00e5r, varav de flesta kan undvikas. F\u00f6rare som v\u00e4ljer att&#8230;<\/p>\n","protected":false},"author":1,"featured_media":2384,"parent":0,"menu_order":0,"comment_status":"closed","ping_status":"closed","template":"","meta":{"_exactmetrics_skip_tracking":false,"_exactmetrics_sitenote_active":false,"_exactmetrics_sitenote_note":"","_exactmetrics_sitenote_category":0,"footnotes":""},"class_list":["post-2380","page","type-page","status-publish","has-post-thumbnail","hentry"],"yoast_head":"<!-- This site is optimized with the Yoast SEO plugin v27.4 - https:\/\/yoast.com\/product\/yoast-seo-wordpress\/ -->\n<title>NovoaGlobal\u00ae Stoppskylttill\u00e4mpning, automatisk kameratill\u00e4mpning<\/title>\n<meta name=\"description\" content=\"NovoaGlobal\u00ae Stoppskyltstill\u00e4mpning skapar s\u00e4krare gemenskaper med automatisk stoppskyltsdetektering kameratill\u00e4mpning med hj\u00e4lp av nollvisionen.\" \/>\n<meta name=\"robots\" content=\"index, follow, max-snippet:-1, max-image-preview:large, max-video-preview:-1\" \/>\n<link rel=\"canonical\" href=\"https:\/\/novoaglobal.com\/sw\/stoppskylt-sakert\/\" \/>\n<meta property=\"og:locale\" content=\"sv_SE\" \/>\n<meta property=\"og:type\" content=\"article\" \/>\n<meta property=\"og:title\" content=\"NovoaGlobal\u00ae Stoppskylttill\u00e4mpning, automatisk kameratill\u00e4mpning\" \/>\n<meta property=\"og:description\" content=\"NovoaGlobal\u00ae Stoppskyltstill\u00e4mpning skapar s\u00e4krare gemenskaper med automatisk stoppskyltsdetektering kameratill\u00e4mpning med hj\u00e4lp av nollvisionen.\" \/>\n<meta property=\"og:url\" content=\"https:\/\/novoaglobal.com\/sw\/stoppskylt-sakert\/\" \/>\n<meta property=\"og:site_name\" content=\"NovoaGlobal\u00ae\" \/>\n<meta property=\"article:publisher\" content=\"https:\/\/www.facebook.com\/novoaglobal\/\" \/>\n<meta property=\"article:modified_time\" content=\"2022-01-19T07:19:45+00:00\" \/>\n<meta property=\"og:image\" content=\"https:\/\/novoaglobal.com\/sw\/wp-content\/uploads\/2019\/10\/StopSign-Safe_A1-scaled.jpg\" \/>\n\t<meta property=\"og:image:width\" content=\"2560\" \/>\n\t<meta property=\"og:image:height\" content=\"681\" \/>\n\t<meta property=\"og:image:type\" content=\"image\/jpeg\" \/>\n<meta name=\"twitter:card\" content=\"summary_large_image\" \/>\n<meta name=\"twitter:site\" content=\"@NovoaGlobal\" \/>\n<meta name=\"twitter:label1\" content=\"Ber\u00e4knad l\u00e4stid\" \/>\n\t<meta name=\"twitter:data1\" content=\"1 minut\" \/>\n<script type=\"application\/ld+json\" class=\"yoast-schema-graph\">{\"@context\":\"https:\\\/\\\/schema.org\",\"@graph\":[{\"@type\":\"WebPage\",\"@id\":\"https:\\\/\\\/novoaglobal.com\\\/sw\\\/stoppskylt-sakert\\\/\",\"url\":\"https:\\\/\\\/novoaglobal.com\\\/sw\\\/stoppskylt-sakert\\\/\",\"name\":\"NovoaGlobal\u00ae Stoppskylttill\u00e4mpning, automatisk kameratill\u00e4mpning\",\"isPartOf\":{\"@id\":\"https:\\\/\\\/novoaglobal.com\\\/sw\\\/#website\"},\"primaryImageOfPage\":{\"@id\":\"https:\\\/\\\/novoaglobal.com\\\/sw\\\/stoppskylt-sakert\\\/#primaryimage\"},\"image\":{\"@id\":\"https:\\\/\\\/novoaglobal.com\\\/sw\\\/stoppskylt-sakert\\\/#primaryimage\"},\"thumbnailUrl\":\"https:\\\/\\\/novoaglobal.com\\\/sw\\\/wp-content\\\/uploads\\\/2019\\\/10\\\/StopSign-Safe_A1-scaled.jpg\",\"datePublished\":\"2019-10-14T07:41:49+00:00\",\"dateModified\":\"2022-01-19T07:19:45+00:00\",\"description\":\"NovoaGlobal\u00ae Stoppskyltstill\u00e4mpning skapar s\u00e4krare gemenskaper med automatisk stoppskyltsdetektering kameratill\u00e4mpning med hj\u00e4lp av nollvisionen.\",\"breadcrumb\":{\"@id\":\"https:\\\/\\\/novoaglobal.com\\\/sw\\\/stoppskylt-sakert\\\/#breadcrumb\"},\"inLanguage\":\"sv-SE\",\"potentialAction\":[{\"@type\":\"ReadAction\",\"target\":[\"https:\\\/\\\/novoaglobal.com\\\/sw\\\/stoppskylt-sakert\\\/\"]}]},{\"@type\":\"ImageObject\",\"inLanguage\":\"sv-SE\",\"@id\":\"https:\\\/\\\/novoaglobal.com\\\/sw\\\/stoppskylt-sakert\\\/#primaryimage\",\"url\":\"https:\\\/\\\/novoaglobal.com\\\/sw\\\/wp-content\\\/uploads\\\/2019\\\/10\\\/StopSign-Safe_A1-scaled.jpg\",\"contentUrl\":\"https:\\\/\\\/novoaglobal.com\\\/sw\\\/wp-content\\\/uploads\\\/2019\\\/10\\\/StopSign-Safe_A1-scaled.jpg\",\"width\":2560,\"height\":681,\"caption\":\"Novoaglobal offers Stop Sign Enforcement\"},{\"@type\":\"BreadcrumbList\",\"@id\":\"https:\\\/\\\/novoaglobal.com\\\/sw\\\/stoppskylt-sakert\\\/#breadcrumb\",\"itemListElement\":[{\"@type\":\"ListItem\",\"position\":1,\"name\":\"Home\",\"item\":\"https:\\\/\\\/novoaglobal.com\\\/sw\\\/\"},{\"@type\":\"ListItem\",\"position\":2,\"name\":\"SLUTA SKYLTGENOMF\u00d6RANDE\"}]},{\"@type\":\"WebSite\",\"@id\":\"https:\\\/\\\/novoaglobal.com\\\/sw\\\/#website\",\"url\":\"https:\\\/\\\/novoaglobal.com\\\/sw\\\/\",\"name\":\"NovoaGlobal\u00ae\",\"description\":\"Creating Safer Communities\",\"publisher\":{\"@id\":\"https:\\\/\\\/novoaglobal.com\\\/sw\\\/#organization\"},\"potentialAction\":[{\"@type\":\"SearchAction\",\"target\":{\"@type\":\"EntryPoint\",\"urlTemplate\":\"https:\\\/\\\/novoaglobal.com\\\/sw\\\/?s={search_term_string}\"},\"query-input\":{\"@type\":\"PropertyValueSpecification\",\"valueRequired\":true,\"valueName\":\"search_term_string\"}}],\"inLanguage\":\"sv-SE\"},{\"@type\":\"Organization\",\"@id\":\"https:\\\/\\\/novoaglobal.com\\\/sw\\\/#organization\",\"name\":\"NovoaGlobal\",\"url\":\"https:\\\/\\\/novoaglobal.com\\\/sw\\\/\",\"logo\":{\"@type\":\"ImageObject\",\"inLanguage\":\"sv-SE\",\"@id\":\"https:\\\/\\\/novoaglobal.com\\\/sw\\\/#\\\/schema\\\/logo\\\/image\\\/\",\"url\":\"https:\\\/\\\/novoaglobal.com\\\/sw\\\/wp-content\\\/uploads\\\/2019\\\/10\\\/logo-history-2.png\",\"contentUrl\":\"https:\\\/\\\/novoaglobal.com\\\/sw\\\/wp-content\\\/uploads\\\/2019\\\/10\\\/logo-history-2.png\",\"width\":394,\"height\":363,\"caption\":\"NovoaGlobal\"},\"image\":{\"@id\":\"https:\\\/\\\/novoaglobal.com\\\/sw\\\/#\\\/schema\\\/logo\\\/image\\\/\"},\"sameAs\":[\"https:\\\/\\\/www.facebook.com\\\/novoaglobal\\\/\",\"https:\\\/\\\/x.com\\\/NovoaGlobal\",\"https:\\\/\\\/www.instagram.com\\\/novoaglobal\\\/\",\"https:\\\/\\\/www.linkedin.com\\\/company\\\/novoaglobal\\\/about\\\/\",\"https:\\\/\\\/www.youtube.com\\\/channel\\\/UCoMVz-xMzL_dyjZ0GgVz7Dw\"]}]}<\/script>\n<!-- \/ Yoast SEO plugin. -->","yoast_head_json":{"title":"NovoaGlobal\u00ae Stoppskylttill\u00e4mpning, automatisk kameratill\u00e4mpning","description":"NovoaGlobal\u00ae Stoppskyltstill\u00e4mpning skapar s\u00e4krare gemenskaper med automatisk stoppskyltsdetektering kameratill\u00e4mpning med hj\u00e4lp av nollvisionen.","robots":{"index":"index","follow":"follow","max-snippet":"max-snippet:-1","max-image-preview":"max-image-preview:large","max-video-preview":"max-video-preview:-1"},"canonical":"https:\/\/novoaglobal.com\/sw\/stoppskylt-sakert\/","og_locale":"sv_SE","og_type":"article","og_title":"NovoaGlobal\u00ae Stoppskylttill\u00e4mpning, automatisk kameratill\u00e4mpning","og_description":"NovoaGlobal\u00ae Stoppskyltstill\u00e4mpning skapar s\u00e4krare gemenskaper med automatisk stoppskyltsdetektering kameratill\u00e4mpning med hj\u00e4lp av nollvisionen.","og_url":"https:\/\/novoaglobal.com\/sw\/stoppskylt-sakert\/","og_site_name":"NovoaGlobal\u00ae","article_publisher":"https:\/\/www.facebook.com\/novoaglobal\/","article_modified_time":"2022-01-19T07:19:45+00:00","og_image":[{"width":2560,"height":681,"url":"https:\/\/novoaglobal.com\/sw\/wp-content\/uploads\/2019\/10\/StopSign-Safe_A1-scaled.jpg","type":"image\/jpeg"}],"twitter_card":"summary_large_image","twitter_site":"@NovoaGlobal","twitter_misc":{"Ber\u00e4knad l\u00e4stid":"1 minut"},"schema":{"@context":"https:\/\/schema.org","@graph":[{"@type":"WebPage","@id":"https:\/\/novoaglobal.com\/sw\/stoppskylt-sakert\/","url":"https:\/\/novoaglobal.com\/sw\/stoppskylt-sakert\/","name":"NovoaGlobal\u00ae Stoppskylttill\u00e4mpning, automatisk kameratill\u00e4mpning","isPartOf":{"@id":"https:\/\/novoaglobal.com\/sw\/#website"},"primaryImageOfPage":{"@id":"https:\/\/novoaglobal.com\/sw\/stoppskylt-sakert\/#primaryimage"},"image":{"@id":"https:\/\/novoaglobal.com\/sw\/stoppskylt-sakert\/#primaryimage"},"thumbnailUrl":"https:\/\/novoaglobal.com\/sw\/wp-content\/uploads\/2019\/10\/StopSign-Safe_A1-scaled.jpg","datePublished":"2019-10-14T07:41:49+00:00","dateModified":"2022-01-19T07:19:45+00:00","description":"NovoaGlobal\u00ae Stoppskyltstill\u00e4mpning skapar s\u00e4krare gemenskaper med automatisk stoppskyltsdetektering kameratill\u00e4mpning med hj\u00e4lp av nollvisionen.","breadcrumb":{"@id":"https:\/\/novoaglobal.com\/sw\/stoppskylt-sakert\/#breadcrumb"},"inLanguage":"sv-SE","potentialAction":[{"@type":"ReadAction","target":["https:\/\/novoaglobal.com\/sw\/stoppskylt-sakert\/"]}]},{"@type":"ImageObject","inLanguage":"sv-SE","@id":"https:\/\/novoaglobal.com\/sw\/stoppskylt-sakert\/#primaryimage","url":"https:\/\/novoaglobal.com\/sw\/wp-content\/uploads\/2019\/10\/StopSign-Safe_A1-scaled.jpg","contentUrl":"https:\/\/novoaglobal.com\/sw\/wp-content\/uploads\/2019\/10\/StopSign-Safe_A1-scaled.jpg","width":2560,"height":681,"caption":"Novoaglobal offers Stop Sign Enforcement"},{"@type":"BreadcrumbList","@id":"https:\/\/novoaglobal.com\/sw\/stoppskylt-sakert\/#breadcrumb","itemListElement":[{"@type":"ListItem","position":1,"name":"Home","item":"https:\/\/novoaglobal.com\/sw\/"},{"@type":"ListItem","position":2,"name":"SLUTA SKYLTGENOMF\u00d6RANDE"}]},{"@type":"WebSite","@id":"https:\/\/novoaglobal.com\/sw\/#website","url":"https:\/\/novoaglobal.com\/sw\/","name":"NovoaGlobal\u00ae","description":"Creating Safer Communities","publisher":{"@id":"https:\/\/novoaglobal.com\/sw\/#organization"},"potentialAction":[{"@type":"SearchAction","target":{"@type":"EntryPoint","urlTemplate":"https:\/\/novoaglobal.com\/sw\/?s={search_term_string}"},"query-input":{"@type":"PropertyValueSpecification","valueRequired":true,"valueName":"search_term_string"}}],"inLanguage":"sv-SE"},{"@type":"Organization","@id":"https:\/\/novoaglobal.com\/sw\/#organization","name":"NovoaGlobal","url":"https:\/\/novoaglobal.com\/sw\/","logo":{"@type":"ImageObject","inLanguage":"sv-SE","@id":"https:\/\/novoaglobal.com\/sw\/#\/schema\/logo\/image\/","url":"https:\/\/novoaglobal.com\/sw\/wp-content\/uploads\/2019\/10\/logo-history-2.png","contentUrl":"https:\/\/novoaglobal.com\/sw\/wp-content\/uploads\/2019\/10\/logo-history-2.png","width":394,"height":363,"caption":"NovoaGlobal"},"image":{"@id":"https:\/\/novoaglobal.com\/sw\/#\/schema\/logo\/image\/"},"sameAs":["https:\/\/www.facebook.com\/novoaglobal\/","https:\/\/x.com\/NovoaGlobal","https:\/\/www.instagram.com\/novoaglobal\/","https:\/\/www.linkedin.com\/company\/novoaglobal\/about\/","https:\/\/www.youtube.com\/channel\/UCoMVz-xMzL_dyjZ0GgVz7Dw"]}]}},"_links":{"self":[{"href":"https:\/\/novoaglobal.com\/sw\/wp-json\/wp\/v2\/pages\/2380","targetHints":{"allow":["GET"]}}],"collection":[{"href":"https:\/\/novoaglobal.com\/sw\/wp-json\/wp\/v2\/pages"}],"about":[{"href":"https:\/\/novoaglobal.com\/sw\/wp-json\/wp\/v2\/types\/page"}],"author":[{"embeddable":true,"href":"https:\/\/novoaglobal.com\/sw\/wp-json\/wp\/v2\/users\/1"}],"replies":[{"embeddable":true,"href":"https:\/\/novoaglobal.com\/sw\/wp-json\/wp\/v2\/comments?post=2380"}],"version-history":[{"count":3,"href":"https:\/\/novoaglobal.com\/sw\/wp-json\/wp\/v2\/pages\/2380\/revisions"}],"predecessor-version":[{"id":10496,"href":"https:\/\/novoaglobal.com\/sw\/wp-json\/wp\/v2\/pages\/2380\/revisions\/10496"}],"wp:featuredmedia":[{"embeddable":true,"href":"https:\/\/novoaglobal.com\/sw\/wp-json\/wp\/v2\/media\/2384"}],"wp:attachment":[{"href":"https:\/\/novoaglobal.com\/sw\/wp-json\/wp\/v2\/media?parent=2380"}],"curies":[{"name":"wp","href":"https:\/\/api.w.org\/{rel}","templated":true}]}}