{"id":2359,"date":"2019-10-14T06:40:09","date_gmt":"2019-10-14T06:40:09","guid":{"rendered":"https:\/\/novoaglobal.com\/sw\/?page_id=2359"},"modified":"2022-01-19T06:35:41","modified_gmt":"2022-01-19T06:35:41","slug":"hastighetssaker","status":"publish","type":"page","link":"https:\/\/novoaglobal.com\/sw\/hastighetssaker\/","title":{"rendered":"AUTOMATISK HASTIGHETSUPPF\u00d6LJNING"},"content":{"rendered":"<section class=\"sh-section sh-section-4554c1964e37fbbb6afece028615103e fw-main-row sh-section-visibility-everywhere\">\n\t\n\t\n\t<div class=\"sh-section-container container-fluid\">\n\t\t\t<\/div>\n<\/section>\n\n<section class=\"sh-section sh-section-6d6dbf83178ba5dc4151e7c9ea3c75cf fw-main-row sh-section-visibility-everywhere\">\n\t\n\t\n\t<div class=\"sh-section-container container section-justify-height\">\n\t\t<div class=\"fw-row\">\n\t\n<div class=\"sh-column sh-column-d28a20641558a2899670a6ed5a50d1b5 fw-col-xs-12 fw-col-sm-6\" >\n\n\t\n\t<div class=\"sh-column-wrapper\">\n\t\t\n<div class=\"sh-heading  \" id=\"heading-4bb404a9da74a7501e3f66f7a22ac53d\">\n\t<div class=\"sh-element-margin\">\n\n\t\t\n\t\t\t<h2 class=\"sh-heading-content size-l text-left\">\n\t\t\t\tFAST HASTIGHET S\u00c4KER\t\t\t<\/h2>\n\n\t\t\n\t<\/div>\n<\/div>\n\n<div id=\"text-block-12cdf824ee9513b69942c74a4747bde4\" class=\"sh-text-block\">\n\t<p>Hastighetsproblem med fordon som k\u00f6rs \u00f6ver hastighetsgr\u00e4nsen \u00e4r ett problem \u00f6ver hela v\u00e4rlden \u2013 s\u00e4rskilt i omr\u00e5den d\u00e4r m\u00e4nniskor antingen befinner sig i n\u00e4rheten eller korsar v\u00e4gen. S\u00e5dana omr\u00e5den har ofta redan en s\u00e4nkt hastighetsgr\u00e4ns f\u00f6r att minimera olyckor, och inkluderar skolomr\u00e5den, sjukhus, bostadsomr\u00e5den eller andra platser med en stor m\u00e4ngd fotg\u00e4ngare, s\u00e4rskilt barn och \u00e4ldre.<\/p><p>Att uppr\u00e4tth\u00e5lla hastighetsbegr\u00e4nsningar \u00e4r tidskr\u00e4vande och farligt f\u00f6r poliser. L\u00f6sningen \u00e4r Novoa Globals Speed-Safe, en hastighetskontroll som f\u00e5ngar hastighets\u00f6vertr\u00e4delser med den senaste digitalkameratekniken. Systemet Fixed Speed-Safe kan placeras permanent i omr\u00e5den som \u00e4r s\u00e4rskilt k\u00e4nda f\u00f6r farlig fortk\u00f6rning. N\u00e4r skyltar s\u00e4tts upp om att omr\u00e5det \u00e4r fototill\u00e4mpat, kommer hastighets\u00f6vertr\u00e4dare antingen att sakta ner eller l\u00e4ra sig den h\u00e5rda v\u00e4gen genom att f\u00e5 en biljett.<\/p><\/div>\n\t<\/div>\n\n\n\t\t\n\n<\/div>\n\n<div class=\"sh-column sh-column-3c5418793c1c7763f145d5230717b563 fw-col-xs-12 fw-col-sm-4\" >\n\n\t\n\t<div class=\"sh-column-wrapper\">\n\t\t\n<div id=\"single-image-3b32a744016f18170ab6a96f3ed6e26f\" class=\"sh-single-image   sh-single-image-shadow3\">\n\t<div class=\"sh-element-margin\">\n\t\t\n\t\t\t\t\t<div class=\"sh-image-lazy-loading\" style=\"max-width: 189px;\">\n\t\t\n\t\t\t<div class=\"sh-single-image-container sh-single-image-container-lazy\">\n\t\t\t\t\t\t\t\t\t\t\t\t\t\t\t<a href=\"\/\/novoaglobal.net\/wp-content\/uploads\/2019\/10\/D-Armor-crossways-blue-sky-Vertical-RE-edited-small-189x300.jpg\" rel=\"lightbox\">\n\t\t\t\t\t\n\t\t\t\t\t\t\t\t\t\t\t\t\t\t\t\t\t\t\t\t\t<div class=\"ratio-container\" style=\"padding-top: 158.73015873016%;\">\n\t\t\t\t\t\t\t\t\t<div class=\"ratio-content\">\n\t\t\t\t\t\t\t\t\t\t<img class=\"sh-image-url lazy\" data-src=\"https:\/\/novoaglobal.com\/sw\/wp-content\/uploads\/2019\/10\/D-Armor-crossways-blue-sky-Vertical-RE-edited-small-189x300.jpg\" alt=\"NovoaGlobal D-Armor\" \/>\n\t\t\t\t\t\t\t\t\t<\/div>\n\t\t\t\t\t\t\t\t<\/div>\n\t\t\t\t\t\t\t\n\t\t\t\t\t\t\t\t\t\t\t\t\t\n\t\t\t\t\t\t\t\t\t\t\t<\/a>\n\t\t\t\t\t\t\t\t\t\n\t\t\t\t\t\t\t<\/div>\n\n\t\t\t\t\t<\/div>\n\t\t\n\t<\/div>\n<\/div>\n\t<\/div>\n\n\n\t\t\n\n<\/div>\n<\/div>\n\n\t<\/div>\n<\/section>\n\n<section class=\"sh-section sh-section-b414616623d6b016e214df18ed1b88c2 fw-main-row sh-section-visibility-everywhere\">\n\t\n\t\n\t<div class=\"sh-section-container container section-justify-height\">\n\t\t<div class=\"fw-row\">\n\t\n<div class=\"sh-column sh-column-de3a1b7d30dba7ebef3d81e7220d363f fw-col-xs-12 fw-col-sm-8\" >\n\n\t\n\t<div class=\"sh-column-wrapper\">\n\t\t\n<div id=\"text-block-e78c0fb2b8b264aa79bd96aca25b81ed\" class=\"sh-text-block\">\n\t<div id=\"pg-718-3\" class=\"panel-grid panel-no-style\"><div id=\"pgc-718-3-0\" class=\"panel-grid-cell\"><div id=\"panel-718-3-0-0\" class=\"so-panel widget widget_text panel-first-child panel-last-child\" data-index=\"3\"><div class=\"textwidget\"><p>NATIONELL SAFE KIDS CAMPAIGN\u00ae<\/p><p>HASTIGHETSUNDERS\u00d6KNINGSRESULTAT F\u00d6R 63 SKOLZONER, SEPTEMBER 2000<\/p><ul><li>En tredjedel (32,7 %) av f\u00f6rarna f\u00e4rdades i hastigheter p\u00e5 30 mph eller h\u00f6gre.<\/li><li>6,6 % f\u00e4rdades i 40 mph eller mer.<\/li><li>Tv\u00e5 tredjedelar (65,3 %) av alla fordon f\u00e4rdades \u00f6ver den angivna hastighetsgr\u00e4nsen.<\/li><li>N\u00e4stan en fj\u00e4rdedel (23 %) av fordonen f\u00e4rdades med minst 10 km\/h \u00f6ver den angivna hastighetsgr\u00e4nsen.<\/li><li>Nio av tio (88,9%) skolor hade minst en s\u00e4kerhets\u00e5tg\u00e4rd n\u00e4rvarande.<\/li><li>Mer \u00e4n 10 % hade ingen.<\/li><li>Totalt registrerades 16 714 fordonshastigheter i 63 skolomr\u00e5den i 29 st\u00e4der \u00f6ver hela USA.<\/li><li>Den genomsnittliga fordonshastigheten som samlades in i unders\u00f6kningen, oavsett upplagd hastighetsgr\u00e4ns, var 26 mph.<\/li><li>Andelen som f\u00e4rdades \u00f6ver hastighetsgr\u00e4nsen varierade beroende p\u00e5 plats, med de flesta fortk\u00f6rare i den l\u00e4gsta angivna hastighetszonen.<\/li><li>Det var ingen signifikant skillnad i fordonshastigheter p\u00e5 morgonen j\u00e4mf\u00f6rt med eftermiddagen.<\/li><li>Upplagda hastighetsgr\u00e4nser varierade fr\u00e5n 15 mph till 35 mph med den mesta (38 %) vid 45 mph.<\/li><\/ul><\/div><\/div><\/div><\/div><div id=\"pg-718-4\" class=\"panel-grid panel-no-style\"><div id=\"pgc-718-4-0\" class=\"panel-grid-cell\"><div id=\"panel-718-4-0-0\" class=\"so-panel widget widget_text panel-first-child panel-last-child\" data-index=\"4\"><div class=\"textwidget\"><div class=\"p-content\">Enligt National SAFE KIDS Campaign\u00ae \u00f6ver hela USA \u00e5r 2000, var fotg\u00e4ngare skador den n\u00e4st vanligaste orsaken till oavsiktlig skaderelaterad d\u00f6d bland barn i \u00e5ldrarna 5 till 14. Varje \u00e5r d\u00f6r 650 fotg\u00e4ngare i \u00e5ldern 14 och under i motor- fordonsrelaterade trafikolyckor i USA. Ytterligare 20 000 barn lider av motorfordonsrelaterade fotg\u00e4ngare. Den totala \u00e5rliga kostnaden f\u00f6r trafikrelaterade d\u00f6dsfall och skadade fotg\u00e4ngare bland barn i \u00e5ldern 14 och under \u00e4r mer \u00e4n 7,2 miljarder dollar.<\/div><\/div><\/div><\/div><\/div><\/div>\n\t<\/div>\n\n\n\t\t\n\n<\/div>\n<\/div>\n\n\t<\/div>\n<\/section>\n","protected":false},"excerpt":{"rendered":"<p>FAST HASTIGHET S\u00c4KER Hastighetsproblem med fordon som k\u00f6rs \u00f6ver hastighetsgr\u00e4nsen \u00e4r ett problem \u00f6ver hela v\u00e4rlden \u2013 s\u00e4rskilt i omr\u00e5den d\u00e4r m\u00e4nniskor antingen befinner sig i n\u00e4rheten eller korsar v\u00e4gen&#8230;.<\/p>\n","protected":false},"author":1,"featured_media":6790,"parent":0,"menu_order":0,"comment_status":"closed","ping_status":"closed","template":"","meta":{"_exactmetrics_skip_tracking":false,"_exactmetrics_sitenote_active":false,"_exactmetrics_sitenote_note":"","_exactmetrics_sitenote_category":0,"footnotes":""},"class_list":["post-2359","page","type-page","status-publish","has-post-thumbnail","hentry"],"yoast_head":"<!-- This site is optimized with the Yoast SEO plugin v27.4 - https:\/\/yoast.com\/product\/yoast-seo-wordpress\/ -->\n<title>NovoaGlobal Automatiserad hastighetskontroll, hastighetskameratillsyn<\/title>\n<meta name=\"description\" content=\"NovoaGlobal Skapa s\u00e4krare samh\u00e4llen med Automated Speed Camera Enforcement f\u00f6r att utbilda f\u00f6rare, uppr\u00e4tth\u00e5lla hastighetsbegr\u00e4nsningar.\" \/>\n<meta name=\"robots\" content=\"index, follow, max-snippet:-1, max-image-preview:large, max-video-preview:-1\" \/>\n<link rel=\"canonical\" href=\"https:\/\/novoaglobal.com\/sw\/hastighetssaker\/\" \/>\n<meta property=\"og:locale\" content=\"sv_SE\" \/>\n<meta property=\"og:type\" content=\"article\" \/>\n<meta property=\"og:title\" content=\"NovoaGlobal Automatiserad hastighetskontroll, hastighetskameratillsyn\" \/>\n<meta property=\"og:description\" content=\"NovoaGlobal Skapa s\u00e4krare samh\u00e4llen med Automated Speed Camera Enforcement f\u00f6r att utbilda f\u00f6rare, uppr\u00e4tth\u00e5lla hastighetsbegr\u00e4nsningar.\" \/>\n<meta property=\"og:url\" content=\"https:\/\/novoaglobal.com\/sw\/hastighetssaker\/\" \/>\n<meta property=\"og:site_name\" content=\"NovoaGlobal\u00ae\" \/>\n<meta property=\"article:publisher\" content=\"https:\/\/www.facebook.com\/novoaglobal\/\" \/>\n<meta property=\"article:modified_time\" content=\"2022-01-19T06:35:41+00:00\" \/>\n<meta property=\"og:image\" content=\"https:\/\/novoaglobal.com\/sw\/wp-content\/uploads\/2020\/06\/Speed-Safe-Web-Slider-C.jpg\" \/>\n\t<meta property=\"og:image:width\" content=\"1438\" \/>\n\t<meta property=\"og:image:height\" content=\"695\" \/>\n\t<meta property=\"og:image:type\" content=\"image\/jpeg\" \/>\n<meta name=\"twitter:card\" content=\"summary_large_image\" \/>\n<meta name=\"twitter:site\" content=\"@NovoaGlobal\" \/>\n<meta name=\"twitter:label1\" content=\"Ber\u00e4knad l\u00e4stid\" \/>\n\t<meta name=\"twitter:data1\" content=\"2 minuter\" \/>\n<script type=\"application\/ld+json\" class=\"yoast-schema-graph\">{\"@context\":\"https:\\\/\\\/schema.org\",\"@graph\":[{\"@type\":\"WebPage\",\"@id\":\"https:\\\/\\\/novoaglobal.com\\\/sw\\\/hastighetssaker\\\/\",\"url\":\"https:\\\/\\\/novoaglobal.com\\\/sw\\\/hastighetssaker\\\/\",\"name\":\"NovoaGlobal Automatiserad hastighetskontroll, hastighetskameratillsyn\",\"isPartOf\":{\"@id\":\"https:\\\/\\\/novoaglobal.com\\\/sw\\\/#website\"},\"primaryImageOfPage\":{\"@id\":\"https:\\\/\\\/novoaglobal.com\\\/sw\\\/hastighetssaker\\\/#primaryimage\"},\"image\":{\"@id\":\"https:\\\/\\\/novoaglobal.com\\\/sw\\\/hastighetssaker\\\/#primaryimage\"},\"thumbnailUrl\":\"https:\\\/\\\/novoaglobal.com\\\/sw\\\/wp-content\\\/uploads\\\/2020\\\/06\\\/Speed-Safe-Web-Slider-C.jpg\",\"datePublished\":\"2019-10-14T06:40:09+00:00\",\"dateModified\":\"2022-01-19T06:35:41+00:00\",\"description\":\"NovoaGlobal Skapa s\u00e4krare samh\u00e4llen med Automated Speed Camera Enforcement f\u00f6r att utbilda f\u00f6rare, uppr\u00e4tth\u00e5lla hastighetsbegr\u00e4nsningar.\",\"breadcrumb\":{\"@id\":\"https:\\\/\\\/novoaglobal.com\\\/sw\\\/hastighetssaker\\\/#breadcrumb\"},\"inLanguage\":\"sv-SE\",\"potentialAction\":[{\"@type\":\"ReadAction\",\"target\":[\"https:\\\/\\\/novoaglobal.com\\\/sw\\\/hastighetssaker\\\/\"]}]},{\"@type\":\"ImageObject\",\"inLanguage\":\"sv-SE\",\"@id\":\"https:\\\/\\\/novoaglobal.com\\\/sw\\\/hastighetssaker\\\/#primaryimage\",\"url\":\"https:\\\/\\\/novoaglobal.com\\\/sw\\\/wp-content\\\/uploads\\\/2020\\\/06\\\/Speed-Safe-Web-Slider-C.jpg\",\"contentUrl\":\"https:\\\/\\\/novoaglobal.com\\\/sw\\\/wp-content\\\/uploads\\\/2020\\\/06\\\/Speed-Safe-Web-Slider-C.jpg\",\"width\":1438,\"height\":695,\"caption\":\"NovoaGlobal Speed -Safe Camera Photo Enforcement monitors and enforces speeding\"},{\"@type\":\"BreadcrumbList\",\"@id\":\"https:\\\/\\\/novoaglobal.com\\\/sw\\\/hastighetssaker\\\/#breadcrumb\",\"itemListElement\":[{\"@type\":\"ListItem\",\"position\":1,\"name\":\"Home\",\"item\":\"https:\\\/\\\/novoaglobal.com\\\/sw\\\/\"},{\"@type\":\"ListItem\",\"position\":2,\"name\":\"AUTOMATISK HASTIGHETSUPPF\u00d6LJNING\"}]},{\"@type\":\"WebSite\",\"@id\":\"https:\\\/\\\/novoaglobal.com\\\/sw\\\/#website\",\"url\":\"https:\\\/\\\/novoaglobal.com\\\/sw\\\/\",\"name\":\"NovoaGlobal\u00ae\",\"description\":\"Creating Safer Communities\",\"publisher\":{\"@id\":\"https:\\\/\\\/novoaglobal.com\\\/sw\\\/#organization\"},\"potentialAction\":[{\"@type\":\"SearchAction\",\"target\":{\"@type\":\"EntryPoint\",\"urlTemplate\":\"https:\\\/\\\/novoaglobal.com\\\/sw\\\/?s={search_term_string}\"},\"query-input\":{\"@type\":\"PropertyValueSpecification\",\"valueRequired\":true,\"valueName\":\"search_term_string\"}}],\"inLanguage\":\"sv-SE\"},{\"@type\":\"Organization\",\"@id\":\"https:\\\/\\\/novoaglobal.com\\\/sw\\\/#organization\",\"name\":\"NovoaGlobal\",\"url\":\"https:\\\/\\\/novoaglobal.com\\\/sw\\\/\",\"logo\":{\"@type\":\"ImageObject\",\"inLanguage\":\"sv-SE\",\"@id\":\"https:\\\/\\\/novoaglobal.com\\\/sw\\\/#\\\/schema\\\/logo\\\/image\\\/\",\"url\":\"https:\\\/\\\/novoaglobal.com\\\/sw\\\/wp-content\\\/uploads\\\/2019\\\/10\\\/logo-history-2.png\",\"contentUrl\":\"https:\\\/\\\/novoaglobal.com\\\/sw\\\/wp-content\\\/uploads\\\/2019\\\/10\\\/logo-history-2.png\",\"width\":394,\"height\":363,\"caption\":\"NovoaGlobal\"},\"image\":{\"@id\":\"https:\\\/\\\/novoaglobal.com\\\/sw\\\/#\\\/schema\\\/logo\\\/image\\\/\"},\"sameAs\":[\"https:\\\/\\\/www.facebook.com\\\/novoaglobal\\\/\",\"https:\\\/\\\/x.com\\\/NovoaGlobal\",\"https:\\\/\\\/www.instagram.com\\\/novoaglobal\\\/\",\"https:\\\/\\\/www.linkedin.com\\\/company\\\/novoaglobal\\\/about\\\/\",\"https:\\\/\\\/www.youtube.com\\\/channel\\\/UCoMVz-xMzL_dyjZ0GgVz7Dw\"]}]}<\/script>\n<!-- \/ Yoast SEO plugin. -->","yoast_head_json":{"title":"NovoaGlobal Automatiserad hastighetskontroll, hastighetskameratillsyn","description":"NovoaGlobal Skapa s\u00e4krare samh\u00e4llen med Automated Speed Camera Enforcement f\u00f6r att utbilda f\u00f6rare, uppr\u00e4tth\u00e5lla hastighetsbegr\u00e4nsningar.","robots":{"index":"index","follow":"follow","max-snippet":"max-snippet:-1","max-image-preview":"max-image-preview:large","max-video-preview":"max-video-preview:-1"},"canonical":"https:\/\/novoaglobal.com\/sw\/hastighetssaker\/","og_locale":"sv_SE","og_type":"article","og_title":"NovoaGlobal Automatiserad hastighetskontroll, hastighetskameratillsyn","og_description":"NovoaGlobal Skapa s\u00e4krare samh\u00e4llen med Automated Speed Camera Enforcement f\u00f6r att utbilda f\u00f6rare, uppr\u00e4tth\u00e5lla hastighetsbegr\u00e4nsningar.","og_url":"https:\/\/novoaglobal.com\/sw\/hastighetssaker\/","og_site_name":"NovoaGlobal\u00ae","article_publisher":"https:\/\/www.facebook.com\/novoaglobal\/","article_modified_time":"2022-01-19T06:35:41+00:00","og_image":[{"width":1438,"height":695,"url":"https:\/\/novoaglobal.com\/sw\/wp-content\/uploads\/2020\/06\/Speed-Safe-Web-Slider-C.jpg","type":"image\/jpeg"}],"twitter_card":"summary_large_image","twitter_site":"@NovoaGlobal","twitter_misc":{"Ber\u00e4knad l\u00e4stid":"2 minuter"},"schema":{"@context":"https:\/\/schema.org","@graph":[{"@type":"WebPage","@id":"https:\/\/novoaglobal.com\/sw\/hastighetssaker\/","url":"https:\/\/novoaglobal.com\/sw\/hastighetssaker\/","name":"NovoaGlobal Automatiserad hastighetskontroll, hastighetskameratillsyn","isPartOf":{"@id":"https:\/\/novoaglobal.com\/sw\/#website"},"primaryImageOfPage":{"@id":"https:\/\/novoaglobal.com\/sw\/hastighetssaker\/#primaryimage"},"image":{"@id":"https:\/\/novoaglobal.com\/sw\/hastighetssaker\/#primaryimage"},"thumbnailUrl":"https:\/\/novoaglobal.com\/sw\/wp-content\/uploads\/2020\/06\/Speed-Safe-Web-Slider-C.jpg","datePublished":"2019-10-14T06:40:09+00:00","dateModified":"2022-01-19T06:35:41+00:00","description":"NovoaGlobal Skapa s\u00e4krare samh\u00e4llen med Automated Speed Camera Enforcement f\u00f6r att utbilda f\u00f6rare, uppr\u00e4tth\u00e5lla hastighetsbegr\u00e4nsningar.","breadcrumb":{"@id":"https:\/\/novoaglobal.com\/sw\/hastighetssaker\/#breadcrumb"},"inLanguage":"sv-SE","potentialAction":[{"@type":"ReadAction","target":["https:\/\/novoaglobal.com\/sw\/hastighetssaker\/"]}]},{"@type":"ImageObject","inLanguage":"sv-SE","@id":"https:\/\/novoaglobal.com\/sw\/hastighetssaker\/#primaryimage","url":"https:\/\/novoaglobal.com\/sw\/wp-content\/uploads\/2020\/06\/Speed-Safe-Web-Slider-C.jpg","contentUrl":"https:\/\/novoaglobal.com\/sw\/wp-content\/uploads\/2020\/06\/Speed-Safe-Web-Slider-C.jpg","width":1438,"height":695,"caption":"NovoaGlobal Speed -Safe Camera Photo Enforcement monitors and enforces speeding"},{"@type":"BreadcrumbList","@id":"https:\/\/novoaglobal.com\/sw\/hastighetssaker\/#breadcrumb","itemListElement":[{"@type":"ListItem","position":1,"name":"Home","item":"https:\/\/novoaglobal.com\/sw\/"},{"@type":"ListItem","position":2,"name":"AUTOMATISK HASTIGHETSUPPF\u00d6LJNING"}]},{"@type":"WebSite","@id":"https:\/\/novoaglobal.com\/sw\/#website","url":"https:\/\/novoaglobal.com\/sw\/","name":"NovoaGlobal\u00ae","description":"Creating Safer Communities","publisher":{"@id":"https:\/\/novoaglobal.com\/sw\/#organization"},"potentialAction":[{"@type":"SearchAction","target":{"@type":"EntryPoint","urlTemplate":"https:\/\/novoaglobal.com\/sw\/?s={search_term_string}"},"query-input":{"@type":"PropertyValueSpecification","valueRequired":true,"valueName":"search_term_string"}}],"inLanguage":"sv-SE"},{"@type":"Organization","@id":"https:\/\/novoaglobal.com\/sw\/#organization","name":"NovoaGlobal","url":"https:\/\/novoaglobal.com\/sw\/","logo":{"@type":"ImageObject","inLanguage":"sv-SE","@id":"https:\/\/novoaglobal.com\/sw\/#\/schema\/logo\/image\/","url":"https:\/\/novoaglobal.com\/sw\/wp-content\/uploads\/2019\/10\/logo-history-2.png","contentUrl":"https:\/\/novoaglobal.com\/sw\/wp-content\/uploads\/2019\/10\/logo-history-2.png","width":394,"height":363,"caption":"NovoaGlobal"},"image":{"@id":"https:\/\/novoaglobal.com\/sw\/#\/schema\/logo\/image\/"},"sameAs":["https:\/\/www.facebook.com\/novoaglobal\/","https:\/\/x.com\/NovoaGlobal","https:\/\/www.instagram.com\/novoaglobal\/","https:\/\/www.linkedin.com\/company\/novoaglobal\/about\/","https:\/\/www.youtube.com\/channel\/UCoMVz-xMzL_dyjZ0GgVz7Dw"]}]}},"_links":{"self":[{"href":"https:\/\/novoaglobal.com\/sw\/wp-json\/wp\/v2\/pages\/2359","targetHints":{"allow":["GET"]}}],"collection":[{"href":"https:\/\/novoaglobal.com\/sw\/wp-json\/wp\/v2\/pages"}],"about":[{"href":"https:\/\/novoaglobal.com\/sw\/wp-json\/wp\/v2\/types\/page"}],"author":[{"embeddable":true,"href":"https:\/\/novoaglobal.com\/sw\/wp-json\/wp\/v2\/users\/1"}],"replies":[{"embeddable":true,"href":"https:\/\/novoaglobal.com\/sw\/wp-json\/wp\/v2\/comments?post=2359"}],"version-history":[{"count":3,"href":"https:\/\/novoaglobal.com\/sw\/wp-json\/wp\/v2\/pages\/2359\/revisions"}],"predecessor-version":[{"id":10484,"href":"https:\/\/novoaglobal.com\/sw\/wp-json\/wp\/v2\/pages\/2359\/revisions\/10484"}],"wp:featuredmedia":[{"embeddable":true,"href":"https:\/\/novoaglobal.com\/sw\/wp-json\/wp\/v2\/media\/6790"}],"wp:attachment":[{"href":"https:\/\/novoaglobal.com\/sw\/wp-json\/wp\/v2\/media?parent=2359"}],"curies":[{"name":"wp","href":"https:\/\/api.w.org\/{rel}","templated":true}]}}