{"id":2351,"date":"2019-10-15T06:20:20","date_gmt":"2019-10-15T06:20:20","guid":{"rendered":"https:\/\/novoaglobal.com\/sw\/?page_id=2351"},"modified":"2022-01-19T06:38:53","modified_gmt":"2022-01-19T06:38:53","slug":"rodljussaker","status":"publish","type":"page","link":"https:\/\/novoaglobal.com\/sw\/rodljussaker\/","title":{"rendered":"R\u00d6TT LJUSKAMERA"},"content":{"rendered":"<section class=\"sh-section sh-section-4554c1964e37fbbb6afece028615103e fw-main-row sh-section-visibility-everywhere\">\n\t\n\t\n\t<div class=\"sh-section-container container-fluid\">\n\t\t\t<\/div>\n<\/section>\n\n<section class=\"sh-section sh-section-6d6dbf83178ba5dc4151e7c9ea3c75cf fw-main-row sh-section-visibility-everywhere\">\n\t\n\t\n\t<div class=\"sh-section-container container section-justify-height\">\n\t\t<div class=\"fw-row\">\n\t\n<div class=\"sh-column sh-column-d28a20641558a2899670a6ed5a50d1b5 fw-col-xs-12 fw-col-sm-6\" >\n\n\t\n\t<div class=\"sh-column-wrapper\">\n\t\t\n<div class=\"sh-heading  \" id=\"heading-4bb404a9da74a7501e3f66f7a22ac53d\">\n\t<div class=\"sh-element-margin\">\n\n\t\t\n\t\t\t<h2 class=\"sh-heading-content size-l text-left\">\n\t\t\t\tR\u00d6TT LJUSS\u00c4KER\u00ae\t\t\t<\/h2>\n\n\t\t\n\t<\/div>\n<\/div>\n\n<div id=\"text-block-12cdf824ee9513b69942c74a4747bde4\" class=\"sh-text-block\">\n\t<p>R\u00f6dljusk\u00f6rning skapar stor risk f\u00f6r farliga korsningskollisioner och fotg\u00e4ngare \u00e4r s\u00e4rskilt utsatta f\u00f6r fordon som ignorerar r\u00f6dljussignalen. V\u00e5r r\u00f6dljuskamera\u00f6vervakning, RedLight-Safe System, f\u00f6rlitar sig p\u00e5 avancerad radarsp\u00e5rning f\u00f6r att \u00f6vervaka trafik som n\u00e4rmar sig signalen och n\u00e4r den uppt\u00e4cker ett fordon som korsar stopplisten efter att ljuset har \u00e4ndrats till r\u00f6tt, f\u00e5ngar RedLight-Safe-systemet \u00f6vertr\u00e4delsen med tv\u00e5 h\u00f6guppl\u00f6sta digitala fotografier, den f\u00f6rsta visar fordonet bakom stopplisten medan ljuset \u00e4r r\u00f6tt och det andra visar det kr\u00e4nkande fordonet f\u00f6rbi stopplisten och tr\u00e4nger sig in i korsningen. Systemet f\u00e5ngar ocks\u00e5 en h\u00f6guppl\u00f6st bild av fordonets registreringsskylt. F\u00f6r att skapa 100 % bildidentifiering erbjuder NovoaGlobal ocks\u00e5 ett videoklipp i full r\u00f6relse av \u00f6vertr\u00e4delsen. Detta kompletta bevispaket \u00e4r praktiskt taget om\u00f6jligt att vederl\u00e4gga i domstol.<\/p><\/div>\n\t<\/div>\n\n\n\t\t\n\n<\/div>\n\n<div class=\"sh-column sh-column-3c5418793c1c7763f145d5230717b563 fw-col-xs-12 fw-col-sm-4\" >\n\n\t\n\t<div class=\"sh-column-wrapper\">\n\t\t\n<div id=\"single-image-3b32a744016f18170ab6a96f3ed6e26f\" class=\"sh-single-image   sh-single-image-shadow3\">\n\t<div class=\"sh-element-margin\">\n\t\t\n\t\t\t\t\t<div class=\"sh-image-lazy-loading\" style=\"max-width: 1024px;\">\n\t\t\n\t\t\t<div class=\"sh-single-image-container sh-single-image-container-lazy\">\n\t\t\t\t\t\t\t\t\t\t\t\t\t\t\t<a href=\"\/\/novoaglobal.net\/wp-content\/uploads\/2019\/10\/REd-light-safe-blue-sky-copy-for-web-1024x675.jpg\" rel=\"lightbox\">\n\t\t\t\t\t\n\t\t\t\t\t\t\t\t\t\t\t\t\t\t\t\t\t\t\t\t\t<div class=\"ratio-container\" style=\"padding-top: 65.91796875%;\">\n\t\t\t\t\t\t\t\t\t<div class=\"ratio-content\">\n\t\t\t\t\t\t\t\t\t\t<img class=\"sh-image-url lazy\" data-src=\"https:\/\/novoaglobal.com\/sw\/wp-content\/uploads\/2019\/10\/REd-light-safe-blue-sky-copy-for-web-1024x675.jpg\" alt=\"REd-light-safe-blue-sky-copy-for-web-1024x675\" \/>\n\t\t\t\t\t\t\t\t\t<\/div>\n\t\t\t\t\t\t\t\t<\/div>\n\t\t\t\t\t\t\t\n\t\t\t\t\t\t\t\t\t\t\t\t\t\n\t\t\t\t\t\t\t\t\t\t\t<\/a>\n\t\t\t\t\t\t\t\t\t\n\t\t\t\t\t\t\t<\/div>\n\n\t\t\t\t\t<\/div>\n\t\t\n\t<\/div>\n<\/div>\n\t<\/div>\n\n\n\t\t\n\n<\/div>\n<\/div>\n\n\t<\/div>\n<\/section>\n\n<section class=\"sh-section sh-section-b414616623d6b016e214df18ed1b88c2 fw-main-row sh-section-visibility-everywhere\">\n\t\n\t\n\t<div class=\"sh-section-container container section-justify-height\">\n\t\t<div class=\"fw-row\">\n\t\n<div class=\"sh-column sh-column-de3a1b7d30dba7ebef3d81e7220d363f fw-col-xs-12 fw-col-sm-8\" >\n\n\t\n\t<div class=\"sh-column-wrapper\">\n\t\t\n<div id=\"text-block-e78c0fb2b8b264aa79bd96aca25b81ed\" class=\"sh-text-block\">\n\t<div id=\"pg-636-2\" class=\"panel-grid panel-no-style\"><div id=\"pgc-636-2-0\" class=\"panel-grid-cell\"><div id=\"panel-636-2-0-0\" class=\"so-panel widget widget_text panel-first-child panel-last-child\" data-index=\"3\"><div class=\"panel-widget-style panel-widget-style-for-636-2-0-0\"><div class=\"textwidget\"><p><strong>HUR DET FUNGERAR<\/strong><\/p><p>R\u00f6dljuskameratill\u00e4mpningen, RedLight-Safe, interndator anv\u00e4nder en egenutvecklad algoritm, som j\u00e4mf\u00f6r hastigheten f\u00f6r alla m\u00f6tande fordon i tillsynszonen med den tid d\u00e5 ljuset f\u00f6rv\u00e4ntas \u00e4ndras till r\u00f6tt. Om systemet fastst\u00e4ller att ett fordon f\u00e4rdas f\u00f6r snabbt f\u00f6r att stanna i tid, tar det ett h\u00f6guppl\u00f6st digitalt fotografi av fordonet precis f\u00f6re stopplisten, som visar fordonets position, ljusets r\u00f6da fas och fordonets registreringsskylt. Om fordonet lyckas stanna innan det g\u00e5r in i korsningen kasseras h\u00e4ndelsen. Om fordonet passerar olagligt in i korsningen, tar systemet ett andra digitalt fotografi som tydligt visar att fordonet passerade stoppst\u00e5ngen och tr\u00e4nger sig in i korsningen. Den andra bilden kan tas antingen med samma kamera bakifr\u00e5n eller av en andra kamera placerad tv\u00e4rs \u00f6ver korsningen. Det senare alternativet till\u00e5ter f\u00f6raridentifikation om det kr\u00e4vs enligt lag.<\/p><p>&nbsp;<\/p><\/div><\/div><\/div><\/div><\/div><div id=\"pg-636-3\" class=\"panel-grid panel-no-style\"><div id=\"pgc-636-3-0\" class=\"panel-grid-cell\"><div id=\"panel-636-3-0-0\" class=\"so-panel widget widget_text panel-first-child panel-last-child\" data-index=\"4\"><div class=\"panel-widget-style panel-widget-style-for-636-3-0-0\"><div class=\"textwidget\"><p><strong>R\u00d6TT LJUS K\u00d6R D\u00d6DAR<\/strong><\/p><p>Trafikolyckor \u00e4r den enskilt viktigaste orsaken till d\u00f6dsfall och skador som kan f\u00f6rebyggas i Nordamerika. Under 2007 i USA d\u00f6dades n\u00e4stan 900 m\u00e4nniskor och uppskattningsvis 153 000 skadades i krascher som involverade r\u00f6tt ljus.<\/p><p>Offentliga kostnader \u00f6verstiger 14 miljarder dollar per \u00e5r, och mer \u00e4n h\u00e4lften av d\u00f6dsfallen i r\u00f6tt ljus \u00e4r andra bilister och fotg\u00e4ngare. Det r\u00e5der ingen tvekan om att r\u00f6dljusl\u00f6pare \u00e4r farliga f\u00f6rare som oansvarigt uts\u00e4tter andra f\u00f6r risker. I Amerikas st\u00e4der \u2013 d\u00e4r det gula ljuset alltf\u00f6r ofta har kommit f\u00f6r att symbolisera \"skynda upp\" ist\u00e4llet f\u00f6r \"sakta ner\" - \u00e4r r\u00f6tt ljus den fr\u00e4msta orsaken till alla bilolyckor i st\u00e4der.<\/p><p>Den amerikanska allm\u00e4nheten inser problemet, \u00e4r djupt oroad \u00f6ver att r\u00f6tt ljus lyser och st\u00f6der anv\u00e4ndningen av fototill\u00e4mpning och r\u00f6dljuskameror. En rikst\u00e4ckande unders\u00f6kning fr\u00e5n 2002 sponsrad av National Highway Traffic Safety Administration och utf\u00f6rd av Gallup Organization visade att 75 procent av f\u00f6rarna f\u00f6redrog anv\u00e4ndningen av r\u00f6dljuskameror. De flesta amerikaner (96 procent) \u00e4r r\u00e4dda f\u00f6r att bli p\u00e5k\u00f6rda av en r\u00f6dljusl\u00f6pare, men n\u00e4stan en av fem erk\u00e4nner att ha k\u00f6rt r\u00f6tt i de senaste tio korsningarna. Den ledande urs\u00e4kten som gavs f\u00f6r att k\u00f6ra r\u00f6tt ljus var varken frustration eller road rage; det var \"ha br\u00e5ttom\". Nationell kampanj f\u00f6r att stoppa r\u00f6tt ljus.<\/p><\/div><\/div><\/div><\/div><\/div><\/div>\n\t<\/div>\n\n\n\t\t\n\n<\/div>\n<\/div>\n\n\t<\/div>\n<\/section>\n","protected":false},"excerpt":{"rendered":"<p>R\u00d6TT LJUSS\u00c4KER\u00ae R\u00f6dljusk\u00f6rning skapar stor risk f\u00f6r farliga korsningskollisioner och fotg\u00e4ngare \u00e4r s\u00e4rskilt utsatta f\u00f6r fordon som ignorerar r\u00f6dljussignalen. V\u00e5r r\u00f6dljuskamera\u00f6vervakning, RedLight-Safe System, f\u00f6rlitar sig p\u00e5 avancerad radarsp\u00e5rning f\u00f6r att&#8230;<\/p>\n","protected":false},"author":1,"featured_media":6793,"parent":0,"menu_order":0,"comment_status":"closed","ping_status":"closed","template":"","meta":{"_exactmetrics_skip_tracking":false,"_exactmetrics_sitenote_active":false,"_exactmetrics_sitenote_note":"","_exactmetrics_sitenote_category":0,"footnotes":""},"class_list":["post-2351","page","type-page","status-publish","has-post-thumbnail","hentry"],"yoast_head":"<!-- This site is optimized with the Yoast SEO plugin v27.4 - https:\/\/yoast.com\/product\/yoast-seo-wordpress\/ -->\n<title>NovoaGlobal R\u00f6dljuskamera, automatiserad fototillsyn<\/title>\n<meta name=\"description\" content=\"Skapa s\u00e4krare samh\u00e4llen med Automated Red Light Camera Photo Enforcement f\u00f6r att utbilda f\u00f6rare, uppr\u00e4tth\u00e5lla trafiks\u00e4kerhetslagar f\u00f6r r\u00f6tt ljus.\" \/>\n<meta name=\"robots\" content=\"index, follow, max-snippet:-1, max-image-preview:large, max-video-preview:-1\" \/>\n<link rel=\"canonical\" href=\"https:\/\/novoaglobal.com\/sw\/rodljussaker\/\" \/>\n<meta property=\"og:locale\" content=\"sv_SE\" \/>\n<meta property=\"og:type\" content=\"article\" \/>\n<meta property=\"og:title\" content=\"NovoaGlobal R\u00f6dljuskamera, automatiserad fototillsyn\" \/>\n<meta property=\"og:description\" content=\"Skapa s\u00e4krare samh\u00e4llen med Automated Red Light Camera Photo Enforcement f\u00f6r att utbilda f\u00f6rare, uppr\u00e4tth\u00e5lla trafiks\u00e4kerhetslagar f\u00f6r r\u00f6tt ljus.\" \/>\n<meta property=\"og:url\" content=\"https:\/\/novoaglobal.com\/sw\/rodljussaker\/\" \/>\n<meta property=\"og:site_name\" content=\"NovoaGlobal\u00ae\" \/>\n<meta property=\"article:publisher\" content=\"https:\/\/www.facebook.com\/novoaglobal\/\" \/>\n<meta property=\"article:modified_time\" content=\"2022-01-19T06:38:53+00:00\" \/>\n<meta property=\"og:image\" content=\"https:\/\/novoaglobal.com\/sw\/wp-content\/uploads\/2020\/06\/REd-Light-for-Miami-medium-scaled.jpg\" \/>\n\t<meta property=\"og:image:width\" content=\"2560\" \/>\n\t<meta property=\"og:image:height\" content=\"1702\" \/>\n\t<meta property=\"og:image:type\" content=\"image\/jpeg\" \/>\n<meta name=\"twitter:card\" content=\"summary_large_image\" \/>\n<meta name=\"twitter:site\" content=\"@NovoaGlobal\" \/>\n<meta name=\"twitter:label1\" content=\"Ber\u00e4knad l\u00e4stid\" \/>\n\t<meta name=\"twitter:data1\" content=\"3 minuter\" \/>\n<script type=\"application\/ld+json\" class=\"yoast-schema-graph\">{\"@context\":\"https:\\\/\\\/schema.org\",\"@graph\":[{\"@type\":\"WebPage\",\"@id\":\"https:\\\/\\\/novoaglobal.com\\\/sw\\\/rodljussaker\\\/\",\"url\":\"https:\\\/\\\/novoaglobal.com\\\/sw\\\/rodljussaker\\\/\",\"name\":\"NovoaGlobal R\u00f6dljuskamera, automatiserad fototillsyn\",\"isPartOf\":{\"@id\":\"https:\\\/\\\/novoaglobal.com\\\/sw\\\/#website\"},\"primaryImageOfPage\":{\"@id\":\"https:\\\/\\\/novoaglobal.com\\\/sw\\\/rodljussaker\\\/#primaryimage\"},\"image\":{\"@id\":\"https:\\\/\\\/novoaglobal.com\\\/sw\\\/rodljussaker\\\/#primaryimage\"},\"thumbnailUrl\":\"https:\\\/\\\/novoaglobal.com\\\/sw\\\/wp-content\\\/uploads\\\/2020\\\/06\\\/REd-Light-for-Miami-medium-scaled.jpg\",\"datePublished\":\"2019-10-15T06:20:20+00:00\",\"dateModified\":\"2022-01-19T06:38:53+00:00\",\"description\":\"Skapa s\u00e4krare samh\u00e4llen med Automated Red Light Camera Photo Enforcement f\u00f6r att utbilda f\u00f6rare, uppr\u00e4tth\u00e5lla trafiks\u00e4kerhetslagar f\u00f6r r\u00f6tt ljus.\",\"breadcrumb\":{\"@id\":\"https:\\\/\\\/novoaglobal.com\\\/sw\\\/rodljussaker\\\/#breadcrumb\"},\"inLanguage\":\"sv-SE\",\"potentialAction\":[{\"@type\":\"ReadAction\",\"target\":[\"https:\\\/\\\/novoaglobal.com\\\/sw\\\/rodljussaker\\\/\"]}]},{\"@type\":\"ImageObject\",\"inLanguage\":\"sv-SE\",\"@id\":\"https:\\\/\\\/novoaglobal.com\\\/sw\\\/rodljussaker\\\/#primaryimage\",\"url\":\"https:\\\/\\\/novoaglobal.com\\\/sw\\\/wp-content\\\/uploads\\\/2020\\\/06\\\/REd-Light-for-Miami-medium-scaled.jpg\",\"contentUrl\":\"https:\\\/\\\/novoaglobal.com\\\/sw\\\/wp-content\\\/uploads\\\/2020\\\/06\\\/REd-Light-for-Miami-medium-scaled.jpg\",\"width\":2560,\"height\":1702,\"caption\":\"NovoaGlobal Red Light camera offers Automated Photo Enforcement for monitoring Red Light Runners\"},{\"@type\":\"BreadcrumbList\",\"@id\":\"https:\\\/\\\/novoaglobal.com\\\/sw\\\/rodljussaker\\\/#breadcrumb\",\"itemListElement\":[{\"@type\":\"ListItem\",\"position\":1,\"name\":\"Home\",\"item\":\"https:\\\/\\\/novoaglobal.com\\\/sw\\\/\"},{\"@type\":\"ListItem\",\"position\":2,\"name\":\"R\u00d6TT LJUSKAMERA\"}]},{\"@type\":\"WebSite\",\"@id\":\"https:\\\/\\\/novoaglobal.com\\\/sw\\\/#website\",\"url\":\"https:\\\/\\\/novoaglobal.com\\\/sw\\\/\",\"name\":\"NovoaGlobal\u00ae\",\"description\":\"Creating Safer Communities\",\"publisher\":{\"@id\":\"https:\\\/\\\/novoaglobal.com\\\/sw\\\/#organization\"},\"potentialAction\":[{\"@type\":\"SearchAction\",\"target\":{\"@type\":\"EntryPoint\",\"urlTemplate\":\"https:\\\/\\\/novoaglobal.com\\\/sw\\\/?s={search_term_string}\"},\"query-input\":{\"@type\":\"PropertyValueSpecification\",\"valueRequired\":true,\"valueName\":\"search_term_string\"}}],\"inLanguage\":\"sv-SE\"},{\"@type\":\"Organization\",\"@id\":\"https:\\\/\\\/novoaglobal.com\\\/sw\\\/#organization\",\"name\":\"NovoaGlobal\",\"url\":\"https:\\\/\\\/novoaglobal.com\\\/sw\\\/\",\"logo\":{\"@type\":\"ImageObject\",\"inLanguage\":\"sv-SE\",\"@id\":\"https:\\\/\\\/novoaglobal.com\\\/sw\\\/#\\\/schema\\\/logo\\\/image\\\/\",\"url\":\"https:\\\/\\\/novoaglobal.com\\\/sw\\\/wp-content\\\/uploads\\\/2019\\\/10\\\/logo-history-2.png\",\"contentUrl\":\"https:\\\/\\\/novoaglobal.com\\\/sw\\\/wp-content\\\/uploads\\\/2019\\\/10\\\/logo-history-2.png\",\"width\":394,\"height\":363,\"caption\":\"NovoaGlobal\"},\"image\":{\"@id\":\"https:\\\/\\\/novoaglobal.com\\\/sw\\\/#\\\/schema\\\/logo\\\/image\\\/\"},\"sameAs\":[\"https:\\\/\\\/www.facebook.com\\\/novoaglobal\\\/\",\"https:\\\/\\\/x.com\\\/NovoaGlobal\",\"https:\\\/\\\/www.instagram.com\\\/novoaglobal\\\/\",\"https:\\\/\\\/www.linkedin.com\\\/company\\\/novoaglobal\\\/about\\\/\",\"https:\\\/\\\/www.youtube.com\\\/channel\\\/UCoMVz-xMzL_dyjZ0GgVz7Dw\"]}]}<\/script>\n<!-- \/ Yoast SEO plugin. -->","yoast_head_json":{"title":"NovoaGlobal R\u00f6dljuskamera, automatiserad fototillsyn","description":"Skapa s\u00e4krare samh\u00e4llen med Automated Red Light Camera Photo Enforcement f\u00f6r att utbilda f\u00f6rare, uppr\u00e4tth\u00e5lla trafiks\u00e4kerhetslagar f\u00f6r r\u00f6tt ljus.","robots":{"index":"index","follow":"follow","max-snippet":"max-snippet:-1","max-image-preview":"max-image-preview:large","max-video-preview":"max-video-preview:-1"},"canonical":"https:\/\/novoaglobal.com\/sw\/rodljussaker\/","og_locale":"sv_SE","og_type":"article","og_title":"NovoaGlobal R\u00f6dljuskamera, automatiserad fototillsyn","og_description":"Skapa s\u00e4krare samh\u00e4llen med Automated Red Light Camera Photo Enforcement f\u00f6r att utbilda f\u00f6rare, uppr\u00e4tth\u00e5lla trafiks\u00e4kerhetslagar f\u00f6r r\u00f6tt ljus.","og_url":"https:\/\/novoaglobal.com\/sw\/rodljussaker\/","og_site_name":"NovoaGlobal\u00ae","article_publisher":"https:\/\/www.facebook.com\/novoaglobal\/","article_modified_time":"2022-01-19T06:38:53+00:00","og_image":[{"width":2560,"height":1702,"url":"https:\/\/novoaglobal.com\/sw\/wp-content\/uploads\/2020\/06\/REd-Light-for-Miami-medium-scaled.jpg","type":"image\/jpeg"}],"twitter_card":"summary_large_image","twitter_site":"@NovoaGlobal","twitter_misc":{"Ber\u00e4knad l\u00e4stid":"3 minuter"},"schema":{"@context":"https:\/\/schema.org","@graph":[{"@type":"WebPage","@id":"https:\/\/novoaglobal.com\/sw\/rodljussaker\/","url":"https:\/\/novoaglobal.com\/sw\/rodljussaker\/","name":"NovoaGlobal R\u00f6dljuskamera, automatiserad fototillsyn","isPartOf":{"@id":"https:\/\/novoaglobal.com\/sw\/#website"},"primaryImageOfPage":{"@id":"https:\/\/novoaglobal.com\/sw\/rodljussaker\/#primaryimage"},"image":{"@id":"https:\/\/novoaglobal.com\/sw\/rodljussaker\/#primaryimage"},"thumbnailUrl":"https:\/\/novoaglobal.com\/sw\/wp-content\/uploads\/2020\/06\/REd-Light-for-Miami-medium-scaled.jpg","datePublished":"2019-10-15T06:20:20+00:00","dateModified":"2022-01-19T06:38:53+00:00","description":"Skapa s\u00e4krare samh\u00e4llen med Automated Red Light Camera Photo Enforcement f\u00f6r att utbilda f\u00f6rare, uppr\u00e4tth\u00e5lla trafiks\u00e4kerhetslagar f\u00f6r r\u00f6tt ljus.","breadcrumb":{"@id":"https:\/\/novoaglobal.com\/sw\/rodljussaker\/#breadcrumb"},"inLanguage":"sv-SE","potentialAction":[{"@type":"ReadAction","target":["https:\/\/novoaglobal.com\/sw\/rodljussaker\/"]}]},{"@type":"ImageObject","inLanguage":"sv-SE","@id":"https:\/\/novoaglobal.com\/sw\/rodljussaker\/#primaryimage","url":"https:\/\/novoaglobal.com\/sw\/wp-content\/uploads\/2020\/06\/REd-Light-for-Miami-medium-scaled.jpg","contentUrl":"https:\/\/novoaglobal.com\/sw\/wp-content\/uploads\/2020\/06\/REd-Light-for-Miami-medium-scaled.jpg","width":2560,"height":1702,"caption":"NovoaGlobal Red Light camera offers Automated Photo Enforcement for monitoring Red Light Runners"},{"@type":"BreadcrumbList","@id":"https:\/\/novoaglobal.com\/sw\/rodljussaker\/#breadcrumb","itemListElement":[{"@type":"ListItem","position":1,"name":"Home","item":"https:\/\/novoaglobal.com\/sw\/"},{"@type":"ListItem","position":2,"name":"R\u00d6TT LJUSKAMERA"}]},{"@type":"WebSite","@id":"https:\/\/novoaglobal.com\/sw\/#website","url":"https:\/\/novoaglobal.com\/sw\/","name":"NovoaGlobal\u00ae","description":"Creating Safer Communities","publisher":{"@id":"https:\/\/novoaglobal.com\/sw\/#organization"},"potentialAction":[{"@type":"SearchAction","target":{"@type":"EntryPoint","urlTemplate":"https:\/\/novoaglobal.com\/sw\/?s={search_term_string}"},"query-input":{"@type":"PropertyValueSpecification","valueRequired":true,"valueName":"search_term_string"}}],"inLanguage":"sv-SE"},{"@type":"Organization","@id":"https:\/\/novoaglobal.com\/sw\/#organization","name":"NovoaGlobal","url":"https:\/\/novoaglobal.com\/sw\/","logo":{"@type":"ImageObject","inLanguage":"sv-SE","@id":"https:\/\/novoaglobal.com\/sw\/#\/schema\/logo\/image\/","url":"https:\/\/novoaglobal.com\/sw\/wp-content\/uploads\/2019\/10\/logo-history-2.png","contentUrl":"https:\/\/novoaglobal.com\/sw\/wp-content\/uploads\/2019\/10\/logo-history-2.png","width":394,"height":363,"caption":"NovoaGlobal"},"image":{"@id":"https:\/\/novoaglobal.com\/sw\/#\/schema\/logo\/image\/"},"sameAs":["https:\/\/www.facebook.com\/novoaglobal\/","https:\/\/x.com\/NovoaGlobal","https:\/\/www.instagram.com\/novoaglobal\/","https:\/\/www.linkedin.com\/company\/novoaglobal\/about\/","https:\/\/www.youtube.com\/channel\/UCoMVz-xMzL_dyjZ0GgVz7Dw"]}]}},"_links":{"self":[{"href":"https:\/\/novoaglobal.com\/sw\/wp-json\/wp\/v2\/pages\/2351","targetHints":{"allow":["GET"]}}],"collection":[{"href":"https:\/\/novoaglobal.com\/sw\/wp-json\/wp\/v2\/pages"}],"about":[{"href":"https:\/\/novoaglobal.com\/sw\/wp-json\/wp\/v2\/types\/page"}],"author":[{"embeddable":true,"href":"https:\/\/novoaglobal.com\/sw\/wp-json\/wp\/v2\/users\/1"}],"replies":[{"embeddable":true,"href":"https:\/\/novoaglobal.com\/sw\/wp-json\/wp\/v2\/comments?post=2351"}],"version-history":[{"count":3,"href":"https:\/\/novoaglobal.com\/sw\/wp-json\/wp\/v2\/pages\/2351\/revisions"}],"predecessor-version":[{"id":10487,"href":"https:\/\/novoaglobal.com\/sw\/wp-json\/wp\/v2\/pages\/2351\/revisions\/10487"}],"wp:featuredmedia":[{"embeddable":true,"href":"https:\/\/novoaglobal.com\/sw\/wp-json\/wp\/v2\/media\/6793"}],"wp:attachment":[{"href":"https:\/\/novoaglobal.com\/sw\/wp-json\/wp\/v2\/media?parent=2351"}],"curies":[{"name":"wp","href":"https:\/\/api.w.org\/{rel}","templated":true}]}}