{"id":2051,"date":"2019-10-12T05:06:21","date_gmt":"2019-10-12T05:06:21","guid":{"rendered":"https:\/\/novoaglobal.com\/sw\/?page_id=2051"},"modified":"2022-01-19T06:22:31","modified_gmt":"2022-01-19T06:22:31","slug":"skolzon-fartsaker","status":"publish","type":"page","link":"https:\/\/novoaglobal.com\/sw\/skolzon-fartsaker\/","title":{"rendered":"SKOLZON HASTIGHET"},"content":{"rendered":"<section class=\"sh-section sh-section-4554c1964e37fbbb6afece028615103e fw-main-row sh-section-visibility-everywhere\">\n\t\n\t\n\t<div class=\"sh-section-container container-fluid\">\n\t\t\t<\/div>\n<\/section>\n\n<section class=\"sh-section sh-section-6d6dbf83178ba5dc4151e7c9ea3c75cf fw-main-row sh-section-visibility-everywhere\">\n\t\n\t\n\t<div class=\"sh-section-container container section-justify-height\">\n\t\t<div class=\"fw-row\">\n\t\n<div class=\"sh-column sh-column-d28a20641558a2899670a6ed5a50d1b5 fw-col-xs-12 fw-col-sm-6\" >\n\n\t\n\t<div class=\"sh-column-wrapper\">\n\t\t\n<div class=\"sh-heading  \" id=\"heading-4bb404a9da74a7501e3f66f7a22ac53d\">\n\t<div class=\"sh-element-margin\">\n\n\t\t\n\t\t\t<h2 class=\"sh-heading-content size-l text-left\">\n\t\t\t\tSKOLZONE HASTIGHET S\u00c4KER\t\t\t<\/h2>\n\n\t\t\n\t<\/div>\n<\/div>\n\n<div id=\"text-block-12cdf824ee9513b69942c74a4747bde4\" class=\"sh-text-block\">\n\t<p>Hastigheten \u00e4r en av de st\u00f6rsta avg\u00f6rande faktorerna f\u00f6r huruvida en olycka leder till allvarlig skada eller d\u00f6dsfall, och att s\u00e4nka hastigheterna till de angivna hastighetsgr\u00e4nserna i skolomr\u00e5den kommer att r\u00e4dda liv. Ett automatiskt hastighetsprogram f\u00f6r skolzoner skyddar barn och fotg\u00e4ngare genom att p\u00e5minna bilister om att sakta ner och f\u00f6lja skolans hastighetsgr\u00e4nser, s\u00e4rskilt n\u00e4r lamporna blinkar och barn \u00e4r n\u00e4rvarande.<\/p><p>En elev p\u00e5k\u00f6rd av ett fordon som f\u00e4rdas i 20 km\/h, vilket \u00e4r den typiska hastighetsgr\u00e4nsen i en skolzon, har 95 % chans att leva. Samma elev som blir p\u00e5k\u00f6rd av ett fordon som f\u00e4rdas mer \u00e4n 40 mph har en 80% chans att d\u00f6.<\/p><\/div>\n\t<\/div>\n\n\n\t\t\n\n<\/div>\n\n<div class=\"sh-column sh-column-3c5418793c1c7763f145d5230717b563 fw-col-xs-12 fw-col-sm-4\" >\n\n\t\n\t<div class=\"sh-column-wrapper\">\n\t\t\n<div id=\"single-image-3b32a744016f18170ab6a96f3ed6e26f\" class=\"sh-single-image   sh-single-image-shadow3\">\n\t<div class=\"sh-element-margin\">\n\t\t\n\t\t\t\t\t<div class=\"sh-image-lazy-loading\" style=\"max-width: 719px;\">\n\t\t\n\t\t\t<div class=\"sh-single-image-container sh-single-image-container-lazy\">\n\t\t\t\t\t\t\t\t\t\t\t\t\t\t\t<a href=\"\/\/novoaglobal.net\/wp-content\/uploads\/2019\/10\/schoolzonesafe.jpg\" rel=\"lightbox\">\n\t\t\t\t\t\n\t\t\t\t\t\t\t\t\t\t\t\t\t\t\t\t\t\t\t\t\t<div class=\"ratio-container\" style=\"padding-top: 76.63421418637%;\">\n\t\t\t\t\t\t\t\t\t<div class=\"ratio-content\">\n\t\t\t\t\t\t\t\t\t\t<img class=\"sh-image-url lazy\" data-src=\"https:\/\/novoaglobal.com\/sw\/wp-content\/uploads\/2019\/10\/schoolzonesafe.jpg\" alt=\"NovoaGlobal School Zone Speed Detection\" \/>\n\t\t\t\t\t\t\t\t\t<\/div>\n\t\t\t\t\t\t\t\t<\/div>\n\t\t\t\t\t\t\t\n\t\t\t\t\t\t\t\t\t\t\t\t\t\n\t\t\t\t\t\t\t\t\t\t\t<\/a>\n\t\t\t\t\t\t\t\t\t\n\t\t\t\t\t\t\t<\/div>\n\n\t\t\t\t\t<\/div>\n\t\t\n\t<\/div>\n<\/div>\n\t<\/div>\n\n\n\t\t\n\n<\/div>\n<\/div>\n\n\t<\/div>\n<\/section>\n\n<section class=\"sh-section sh-section-b414616623d6b016e214df18ed1b88c2 fw-main-row sh-section-visibility-everywhere\">\n\t\n\t\n\t<div class=\"sh-section-container container section-justify-height\">\n\t\t<div class=\"fw-row\">\n\t\n<div class=\"sh-column sh-column-e9252772e44fa48dd446ae414b2b8fdb fw-col-xs-12 fw-col-sm-4 sh-column-mobile-padding\" >\n\n\t\n\t<div class=\"sh-column-wrapper\">\n\t\t\n<div id=\"single-image-84a8be123fe22348a16eb7d9066bcbd5\" class=\"sh-single-image   sh-single-image-shadow3\">\n\t<div class=\"sh-element-margin\">\n\t\t\n\t\t\t\t\t<div class=\"sh-image-lazy-loading\" style=\"max-width: 655px;\">\n\t\t\n\t\t\t<div class=\"sh-single-image-container sh-single-image-container-lazy\">\n\t\t\t\t\t\t\t\t\t\t\t\t\t\t\t<a href=\"\/\/novoaglobal.net\/wp-content\/uploads\/2019\/10\/schoolzonesafe1-1.jpg\" rel=\"lightbox\">\n\t\t\t\t\t\n\t\t\t\t\t\t\t\t\t\t\t\t\t\t\t\t\t\t\t\t\t<div class=\"ratio-container\" style=\"padding-top: 92.824427480916%;\">\n\t\t\t\t\t\t\t\t\t<div class=\"ratio-content\">\n\t\t\t\t\t\t\t\t\t\t<img class=\"sh-image-url lazy\" data-src=\"https:\/\/novoaglobal.com\/sw\/wp-content\/uploads\/2019\/10\/schoolzonesafe1-1.jpg\" alt=\"NovoaGlobal School Zone Photo\" \/>\n\t\t\t\t\t\t\t\t\t<\/div>\n\t\t\t\t\t\t\t\t<\/div>\n\t\t\t\t\t\t\t\n\t\t\t\t\t\t\t\t\t\t\t\t\t\n\t\t\t\t\t\t\t\t\t\t\t<\/a>\n\t\t\t\t\t\t\t\t\t\n\t\t\t\t\t\t\t<\/div>\n\n\t\t\t\t\t<\/div>\n\t\t\n\t<\/div>\n<\/div>\n\t<\/div>\n\n\n\t\t\n\n<\/div>\n\n<div class=\"sh-column sh-column-de3a1b7d30dba7ebef3d81e7220d363f fw-col-xs-12 fw-col-sm-6\" >\n\n\t\n\t<div class=\"sh-column-wrapper\">\n\t\t\n<div class=\"sh-heading  \" id=\"heading-21b1d98ef6f3e4cee4da2c07c6ab5b18\">\n\t<div class=\"sh-element-margin\">\n\n\t\t\n\t\t\t<h2 class=\"sh-heading-content size-s text-left\">\n\t\t\t\tVad \u00e4r l\u00f6sningen?\t\t\t<\/h2>\n\n\t\t\n\t<\/div>\n<\/div>\n\n<div id=\"text-block-e78c0fb2b8b264aa79bd96aca25b81ed\" class=\"sh-text-block\">\n\t<p>School Zone Speed\u2013Safe anv\u00e4nder automatiserad kamerateknik f\u00f6r att \u00f6vervaka och uppr\u00e4tth\u00e5lla f\u00f6rarens hastigheter runt skolomr\u00e5den, ta bilder och videobevis p\u00e5 fordon som \u00f6verskrider angivna hastighetsgr\u00e4nser, vilket uts\u00e4tter fotg\u00e4ngare och dina skolbarn i riskzonen f\u00f6r skador.<\/p><p>Skolzonens hastighet \u2013 s\u00e4kra f\u00f6rdelar:<\/p><ul><li>Ledande bildinspelning och datainsamlingsteknik<\/li><li>H\u00f6guppl\u00f6sta kameror \u2013 inkluderar video<\/li><li>Ej p\u00e5tr\u00e4ngande installation, inget behov av v\u00e4gbyggen<\/li><li>Nyckelf\u00e4rdig, f\u00e4rdig att anv\u00e4nda l\u00f6sning<\/li><li>Ingen f\u00f6rskottskostnad<\/li><li>Genererar medel f\u00f6r att ytterligare f\u00f6rb\u00e4ttra s\u00e4kerheten<\/li><li>24\/7 kundsupport<\/li><li>State-of-the-art backoffice som tillhandah\u00e5ller<\/li><li>\u00f6vertr\u00e4delseverifiering, support och underh\u00e5ll<\/li><\/ul><\/div>\n\t<\/div>\n\n\n\t\t\n\n<\/div>\n<\/div>\n\n\t<\/div>\n<\/section>\n","protected":false},"excerpt":{"rendered":"<p>SKOLZONE HASTIGHET S\u00c4KER Hastigheten \u00e4r en av de st\u00f6rsta avg\u00f6rande faktorerna f\u00f6r huruvida en olycka leder till allvarlig skada eller d\u00f6dsfall, och att s\u00e4nka hastigheterna till de angivna hastighetsgr\u00e4nserna i&#8230;<\/p>\n","protected":false},"author":1,"featured_media":6177,"parent":0,"menu_order":0,"comment_status":"closed","ping_status":"closed","template":"","meta":{"_exactmetrics_skip_tracking":false,"_exactmetrics_sitenote_active":false,"_exactmetrics_sitenote_note":"","_exactmetrics_sitenote_category":0,"footnotes":""},"class_list":["post-2051","page","type-page","status-publish","has-post-thumbnail","hentry"],"yoast_head":"<!-- This site is optimized with the Yoast SEO plugin v27.4 - https:\/\/yoast.com\/product\/yoast-seo-wordpress\/ -->\n<title>NovoaGlobal Uppr\u00e4tth\u00e5llande av hastighetsdetekteringsprogram f\u00f6r skolzoner<\/title>\n<meta name=\"description\" content=\"NovoaGlobal Safe anv\u00e4nder automatisk kontroll f\u00f6r att \u00f6vervaka och uppr\u00e4tth\u00e5lla f\u00f6rarens hastigheter, f\u00e5nga \u00f6vertr\u00e4delsebilder och video.\" \/>\n<meta name=\"robots\" content=\"index, follow, max-snippet:-1, max-image-preview:large, max-video-preview:-1\" \/>\n<link rel=\"canonical\" href=\"https:\/\/novoaglobal.com\/sw\/skolzon-fartsaker\/\" \/>\n<meta property=\"og:locale\" content=\"sv_SE\" \/>\n<meta property=\"og:type\" content=\"article\" \/>\n<meta property=\"og:title\" content=\"NovoaGlobal Uppr\u00e4tth\u00e5llande av hastighetsdetekteringsprogram f\u00f6r skolzoner\" \/>\n<meta property=\"og:description\" content=\"NovoaGlobal Safe anv\u00e4nder automatisk kontroll f\u00f6r att \u00f6vervaka och uppr\u00e4tth\u00e5lla f\u00f6rarens hastigheter, f\u00e5nga \u00f6vertr\u00e4delsebilder och video.\" \/>\n<meta property=\"og:url\" content=\"https:\/\/novoaglobal.com\/sw\/skolzon-fartsaker\/\" \/>\n<meta property=\"og:site_name\" content=\"NovoaGlobal\u00ae\" \/>\n<meta property=\"article:publisher\" content=\"https:\/\/www.facebook.com\/novoaglobal\/\" \/>\n<meta property=\"article:modified_time\" content=\"2022-01-19T06:22:31+00:00\" \/>\n<meta property=\"og:image\" content=\"https:\/\/novoaglobal.com\/sw\/wp-content\/uploads\/2019\/10\/Scool-Zone-1.jpg\" \/>\n\t<meta property=\"og:image:width\" content=\"1000\" \/>\n\t<meta property=\"og:image:height\" content=\"773\" \/>\n\t<meta property=\"og:image:type\" content=\"image\/jpeg\" \/>\n<meta name=\"twitter:card\" content=\"summary_large_image\" \/>\n<meta name=\"twitter:site\" content=\"@NovoaGlobal\" \/>\n<meta name=\"twitter:label1\" content=\"Ber\u00e4knad l\u00e4stid\" \/>\n\t<meta name=\"twitter:data1\" content=\"1 minut\" \/>\n<script type=\"application\/ld+json\" class=\"yoast-schema-graph\">{\"@context\":\"https:\\\/\\\/schema.org\",\"@graph\":[{\"@type\":\"WebPage\",\"@id\":\"https:\\\/\\\/novoaglobal.com\\\/sw\\\/skolzon-fartsaker\\\/\",\"url\":\"https:\\\/\\\/novoaglobal.com\\\/sw\\\/skolzon-fartsaker\\\/\",\"name\":\"NovoaGlobal Uppr\u00e4tth\u00e5llande av hastighetsdetekteringsprogram f\u00f6r skolzoner\",\"isPartOf\":{\"@id\":\"https:\\\/\\\/novoaglobal.com\\\/sw\\\/#website\"},\"primaryImageOfPage\":{\"@id\":\"https:\\\/\\\/novoaglobal.com\\\/sw\\\/skolzon-fartsaker\\\/#primaryimage\"},\"image\":{\"@id\":\"https:\\\/\\\/novoaglobal.com\\\/sw\\\/skolzon-fartsaker\\\/#primaryimage\"},\"thumbnailUrl\":\"https:\\\/\\\/novoaglobal.com\\\/sw\\\/wp-content\\\/uploads\\\/2019\\\/10\\\/Scool-Zone-1.jpg\",\"datePublished\":\"2019-10-12T05:06:21+00:00\",\"dateModified\":\"2022-01-19T06:22:31+00:00\",\"description\":\"NovoaGlobal Safe anv\u00e4nder automatisk kontroll f\u00f6r att \u00f6vervaka och uppr\u00e4tth\u00e5lla f\u00f6rarens hastigheter, f\u00e5nga \u00f6vertr\u00e4delsebilder och video.\",\"breadcrumb\":{\"@id\":\"https:\\\/\\\/novoaglobal.com\\\/sw\\\/skolzon-fartsaker\\\/#breadcrumb\"},\"inLanguage\":\"sv-SE\",\"potentialAction\":[{\"@type\":\"ReadAction\",\"target\":[\"https:\\\/\\\/novoaglobal.com\\\/sw\\\/skolzon-fartsaker\\\/\"]}]},{\"@type\":\"ImageObject\",\"inLanguage\":\"sv-SE\",\"@id\":\"https:\\\/\\\/novoaglobal.com\\\/sw\\\/skolzon-fartsaker\\\/#primaryimage\",\"url\":\"https:\\\/\\\/novoaglobal.com\\\/sw\\\/wp-content\\\/uploads\\\/2019\\\/10\\\/Scool-Zone-1.jpg\",\"contentUrl\":\"https:\\\/\\\/novoaglobal.com\\\/sw\\\/wp-content\\\/uploads\\\/2019\\\/10\\\/Scool-Zone-1.jpg\",\"width\":1000,\"height\":773,\"caption\":\"NovoaGlobal offers School Zone Speed-Safe Automated Camera Detection\"},{\"@type\":\"BreadcrumbList\",\"@id\":\"https:\\\/\\\/novoaglobal.com\\\/sw\\\/skolzon-fartsaker\\\/#breadcrumb\",\"itemListElement\":[{\"@type\":\"ListItem\",\"position\":1,\"name\":\"Home\",\"item\":\"https:\\\/\\\/novoaglobal.com\\\/sw\\\/\"},{\"@type\":\"ListItem\",\"position\":2,\"name\":\"SKOLZON HASTIGHET\"}]},{\"@type\":\"WebSite\",\"@id\":\"https:\\\/\\\/novoaglobal.com\\\/sw\\\/#website\",\"url\":\"https:\\\/\\\/novoaglobal.com\\\/sw\\\/\",\"name\":\"NovoaGlobal\u00ae\",\"description\":\"Creating Safer Communities\",\"publisher\":{\"@id\":\"https:\\\/\\\/novoaglobal.com\\\/sw\\\/#organization\"},\"potentialAction\":[{\"@type\":\"SearchAction\",\"target\":{\"@type\":\"EntryPoint\",\"urlTemplate\":\"https:\\\/\\\/novoaglobal.com\\\/sw\\\/?s={search_term_string}\"},\"query-input\":{\"@type\":\"PropertyValueSpecification\",\"valueRequired\":true,\"valueName\":\"search_term_string\"}}],\"inLanguage\":\"sv-SE\"},{\"@type\":\"Organization\",\"@id\":\"https:\\\/\\\/novoaglobal.com\\\/sw\\\/#organization\",\"name\":\"NovoaGlobal\",\"url\":\"https:\\\/\\\/novoaglobal.com\\\/sw\\\/\",\"logo\":{\"@type\":\"ImageObject\",\"inLanguage\":\"sv-SE\",\"@id\":\"https:\\\/\\\/novoaglobal.com\\\/sw\\\/#\\\/schema\\\/logo\\\/image\\\/\",\"url\":\"https:\\\/\\\/novoaglobal.com\\\/sw\\\/wp-content\\\/uploads\\\/2019\\\/10\\\/logo-history-2.png\",\"contentUrl\":\"https:\\\/\\\/novoaglobal.com\\\/sw\\\/wp-content\\\/uploads\\\/2019\\\/10\\\/logo-history-2.png\",\"width\":394,\"height\":363,\"caption\":\"NovoaGlobal\"},\"image\":{\"@id\":\"https:\\\/\\\/novoaglobal.com\\\/sw\\\/#\\\/schema\\\/logo\\\/image\\\/\"},\"sameAs\":[\"https:\\\/\\\/www.facebook.com\\\/novoaglobal\\\/\",\"https:\\\/\\\/x.com\\\/NovoaGlobal\",\"https:\\\/\\\/www.instagram.com\\\/novoaglobal\\\/\",\"https:\\\/\\\/www.linkedin.com\\\/company\\\/novoaglobal\\\/about\\\/\",\"https:\\\/\\\/www.youtube.com\\\/channel\\\/UCoMVz-xMzL_dyjZ0GgVz7Dw\"]}]}<\/script>\n<!-- \/ Yoast SEO plugin. -->","yoast_head_json":{"title":"NovoaGlobal Uppr\u00e4tth\u00e5llande av hastighetsdetekteringsprogram f\u00f6r skolzoner","description":"NovoaGlobal Safe anv\u00e4nder automatisk kontroll f\u00f6r att \u00f6vervaka och uppr\u00e4tth\u00e5lla f\u00f6rarens hastigheter, f\u00e5nga \u00f6vertr\u00e4delsebilder och video.","robots":{"index":"index","follow":"follow","max-snippet":"max-snippet:-1","max-image-preview":"max-image-preview:large","max-video-preview":"max-video-preview:-1"},"canonical":"https:\/\/novoaglobal.com\/sw\/skolzon-fartsaker\/","og_locale":"sv_SE","og_type":"article","og_title":"NovoaGlobal Uppr\u00e4tth\u00e5llande av hastighetsdetekteringsprogram f\u00f6r skolzoner","og_description":"NovoaGlobal Safe anv\u00e4nder automatisk kontroll f\u00f6r att \u00f6vervaka och uppr\u00e4tth\u00e5lla f\u00f6rarens hastigheter, f\u00e5nga \u00f6vertr\u00e4delsebilder och video.","og_url":"https:\/\/novoaglobal.com\/sw\/skolzon-fartsaker\/","og_site_name":"NovoaGlobal\u00ae","article_publisher":"https:\/\/www.facebook.com\/novoaglobal\/","article_modified_time":"2022-01-19T06:22:31+00:00","og_image":[{"width":1000,"height":773,"url":"https:\/\/novoaglobal.com\/sw\/wp-content\/uploads\/2019\/10\/Scool-Zone-1.jpg","type":"image\/jpeg"}],"twitter_card":"summary_large_image","twitter_site":"@NovoaGlobal","twitter_misc":{"Ber\u00e4knad l\u00e4stid":"1 minut"},"schema":{"@context":"https:\/\/schema.org","@graph":[{"@type":"WebPage","@id":"https:\/\/novoaglobal.com\/sw\/skolzon-fartsaker\/","url":"https:\/\/novoaglobal.com\/sw\/skolzon-fartsaker\/","name":"NovoaGlobal Uppr\u00e4tth\u00e5llande av hastighetsdetekteringsprogram f\u00f6r skolzoner","isPartOf":{"@id":"https:\/\/novoaglobal.com\/sw\/#website"},"primaryImageOfPage":{"@id":"https:\/\/novoaglobal.com\/sw\/skolzon-fartsaker\/#primaryimage"},"image":{"@id":"https:\/\/novoaglobal.com\/sw\/skolzon-fartsaker\/#primaryimage"},"thumbnailUrl":"https:\/\/novoaglobal.com\/sw\/wp-content\/uploads\/2019\/10\/Scool-Zone-1.jpg","datePublished":"2019-10-12T05:06:21+00:00","dateModified":"2022-01-19T06:22:31+00:00","description":"NovoaGlobal Safe anv\u00e4nder automatisk kontroll f\u00f6r att \u00f6vervaka och uppr\u00e4tth\u00e5lla f\u00f6rarens hastigheter, f\u00e5nga \u00f6vertr\u00e4delsebilder och video.","breadcrumb":{"@id":"https:\/\/novoaglobal.com\/sw\/skolzon-fartsaker\/#breadcrumb"},"inLanguage":"sv-SE","potentialAction":[{"@type":"ReadAction","target":["https:\/\/novoaglobal.com\/sw\/skolzon-fartsaker\/"]}]},{"@type":"ImageObject","inLanguage":"sv-SE","@id":"https:\/\/novoaglobal.com\/sw\/skolzon-fartsaker\/#primaryimage","url":"https:\/\/novoaglobal.com\/sw\/wp-content\/uploads\/2019\/10\/Scool-Zone-1.jpg","contentUrl":"https:\/\/novoaglobal.com\/sw\/wp-content\/uploads\/2019\/10\/Scool-Zone-1.jpg","width":1000,"height":773,"caption":"NovoaGlobal offers School Zone Speed-Safe Automated Camera Detection"},{"@type":"BreadcrumbList","@id":"https:\/\/novoaglobal.com\/sw\/skolzon-fartsaker\/#breadcrumb","itemListElement":[{"@type":"ListItem","position":1,"name":"Home","item":"https:\/\/novoaglobal.com\/sw\/"},{"@type":"ListItem","position":2,"name":"SKOLZON HASTIGHET"}]},{"@type":"WebSite","@id":"https:\/\/novoaglobal.com\/sw\/#website","url":"https:\/\/novoaglobal.com\/sw\/","name":"NovoaGlobal\u00ae","description":"Creating Safer Communities","publisher":{"@id":"https:\/\/novoaglobal.com\/sw\/#organization"},"potentialAction":[{"@type":"SearchAction","target":{"@type":"EntryPoint","urlTemplate":"https:\/\/novoaglobal.com\/sw\/?s={search_term_string}"},"query-input":{"@type":"PropertyValueSpecification","valueRequired":true,"valueName":"search_term_string"}}],"inLanguage":"sv-SE"},{"@type":"Organization","@id":"https:\/\/novoaglobal.com\/sw\/#organization","name":"NovoaGlobal","url":"https:\/\/novoaglobal.com\/sw\/","logo":{"@type":"ImageObject","inLanguage":"sv-SE","@id":"https:\/\/novoaglobal.com\/sw\/#\/schema\/logo\/image\/","url":"https:\/\/novoaglobal.com\/sw\/wp-content\/uploads\/2019\/10\/logo-history-2.png","contentUrl":"https:\/\/novoaglobal.com\/sw\/wp-content\/uploads\/2019\/10\/logo-history-2.png","width":394,"height":363,"caption":"NovoaGlobal"},"image":{"@id":"https:\/\/novoaglobal.com\/sw\/#\/schema\/logo\/image\/"},"sameAs":["https:\/\/www.facebook.com\/novoaglobal\/","https:\/\/x.com\/NovoaGlobal","https:\/\/www.instagram.com\/novoaglobal\/","https:\/\/www.linkedin.com\/company\/novoaglobal\/about\/","https:\/\/www.youtube.com\/channel\/UCoMVz-xMzL_dyjZ0GgVz7Dw"]}]}},"_links":{"self":[{"href":"https:\/\/novoaglobal.com\/sw\/wp-json\/wp\/v2\/pages\/2051","targetHints":{"allow":["GET"]}}],"collection":[{"href":"https:\/\/novoaglobal.com\/sw\/wp-json\/wp\/v2\/pages"}],"about":[{"href":"https:\/\/novoaglobal.com\/sw\/wp-json\/wp\/v2\/types\/page"}],"author":[{"embeddable":true,"href":"https:\/\/novoaglobal.com\/sw\/wp-json\/wp\/v2\/users\/1"}],"replies":[{"embeddable":true,"href":"https:\/\/novoaglobal.com\/sw\/wp-json\/wp\/v2\/comments?post=2051"}],"version-history":[{"count":3,"href":"https:\/\/novoaglobal.com\/sw\/wp-json\/wp\/v2\/pages\/2051\/revisions"}],"predecessor-version":[{"id":10481,"href":"https:\/\/novoaglobal.com\/sw\/wp-json\/wp\/v2\/pages\/2051\/revisions\/10481"}],"wp:featuredmedia":[{"embeddable":true,"href":"https:\/\/novoaglobal.com\/sw\/wp-json\/wp\/v2\/media\/6177"}],"wp:attachment":[{"href":"https:\/\/novoaglobal.com\/sw\/wp-json\/wp\/v2\/media?parent=2051"}],"curies":[{"name":"wp","href":"https:\/\/api.w.org\/{rel}","templated":true}]}}