{"id":1993,"date":"2019-10-09T12:38:15","date_gmt":"2019-10-09T12:38:15","guid":{"rendered":"https:\/\/novoaglobal.com\/sw\/?page_id=1993"},"modified":"2022-01-18T07:44:23","modified_gmt":"2022-01-18T07:44:23","slug":"vittnesmal","status":"publish","type":"page","link":"https:\/\/novoaglobal.com\/sw\/vittnesmal\/","title":{"rendered":"VITTENSKAP"},"content":{"rendered":"<section class=\"sh-section sh-section-2ace25617d58405afab3f0511f8aaa8e fw-main-row sh-section-visibility-everywhere\">\n\t\n\t\n\t<div class=\"sh-section-container container-fluid\">\n\t\t<div class=\"fw-row\">\n\t\n<div class=\"sh-column sh-column-a54380d7609a9cae197599539473d847 fw-col-xs-12\" >\n\n\t\n\t<div class=\"sh-column-wrapper\">\n\t\t\n<div class=\"sh-heading  \" id=\"heading-4d79317bf035a7d192cdba53dbb20dc8\">\n\t<div class=\"sh-element-margin\">\n\n\t\t\n\t\t\t<h2 class=\"sh-heading-content size-xxl text-center\">\n\t\t\t\tVAD V\u00c5RA KUNDER S\u00c4GER OM OSS\t\t\t<\/h2>\n\n\t\t\n\t<\/div>\n<\/div>\n\t<\/div>\n\n\n\t\t\n\n<\/div>\n<\/div>\n\n\t<\/div>\n<\/section>\n\n<section class=\"sh-section sh-section-bc747ce925a229f9a5557186501c7fb0 fw-main-row sh-section-visibility-everywhere sh-animated fadeInUp\" id=\"testimonials\" data-wow-duration=\"1s\" >\n\t\n\t\n\t<div class=\"sh-section-container container\">\n\t\t<div class=\"fw-row\">\n\t\n<div class=\"sh-column sh-column-1f3b8488eead8b3af7f525e55b71d468 fw-col-xs-12 sh-column-mobile-padding\" >\n\n\t\n\t<div class=\"sh-column-wrapper\">\n\t\t\n<div class=\"sh-heading  \" id=\"heading-fe64df341638e39aa9b36a03cc09d2cd\">\n\t<div class=\"sh-element-margin\">\n\n\t\t\n\t\t\t<h3 class=\"sh-heading-content size-xs text-center\">\n\t\t\t\tKLIENT\t\t\t<\/h3>\n\n\t\t\n\t<\/div>\n<\/div>\n\n<div class=\"sh-heading  \" id=\"heading-bc35dd134e638b933dfcc6a368a082a1\">\n\t<div class=\"sh-element-margin\">\n\n\t\t\n\t\t\t<h1 class=\"sh-heading-content size-l text-center\">\n\t\t\t\tVITTENSKAP\t\t\t<\/h1>\n\n\t\t\n\t<\/div>\n<\/div>\n\n<script type=\"text\/javascript\">\njQuery(document).ready(function ($) {\n\n\t$('#testimonials-slider-68bb7397eb79790c1d76394fa72c12e5').on('init', function(event, slick, currentSlide, nextSlide){\n\t\t$('#testimonials-68bb7397eb79790c1d76394fa72c12e5 .sh-testimonials-switch').css( 'opacity','1' );\n\t});\n\n\t$('#testimonials-slider-68bb7397eb79790c1d76394fa72c12e5').slick({\n\t\tdots: false,\n\t\tarrows: true,\n\t\tinfinite: true,\n\t\tspeed: 500,\n\t\tslidesToShow: 1,\n\t\tfade: true,\n\t\tresponsive: [\n\t\t\t{\n\t\t\t\tbreakpoint: 1000,\n\t\t\t\tsettings: {\n\t\t\t\t\tslidesToShow: 1\n\t\t\t\t}\n\t\t\t}\n\t\t],\n\t\tadaptiveHeight: true,\n\t\tautoplay: false,\n\t\tautoplaySpeed: 5000,\n\t});\n\n\tfunction testimonials_slider_update_68bb7397eb79790c1d76394fa72c12e5() {\n\t\t$('#testimonials-slider-68bb7397eb79790c1d76394fa72c12e5 .slick-slide').css('height', '');\n\t\tvar stHeight = $('#testimonials-slider-68bb7397eb79790c1d76394fa72c12e5 .slick-track').height();\n\t\t$('#testimonials-slider-68bb7397eb79790c1d76394fa72c12e5 .slick-slide').css('height',stHeight + 'px' );\n\t}\n\n\ttestimonials_slider_update_68bb7397eb79790c1d76394fa72c12e5();\n\t$(window).on( 'load resize', function() {\n\t\tsetTimeout(function(){\n\t\t\ttestimonials_slider_update_68bb7397eb79790c1d76394fa72c12e5();\n\t\t}, 50);\n\t});\n\n\t$('#testimonials-68bb7397eb79790c1d76394fa72c12e5 .sh-testimonials-prev').on( 'click', function() {\n\t\t$('#testimonials-slider-68bb7397eb79790c1d76394fa72c12e5').slick('slickPrev');\n\t});\n\n\t$('#testimonials-68bb7397eb79790c1d76394fa72c12e5 .sh-testimonials-next').on( 'click', function() {\n\t\t$('#testimonials-slider-68bb7397eb79790c1d76394fa72c12e5').slick('slickNext');\n\t});\n\n});\n<\/script>\n\n<div id=\"testimonials-68bb7397eb79790c1d76394fa72c12e5\" class=\"sh-testimonials sh-testimonials-quote-off sh-testimonials-style3\">\n\t<div class=\"sh-testimonials-group\" id=\"testimonials-slider-68bb7397eb79790c1d76394fa72c12e5\">\n\t\t\t\t\t\n\t\t\t\t\t\t\t\t\t<div class=\"sh-testimonials-item\">\n\t\t\t\t\n\t\t\t\t\t<div class=\"sh-testimonials-item-container\">\n\t\t\t\t\t\t<div class=\"sh-testimonials-table sh-table text-left\">\n\t\t\t\t\t\t\t<div class=\"sh-testimonials-table-icon sh-table-cell text-center\">\n\t\t\t\t\t\t\t\t<div class=\"sh-testimonials-quote-icon\">\n\t\t\t\t\t\t\t\t\t<i class=\"ti-quote-right\"><\/i>\n\t\t\t\t\t\t\t\t<\/div>\n\t\t\t\t\t\t\t<\/div>\n\t\t\t\t\t\t\t\t\t\t\t\t\t\t\t<div class=\"sh-testimonials-table-image sh-table-cell\">\n\t\t\t\t\t\t\t\t\t<div class=\"sh-testimonials-image\" style=\"background-image: url(\/\/novoaglobal.com\/sw\/wp-content\/uploads\/2019\/10\/rl2.jpg);\"><\/div>\n\t\t\t\t\t\t\t\t<\/div>\n\t\t\t\t\t\t\t\t\t\t\t\t\t\t<div class=\"sh-testimonials-table-name sh-table-cell\">\n\t\t\t\t\t\t\t\t<div class=\"sh-testimonials-name\">\n\t\t\t\t\t\t\t\t\t<h3>Murfreesboro-Polisen Donald Schubert<\/h3>\n\t\t\t\t\t\t\t\t<\/div>\n\t\t\t\t\t\t\t\t<div class=\"sh-testimonials-job\">\n\t\t\t\t\t\t\t\t\t\t\t\t\t\t\t\t\t<\/div>\n\t\t\t\t\t\t\t<\/div>\n\t\t\t\t\t\t\t<div class=\"sh-testimonials-table-quote sh-table-cell-top\">\n\t\t\t\t\t\t\t\t<div class=\"sh-testimonials-quote\">\n\t\t\t\t\t\t\t\t\tDe nya r\u00f6dljuskamerorna \u00e4r mycket tydligare!...N\u00e4r staden Murfreesboro bytte leverant\u00f6r som tillhandah\u00f6ll r\u00f6dljuskamerorna, zoomade de in i en ny h\u00f6gteknologisk era av klarhet... Det \u00e4r stor skillnad p\u00e5 videon och stillbilderna. Det \u00e4r som att du st\u00e5r d\u00e4r i gath\u00f6rnet och tittar p\u00e5 \u00f6vertr\u00e4delsen\t\t\t\t\t\t\t\t<\/div>\n\t\t\t\t\t\t\t<\/div>\n\t\t\t\t\t\t<\/div>\n\t\t\t\t\t<\/div>\n\n\t\t\t\t\n\t\t\t\n\t\t\t\t\n\t\t\t\t\t<div class=\"sh-testimonials-item-container\">\n\t\t\t\t\t\t<div class=\"sh-testimonials-table sh-table text-left\">\n\t\t\t\t\t\t\t<div class=\"sh-testimonials-table-icon sh-table-cell text-center\">\n\t\t\t\t\t\t\t\t<div class=\"sh-testimonials-quote-icon\">\n\t\t\t\t\t\t\t\t\t<i class=\"ti-quote-right\"><\/i>\n\t\t\t\t\t\t\t\t<\/div>\n\t\t\t\t\t\t\t<\/div>\n\t\t\t\t\t\t\t\t\t\t\t\t\t\t\t<div class=\"sh-testimonials-table-image sh-table-cell\">\n\t\t\t\t\t\t\t\t\t<div class=\"sh-testimonials-image\" style=\"background-image: url(\/\/novoaglobal.com\/sw\/wp-content\/uploads\/2019\/10\/Annotation-2019-10-14-022118.jpg);\"><\/div>\n\t\t\t\t\t\t\t\t<\/div>\n\t\t\t\t\t\t\t\t\t\t\t\t\t\t<div class=\"sh-testimonials-table-name sh-table-cell\">\n\t\t\t\t\t\t\t\t<div class=\"sh-testimonials-name\">\n\t\t\t\t\t\t\t\t\t<h3>Staden Orlando Transportdirekt\u00f6r Billy Hattaway<\/h3>\n\t\t\t\t\t\t\t\t<\/div>\n\t\t\t\t\t\t\t\t<div class=\"sh-testimonials-job\">\n\t\t\t\t\t\t\t\t\t\t\t\t\t\t\t\t\t<\/div>\n\t\t\t\t\t\t\t<\/div>\n\t\t\t\t\t\t\t<div class=\"sh-testimonials-table-quote sh-table-cell-top\">\n\t\t\t\t\t\t\t\t<div class=\"sh-testimonials-quote\">\n\t\t\t\t\t\t\t\t\tVi har sett en 15 % minskning av \u00f6vertr\u00e4delser som ett resultat av programmet... Den minskningen betyder en sak, liv r\u00e4ddas.\t\t\t\t\t\t\t\t<\/div>\n\t\t\t\t\t\t\t<\/div>\n\t\t\t\t\t\t<\/div>\n\t\t\t\t\t<\/div>\n\n\t\t\t\t\t\t\t\t\t<\/div>\n\t\t\t\t\n\t\t\t\n\t\t\t\t\t\t\t\t\t<div class=\"sh-testimonials-item\">\n\t\t\t\t\n\t\t\t\t\t<div class=\"sh-testimonials-item-container\">\n\t\t\t\t\t\t<div class=\"sh-testimonials-table sh-table text-left\">\n\t\t\t\t\t\t\t<div class=\"sh-testimonials-table-icon sh-table-cell text-center\">\n\t\t\t\t\t\t\t\t<div class=\"sh-testimonials-quote-icon\">\n\t\t\t\t\t\t\t\t\t<i class=\"ti-quote-right\"><\/i>\n\t\t\t\t\t\t\t\t<\/div>\n\t\t\t\t\t\t\t<\/div>\n\t\t\t\t\t\t\t\t\t\t\t\t\t\t\t<div class=\"sh-testimonials-table-image sh-table-cell\">\n\t\t\t\t\t\t\t\t\t<div class=\"sh-testimonials-image\" style=\"background-image: url(\/\/novoaglobal.com\/sw\/wp-content\/uploads\/2019\/10\/test-2.jpg);\"><\/div>\n\t\t\t\t\t\t\t\t<\/div>\n\t\t\t\t\t\t\t\t\t\t\t\t\t\t<div class=\"sh-testimonials-table-name sh-table-cell\">\n\t\t\t\t\t\t\t\t<div class=\"sh-testimonials-name\">\n\t\t\t\t\t\t\t\t\t<h3>Bitr\u00e4dande Chef Shawn Gustason \u2013 Tacomas Polisavdelning, WA<\/h3>\n\t\t\t\t\t\t\t\t<\/div>\n\t\t\t\t\t\t\t\t<div class=\"sh-testimonials-job\">\n\t\t\t\t\t\t\t\t\t\t\t\t\t\t\t\t\t<\/div>\n\t\t\t\t\t\t\t<\/div>\n\t\t\t\t\t\t\t<div class=\"sh-testimonials-table-quote sh-table-cell-top\">\n\t\t\t\t\t\t\t\t<div class=\"sh-testimonials-quote\">\n\t\t\t\t\t\t\t\t\tEfter att ha bytt leverant\u00f6rer av fototill\u00e4mpning till NovoaGlobal har antalet \u00f6vertr\u00e4delser \u00f6kat, de anpassade sin backoffice\/domstolsmjukvara till v\u00e5ra specifika behov och de ger enast\u00e5ende kundservice. V\u00e5r flytt till Novoa Global \u00f6vertr\u00e4ffade alla f\u00f6rv\u00e4ntningar\t\t\t\t\t\t\t\t<\/div>\n\t\t\t\t\t\t\t<\/div>\n\t\t\t\t\t\t<\/div>\n\t\t\t\t\t<\/div>\n\n\t\t\t\t\t\t\t\t\t<\/div>\n\t\t\t\t\n\t\t\t\t\t\t<\/div>\n\n\t\t\t\t\t\t\t\t\t\t<div class=\"sh-testimonials-switch sh-group\">\n\t\t\t\t\t<div class=\"sh-testimonials-prev\">\n\t\t\t\t\t\t<i class=\"icon-arrow-left\"><\/i>\n\t\t\t\t\t<\/div>\n\t\t\t\t\t<div class=\"sh-testimonials-next\">\n\t\t\t\t\t\t<i class=\"icon-arrow-right\"><\/i>\n\t\t\t\t\t<\/div>\n\t\t\t\t<\/div>\n\t\t\t\t\t\t<\/div>\n\t<\/div>\n\n\n\t\t\n\n<\/div>\n<\/div>\n\n\t<\/div>\n<\/section>\n","protected":false},"excerpt":{"rendered":"<p>VAD V\u00c5RA KUNDER S\u00c4GER OM OSS KLIENT VITTENSKAP Murfreesboro-Polisen Donald Schubert De nya r\u00f6dljuskamerorna \u00e4r mycket tydligare!&#8230;N\u00e4r staden Murfreesboro bytte leverant\u00f6r som tillhandah\u00f6ll r\u00f6dljuskamerorna, zoomade de in i en ny&#8230;<\/p>\n","protected":false},"author":1,"featured_media":0,"parent":0,"menu_order":0,"comment_status":"closed","ping_status":"closed","template":"","meta":{"_exactmetrics_skip_tracking":false,"_exactmetrics_sitenote_active":false,"_exactmetrics_sitenote_note":"","_exactmetrics_sitenote_category":0,"footnotes":""},"class_list":["post-1993","page","type-page","status-publish","hentry"],"yoast_head":"<!-- This site is optimized with the Yoast SEO plugin v27.4 - https:\/\/yoast.com\/product\/yoast-seo-wordpress\/ -->\n<title>NovoaGlobal vittnesm\u00e5l<\/title>\n<meta name=\"description\" content=\"NovoaGlobal vittnesm\u00e5l Skapar s\u00e4krare samh\u00e4llen med Automated School Zone Speed Detection Camera Enforcement f\u00f6r att utbilda f\u00f6rare, uppr\u00e4tth\u00e5lla s\u00e4kerhetslagar f\u00f6r skolzoner\" \/>\n<meta name=\"robots\" content=\"index, follow, max-snippet:-1, max-image-preview:large, max-video-preview:-1\" \/>\n<link rel=\"canonical\" href=\"https:\/\/novoaglobal.com\/sw\/vittnesmal\/\" \/>\n<meta property=\"og:locale\" content=\"sv_SE\" \/>\n<meta property=\"og:type\" content=\"article\" \/>\n<meta property=\"og:title\" content=\"NovoaGlobal vittnesm\u00e5l\" \/>\n<meta property=\"og:description\" content=\"NovoaGlobal vittnesm\u00e5l Skapar s\u00e4krare samh\u00e4llen med Automated School Zone Speed Detection Camera Enforcement f\u00f6r att utbilda f\u00f6rare, uppr\u00e4tth\u00e5lla s\u00e4kerhetslagar f\u00f6r skolzoner\" \/>\n<meta property=\"og:url\" content=\"https:\/\/novoaglobal.com\/sw\/vittnesmal\/\" \/>\n<meta property=\"og:site_name\" content=\"NovoaGlobal\u00ae\" \/>\n<meta property=\"article:publisher\" content=\"https:\/\/www.facebook.com\/novoaglobal\/\" \/>\n<meta property=\"article:modified_time\" content=\"2022-01-18T07:44:23+00:00\" \/>\n<meta name=\"twitter:card\" content=\"summary_large_image\" \/>\n<meta name=\"twitter:site\" content=\"@NovoaGlobal\" \/>\n<meta name=\"twitter:label1\" content=\"Ber\u00e4knad l\u00e4stid\" \/>\n\t<meta name=\"twitter:data1\" content=\"1 minut\" \/>\n<script type=\"application\/ld+json\" class=\"yoast-schema-graph\">{\"@context\":\"https:\\\/\\\/schema.org\",\"@graph\":[{\"@type\":\"WebPage\",\"@id\":\"https:\\\/\\\/novoaglobal.com\\\/sw\\\/vittnesmal\\\/\",\"url\":\"https:\\\/\\\/novoaglobal.com\\\/sw\\\/vittnesmal\\\/\",\"name\":\"NovoaGlobal vittnesm\u00e5l\",\"isPartOf\":{\"@id\":\"https:\\\/\\\/novoaglobal.com\\\/sw\\\/#website\"},\"datePublished\":\"2019-10-09T12:38:15+00:00\",\"dateModified\":\"2022-01-18T07:44:23+00:00\",\"description\":\"NovoaGlobal vittnesm\u00e5l Skapar s\u00e4krare samh\u00e4llen med Automated School Zone Speed Detection Camera Enforcement f\u00f6r att utbilda f\u00f6rare, uppr\u00e4tth\u00e5lla s\u00e4kerhetslagar f\u00f6r skolzoner\",\"breadcrumb\":{\"@id\":\"https:\\\/\\\/novoaglobal.com\\\/sw\\\/vittnesmal\\\/#breadcrumb\"},\"inLanguage\":\"sv-SE\",\"potentialAction\":[{\"@type\":\"ReadAction\",\"target\":[\"https:\\\/\\\/novoaglobal.com\\\/sw\\\/vittnesmal\\\/\"]}]},{\"@type\":\"BreadcrumbList\",\"@id\":\"https:\\\/\\\/novoaglobal.com\\\/sw\\\/vittnesmal\\\/#breadcrumb\",\"itemListElement\":[{\"@type\":\"ListItem\",\"position\":1,\"name\":\"Home\",\"item\":\"https:\\\/\\\/novoaglobal.com\\\/sw\\\/\"},{\"@type\":\"ListItem\",\"position\":2,\"name\":\"VITTENSKAP\"}]},{\"@type\":\"WebSite\",\"@id\":\"https:\\\/\\\/novoaglobal.com\\\/sw\\\/#website\",\"url\":\"https:\\\/\\\/novoaglobal.com\\\/sw\\\/\",\"name\":\"NovoaGlobal\u00ae\",\"description\":\"Creating Safer Communities\",\"publisher\":{\"@id\":\"https:\\\/\\\/novoaglobal.com\\\/sw\\\/#organization\"},\"potentialAction\":[{\"@type\":\"SearchAction\",\"target\":{\"@type\":\"EntryPoint\",\"urlTemplate\":\"https:\\\/\\\/novoaglobal.com\\\/sw\\\/?s={search_term_string}\"},\"query-input\":{\"@type\":\"PropertyValueSpecification\",\"valueRequired\":true,\"valueName\":\"search_term_string\"}}],\"inLanguage\":\"sv-SE\"},{\"@type\":\"Organization\",\"@id\":\"https:\\\/\\\/novoaglobal.com\\\/sw\\\/#organization\",\"name\":\"NovoaGlobal\",\"url\":\"https:\\\/\\\/novoaglobal.com\\\/sw\\\/\",\"logo\":{\"@type\":\"ImageObject\",\"inLanguage\":\"sv-SE\",\"@id\":\"https:\\\/\\\/novoaglobal.com\\\/sw\\\/#\\\/schema\\\/logo\\\/image\\\/\",\"url\":\"https:\\\/\\\/novoaglobal.com\\\/sw\\\/wp-content\\\/uploads\\\/2019\\\/10\\\/logo-history-2.png\",\"contentUrl\":\"https:\\\/\\\/novoaglobal.com\\\/sw\\\/wp-content\\\/uploads\\\/2019\\\/10\\\/logo-history-2.png\",\"width\":394,\"height\":363,\"caption\":\"NovoaGlobal\"},\"image\":{\"@id\":\"https:\\\/\\\/novoaglobal.com\\\/sw\\\/#\\\/schema\\\/logo\\\/image\\\/\"},\"sameAs\":[\"https:\\\/\\\/www.facebook.com\\\/novoaglobal\\\/\",\"https:\\\/\\\/x.com\\\/NovoaGlobal\",\"https:\\\/\\\/www.instagram.com\\\/novoaglobal\\\/\",\"https:\\\/\\\/www.linkedin.com\\\/company\\\/novoaglobal\\\/about\\\/\",\"https:\\\/\\\/www.youtube.com\\\/channel\\\/UCoMVz-xMzL_dyjZ0GgVz7Dw\"]}]}<\/script>\n<!-- \/ Yoast SEO plugin. -->","yoast_head_json":{"title":"NovoaGlobal vittnesm\u00e5l","description":"NovoaGlobal vittnesm\u00e5l Skapar s\u00e4krare samh\u00e4llen med Automated School Zone Speed Detection Camera Enforcement f\u00f6r att utbilda f\u00f6rare, uppr\u00e4tth\u00e5lla s\u00e4kerhetslagar f\u00f6r skolzoner","robots":{"index":"index","follow":"follow","max-snippet":"max-snippet:-1","max-image-preview":"max-image-preview:large","max-video-preview":"max-video-preview:-1"},"canonical":"https:\/\/novoaglobal.com\/sw\/vittnesmal\/","og_locale":"sv_SE","og_type":"article","og_title":"NovoaGlobal vittnesm\u00e5l","og_description":"NovoaGlobal vittnesm\u00e5l Skapar s\u00e4krare samh\u00e4llen med Automated School Zone Speed Detection Camera Enforcement f\u00f6r att utbilda f\u00f6rare, uppr\u00e4tth\u00e5lla s\u00e4kerhetslagar f\u00f6r skolzoner","og_url":"https:\/\/novoaglobal.com\/sw\/vittnesmal\/","og_site_name":"NovoaGlobal\u00ae","article_publisher":"https:\/\/www.facebook.com\/novoaglobal\/","article_modified_time":"2022-01-18T07:44:23+00:00","twitter_card":"summary_large_image","twitter_site":"@NovoaGlobal","twitter_misc":{"Ber\u00e4knad l\u00e4stid":"1 minut"},"schema":{"@context":"https:\/\/schema.org","@graph":[{"@type":"WebPage","@id":"https:\/\/novoaglobal.com\/sw\/vittnesmal\/","url":"https:\/\/novoaglobal.com\/sw\/vittnesmal\/","name":"NovoaGlobal vittnesm\u00e5l","isPartOf":{"@id":"https:\/\/novoaglobal.com\/sw\/#website"},"datePublished":"2019-10-09T12:38:15+00:00","dateModified":"2022-01-18T07:44:23+00:00","description":"NovoaGlobal vittnesm\u00e5l Skapar s\u00e4krare samh\u00e4llen med Automated School Zone Speed Detection Camera Enforcement f\u00f6r att utbilda f\u00f6rare, uppr\u00e4tth\u00e5lla s\u00e4kerhetslagar f\u00f6r skolzoner","breadcrumb":{"@id":"https:\/\/novoaglobal.com\/sw\/vittnesmal\/#breadcrumb"},"inLanguage":"sv-SE","potentialAction":[{"@type":"ReadAction","target":["https:\/\/novoaglobal.com\/sw\/vittnesmal\/"]}]},{"@type":"BreadcrumbList","@id":"https:\/\/novoaglobal.com\/sw\/vittnesmal\/#breadcrumb","itemListElement":[{"@type":"ListItem","position":1,"name":"Home","item":"https:\/\/novoaglobal.com\/sw\/"},{"@type":"ListItem","position":2,"name":"VITTENSKAP"}]},{"@type":"WebSite","@id":"https:\/\/novoaglobal.com\/sw\/#website","url":"https:\/\/novoaglobal.com\/sw\/","name":"NovoaGlobal\u00ae","description":"Creating Safer Communities","publisher":{"@id":"https:\/\/novoaglobal.com\/sw\/#organization"},"potentialAction":[{"@type":"SearchAction","target":{"@type":"EntryPoint","urlTemplate":"https:\/\/novoaglobal.com\/sw\/?s={search_term_string}"},"query-input":{"@type":"PropertyValueSpecification","valueRequired":true,"valueName":"search_term_string"}}],"inLanguage":"sv-SE"},{"@type":"Organization","@id":"https:\/\/novoaglobal.com\/sw\/#organization","name":"NovoaGlobal","url":"https:\/\/novoaglobal.com\/sw\/","logo":{"@type":"ImageObject","inLanguage":"sv-SE","@id":"https:\/\/novoaglobal.com\/sw\/#\/schema\/logo\/image\/","url":"https:\/\/novoaglobal.com\/sw\/wp-content\/uploads\/2019\/10\/logo-history-2.png","contentUrl":"https:\/\/novoaglobal.com\/sw\/wp-content\/uploads\/2019\/10\/logo-history-2.png","width":394,"height":363,"caption":"NovoaGlobal"},"image":{"@id":"https:\/\/novoaglobal.com\/sw\/#\/schema\/logo\/image\/"},"sameAs":["https:\/\/www.facebook.com\/novoaglobal\/","https:\/\/x.com\/NovoaGlobal","https:\/\/www.instagram.com\/novoaglobal\/","https:\/\/www.linkedin.com\/company\/novoaglobal\/about\/","https:\/\/www.youtube.com\/channel\/UCoMVz-xMzL_dyjZ0GgVz7Dw"]}]}},"_links":{"self":[{"href":"https:\/\/novoaglobal.com\/sw\/wp-json\/wp\/v2\/pages\/1993","targetHints":{"allow":["GET"]}}],"collection":[{"href":"https:\/\/novoaglobal.com\/sw\/wp-json\/wp\/v2\/pages"}],"about":[{"href":"https:\/\/novoaglobal.com\/sw\/wp-json\/wp\/v2\/types\/page"}],"author":[{"embeddable":true,"href":"https:\/\/novoaglobal.com\/sw\/wp-json\/wp\/v2\/users\/1"}],"replies":[{"embeddable":true,"href":"https:\/\/novoaglobal.com\/sw\/wp-json\/wp\/v2\/comments?post=1993"}],"version-history":[{"count":3,"href":"https:\/\/novoaglobal.com\/sw\/wp-json\/wp\/v2\/pages\/1993\/revisions"}],"predecessor-version":[{"id":10469,"href":"https:\/\/novoaglobal.com\/sw\/wp-json\/wp\/v2\/pages\/1993\/revisions\/10469"}],"wp:attachment":[{"href":"https:\/\/novoaglobal.com\/sw\/wp-json\/wp\/v2\/media?parent=1993"}],"curies":[{"name":"wp","href":"https:\/\/api.w.org\/{rel}","templated":true}]}}