{"id":6951,"date":"2020-07-13T22:21:52","date_gmt":"2020-07-13T22:21:52","guid":{"rendered":"https:\/\/novoaglobal.com\/es\/?page_id=6951"},"modified":"2021-10-21T07:30:39","modified_gmt":"2021-10-21T07:30:39","slug":"seguridad-publica","status":"publish","type":"page","link":"https:\/\/novoaglobal.com\/es\/seguridad-publica\/","title":{"rendered":"Soluciones: Seguridad P\u00fablica"},"content":{"rendered":"\n<section class=\"sh-section sh-section-d2d9502304f349b0d9d1e9013bc6dd79 fw-main-row sh-section-visibility-everywhere\">\n\t\n\t\n\t<div class=\"sh-section-container container\">\n\t\t<div class=\"fw-row\">\n\t\n<div class=\"sh-column sh-column-95599771c75cdc0cf965066b48bde958 fw-col-xs-12 fw-col-sm-4\" >\n\n\t\n\t<div class=\"sh-column-wrapper\">\n\t\t\n<div class=\"sh-heading  \" id=\"heading-43dcd9b58723e01bd4c82710b78c03c4\">\n\t<div class=\"sh-element-margin\">\n\n\t\t\n\t\t\t<h1 class=\"sh-heading-content size-default text-left\">\n\t\t\t\tSeguridad P\u00fablica\t\t\t<\/h1>\n\n\t\t\n\t<\/div>\n<\/div>\n\n<div id=\"text-block-23ba3291331df62b990dfb668ce2ea66\" class=\"sh-text-block\">\n\t<p>La soluci\u00f3n de seguridad p\u00fablica de NovoaGlobal integra el monitoreo de video del veh\u00edculo y el reconocimiento de matr\u00edculas, con captura, grabaci\u00f3n y almacenamiento de video en vivo. Toda la evidencia se re\u00fane en una herramienta de gesti\u00f3n de casos para resolver delitos y capturar delincuentes.<\/p><\/div>\n\t<\/div>\n\n\n\t\t\n\n<\/div>\n\n<div class=\"sh-column sh-column-8231e9e37efd61b10abbaf59a3290b43 fw-col-xs-12 fw-col-sm-4\" >\n\n\t\n\t<div class=\"sh-column-wrapper\">\n\t\t\n<div id=\"video-player-b67ed464f3e67dc9f31f9a19415aa6e3\" class=\"sh-video-player sh-video-player-style1 sh-placement-left\">\n\t<div class=\"sh-video-player-container\">\n\t\t<div class=\"sh-video-player-content\">\n\t\t\t<iframe title=\"NovoaGlobal Public Safety Video\" width=\"500\" height=\"281\" src=\"https:\/\/www.youtube.com\/embed\/fHIjb0LzKiI?feature=oembed\" frameborder=\"0\" allow=\"accelerometer; autoplay; clipboard-write; encrypted-media; gyroscope; picture-in-picture; web-share\" referrerpolicy=\"strict-origin-when-cross-origin\" allowfullscreen><\/iframe>\t\t<\/div>\n\t<\/div>\n\n\t<\/div>\n\t<\/div>\n\n\n\t\t\n\n<\/div>\n<\/div>\n\n<div class=\"fw-row\">\n\t\n<div class=\"sh-column sh-column-c95c51fcf4897aa0f23e0f3069ff465c fw-col-xs-12\" >\n\n\t\n\t<div class=\"sh-column-wrapper\">\n\t\t\n<div class=\"sh-empty-space\" id=\"empty-space-460c7323667e8e03f1f09ba5843c8690\"><\/div>\n\t<\/div>\n\n\n\t\t\n\n<\/div>\n<\/div>\n\n<div class=\"fw-row\">\n\t\n<div class=\"sh-column sh-column-c95c51fcf4897aa0f23e0f3069ff465c fw-col-xs-12\" >\n\n\t\n\t<div class=\"sh-column-wrapper\">\n\t\t\n<div id=\"text-block-fbf6933f6b98fb03fbe3a96f8b570fab\" class=\"sh-text-block\">\n\t<h3 style=\"text-align: center;\"><strong>Portafolio<\/strong><\/h3><\/div>\n\t<\/div>\n\n\n\t\t\n\n<\/div>\n<\/div>\n\n<div class=\"fw-row\">\n\t\n<div class=\"sh-column sh-column-c95c51fcf4897aa0f23e0f3069ff465c fw-col-xs-12\" >\n\n\t\n\t<div class=\"sh-column-wrapper\">\n\t\t\n\n\n\n\n\n\n<div id=\"portfolio-90a446ac6ab9c3bff6b9e14463cb1770\" class=\"sh-portfolio sh-portfolio-columns3 sh-portfolio-style-masonry2 sh-portfolio-layout-grid\" data-all-filter=\"*\">\n\t\n\t\t\n\t\t<div class=\"category-ciudad-inteligente category-ciudad-segura category-seguridad-publica category-soluciones-integradas sh-portfolio-item sh-portfolio-masonry2 sh-portfolio-overlay-style-overlay2\">\n\n\t\t\t\t\t\t\t<div class=\"sh-portfolio-image\">\n\t\t\t\t\t<div class=\"sh-portfolio-image-position\">\n\t\t\t\t\t\t\t\t\t\t\t\t\t<img decoding=\"async\" class=\"sh-portfolio-img\" src=\"https:\/\/novoaglobal.com\/es\/wp-content\/uploads\/2019\/10\/body-cam-sec-novo-660x420.jpg\" alt=\"body-cam-sec-novo\" \/>\n\t\t\t\t\t\t\t\t\t\t\t<\/div>\n\n\t\t\t\t\t\n\t\t\t\t\t\t\t\t\t\t\t\t\t\t\t\t\t\t<a href=\"https:\/\/novoaglobal.com\/es\/project\/bodycam-sec\/\" class=\"sh-portfolio-overlay sh-portfolio-overlay2\">\n\t\t\t\t\t\t\t\t\t\t\t\n\t\t\t\t\t\t\t\t\t\t\t\t\t\n\t\t\t\t\t\t\t\t<div class=\"sh-portfolio-overlay2-data\">\n\t\t\t\t\t\t\t\t\t<div class=\"sh-portfolio-overlay2-title\">\n\t\t\t\t\t\t\t\t\t\tBODYCAM-SEC\t\t\t\t\t\t\t\t\t<\/div>\n\t\t\t\t\t\t\t\t\t\u00a1PROTEGIENDO A LA POLIC\u00cdA Y A LOS CIUDADANOS CON LAS&hellip;\t\t\t\t\t\t\t\t<\/div>\n\n\t\t\t\t\t\t\t\t<div class=\"sh-portfolio-overlay2-bar\">\n\t\t\t\t\t\t\t\t\t<div class=\"sh-table\">\n\t\t\t\t\t\t\t\t\t\t<div class=\"sh-portfolio-overlay1-icon sh-table-cell\">\n\t\t\t\t\t\t\t\t\t\t\t<i class=\"icon-link\"><\/i>\n\t\t\t\t\t\t\t\t\t\t<\/div>\n\t\t\t\t\t\t\t\t\t\t<div class=\"sh-portfolio-overlay1-categories sh-table-cell\">\n\t\t\t\t\t\t\t\t\t\t\t<span class=\"sh-portfolio-category\">Ciudad inteligente<\/span><span class=\"sh-whitespace-small\"><\/span><span class=\"sh-portfolio-category\">Ciudad segura<\/span><span class=\"sh-whitespace-small\"><\/span><span class=\"sh-portfolio-category\">Seguridad P\u00fablica<\/span><span class=\"sh-whitespace-small\"><\/span><span class=\"sh-portfolio-category\">Soluciones integradas<\/span>\t\t\t\t\t\t\t\t\t\t<\/div>\n\t\t\t\t\t\t\t\t\t<\/div>\n\t\t\t\t\t\t\t\t<\/div>\n\n\t\t\t\t\t\t\t\t\t\t\t\t\t\n\n\t\t\t\t\t\t\t\t\t\t\t\t\t\t\t\t\t\t<\/a>\n\t\t\t\t\t\t\t\t\t\t\t\n\n\t\t\t\t<\/div>\n\t\t\t\n\t\t\t\n\t\t\t\n\t\t<\/div>\n\t\n\t\t\n\t\t<div class=\"category-ciudad-inteligente category-ciudad-segura category-seguridad-publica category-soluciones-integradas sh-portfolio-item sh-portfolio-masonry2 sh-portfolio-overlay-style-overlay2\">\n\n\t\t\t\t\t\t\t<div class=\"sh-portfolio-image\">\n\t\t\t\t\t<div class=\"sh-portfolio-image-position\">\n\t\t\t\t\t\t\t\t\t\t\t\t\t<img decoding=\"async\" class=\"sh-portfolio-img\" src=\"https:\/\/novoaglobal.com\/es\/wp-content\/uploads\/2016\/05\/lpr-sec-for-the-web-660x420.jpg\" alt=\"lpr-sec-for-the-web\" \/>\n\t\t\t\t\t\t\t\t\t\t\t<\/div>\n\n\t\t\t\t\t\n\t\t\t\t\t\t\t\t\t\t\t\t\t\t\t\t\t\t<a href=\"https:\/\/novoaglobal.com\/es\/project\/machine-at-work\/\" class=\"sh-portfolio-overlay sh-portfolio-overlay2\">\n\t\t\t\t\t\t\t\t\t\t\t\n\t\t\t\t\t\t\t\t\t\t\t\t\t\n\t\t\t\t\t\t\t\t<div class=\"sh-portfolio-overlay2-data\">\n\t\t\t\t\t\t\t\t\t<div class=\"sh-portfolio-overlay2-title\">\n\t\t\t\t\t\t\t\t\t\tLPR-SEC\t\t\t\t\t\t\t\t\t<\/div>\n\t\t\t\t\t\t\t\t\tEL RECONOCIMIENTO DE MATR\u00cdCULA DE LPR-SEC AUMENTA LA SEGURIDAD Y&hellip;\t\t\t\t\t\t\t\t<\/div>\n\n\t\t\t\t\t\t\t\t<div class=\"sh-portfolio-overlay2-bar\">\n\t\t\t\t\t\t\t\t\t<div class=\"sh-table\">\n\t\t\t\t\t\t\t\t\t\t<div class=\"sh-portfolio-overlay1-icon sh-table-cell\">\n\t\t\t\t\t\t\t\t\t\t\t<i class=\"icon-link\"><\/i>\n\t\t\t\t\t\t\t\t\t\t<\/div>\n\t\t\t\t\t\t\t\t\t\t<div class=\"sh-portfolio-overlay1-categories sh-table-cell\">\n\t\t\t\t\t\t\t\t\t\t\t<span class=\"sh-portfolio-category\">Ciudad inteligente<\/span><span class=\"sh-whitespace-small\"><\/span><span class=\"sh-portfolio-category\">Ciudad segura<\/span><span class=\"sh-whitespace-small\"><\/span><span class=\"sh-portfolio-category\">Seguridad P\u00fablica<\/span><span class=\"sh-whitespace-small\"><\/span><span class=\"sh-portfolio-category\">Soluciones integradas<\/span>\t\t\t\t\t\t\t\t\t\t<\/div>\n\t\t\t\t\t\t\t\t\t<\/div>\n\t\t\t\t\t\t\t\t<\/div>\n\n\t\t\t\t\t\t\t\t\t\t\t\t\t\n\n\t\t\t\t\t\t\t\t\t\t\t\t\t\t\t\t\t\t<\/a>\n\t\t\t\t\t\t\t\t\t\t\t\n\n\t\t\t\t<\/div>\n\t\t\t\n\t\t\t\n\t\t\t\n\t\t<\/div>\n\t\n\t\t\n\t\t<div class=\"category-ciudad-inteligente category-ciudad-segura category-seguridad-publica category-soluciones-integradas sh-portfolio-item sh-portfolio-masonry2 sh-portfolio-overlay-style-overlay2\">\n\n\t\t\t\t\t\t\t<div class=\"sh-portfolio-image\">\n\t\t\t\t\t<div class=\"sh-portfolio-image-position\">\n\t\t\t\t\t\t\t\t\t\t\t\t\t<img decoding=\"async\" class=\"sh-portfolio-img\" src=\"https:\/\/novoaglobal.com\/es\/wp-content\/uploads\/2016\/05\/NG-School-Zone-Speed-Web-Solutions_edited-2-smaller-for-the-web-660x420.jpg\" alt=\"NG-School-Zone-Speed-Web-Solutions_edited-2-smaller-for-the-web\" \/>\n\t\t\t\t\t\t\t\t\t\t\t<\/div>\n\n\t\t\t\t\t\n\t\t\t\t\t\t\t\t\t\t\t\t\t\t\t\t\t\t<a href=\"https:\/\/novoaglobal.com\/es\/project\/video-sec\/\" class=\"sh-portfolio-overlay sh-portfolio-overlay2\">\n\t\t\t\t\t\t\t\t\t\t\t\n\t\t\t\t\t\t\t\t\t\t\t\t\t\n\t\t\t\t\t\t\t\t<div class=\"sh-portfolio-overlay2-data\">\n\t\t\t\t\t\t\t\t\t<div class=\"sh-portfolio-overlay2-title\">\n\t\t\t\t\t\t\t\t\t\tVIDEO-SEC\t\t\t\t\t\t\t\t\t<\/div>\n\t\t\t\t\t\t\t\t\tEVIDENCIA INDISPUTABLE OBTENIDA CON VIDEO-SEC DE NOVOAGLOBAL Cuando un oficial&hellip;\t\t\t\t\t\t\t\t<\/div>\n\n\t\t\t\t\t\t\t\t<div class=\"sh-portfolio-overlay2-bar\">\n\t\t\t\t\t\t\t\t\t<div class=\"sh-table\">\n\t\t\t\t\t\t\t\t\t\t<div class=\"sh-portfolio-overlay1-icon sh-table-cell\">\n\t\t\t\t\t\t\t\t\t\t\t<i class=\"icon-link\"><\/i>\n\t\t\t\t\t\t\t\t\t\t<\/div>\n\t\t\t\t\t\t\t\t\t\t<div class=\"sh-portfolio-overlay1-categories sh-table-cell\">\n\t\t\t\t\t\t\t\t\t\t\t<span class=\"sh-portfolio-category\">Ciudad inteligente<\/span><span class=\"sh-whitespace-small\"><\/span><span class=\"sh-portfolio-category\">Ciudad segura<\/span><span class=\"sh-whitespace-small\"><\/span><span class=\"sh-portfolio-category\">Seguridad P\u00fablica<\/span><span class=\"sh-whitespace-small\"><\/span><span class=\"sh-portfolio-category\">Soluciones integradas<\/span>\t\t\t\t\t\t\t\t\t\t<\/div>\n\t\t\t\t\t\t\t\t\t<\/div>\n\t\t\t\t\t\t\t\t<\/div>\n\n\t\t\t\t\t\t\t\t\t\t\t\t\t\n\n\t\t\t\t\t\t\t\t\t\t\t\t\t\t\t\t\t\t<\/a>\n\t\t\t\t\t\t\t\t\t\t\t\n\n\t\t\t\t<\/div>\n\t\t\t\n\t\t\t\n\t\t\t\n\t\t<\/div>\n\t<\/div>\n\n\n\t<\/div>\n\n\n\t\t\n\n<\/div>\n<\/div>\n\n\t<\/div>\n<\/section>\n\n","protected":false},"excerpt":{"rendered":"<p>EVIDENCIA INDISPUTABLE OBTENIDA CON VIDEO-SEC DE NOVOAGLOBAL Cuando un oficial investiga la causa de un accidente o un detective enfrenta un crimen sin resolver, un video claro de alta resoluci\u00f3n&#8230;<\/p>\n","protected":false},"author":1,"featured_media":0,"parent":0,"menu_order":0,"comment_status":"closed","ping_status":"closed","template":"","meta":{"_exactmetrics_skip_tracking":false,"_exactmetrics_sitenote_active":false,"_exactmetrics_sitenote_note":"","_exactmetrics_sitenote_category":0,"footnotes":""},"class_list":["post-6951","page","type-page","status-publish","hentry"],"yoast_head":"<!-- This site is optimized with the Yoast SEO plugin v27.4 - https:\/\/yoast.com\/product\/yoast-seo-wordpress\/ -->\n<title>NovoaGlobal Soluciones de Seguridad P\u00fablica y Ciudad Segura<\/title>\n<meta name=\"description\" content=\"La soluci\u00f3n en Seguridad P\u00fablica de NovoaGlobal integra videovigilancia vehicular y reconocimiento de matr\u00edculas, con captura, grabaci\u00f3n y almacenamiento de video en vivo.\" \/>\n<meta name=\"robots\" content=\"index, follow, max-snippet:-1, max-image-preview:large, max-video-preview:-1\" \/>\n<link rel=\"canonical\" href=\"https:\/\/novoaglobal.com\/es\/seguridad-publica\/\" \/>\n<meta property=\"og:locale\" content=\"es_ES\" \/>\n<meta property=\"og:type\" content=\"article\" \/>\n<meta property=\"og:title\" content=\"NovoaGlobal Soluciones de Seguridad P\u00fablica y Ciudad Segura\" \/>\n<meta property=\"og:description\" content=\"La soluci\u00f3n en Seguridad P\u00fablica de NovoaGlobal integra videovigilancia vehicular y reconocimiento de matr\u00edculas, con captura, grabaci\u00f3n y almacenamiento de video en vivo.\" \/>\n<meta property=\"og:url\" content=\"https:\/\/novoaglobal.com\/es\/seguridad-publica\/\" \/>\n<meta property=\"og:site_name\" content=\"NovoaGlobal\u00ae\" \/>\n<meta property=\"article:publisher\" content=\"https:\/\/www.facebook.com\/novoaglobal\/\" \/>\n<meta property=\"article:modified_time\" content=\"2021-10-21T07:30:39+00:00\" \/>\n<meta property=\"og:image\" content=\"https:\/\/novoaglobal.com\/es\/wp-content\/uploads\/2019\/10\/body-cam-sec-novo-660x420.jpg\" \/>\n<meta name=\"twitter:card\" content=\"summary_large_image\" \/>\n<meta name=\"twitter:site\" content=\"@NovoaGlobal\" \/>\n<meta name=\"twitter:label1\" content=\"Tiempo de lectura\" \/>\n\t<meta name=\"twitter:data1\" content=\"1 minuto\" \/>\n<script type=\"application\/ld+json\" class=\"yoast-schema-graph\">{\"@context\":\"https:\\\/\\\/schema.org\",\"@graph\":[{\"@type\":\"WebPage\",\"@id\":\"https:\\\/\\\/novoaglobal.com\\\/es\\\/seguridad-publica\\\/\",\"url\":\"https:\\\/\\\/novoaglobal.com\\\/es\\\/seguridad-publica\\\/\",\"name\":\"NovoaGlobal Soluciones de Seguridad P\u00fablica y Ciudad Segura\",\"isPartOf\":{\"@id\":\"https:\\\/\\\/novoaglobal.com\\\/es\\\/#website\"},\"primaryImageOfPage\":{\"@id\":\"https:\\\/\\\/novoaglobal.com\\\/es\\\/seguridad-publica\\\/#primaryimage\"},\"image\":{\"@id\":\"https:\\\/\\\/novoaglobal.com\\\/es\\\/seguridad-publica\\\/#primaryimage\"},\"thumbnailUrl\":\"https:\\\/\\\/novoaglobal.com\\\/es\\\/wp-content\\\/uploads\\\/2019\\\/10\\\/body-cam-sec-novo-660x420.jpg\",\"datePublished\":\"2020-07-13T22:21:52+00:00\",\"dateModified\":\"2021-10-21T07:30:39+00:00\",\"description\":\"La soluci\u00f3n en Seguridad P\u00fablica de NovoaGlobal integra videovigilancia vehicular y reconocimiento de matr\u00edculas, con captura, grabaci\u00f3n y almacenamiento de video en vivo.\",\"breadcrumb\":{\"@id\":\"https:\\\/\\\/novoaglobal.com\\\/es\\\/seguridad-publica\\\/#breadcrumb\"},\"inLanguage\":\"es\",\"potentialAction\":[{\"@type\":\"ReadAction\",\"target\":[\"https:\\\/\\\/novoaglobal.com\\\/es\\\/seguridad-publica\\\/\"]}]},{\"@type\":\"ImageObject\",\"inLanguage\":\"es\",\"@id\":\"https:\\\/\\\/novoaglobal.com\\\/es\\\/seguridad-publica\\\/#primaryimage\",\"url\":\"https:\\\/\\\/novoaglobal.com\\\/es\\\/wp-content\\\/uploads\\\/2019\\\/10\\\/body-cam-sec-novo.jpg\",\"contentUrl\":\"https:\\\/\\\/novoaglobal.com\\\/es\\\/wp-content\\\/uploads\\\/2019\\\/10\\\/body-cam-sec-novo.jpg\",\"width\":660,\"height\":420},{\"@type\":\"BreadcrumbList\",\"@id\":\"https:\\\/\\\/novoaglobal.com\\\/es\\\/seguridad-publica\\\/#breadcrumb\",\"itemListElement\":[{\"@type\":\"ListItem\",\"position\":1,\"name\":\"Home\",\"item\":\"https:\\\/\\\/novoaglobal.com\\\/es\\\/\"},{\"@type\":\"ListItem\",\"position\":2,\"name\":\"Soluciones: Seguridad P\u00fablica\"}]},{\"@type\":\"WebSite\",\"@id\":\"https:\\\/\\\/novoaglobal.com\\\/es\\\/#website\",\"url\":\"https:\\\/\\\/novoaglobal.com\\\/es\\\/\",\"name\":\"NovoaGlobal\u2122\",\"description\":\"Creando comunidades m\u00e1s seguras\",\"publisher\":{\"@id\":\"https:\\\/\\\/novoaglobal.com\\\/es\\\/#organization\"},\"potentialAction\":[{\"@type\":\"SearchAction\",\"target\":{\"@type\":\"EntryPoint\",\"urlTemplate\":\"https:\\\/\\\/novoaglobal.com\\\/es\\\/?s={search_term_string}\"},\"query-input\":{\"@type\":\"PropertyValueSpecification\",\"valueRequired\":true,\"valueName\":\"search_term_string\"}}],\"inLanguage\":\"es\"},{\"@type\":\"Organization\",\"@id\":\"https:\\\/\\\/novoaglobal.com\\\/es\\\/#organization\",\"name\":\"NovoaGlobal\",\"url\":\"https:\\\/\\\/novoaglobal.com\\\/es\\\/\",\"logo\":{\"@type\":\"ImageObject\",\"inLanguage\":\"es\",\"@id\":\"https:\\\/\\\/novoaglobal.com\\\/es\\\/#\\\/schema\\\/logo\\\/image\\\/\",\"url\":\"https:\\\/\\\/novoaglobal.com\\\/es\\\/wp-content\\\/uploads\\\/2019\\\/10\\\/logo-history-2.png\",\"contentUrl\":\"https:\\\/\\\/novoaglobal.com\\\/es\\\/wp-content\\\/uploads\\\/2019\\\/10\\\/logo-history-2.png\",\"width\":394,\"height\":363,\"caption\":\"NovoaGlobal\"},\"image\":{\"@id\":\"https:\\\/\\\/novoaglobal.com\\\/es\\\/#\\\/schema\\\/logo\\\/image\\\/\"},\"sameAs\":[\"https:\\\/\\\/www.facebook.com\\\/novoaglobal\\\/\",\"https:\\\/\\\/x.com\\\/NovoaGlobal\",\"https:\\\/\\\/www.instagram.com\\\/novoaglobal\\\/\",\"https:\\\/\\\/www.linkedin.com\\\/company\\\/novoaglobal\\\/about\\\/\",\"https:\\\/\\\/www.youtube.com\\\/channel\\\/UCoMVz-xMzL_dyjZ0GgVz7Dw\"]}]}<\/script>\n<!-- \/ Yoast SEO plugin. -->","yoast_head_json":{"title":"NovoaGlobal Soluciones de Seguridad P\u00fablica y Ciudad Segura","description":"La soluci\u00f3n en Seguridad P\u00fablica de NovoaGlobal integra videovigilancia vehicular y reconocimiento de matr\u00edculas, con captura, grabaci\u00f3n y almacenamiento de video en vivo.","robots":{"index":"index","follow":"follow","max-snippet":"max-snippet:-1","max-image-preview":"max-image-preview:large","max-video-preview":"max-video-preview:-1"},"canonical":"https:\/\/novoaglobal.com\/es\/seguridad-publica\/","og_locale":"es_ES","og_type":"article","og_title":"NovoaGlobal Soluciones de Seguridad P\u00fablica y Ciudad Segura","og_description":"La soluci\u00f3n en Seguridad P\u00fablica de NovoaGlobal integra videovigilancia vehicular y reconocimiento de matr\u00edculas, con captura, grabaci\u00f3n y almacenamiento de video en vivo.","og_url":"https:\/\/novoaglobal.com\/es\/seguridad-publica\/","og_site_name":"NovoaGlobal\u00ae","article_publisher":"https:\/\/www.facebook.com\/novoaglobal\/","article_modified_time":"2021-10-21T07:30:39+00:00","og_image":[{"url":"https:\/\/novoaglobal.com\/es\/wp-content\/uploads\/2019\/10\/body-cam-sec-novo-660x420.jpg","type":"","width":"","height":""}],"twitter_card":"summary_large_image","twitter_site":"@NovoaGlobal","twitter_misc":{"Tiempo de lectura":"1 minuto"},"schema":{"@context":"https:\/\/schema.org","@graph":[{"@type":"WebPage","@id":"https:\/\/novoaglobal.com\/es\/seguridad-publica\/","url":"https:\/\/novoaglobal.com\/es\/seguridad-publica\/","name":"NovoaGlobal Soluciones de Seguridad P\u00fablica y Ciudad Segura","isPartOf":{"@id":"https:\/\/novoaglobal.com\/es\/#website"},"primaryImageOfPage":{"@id":"https:\/\/novoaglobal.com\/es\/seguridad-publica\/#primaryimage"},"image":{"@id":"https:\/\/novoaglobal.com\/es\/seguridad-publica\/#primaryimage"},"thumbnailUrl":"https:\/\/novoaglobal.com\/es\/wp-content\/uploads\/2019\/10\/body-cam-sec-novo-660x420.jpg","datePublished":"2020-07-13T22:21:52+00:00","dateModified":"2021-10-21T07:30:39+00:00","description":"La soluci\u00f3n en Seguridad P\u00fablica de NovoaGlobal integra videovigilancia vehicular y reconocimiento de matr\u00edculas, con captura, grabaci\u00f3n y almacenamiento de video en vivo.","breadcrumb":{"@id":"https:\/\/novoaglobal.com\/es\/seguridad-publica\/#breadcrumb"},"inLanguage":"es","potentialAction":[{"@type":"ReadAction","target":["https:\/\/novoaglobal.com\/es\/seguridad-publica\/"]}]},{"@type":"ImageObject","inLanguage":"es","@id":"https:\/\/novoaglobal.com\/es\/seguridad-publica\/#primaryimage","url":"https:\/\/novoaglobal.com\/es\/wp-content\/uploads\/2019\/10\/body-cam-sec-novo.jpg","contentUrl":"https:\/\/novoaglobal.com\/es\/wp-content\/uploads\/2019\/10\/body-cam-sec-novo.jpg","width":660,"height":420},{"@type":"BreadcrumbList","@id":"https:\/\/novoaglobal.com\/es\/seguridad-publica\/#breadcrumb","itemListElement":[{"@type":"ListItem","position":1,"name":"Home","item":"https:\/\/novoaglobal.com\/es\/"},{"@type":"ListItem","position":2,"name":"Soluciones: Seguridad P\u00fablica"}]},{"@type":"WebSite","@id":"https:\/\/novoaglobal.com\/es\/#website","url":"https:\/\/novoaglobal.com\/es\/","name":"NovoaGlobal\u2122","description":"Creando comunidades m\u00e1s seguras","publisher":{"@id":"https:\/\/novoaglobal.com\/es\/#organization"},"potentialAction":[{"@type":"SearchAction","target":{"@type":"EntryPoint","urlTemplate":"https:\/\/novoaglobal.com\/es\/?s={search_term_string}"},"query-input":{"@type":"PropertyValueSpecification","valueRequired":true,"valueName":"search_term_string"}}],"inLanguage":"es"},{"@type":"Organization","@id":"https:\/\/novoaglobal.com\/es\/#organization","name":"NovoaGlobal","url":"https:\/\/novoaglobal.com\/es\/","logo":{"@type":"ImageObject","inLanguage":"es","@id":"https:\/\/novoaglobal.com\/es\/#\/schema\/logo\/image\/","url":"https:\/\/novoaglobal.com\/es\/wp-content\/uploads\/2019\/10\/logo-history-2.png","contentUrl":"https:\/\/novoaglobal.com\/es\/wp-content\/uploads\/2019\/10\/logo-history-2.png","width":394,"height":363,"caption":"NovoaGlobal"},"image":{"@id":"https:\/\/novoaglobal.com\/es\/#\/schema\/logo\/image\/"},"sameAs":["https:\/\/www.facebook.com\/novoaglobal\/","https:\/\/x.com\/NovoaGlobal","https:\/\/www.instagram.com\/novoaglobal\/","https:\/\/www.linkedin.com\/company\/novoaglobal\/about\/","https:\/\/www.youtube.com\/channel\/UCoMVz-xMzL_dyjZ0GgVz7Dw"]}]}},"_links":{"self":[{"href":"https:\/\/novoaglobal.com\/es\/wp-json\/wp\/v2\/pages\/6951","targetHints":{"allow":["GET"]}}],"collection":[{"href":"https:\/\/novoaglobal.com\/es\/wp-json\/wp\/v2\/pages"}],"about":[{"href":"https:\/\/novoaglobal.com\/es\/wp-json\/wp\/v2\/types\/page"}],"author":[{"embeddable":true,"href":"https:\/\/novoaglobal.com\/es\/wp-json\/wp\/v2\/users\/1"}],"replies":[{"embeddable":true,"href":"https:\/\/novoaglobal.com\/es\/wp-json\/wp\/v2\/comments?post=6951"}],"version-history":[{"count":23,"href":"https:\/\/novoaglobal.com\/es\/wp-json\/wp\/v2\/pages\/6951\/revisions"}],"predecessor-version":[{"id":10456,"href":"https:\/\/novoaglobal.com\/es\/wp-json\/wp\/v2\/pages\/6951\/revisions\/10456"}],"wp:attachment":[{"href":"https:\/\/novoaglobal.com\/es\/wp-json\/wp\/v2\/media?parent=6951"}],"curies":[{"name":"wp","href":"https:\/\/api.w.org\/{rel}","templated":true}]}}