{"id":6336,"date":"2020-01-17T16:53:01","date_gmt":"2020-01-17T16:53:01","guid":{"rendered":"https:\/\/novoaglobal.com\/es\/?page_id=6336"},"modified":"2021-10-12T14:10:42","modified_gmt":"2021-10-12T14:10:42","slug":"soluciones-ntegradas","status":"publish","type":"page","link":"https:\/\/novoaglobal.com\/es\/soluciones-ntegradas\/","title":{"rendered":"Soluciones Integradas"},"content":{"rendered":"\t\t<div data-elementor-type=\"wp-page\" data-elementor-id=\"6336\" class=\"elementor elementor-6336\">\n\t\t\t\t\t\t<section class=\"elementor-section elementor-top-section elementor-element elementor-element-3e2fd88c elementor-section-boxed elementor-section-height-default elementor-section-height-default\" data-id=\"3e2fd88c\" data-element_type=\"section\" data-e-type=\"section\">\n\t\t\t\t\t\t<div class=\"elementor-container elementor-column-gap-default\">\n\t\t\t\t\t<div class=\"elementor-column elementor-col-50 elementor-top-column elementor-element elementor-element-60b838d1\" data-id=\"60b838d1\" data-element_type=\"column\" data-e-type=\"column\">\n\t\t\t<div class=\"elementor-widget-wrap elementor-element-populated\">\n\t\t\t\t\t\t<div class=\"elementor-element elementor-element-55b239f8 elementor-widget elementor-widget-heading\" data-id=\"55b239f8\" data-element_type=\"widget\" data-e-type=\"widget\" data-widget_type=\"heading.default\">\n\t\t\t\t<div class=\"elementor-widget-container\">\n\t\t\t\t\t<h2 class=\"elementor-heading-title elementor-size-large\">EL RETO<\/h2>\t\t\t\t<\/div>\n\t\t\t\t<\/div>\n\t\t\t\t<div class=\"elementor-element elementor-element-1d6ff416 elementor-widget elementor-widget-text-editor\" data-id=\"1d6ff416\" data-element_type=\"widget\" data-e-type=\"widget\" data-widget_type=\"text-editor.default\">\n\t\t\t\t<div class=\"elementor-widget-container\">\n\t\t\t\t\t\t\t\t\t<div title=\"Page 1\"><div><p>Uno de los principales desaf\u00edos que experimentan los investigadores, analistas y el personal administrativo es acceder y dar sentido a los datos de inteligencia almacenados en distintos sistemas de IT. Iniciar sesi\u00f3n en m\u00faltiples sistemas y consultar cada sistema individualmente, recuperar datos espec\u00edficos de forma individual y luego fusionar esos datos para proporcionar inteligencia procesable significativa o paquetes de evidencia, informes, etc.<\/p><p><span style=\"color: var( --e-global-color-text ); font-family: var( --e-global-typography-text-font-family ), Sans-serif; font-size: var( --e-global-typography-text-font-size ); font-weight: var( --e-global-typography-text-font-weight );\">\u00bfC\u00f3mo puede ahorrar un tiempo valioso, automatizar e integrar datos y procesos, independientemente del\u00a0<\/span><span style=\"color: var( --e-global-color-text ); font-family: var( --e-global-typography-text-font-family ), Sans-serif; font-size: var( --e-global-typography-text-font-size ); font-weight: var( --e-global-typography-text-font-weight );\">proveedor<\/span><span style=\"color: var( --e-global-color-text ); font-family: var( --e-global-typography-text-font-family ), Sans-serif; font-size: var( --e-global-typography-text-font-size ); font-weight: var( --e-global-typography-text-font-weight );\">\u00a0 de\u00a0<\/span><span style=\"color: var( --e-global-color-text ); font-family: var( --e-global-typography-text-font-family ), Sans-serif; font-size: var( --e-global-typography-text-font-size ); font-weight: var( --e-global-typography-text-font-weight );\">la aplicaci\u00f3n (en tiempo real y despu\u00e9s del incidente), para aumentar la eficiencia de la vigilancia? Este es uno de los principales desaf\u00edos que enfrentan los altos mandos de las Fuerzas de Seguridad en la actualidad. \u00a1El tiempo lo es todo en la Polic\u00eda de la vida real!<\/span><\/p><\/div><\/div>\t\t\t\t\t\t\t\t<\/div>\n\t\t\t\t<\/div>\n\t\t\t\t\t<\/div>\n\t\t<\/div>\n\t\t\t\t<div class=\"elementor-column elementor-col-50 elementor-top-column elementor-element elementor-element-31443d80\" data-id=\"31443d80\" data-element_type=\"column\" data-e-type=\"column\">\n\t\t\t<div class=\"elementor-widget-wrap elementor-element-populated\">\n\t\t\t\t\t\t<div class=\"elementor-element elementor-element-9704b83 elementor-widget elementor-widget-image\" data-id=\"9704b83\" data-element_type=\"widget\" data-e-type=\"widget\" data-widget_type=\"image.default\">\n\t\t\t\t<div class=\"elementor-widget-container\">\n\t\t\t\t\t\t\t\t\t\t\t\t\t\t\t<img fetchpriority=\"high\" decoding=\"async\" width=\"1024\" height=\"619\" src=\"https:\/\/novoaglobal.com\/es\/wp-content\/uploads\/2020\/01\/connection-control-center-desk-edited-1024x619.jpg\" class=\"attachment-large size-large wp-image-6375\" alt=\"\" srcset=\"https:\/\/novoaglobal.com\/es\/wp-content\/uploads\/2020\/01\/connection-control-center-desk-edited-1024x619.jpg 1024w, https:\/\/novoaglobal.com\/es\/wp-content\/uploads\/2020\/01\/connection-control-center-desk-edited-300x181.jpg 300w, https:\/\/novoaglobal.com\/es\/wp-content\/uploads\/2020\/01\/connection-control-center-desk-edited-768x464.jpg 768w, https:\/\/novoaglobal.com\/es\/wp-content\/uploads\/2020\/01\/connection-control-center-desk-edited.jpg 1043w\" sizes=\"(max-width: 1024px) 100vw, 1024px\" \/>\t\t\t\t\t\t\t\t\t\t\t\t\t\t\t<\/div>\n\t\t\t\t<\/div>\n\t\t\t\t\t<\/div>\n\t\t<\/div>\n\t\t\t\t\t<\/div>\n\t\t<\/section>\n\t\t\t\t<section class=\"elementor-section elementor-top-section elementor-element elementor-element-33ac07c3 elementor-section-boxed elementor-section-height-default elementor-section-height-default\" data-id=\"33ac07c3\" data-element_type=\"section\" data-e-type=\"section\">\n\t\t\t\t\t\t<div class=\"elementor-container elementor-column-gap-default\">\n\t\t\t\t\t<div class=\"elementor-column elementor-col-50 elementor-top-column elementor-element elementor-element-605c959b\" data-id=\"605c959b\" data-element_type=\"column\" data-e-type=\"column\">\n\t\t\t<div class=\"elementor-widget-wrap elementor-element-populated\">\n\t\t\t\t\t\t<div class=\"elementor-element elementor-element-62ce5fcc elementor-widget elementor-widget-image\" data-id=\"62ce5fcc\" data-element_type=\"widget\" data-e-type=\"widget\" data-widget_type=\"image.default\">\n\t\t\t\t<div class=\"elementor-widget-container\">\n\t\t\t\t\t\t\t\t\t\t\t\t<figure class=\"wp-caption\">\n\t\t\t\t\t\t\t\t\t\t<img decoding=\"async\" width=\"1024\" height=\"456\" src=\"https:\/\/novoaglobal.com\/es\/wp-content\/uploads\/2020\/01\/Integrated-Solutions-1024x456.png\" class=\"attachment-large size-large wp-image-6359\" alt=\"NovoaGlobal Integrated Solutions\" srcset=\"https:\/\/novoaglobal.com\/es\/wp-content\/uploads\/2020\/01\/Integrated-Solutions-1024x456.png 1024w, https:\/\/novoaglobal.com\/es\/wp-content\/uploads\/2020\/01\/Integrated-Solutions-300x134.png 300w, https:\/\/novoaglobal.com\/es\/wp-content\/uploads\/2020\/01\/Integrated-Solutions-768x342.png 768w, https:\/\/novoaglobal.com\/es\/wp-content\/uploads\/2020\/01\/Integrated-Solutions-1536x684.png 1536w, https:\/\/novoaglobal.com\/es\/wp-content\/uploads\/2020\/01\/Integrated-Solutions.png 1814w\" sizes=\"(max-width: 1024px) 100vw, 1024px\" \/>\t\t\t\t\t\t\t\t\t\t\t<figcaption class=\"widget-image-caption wp-caption-text\">Soluciones integradas de NovoaGlobal<\/figcaption>\n\t\t\t\t\t\t\t\t\t\t<\/figure>\n\t\t\t\t\t\t\t\t\t<\/div>\n\t\t\t\t<\/div>\n\t\t\t\t\t<\/div>\n\t\t<\/div>\n\t\t\t\t<div class=\"elementor-column elementor-col-50 elementor-top-column elementor-element elementor-element-4df1f116\" data-id=\"4df1f116\" data-element_type=\"column\" data-e-type=\"column\">\n\t\t\t<div class=\"elementor-widget-wrap elementor-element-populated\">\n\t\t\t\t\t\t<div class=\"elementor-element elementor-element-7d9a0fa8 elementor-widget elementor-widget-heading\" data-id=\"7d9a0fa8\" data-element_type=\"widget\" data-e-type=\"widget\" data-widget_type=\"heading.default\">\n\t\t\t\t<div class=\"elementor-widget-container\">\n\t\t\t\t\t<h1 class=\"elementor-heading-title elementor-size-default\">NUESTRA SOLUCI\u00d3N<\/h1>\t\t\t\t<\/div>\n\t\t\t\t<\/div>\n\t\t\t\t<div class=\"elementor-element elementor-element-690bcea4 elementor-widget elementor-widget-text-editor\" data-id=\"690bcea4\" data-element_type=\"widget\" data-e-type=\"widget\" data-widget_type=\"text-editor.default\">\n\t\t\t\t<div class=\"elementor-widget-container\">\n\t\t\t\t\t\t\t\t\t<div title=\"Page 1\"><p>\u00a1El I-C (Centro de Inteligencia) afronta el desaf\u00edo!<\/p><p><span style=\"color: var( --e-global-color-text ); font-family: var( --e-global-typography-text-font-family ), Sans-serif; font-size: var( --e-global-typography-text-font-size ); font-weight: var( --e-global-typography-text-font-weight );\">El I-C es una plataforma de adquisici\u00f3n y agregaci\u00f3n de datos basada en la web independiente del proveedor que proporciona:<\/span><\/p><ul><li><span style=\"color: var( --e-global-color-text ); font-family: var( --e-global-typography-text-font-family ), Sans-serif; font-size: var( --e-global-typography-text-font-size ); font-weight: var( --e-global-typography-text-font-weight );\">Inicio de sesi\u00f3n \u00fanico simult\u00e1neo en m\u00faltiples aplicaciones y sistemas de vigilancia<\/span><\/li><li>Consulta de datos simult\u00e1nea en m\u00faltiples aplicaciones<\/li><li>Recupera todos los datos en una \u00fanica plataforma<\/li><li>Coincidencia de datos\/alerta en tiempo real y posterior al incidente<\/li><li>IA capaz con l\u00f3gica difusa<\/li><li>F\u00e1cil configuraci\u00f3n e implementaci\u00f3n\u00a0<\/li><\/ul><\/div>\t\t\t\t\t\t\t\t<\/div>\n\t\t\t\t<\/div>\n\t\t\t\t\t<\/div>\n\t\t<\/div>\n\t\t\t\t\t<\/div>\n\t\t<\/section>\n\t\t\t\t<section class=\"elementor-section elementor-top-section elementor-element elementor-element-5db20ce1 elementor-section-boxed elementor-section-height-default elementor-section-height-default\" data-id=\"5db20ce1\" data-element_type=\"section\" data-e-type=\"section\">\n\t\t\t\t\t\t<div class=\"elementor-container elementor-column-gap-default\">\n\t\t\t\t\t<div class=\"elementor-column elementor-col-50 elementor-top-column elementor-element elementor-element-74ce666c\" data-id=\"74ce666c\" data-element_type=\"column\" data-e-type=\"column\">\n\t\t\t<div class=\"elementor-widget-wrap elementor-element-populated\">\n\t\t\t\t\t\t<div class=\"elementor-element elementor-element-5330a30 elementor-widget elementor-widget-heading\" data-id=\"5330a30\" data-element_type=\"widget\" data-e-type=\"widget\" data-widget_type=\"heading.default\">\n\t\t\t\t<div class=\"elementor-widget-container\">\n\t\t\t\t\t<h2 class=\"elementor-heading-title elementor-size-default\">PLATAFORMA INDEPENDIENTE DEL PROVEEDOR<\/h2>\t\t\t\t<\/div>\n\t\t\t\t<\/div>\n\t\t\t\t<div class=\"elementor-element elementor-element-34c6b94e elementor-widget elementor-widget-text-editor\" data-id=\"34c6b94e\" data-element_type=\"widget\" data-e-type=\"widget\" data-widget_type=\"text-editor.default\">\n\t\t\t\t<div class=\"elementor-widget-container\">\n\t\t\t\t\t\t\t\t\t<p><b>Consultar, recuperar, agregar, mostrar e informar<\/b><\/p><ul><li>Proveedores de LPR (reconocimiento de matr\u00edculas)<\/li><li>Proveedores de RMS (sistemas de gesti\u00f3n de registros)<\/li><li>Plataformas de proveedor de Video, C\u00e1maras Corporales (VMS)<\/li><li>C\u00e1maras IP privadas y comerciales<\/li><li>Registros penales\/bases de datos de im\u00e1genes<\/li><li>Acceso al departamento de registro vehicular a nivel nacional<\/li><li>Alerta en tiempo real<\/li><li>Redes sociales<\/li><li>Cumple con los servicios de informaci\u00f3n de la Justicia Penal<\/li><\/ul>\t\t\t\t\t\t\t\t<\/div>\n\t\t\t\t<\/div>\n\t\t\t\t\t<\/div>\n\t\t<\/div>\n\t\t\t\t<div class=\"elementor-column elementor-col-50 elementor-top-column elementor-element elementor-element-30aabaa8\" data-id=\"30aabaa8\" data-element_type=\"column\" data-e-type=\"column\">\n\t\t\t<div class=\"elementor-widget-wrap elementor-element-populated\">\n\t\t\t\t\t\t<div class=\"elementor-element elementor-element-3cf6f8a9 elementor-widget elementor-widget-image\" data-id=\"3cf6f8a9\" data-element_type=\"widget\" data-e-type=\"widget\" data-widget_type=\"image.default\">\n\t\t\t\t<div class=\"elementor-widget-container\">\n\t\t\t\t\t\t\t\t\t\t\t\t\t\t\t<img decoding=\"async\" width=\"1200\" height=\"628\" src=\"https:\/\/novoaglobal.com\/es\/wp-content\/uploads\/2020\/09\/Integrated-Solutions-monitors-with-Sam-1280-x-628-B-1200x628.jpg\" class=\"attachment-jevelin-landscape-large size-jevelin-landscape-large wp-image-7556\" alt=\"image of woman in front of three screens typing on a keyboard\" \/>\t\t\t\t\t\t\t\t\t\t\t\t\t\t\t<\/div>\n\t\t\t\t<\/div>\n\t\t\t\t\t<\/div>\n\t\t<\/div>\n\t\t\t\t\t<\/div>\n\t\t<\/section>\n\t\t\t\t<section class=\"elementor-section elementor-top-section elementor-element elementor-element-471fb588 elementor-section-boxed elementor-section-height-default elementor-section-height-default\" data-id=\"471fb588\" data-element_type=\"section\" data-e-type=\"section\">\n\t\t\t\t\t\t<div class=\"elementor-container elementor-column-gap-default\">\n\t\t\t\t\t<div class=\"elementor-column elementor-col-100 elementor-top-column elementor-element elementor-element-6e5fff4b\" data-id=\"6e5fff4b\" data-element_type=\"column\" data-e-type=\"column\">\n\t\t\t<div class=\"elementor-widget-wrap elementor-element-populated\">\n\t\t\t\t\t\t<div class=\"elementor-element elementor-element-27eb42b7 elementor-widget elementor-widget-text-editor\" data-id=\"27eb42b7\" data-element_type=\"widget\" data-e-type=\"widget\" data-widget_type=\"text-editor.default\">\n\t\t\t\t<div class=\"elementor-widget-container\">\n\t\t\t\t\t\t\t\t\t<h1>\u00bfQUIERE SABER M\u00c1S?<\/h1><h2>Llame en la Costa Este 407-969-9780, Costa Oeste 206-909-6964 o cont\u00e1ctenos a trav\u00e9s del siguiente formulario<\/h2>\t\t\t\t\t\t\t\t<\/div>\n\t\t\t\t<\/div>\n\t\t\t\t<div class=\"elementor-element elementor-element-35cb4b33 elementor-widget elementor-widget-text-editor\" data-id=\"35cb4b33\" data-element_type=\"widget\" data-e-type=\"widget\" data-widget_type=\"text-editor.default\">\n\t\t\t\t<div class=\"elementor-widget-container\">\n\t\t\t\t\t\t\t\t\t<div class=\"wpforms-container wpforms-container-full\" id=\"wpforms-7583\"><form id=\"wpforms-form-7583\" class=\"wpforms-validate wpforms-form\" data-formid=\"7583\" method=\"post\" enctype=\"multipart\/form-data\" action=\"\/es\/wp-json\/wp\/v2\/pages\/6336\" data-token=\"0e10e8b4b86daf2b8c696016979da301\" data-token-time=\"1775438490\"><noscript class=\"wpforms-error-noscript\">Por favor, activa JavaScript en tu navegador para completar este formulario.<\/noscript><div class=\"wpforms-field-container\"><div id=\"wpforms-7583-field_0-container\" class=\"wpforms-field wpforms-field-name\" data-field-id=\"0\"><label class=\"wpforms-field-label\">Nombre <span class=\"wpforms-required-label\">*<\/span><\/label><div class=\"wpforms-field-row wpforms-field-medium\"><div class=\"wpforms-field-row-block wpforms-first wpforms-one-half\"><input type=\"text\" id=\"wpforms-7583-field_0\" class=\"wpforms-field-name-first wpforms-field-required\" name=\"wpforms[fields][0][first]\" placeholder=\"Nombre\" required><label for=\"wpforms-7583-field_0\" class=\"wpforms-field-sublabel after\">Nombre<\/label><\/div><div class=\"wpforms-field-row-block wpforms-one-half\"><input type=\"text\" id=\"wpforms-7583-field_0-last\" class=\"wpforms-field-name-last wpforms-field-required\" name=\"wpforms[fields][0][last]\" placeholder=\"Apellido\" required><label for=\"wpforms-7583-field_0-last\" class=\"wpforms-field-sublabel after\">Apellidos<\/label><\/div><\/div><\/div><div id=\"wpforms-7583-field_1-container\" class=\"wpforms-field wpforms-field-email\" data-field-id=\"1\"><label class=\"wpforms-field-label\" for=\"wpforms-7583-field_1\">Email <span class=\"wpforms-required-label\">*<\/span><\/label><input type=\"email\" id=\"wpforms-7583-field_1\" class=\"wpforms-field-medium wpforms-field-required\" name=\"wpforms[fields][1]\" spellcheck=\"false\" required><\/div><div id=\"wpforms-7583-field_2-container\" class=\"wpforms-field wpforms-field-textarea\" data-field-id=\"2\"><label class=\"wpforms-field-label\" for=\"wpforms-7583-field_2\">Comentario o mensaje <span class=\"wpforms-required-label\">*<\/span><\/label><textarea id=\"wpforms-7583-field_2\" class=\"wpforms-field-medium wpforms-field-required\" name=\"wpforms[fields][2]\" required><\/textarea><\/div><\/div><!-- .wpforms-field-container --><div class=\"wpforms-recaptcha-container wpforms-is-recaptcha wpforms-is-recaptcha-type-v2\" ><div class=\"g-recaptcha\" data-sitekey=\"6LfkYxkaAAAAAJGF1NnzCTE4SY6niS1A5nRXVlNe\"><\/div><input type=\"text\" name=\"g-recaptcha-hidden\" class=\"wpforms-recaptcha-hidden\" style=\"position:absolute!important;clip:rect(0,0,0,0)!important;height:1px!important;width:1px!important;border:0!important;overflow:hidden!important;padding:0!important;margin:0!important;\" data-rule-recaptcha=\"1\"><\/div><div class=\"wpforms-submit-container\" ><input type=\"hidden\" name=\"wpforms[id]\" value=\"7583\"><input type=\"hidden\" name=\"page_title\" value=\"\"><input type=\"hidden\" name=\"page_url\" value=\"https:\/\/novoaglobal.com\/es\/wp-json\/wp\/v2\/pages\/6336\"><input type=\"hidden\" name=\"url_referer\" value=\"\"><button type=\"submit\" name=\"wpforms[submit]\" id=\"wpforms-submit-7583\" class=\"wpforms-submit\" data-alt-text=\"Enviando...\" data-submit-text=\"Enviar\" aria-live=\"assertive\" value=\"wpforms-submit\">Enviar<\/button><\/div><\/form><\/div>  <!-- .wpforms-container -->\t\t\t\t\t\t\t\t<\/div>\n\t\t\t\t<\/div>\n\t\t\t\t\t<\/div>\n\t\t<\/div>\n\t\t\t\t\t<\/div>\n\t\t<\/section>\n\t\t\t\t<\/div>\n\t\t","protected":false},"excerpt":{"rendered":"","protected":false},"author":1,"featured_media":0,"parent":0,"menu_order":0,"comment_status":"closed","ping_status":"closed","template":"","meta":{"_exactmetrics_skip_tracking":false,"_exactmetrics_sitenote_active":false,"_exactmetrics_sitenote_note":"","_exactmetrics_sitenote_category":0,"footnotes":""},"class_list":["post-6336","page","type-page","status-publish","hentry"],"yoast_head":"<!-- This site is optimized with the Yoast SEO plugin v27.3 - https:\/\/yoast.com\/product\/yoast-seo-wordpress\/ -->\n<title>NovoaGlobal\u00ae Soluciones Integradas. Datos y procesos integrados autom\u00e1ticamente, independientemente del proveedor<\/title>\n<meta name=\"description\" content=\"El Centro de Inteligencia es una soluci\u00f3n de integraci\u00f3n\/agregaci\u00f3n independiente del proveedor que permite un &quot;inicio de sesi\u00f3n \u00fanico&quot; en m\u00faltiples aplicaciones de las Fuerzas de Seguridad.\" \/>\n<meta name=\"robots\" content=\"index, follow, max-snippet:-1, max-image-preview:large, max-video-preview:-1\" \/>\n<link rel=\"canonical\" href=\"https:\/\/novoaglobal.com\/es\/soluciones-ntegradas\/\" \/>\n<meta property=\"og:locale\" content=\"es_ES\" \/>\n<meta property=\"og:type\" content=\"article\" \/>\n<meta property=\"og:title\" content=\"NovoaGlobal\u00ae Soluciones Integradas. Datos y procesos integrados autom\u00e1ticamente, independientemente del proveedor\" \/>\n<meta property=\"og:description\" content=\"El Centro de Inteligencia es una soluci\u00f3n de integraci\u00f3n\/agregaci\u00f3n independiente del proveedor que permite un &quot;inicio de sesi\u00f3n \u00fanico&quot; en m\u00faltiples aplicaciones de las Fuerzas de Seguridad.\" \/>\n<meta property=\"og:url\" content=\"https:\/\/novoaglobal.com\/es\/soluciones-ntegradas\/\" \/>\n<meta property=\"og:site_name\" content=\"NovoaGlobal\u00ae\" \/>\n<meta property=\"article:publisher\" content=\"https:\/\/www.facebook.com\/novoaglobal\/\" \/>\n<meta property=\"article:modified_time\" content=\"2021-10-12T14:10:42+00:00\" \/>\n<meta name=\"twitter:card\" content=\"summary_large_image\" \/>\n<meta name=\"twitter:site\" content=\"@NovoaGlobal\" \/>\n<meta name=\"twitter:label1\" content=\"Tiempo de lectura\" \/>\n\t<meta name=\"twitter:data1\" content=\"2 minutos\" \/>\n<script type=\"application\/ld+json\" class=\"yoast-schema-graph\">{\"@context\":\"https:\\\/\\\/schema.org\",\"@graph\":[{\"@type\":\"WebPage\",\"@id\":\"https:\\\/\\\/novoaglobal.com\\\/es\\\/soluciones-ntegradas\\\/\",\"url\":\"https:\\\/\\\/novoaglobal.com\\\/es\\\/soluciones-ntegradas\\\/\",\"name\":\"NovoaGlobal\u00ae Soluciones Integradas. Datos y procesos integrados autom\u00e1ticamente, independientemente del proveedor\",\"isPartOf\":{\"@id\":\"https:\\\/\\\/novoaglobal.com\\\/es\\\/#website\"},\"datePublished\":\"2020-01-17T16:53:01+00:00\",\"dateModified\":\"2021-10-12T14:10:42+00:00\",\"description\":\"El Centro de Inteligencia es una soluci\u00f3n de integraci\u00f3n\\\/agregaci\u00f3n independiente del proveedor que permite un \\\"inicio de sesi\u00f3n \u00fanico\\\" en m\u00faltiples aplicaciones de las Fuerzas de Seguridad.\",\"breadcrumb\":{\"@id\":\"https:\\\/\\\/novoaglobal.com\\\/es\\\/soluciones-ntegradas\\\/#breadcrumb\"},\"inLanguage\":\"es\",\"potentialAction\":[{\"@type\":\"ReadAction\",\"target\":[\"https:\\\/\\\/novoaglobal.com\\\/es\\\/soluciones-ntegradas\\\/\"]}]},{\"@type\":\"BreadcrumbList\",\"@id\":\"https:\\\/\\\/novoaglobal.com\\\/es\\\/soluciones-ntegradas\\\/#breadcrumb\",\"itemListElement\":[{\"@type\":\"ListItem\",\"position\":1,\"name\":\"Home\",\"item\":\"https:\\\/\\\/novoaglobal.com\\\/es\\\/\"},{\"@type\":\"ListItem\",\"position\":2,\"name\":\"Soluciones Integradas\"}]},{\"@type\":\"WebSite\",\"@id\":\"https:\\\/\\\/novoaglobal.com\\\/es\\\/#website\",\"url\":\"https:\\\/\\\/novoaglobal.com\\\/es\\\/\",\"name\":\"NovoaGlobal\u2122\",\"description\":\"Creando comunidades m\u00e1s seguras\",\"publisher\":{\"@id\":\"https:\\\/\\\/novoaglobal.com\\\/es\\\/#organization\"},\"potentialAction\":[{\"@type\":\"SearchAction\",\"target\":{\"@type\":\"EntryPoint\",\"urlTemplate\":\"https:\\\/\\\/novoaglobal.com\\\/es\\\/?s={search_term_string}\"},\"query-input\":{\"@type\":\"PropertyValueSpecification\",\"valueRequired\":true,\"valueName\":\"search_term_string\"}}],\"inLanguage\":\"es\"},{\"@type\":\"Organization\",\"@id\":\"https:\\\/\\\/novoaglobal.com\\\/es\\\/#organization\",\"name\":\"NovoaGlobal\",\"url\":\"https:\\\/\\\/novoaglobal.com\\\/es\\\/\",\"logo\":{\"@type\":\"ImageObject\",\"inLanguage\":\"es\",\"@id\":\"https:\\\/\\\/novoaglobal.com\\\/es\\\/#\\\/schema\\\/logo\\\/image\\\/\",\"url\":\"https:\\\/\\\/novoaglobal.com\\\/es\\\/wp-content\\\/uploads\\\/2019\\\/10\\\/logo-history-2.png\",\"contentUrl\":\"https:\\\/\\\/novoaglobal.com\\\/es\\\/wp-content\\\/uploads\\\/2019\\\/10\\\/logo-history-2.png\",\"width\":394,\"height\":363,\"caption\":\"NovoaGlobal\"},\"image\":{\"@id\":\"https:\\\/\\\/novoaglobal.com\\\/es\\\/#\\\/schema\\\/logo\\\/image\\\/\"},\"sameAs\":[\"https:\\\/\\\/www.facebook.com\\\/novoaglobal\\\/\",\"https:\\\/\\\/x.com\\\/NovoaGlobal\",\"https:\\\/\\\/www.instagram.com\\\/novoaglobal\\\/\",\"https:\\\/\\\/www.linkedin.com\\\/company\\\/novoaglobal\\\/about\\\/\",\"https:\\\/\\\/www.youtube.com\\\/channel\\\/UCoMVz-xMzL_dyjZ0GgVz7Dw\"]}]}<\/script>\n<!-- \/ Yoast SEO plugin. -->","yoast_head_json":{"title":"NovoaGlobal\u00ae Soluciones Integradas. Datos y procesos integrados autom\u00e1ticamente, independientemente del proveedor","description":"El Centro de Inteligencia es una soluci\u00f3n de integraci\u00f3n\/agregaci\u00f3n independiente del proveedor que permite un \"inicio de sesi\u00f3n \u00fanico\" en m\u00faltiples aplicaciones de las Fuerzas de Seguridad.","robots":{"index":"index","follow":"follow","max-snippet":"max-snippet:-1","max-image-preview":"max-image-preview:large","max-video-preview":"max-video-preview:-1"},"canonical":"https:\/\/novoaglobal.com\/es\/soluciones-ntegradas\/","og_locale":"es_ES","og_type":"article","og_title":"NovoaGlobal\u00ae Soluciones Integradas. Datos y procesos integrados autom\u00e1ticamente, independientemente del proveedor","og_description":"El Centro de Inteligencia es una soluci\u00f3n de integraci\u00f3n\/agregaci\u00f3n independiente del proveedor que permite un \"inicio de sesi\u00f3n \u00fanico\" en m\u00faltiples aplicaciones de las Fuerzas de Seguridad.","og_url":"https:\/\/novoaglobal.com\/es\/soluciones-ntegradas\/","og_site_name":"NovoaGlobal\u00ae","article_publisher":"https:\/\/www.facebook.com\/novoaglobal\/","article_modified_time":"2021-10-12T14:10:42+00:00","twitter_card":"summary_large_image","twitter_site":"@NovoaGlobal","twitter_misc":{"Tiempo de lectura":"2 minutos"},"schema":{"@context":"https:\/\/schema.org","@graph":[{"@type":"WebPage","@id":"https:\/\/novoaglobal.com\/es\/soluciones-ntegradas\/","url":"https:\/\/novoaglobal.com\/es\/soluciones-ntegradas\/","name":"NovoaGlobal\u00ae Soluciones Integradas. Datos y procesos integrados autom\u00e1ticamente, independientemente del proveedor","isPartOf":{"@id":"https:\/\/novoaglobal.com\/es\/#website"},"datePublished":"2020-01-17T16:53:01+00:00","dateModified":"2021-10-12T14:10:42+00:00","description":"El Centro de Inteligencia es una soluci\u00f3n de integraci\u00f3n\/agregaci\u00f3n independiente del proveedor que permite un \"inicio de sesi\u00f3n \u00fanico\" en m\u00faltiples aplicaciones de las Fuerzas de Seguridad.","breadcrumb":{"@id":"https:\/\/novoaglobal.com\/es\/soluciones-ntegradas\/#breadcrumb"},"inLanguage":"es","potentialAction":[{"@type":"ReadAction","target":["https:\/\/novoaglobal.com\/es\/soluciones-ntegradas\/"]}]},{"@type":"BreadcrumbList","@id":"https:\/\/novoaglobal.com\/es\/soluciones-ntegradas\/#breadcrumb","itemListElement":[{"@type":"ListItem","position":1,"name":"Home","item":"https:\/\/novoaglobal.com\/es\/"},{"@type":"ListItem","position":2,"name":"Soluciones Integradas"}]},{"@type":"WebSite","@id":"https:\/\/novoaglobal.com\/es\/#website","url":"https:\/\/novoaglobal.com\/es\/","name":"NovoaGlobal\u2122","description":"Creando comunidades m\u00e1s seguras","publisher":{"@id":"https:\/\/novoaglobal.com\/es\/#organization"},"potentialAction":[{"@type":"SearchAction","target":{"@type":"EntryPoint","urlTemplate":"https:\/\/novoaglobal.com\/es\/?s={search_term_string}"},"query-input":{"@type":"PropertyValueSpecification","valueRequired":true,"valueName":"search_term_string"}}],"inLanguage":"es"},{"@type":"Organization","@id":"https:\/\/novoaglobal.com\/es\/#organization","name":"NovoaGlobal","url":"https:\/\/novoaglobal.com\/es\/","logo":{"@type":"ImageObject","inLanguage":"es","@id":"https:\/\/novoaglobal.com\/es\/#\/schema\/logo\/image\/","url":"https:\/\/novoaglobal.com\/es\/wp-content\/uploads\/2019\/10\/logo-history-2.png","contentUrl":"https:\/\/novoaglobal.com\/es\/wp-content\/uploads\/2019\/10\/logo-history-2.png","width":394,"height":363,"caption":"NovoaGlobal"},"image":{"@id":"https:\/\/novoaglobal.com\/es\/#\/schema\/logo\/image\/"},"sameAs":["https:\/\/www.facebook.com\/novoaglobal\/","https:\/\/x.com\/NovoaGlobal","https:\/\/www.instagram.com\/novoaglobal\/","https:\/\/www.linkedin.com\/company\/novoaglobal\/about\/","https:\/\/www.youtube.com\/channel\/UCoMVz-xMzL_dyjZ0GgVz7Dw"]}]}},"_links":{"self":[{"href":"https:\/\/novoaglobal.com\/es\/wp-json\/wp\/v2\/pages\/6336","targetHints":{"allow":["GET"]}}],"collection":[{"href":"https:\/\/novoaglobal.com\/es\/wp-json\/wp\/v2\/pages"}],"about":[{"href":"https:\/\/novoaglobal.com\/es\/wp-json\/wp\/v2\/types\/page"}],"author":[{"embeddable":true,"href":"https:\/\/novoaglobal.com\/es\/wp-json\/wp\/v2\/users\/1"}],"replies":[{"embeddable":true,"href":"https:\/\/novoaglobal.com\/es\/wp-json\/wp\/v2\/comments?post=6336"}],"version-history":[{"count":4,"href":"https:\/\/novoaglobal.com\/es\/wp-json\/wp\/v2\/pages\/6336\/revisions"}],"predecessor-version":[{"id":10399,"href":"https:\/\/novoaglobal.com\/es\/wp-json\/wp\/v2\/pages\/6336\/revisions\/10399"}],"wp:attachment":[{"href":"https:\/\/novoaglobal.com\/es\/wp-json\/wp\/v2\/media?parent=6336"}],"curies":[{"name":"wp","href":"https:\/\/api.w.org\/{rel}","templated":true}]}}