{"id":5667,"date":"2019-10-19T15:47:55","date_gmt":"2019-10-19T15:47:55","guid":{"rendered":"https:\/\/novoaglobal.com\/es\/?page_id=5667"},"modified":"2021-10-19T04:24:27","modified_gmt":"2021-10-19T04:24:27","slug":"sobre-nosotros","status":"publish","type":"page","link":"https:\/\/novoaglobal.com\/es\/sobre-nosotros\/","title":{"rendered":"Sobre Nosotros"},"content":{"rendered":"\t\t<div data-elementor-type=\"wp-page\" data-elementor-id=\"5667\" class=\"elementor elementor-5667\">\n\t\t\t\t\t\t<section class=\"elementor-section elementor-top-section elementor-element elementor-element-769f086f elementor-section-boxed elementor-section-height-default elementor-section-height-default\" data-id=\"769f086f\" data-element_type=\"section\" data-e-type=\"section\">\n\t\t\t\t\t\t<div class=\"elementor-container elementor-column-gap-default\">\n\t\t\t\t\t<div class=\"elementor-column elementor-col-100 elementor-top-column elementor-element elementor-element-413696ec\" data-id=\"413696ec\" data-element_type=\"column\" data-e-type=\"column\">\n\t\t\t<div class=\"elementor-widget-wrap elementor-element-populated\">\n\t\t\t\t\t\t<div class=\"elementor-element elementor-element-68fb7224 elementor-widget elementor-widget-text-editor\" data-id=\"68fb7224\" data-element_type=\"widget\" data-e-type=\"widget\" data-widget_type=\"text-editor.default\">\n\t\t\t\t<div class=\"elementor-widget-container\">\n\t\t\t\t\t\t\t\t\t<div id=\"heading-4bb404a9da74a7501e3f66f7a22ac53d\" class=\"sh-heading\">\n<div class=\"sh-element-margin\">\n<h4>NovoaGlobal&nbsp;<\/h4>\n<p>Con una base de clientes que cubre Am\u00e9rica, Novoa Global es una empresa MBE \/ SBE que se dedica al desarrollo de soluciones de alta tecnolog\u00eda que ayudan a las comunidades a convertirse en lugares m\u00e1s seguros para sus ciudadanos. La seguridad vial y la prevenci\u00f3n del delito van de la mano y pueden abordarse de manera eficaz con una combinaci\u00f3n de vigilancia innovadora y tecnolog\u00eda educativa.\n<\/p>\n<\/div>\n<\/div>\n<div id=\"text-block-12cdf824ee9513b69942c74a4747bde4\" class=\"sh-text-block\">\n<h4>Visi\u00f3n<\/h4>\n<p>Nuestra visi\u00f3n es crear comunidades m\u00e1s seguras para nuestras familias. Queremos que nuestras comunidaes est\u00e9n libres de muertes o lesiones relacionadas con los accidentes viales. Comunidades libres de crimen. Una comunidad en donde las familias quieran establecerse y crecer, donde los ni\u00f1os puedan florecer, y los negocios puedan prosperar.<\/p>\n<h4>Misi\u00f3n<\/h4>\n<p>Nuestra misi\u00f3n es brindar soluciones sencillas que ayuden a las organizaciones a hacer un mejor uso de la tecnolog\u00eda. Queremos proporcionar la tecnolog\u00eda m\u00e1s avanzada y ayudar a los municipios a reducir los accidentes viales, las lesiones y las muertes en sus comunidades y, al mismo tiempo, ayudar a sus departamentos de polic\u00eda a reducir el crimen al permitir una mejor utilizaci\u00f3n de los recursos de los oficiales y brindar inteligencia proactiva de la manera m\u00e1s efectiva.<\/p>\n<\/div>\t\t\t\t\t\t\t\t<\/div>\n\t\t\t\t<\/div>\n\t\t\t\t\t<\/div>\n\t\t<\/div>\n\t\t\t\t\t<\/div>\n\t\t<\/section>\n\t\t\t\t<\/div>\n\t\t","protected":false},"excerpt":{"rendered":"<p>SOBRE NOSOTROS NovoaGlobal Con una base de clientes que cubre Am\u00e9rica, Novoa Global es una compa\u00f1\u00eda MBE\/SBE (small or minority bussines enterprise) que se dedeica a desarrollar\u00a0 soluciones de alta&#8230;<\/p>\n","protected":false},"author":1,"featured_media":6406,"parent":0,"menu_order":0,"comment_status":"closed","ping_status":"closed","template":"","meta":{"_exactmetrics_skip_tracking":false,"_exactmetrics_sitenote_active":false,"_exactmetrics_sitenote_note":"","_exactmetrics_sitenote_category":0,"footnotes":""},"class_list":["post-5667","page","type-page","status-publish","has-post-thumbnail","hentry"],"yoast_head":"<!-- This site is optimized with the Yoast SEO plugin v27.4 - https:\/\/yoast.com\/product\/yoast-seo-wordpress\/ -->\n<title>NovoaGlobal Inteligencia en Fotomultas y Seguridad Vial<\/title>\n<meta name=\"description\" content=\"NovoaGlobal\u2122 es un proveedor l\u00edder de soluciones de fotomultas automatizadas tales como luz roja, control de velocidad, paso peatonal, se\u00f1al de alto, bloqueo, LPR, y m\u00e1s.\" \/>\n<meta name=\"robots\" content=\"index, follow, max-snippet:-1, max-image-preview:large, max-video-preview:-1\" \/>\n<link rel=\"canonical\" href=\"https:\/\/novoaglobal.com\/es\/sobre-nosotros\/\" \/>\n<meta property=\"og:locale\" content=\"es_ES\" \/>\n<meta property=\"og:type\" content=\"article\" \/>\n<meta property=\"og:title\" content=\"NovoaGlobal Inteligencia en Fotomultas y Seguridad Vial\" \/>\n<meta property=\"og:description\" content=\"NovoaGlobal\u2122 es un proveedor l\u00edder de soluciones de fotomultas automatizadas tales como luz roja, control de velocidad, paso peatonal, se\u00f1al de alto, bloqueo, LPR, y m\u00e1s.\" \/>\n<meta property=\"og:url\" content=\"https:\/\/novoaglobal.com\/es\/sobre-nosotros\/\" \/>\n<meta property=\"og:site_name\" content=\"NovoaGlobal\u00ae\" \/>\n<meta property=\"article:publisher\" content=\"https:\/\/www.facebook.com\/novoaglobal\/\" \/>\n<meta property=\"article:modified_time\" content=\"2021-10-19T04:24:27+00:00\" \/>\n<meta property=\"og:image\" content=\"https:\/\/novoaglobal.com\/es\/wp-content\/uploads\/2020\/01\/bigstock-Back-to-school-lovely-school-36404680.jpg\" \/>\n\t<meta property=\"og:image:width\" content=\"1600\" \/>\n\t<meta property=\"og:image:height\" content=\"1067\" \/>\n\t<meta property=\"og:image:type\" content=\"image\/jpeg\" \/>\n<meta name=\"twitter:card\" content=\"summary_large_image\" \/>\n<meta name=\"twitter:site\" content=\"@NovoaGlobal\" \/>\n<meta name=\"twitter:label1\" content=\"Tiempo de lectura\" \/>\n\t<meta name=\"twitter:data1\" content=\"1 minuto\" \/>\n<script type=\"application\/ld+json\" class=\"yoast-schema-graph\">{\"@context\":\"https:\\\/\\\/schema.org\",\"@graph\":[{\"@type\":\"WebPage\",\"@id\":\"https:\\\/\\\/novoaglobal.com\\\/es\\\/sobre-nosotros\\\/\",\"url\":\"https:\\\/\\\/novoaglobal.com\\\/es\\\/sobre-nosotros\\\/\",\"name\":\"NovoaGlobal Inteligencia en Fotomultas y Seguridad Vial\",\"isPartOf\":{\"@id\":\"https:\\\/\\\/novoaglobal.com\\\/es\\\/#website\"},\"primaryImageOfPage\":{\"@id\":\"https:\\\/\\\/novoaglobal.com\\\/es\\\/sobre-nosotros\\\/#primaryimage\"},\"image\":{\"@id\":\"https:\\\/\\\/novoaglobal.com\\\/es\\\/sobre-nosotros\\\/#primaryimage\"},\"thumbnailUrl\":\"https:\\\/\\\/novoaglobal.com\\\/es\\\/wp-content\\\/uploads\\\/2020\\\/01\\\/bigstock-Back-to-school-lovely-school-36404680.jpg\",\"datePublished\":\"2019-10-19T15:47:55+00:00\",\"dateModified\":\"2021-10-19T04:24:27+00:00\",\"description\":\"NovoaGlobal\u2122 es un proveedor l\u00edder de soluciones de fotomultas automatizadas tales como luz roja, control de velocidad, paso peatonal, se\u00f1al de alto, bloqueo, LPR, y m\u00e1s.\",\"breadcrumb\":{\"@id\":\"https:\\\/\\\/novoaglobal.com\\\/es\\\/sobre-nosotros\\\/#breadcrumb\"},\"inLanguage\":\"es\",\"potentialAction\":[{\"@type\":\"ReadAction\",\"target\":[\"https:\\\/\\\/novoaglobal.com\\\/es\\\/sobre-nosotros\\\/\"]}]},{\"@type\":\"ImageObject\",\"inLanguage\":\"es\",\"@id\":\"https:\\\/\\\/novoaglobal.com\\\/es\\\/sobre-nosotros\\\/#primaryimage\",\"url\":\"https:\\\/\\\/novoaglobal.com\\\/es\\\/wp-content\\\/uploads\\\/2020\\\/01\\\/bigstock-Back-to-school-lovely-school-36404680.jpg\",\"contentUrl\":\"https:\\\/\\\/novoaglobal.com\\\/es\\\/wp-content\\\/uploads\\\/2020\\\/01\\\/bigstock-Back-to-school-lovely-school-36404680.jpg\",\"width\":1600,\"height\":1067,\"caption\":\"Back to school - lovely schoolgirl on the way to the school\"},{\"@type\":\"BreadcrumbList\",\"@id\":\"https:\\\/\\\/novoaglobal.com\\\/es\\\/sobre-nosotros\\\/#breadcrumb\",\"itemListElement\":[{\"@type\":\"ListItem\",\"position\":1,\"name\":\"Home\",\"item\":\"https:\\\/\\\/novoaglobal.com\\\/es\\\/\"},{\"@type\":\"ListItem\",\"position\":2,\"name\":\"Sobre Nosotros\"}]},{\"@type\":\"WebSite\",\"@id\":\"https:\\\/\\\/novoaglobal.com\\\/es\\\/#website\",\"url\":\"https:\\\/\\\/novoaglobal.com\\\/es\\\/\",\"name\":\"NovoaGlobal\u2122\",\"description\":\"Creando comunidades m\u00e1s seguras\",\"publisher\":{\"@id\":\"https:\\\/\\\/novoaglobal.com\\\/es\\\/#organization\"},\"potentialAction\":[{\"@type\":\"SearchAction\",\"target\":{\"@type\":\"EntryPoint\",\"urlTemplate\":\"https:\\\/\\\/novoaglobal.com\\\/es\\\/?s={search_term_string}\"},\"query-input\":{\"@type\":\"PropertyValueSpecification\",\"valueRequired\":true,\"valueName\":\"search_term_string\"}}],\"inLanguage\":\"es\"},{\"@type\":\"Organization\",\"@id\":\"https:\\\/\\\/novoaglobal.com\\\/es\\\/#organization\",\"name\":\"NovoaGlobal\",\"url\":\"https:\\\/\\\/novoaglobal.com\\\/es\\\/\",\"logo\":{\"@type\":\"ImageObject\",\"inLanguage\":\"es\",\"@id\":\"https:\\\/\\\/novoaglobal.com\\\/es\\\/#\\\/schema\\\/logo\\\/image\\\/\",\"url\":\"https:\\\/\\\/novoaglobal.com\\\/es\\\/wp-content\\\/uploads\\\/2019\\\/10\\\/logo-history-2.png\",\"contentUrl\":\"https:\\\/\\\/novoaglobal.com\\\/es\\\/wp-content\\\/uploads\\\/2019\\\/10\\\/logo-history-2.png\",\"width\":394,\"height\":363,\"caption\":\"NovoaGlobal\"},\"image\":{\"@id\":\"https:\\\/\\\/novoaglobal.com\\\/es\\\/#\\\/schema\\\/logo\\\/image\\\/\"},\"sameAs\":[\"https:\\\/\\\/www.facebook.com\\\/novoaglobal\\\/\",\"https:\\\/\\\/x.com\\\/NovoaGlobal\",\"https:\\\/\\\/www.instagram.com\\\/novoaglobal\\\/\",\"https:\\\/\\\/www.linkedin.com\\\/company\\\/novoaglobal\\\/about\\\/\",\"https:\\\/\\\/www.youtube.com\\\/channel\\\/UCoMVz-xMzL_dyjZ0GgVz7Dw\"]}]}<\/script>\n<!-- \/ Yoast SEO plugin. -->","yoast_head_json":{"title":"NovoaGlobal Inteligencia en Fotomultas y Seguridad Vial","description":"NovoaGlobal\u2122 es un proveedor l\u00edder de soluciones de fotomultas automatizadas tales como luz roja, control de velocidad, paso peatonal, se\u00f1al de alto, bloqueo, LPR, y m\u00e1s.","robots":{"index":"index","follow":"follow","max-snippet":"max-snippet:-1","max-image-preview":"max-image-preview:large","max-video-preview":"max-video-preview:-1"},"canonical":"https:\/\/novoaglobal.com\/es\/sobre-nosotros\/","og_locale":"es_ES","og_type":"article","og_title":"NovoaGlobal Inteligencia en Fotomultas y Seguridad Vial","og_description":"NovoaGlobal\u2122 es un proveedor l\u00edder de soluciones de fotomultas automatizadas tales como luz roja, control de velocidad, paso peatonal, se\u00f1al de alto, bloqueo, LPR, y m\u00e1s.","og_url":"https:\/\/novoaglobal.com\/es\/sobre-nosotros\/","og_site_name":"NovoaGlobal\u00ae","article_publisher":"https:\/\/www.facebook.com\/novoaglobal\/","article_modified_time":"2021-10-19T04:24:27+00:00","og_image":[{"width":1600,"height":1067,"url":"https:\/\/novoaglobal.com\/es\/wp-content\/uploads\/2020\/01\/bigstock-Back-to-school-lovely-school-36404680.jpg","type":"image\/jpeg"}],"twitter_card":"summary_large_image","twitter_site":"@NovoaGlobal","twitter_misc":{"Tiempo de lectura":"1 minuto"},"schema":{"@context":"https:\/\/schema.org","@graph":[{"@type":"WebPage","@id":"https:\/\/novoaglobal.com\/es\/sobre-nosotros\/","url":"https:\/\/novoaglobal.com\/es\/sobre-nosotros\/","name":"NovoaGlobal Inteligencia en Fotomultas y Seguridad Vial","isPartOf":{"@id":"https:\/\/novoaglobal.com\/es\/#website"},"primaryImageOfPage":{"@id":"https:\/\/novoaglobal.com\/es\/sobre-nosotros\/#primaryimage"},"image":{"@id":"https:\/\/novoaglobal.com\/es\/sobre-nosotros\/#primaryimage"},"thumbnailUrl":"https:\/\/novoaglobal.com\/es\/wp-content\/uploads\/2020\/01\/bigstock-Back-to-school-lovely-school-36404680.jpg","datePublished":"2019-10-19T15:47:55+00:00","dateModified":"2021-10-19T04:24:27+00:00","description":"NovoaGlobal\u2122 es un proveedor l\u00edder de soluciones de fotomultas automatizadas tales como luz roja, control de velocidad, paso peatonal, se\u00f1al de alto, bloqueo, LPR, y m\u00e1s.","breadcrumb":{"@id":"https:\/\/novoaglobal.com\/es\/sobre-nosotros\/#breadcrumb"},"inLanguage":"es","potentialAction":[{"@type":"ReadAction","target":["https:\/\/novoaglobal.com\/es\/sobre-nosotros\/"]}]},{"@type":"ImageObject","inLanguage":"es","@id":"https:\/\/novoaglobal.com\/es\/sobre-nosotros\/#primaryimage","url":"https:\/\/novoaglobal.com\/es\/wp-content\/uploads\/2020\/01\/bigstock-Back-to-school-lovely-school-36404680.jpg","contentUrl":"https:\/\/novoaglobal.com\/es\/wp-content\/uploads\/2020\/01\/bigstock-Back-to-school-lovely-school-36404680.jpg","width":1600,"height":1067,"caption":"Back to school - lovely schoolgirl on the way to the school"},{"@type":"BreadcrumbList","@id":"https:\/\/novoaglobal.com\/es\/sobre-nosotros\/#breadcrumb","itemListElement":[{"@type":"ListItem","position":1,"name":"Home","item":"https:\/\/novoaglobal.com\/es\/"},{"@type":"ListItem","position":2,"name":"Sobre Nosotros"}]},{"@type":"WebSite","@id":"https:\/\/novoaglobal.com\/es\/#website","url":"https:\/\/novoaglobal.com\/es\/","name":"NovoaGlobal\u2122","description":"Creando comunidades m\u00e1s seguras","publisher":{"@id":"https:\/\/novoaglobal.com\/es\/#organization"},"potentialAction":[{"@type":"SearchAction","target":{"@type":"EntryPoint","urlTemplate":"https:\/\/novoaglobal.com\/es\/?s={search_term_string}"},"query-input":{"@type":"PropertyValueSpecification","valueRequired":true,"valueName":"search_term_string"}}],"inLanguage":"es"},{"@type":"Organization","@id":"https:\/\/novoaglobal.com\/es\/#organization","name":"NovoaGlobal","url":"https:\/\/novoaglobal.com\/es\/","logo":{"@type":"ImageObject","inLanguage":"es","@id":"https:\/\/novoaglobal.com\/es\/#\/schema\/logo\/image\/","url":"https:\/\/novoaglobal.com\/es\/wp-content\/uploads\/2019\/10\/logo-history-2.png","contentUrl":"https:\/\/novoaglobal.com\/es\/wp-content\/uploads\/2019\/10\/logo-history-2.png","width":394,"height":363,"caption":"NovoaGlobal"},"image":{"@id":"https:\/\/novoaglobal.com\/es\/#\/schema\/logo\/image\/"},"sameAs":["https:\/\/www.facebook.com\/novoaglobal\/","https:\/\/x.com\/NovoaGlobal","https:\/\/www.instagram.com\/novoaglobal\/","https:\/\/www.linkedin.com\/company\/novoaglobal\/about\/","https:\/\/www.youtube.com\/channel\/UCoMVz-xMzL_dyjZ0GgVz7Dw"]}]}},"_links":{"self":[{"href":"https:\/\/novoaglobal.com\/es\/wp-json\/wp\/v2\/pages\/5667","targetHints":{"allow":["GET"]}}],"collection":[{"href":"https:\/\/novoaglobal.com\/es\/wp-json\/wp\/v2\/pages"}],"about":[{"href":"https:\/\/novoaglobal.com\/es\/wp-json\/wp\/v2\/types\/page"}],"author":[{"embeddable":true,"href":"https:\/\/novoaglobal.com\/es\/wp-json\/wp\/v2\/users\/1"}],"replies":[{"embeddable":true,"href":"https:\/\/novoaglobal.com\/es\/wp-json\/wp\/v2\/comments?post=5667"}],"version-history":[{"count":9,"href":"https:\/\/novoaglobal.com\/es\/wp-json\/wp\/v2\/pages\/5667\/revisions"}],"predecessor-version":[{"id":10402,"href":"https:\/\/novoaglobal.com\/es\/wp-json\/wp\/v2\/pages\/5667\/revisions\/10402"}],"wp:featuredmedia":[{"embeddable":true,"href":"https:\/\/novoaglobal.com\/es\/wp-json\/wp\/v2\/media\/6406"}],"wp:attachment":[{"href":"https:\/\/novoaglobal.com\/es\/wp-json\/wp\/v2\/media?parent=5667"}],"curies":[{"name":"wp","href":"https:\/\/api.w.org\/{rel}","templated":true}]}}