{"id":2434,"date":"2019-10-14T08:59:24","date_gmt":"2019-10-14T08:59:24","guid":{"rendered":"https:\/\/novoaglobal.com\/es\/?page_id=2434"},"modified":"2021-10-19T11:10:58","modified_gmt":"2021-10-19T11:10:58","slug":"video-sec","status":"publish","type":"page","link":"https:\/\/novoaglobal.com\/es\/video-sec\/","title":{"rendered":"VIDEOVIGILANCIA"},"content":{"rendered":"<section class=\"sh-section sh-section-4554c1964e37fbbb6afece028615103e fw-main-row sh-section-visibility-everywhere\">\n\t\n\t\n\t<div class=\"sh-section-container container-fluid\">\n\t\t\t<\/div>\n<\/section>\n\n<section class=\"sh-section sh-section-6d6dbf83178ba5dc4151e7c9ea3c75cf fw-main-row sh-section-visibility-everywhere\">\n\t\n\t\n\t<div class=\"sh-section-container container section-justify-height\">\n\t\t<div class=\"fw-row\">\n\t\n<div class=\"sh-column sh-column-d28a20641558a2899670a6ed5a50d1b5 fw-col-xs-12 fw-col-sm-6\" >\n\n\t\n\t<div class=\"sh-column-wrapper\">\n\t\t\n<div class=\"sh-heading  \" id=\"heading-4bb404a9da74a7501e3f66f7a22ac53d\">\n\t<div class=\"sh-element-margin\">\n\n\t\t\n\t\t\t<h2 class=\"sh-heading-content size-l text-left\">\n\t\t\t\tVIDEO-SEC\t\t\t<\/h2>\n\n\t\t\n\t<\/div>\n<\/div>\n\n<div id=\"text-block-12cdf824ee9513b69942c74a4747bde4\" class=\"sh-text-block\">\n\t<h5>EVIDENCIA INDISPUTABLE OBTENIDA CON VIDEO-SEC DE NOVOAGLOBAL<\/h5><p>Cuando un oficial investiga la causa de un accidente o un detective se enfrenta a un crimen sin resolver, un video n\u00edtido de alta definici\u00f3n marca la diferencia.<\/p><p>Para qu\u00e9 se usa Video-Sec:<\/p><ul class=\"police-page\"><li>Revisa los choques para determinar qui\u00e9n tiene la culpa<\/li><li>Resuelve delitos como una persecuci\u00f3n de coches a alta velocidad<\/li><li>Identifica a los sospechosos de robo<\/li><li>Procesa carreras callejeras ilegales<\/li><\/ul><h5>\u00bfC\u00d3MO FUNCIONA?<\/h5><p>Video-Sec de NovoaGlobal carga autom\u00e1ticamente una sola imagen cada 60 segundos y almacena videos de alta resoluci\u00f3n. Al minimizar la transmisi\u00f3n de datos durante per\u00edodos de tiempo no esenciales, la aplicaci\u00f3n de la ley tiene una calidad de imagen excepcional sin sobrecargar la disponibilidad del ancho de banda. Se puede acceder, revisar y descargar directamente la transmisi\u00f3n de video capturada y almacenada durante cualquier per\u00edodo de tiempo especificado. Con Video-Sec, se puede recuperar un minuto de transmisi\u00f3n de video con un simple clic del mouse.<\/p><p>Con Video-Sec, los ciudadanos tienen la tranquilidad de saber que existe tecnolog\u00eda que los protege mientras les informa a los delincuentes que est\u00e1n siendo observados. Video-Sec de NovoaGlobal proporciona evidencia para capturar y enjuiciar.<\/p><p>&nbsp;<\/p><\/div>\n\t<\/div>\n\n\n\t\t\n\n<\/div>\n\n<div class=\"sh-column sh-column-3c5418793c1c7763f145d5230717b563 fw-col-xs-12 fw-col-sm-4\" >\n\n\t\n\t<div class=\"sh-column-wrapper\">\n\t\t\n<div id=\"single-image-3b32a744016f18170ab6a96f3ed6e26f\" class=\"sh-single-image   sh-single-image-shadow3\">\n\t<div class=\"sh-element-margin\">\n\t\t\n\t\t\t\t\t<div class=\"sh-image-lazy-loading\" style=\"max-width: 300px;\">\n\t\t\n\t\t\t<div class=\"sh-single-image-container sh-single-image-container-lazy\">\n\t\t\t\t\t\t\t\t\t\t\t\t\t\t\t<a href=\"\/\/novoaglobal.net\/wp-content\/uploads\/2019\/10\/screenshot2.png\" rel=\"lightbox\">\n\t\t\t\t\t\n\t\t\t\t\t\t\t\t\t\t\t\t\t\t\t\t\t\t\t\t\t<div class=\"ratio-container\" style=\"padding-top: 166.66666666667%;\">\n\t\t\t\t\t\t\t\t\t<div class=\"ratio-content\">\n\t\t\t\t\t\t\t\t\t\t<img class=\"sh-image-url lazy\" data-src=\"https:\/\/novoaglobal.com\/es\/wp-content\/uploads\/2019\/10\/screenshot2.png\" alt=\"VIDEO-SEC\" \/>\n\t\t\t\t\t\t\t\t\t<\/div>\n\t\t\t\t\t\t\t\t<\/div>\n\t\t\t\t\t\t\t\n\t\t\t\t\t\t\t\t\t\t\t\t\t\n\t\t\t\t\t\t\t\t\t\t\t<\/a>\n\t\t\t\t\t\t\t\t\t\n\t\t\t\t\t\t\t<\/div>\n\n\t\t\t\t\t<\/div>\n\t\t\n\t<\/div>\n<\/div>\n\t<\/div>\n\n\n\t\t\n\n<\/div>\n<\/div>\n\n\t<\/div>\n<\/section>\n\n<section class=\"sh-section sh-section-b414616623d6b016e214df18ed1b88c2 fw-main-row sh-section-visibility-everywhere\">\n\t\n\t\n\t<div class=\"sh-section-container container section-justify-height\">\n\t\t<div class=\"fw-row\">\n\t\n<div class=\"sh-column sh-column-e9252772e44fa48dd446ae414b2b8fdb fw-col-xs-12 fw-col-sm-4 sh-column-mobile-padding\" >\n\n\t\n\t<div class=\"sh-column-wrapper\">\n\t\t\n<div id=\"single-image-84a8be123fe22348a16eb7d9066bcbd5\" class=\"sh-single-image   sh-single-image-shadow3\">\n\t<div class=\"sh-element-margin\">\n\t\t\n\t\t\t\t\t<div class=\"sh-image-lazy-loading\" style=\"max-width: 300px;\">\n\t\t\n\t\t\t<div class=\"sh-single-image-container sh-single-image-container-lazy\">\n\t\t\t\t\t\t\t\t\t\t\t\t\t\t\t<a href=\"\/\/novoaglobal.net\/wp-content\/uploads\/2019\/10\/High-speed-chase-with-screenshot-and-photo-copy-300x164.jpg\" rel=\"lightbox\">\n\t\t\t\t\t\n\t\t\t\t\t\t\t\t\t\t\t\t\t\t\t\t\t\t\t\t\t<div class=\"ratio-container\" style=\"padding-top: 54.666666666667%;\">\n\t\t\t\t\t\t\t\t\t<div class=\"ratio-content\">\n\t\t\t\t\t\t\t\t\t\t<img class=\"sh-image-url lazy\" data-src=\"https:\/\/novoaglobal.com\/es\/wp-content\/uploads\/2019\/10\/High-speed-chase-with-screenshot-and-photo-copy-300x164.jpg\" alt=\"VIDEO SEC ADVANTAGES\" \/>\n\t\t\t\t\t\t\t\t\t<\/div>\n\t\t\t\t\t\t\t\t<\/div>\n\t\t\t\t\t\t\t\n\t\t\t\t\t\t\t\t\t\t\t\t\t\n\t\t\t\t\t\t\t\t\t\t\t<\/a>\n\t\t\t\t\t\t\t\t\t\n\t\t\t\t\t\t\t<\/div>\n\n\t\t\t\t\t<\/div>\n\t\t\n\t<\/div>\n<\/div>\n\t<\/div>\n\n\n\t\t\n\n<\/div>\n\n<div class=\"sh-column sh-column-de3a1b7d30dba7ebef3d81e7220d363f fw-col-xs-12 fw-col-sm-6\" >\n\n\t\n\t<div class=\"sh-column-wrapper\">\n\t\t\n<div id=\"text-block-e78c0fb2b8b264aa79bd96aca25b81ed\" class=\"sh-text-block\">\n\t<h5>VENTAJAS DE VIDEO-SEC:<\/h5><ul class=\"police-page\"><li>Visualizaci\u00f3n\/monitoreo en vivo<\/li><li>Recuperar el video de cualquier periodo de tiempo<\/li><li>Video digital de alta resoluci\u00f3n<\/li><li>Ancho de banda m\u00ednimo<\/li><li>F\u00e1cil recuperaci\u00f3n de DVR<\/li><li>Software de back office robusto<\/li><li>Soluci\u00f3n de Nube Segura<\/li><li>Gesti\u00f3n de casos judiciales<\/li><\/ul><\/div>\n\t<\/div>\n\n\n\t\t\n\n<\/div>\n<\/div>\n\n\t<\/div>\n<\/section>\n","protected":false},"excerpt":{"rendered":"<p>VIDEO-SEC EVIDENCIA INDISPUTABLE OBTENIDA CON VIDEO-SEC DE NOVOAGLOBALCuando un oficial investiga la causa de un accidente o un detective se enfrenta a un crimen sin resolver, un video n\u00edtido de&#8230;<\/p>\n","protected":false},"author":1,"featured_media":6796,"parent":0,"menu_order":0,"comment_status":"closed","ping_status":"closed","template":"","meta":{"_exactmetrics_skip_tracking":false,"_exactmetrics_sitenote_active":false,"_exactmetrics_sitenote_note":"","_exactmetrics_sitenote_category":0,"footnotes":""},"class_list":["post-2434","page","type-page","status-publish","has-post-thumbnail","hentry"],"yoast_head":"<!-- This site is optimized with the Yoast SEO plugin v27.4 - https:\/\/yoast.com\/product\/yoast-seo-wordpress\/ -->\n<title>NovoaGlobal\u00ae Videovigilancia, Sistema de Fotomulta Automatizado<\/title>\n<meta name=\"description\" content=\"NovoaGlobal\u00ae ofrece videovigilancia del tr\u00e1fico casi en tiempo real las 24 horas, 7 dias a la semana para intensificar el control de tr\u00e1nsito.\" \/>\n<meta name=\"robots\" content=\"index, follow, max-snippet:-1, max-image-preview:large, max-video-preview:-1\" \/>\n<link rel=\"canonical\" href=\"https:\/\/novoaglobal.com\/es\/video-sec\/\" \/>\n<meta property=\"og:locale\" content=\"es_ES\" \/>\n<meta property=\"og:type\" content=\"article\" \/>\n<meta property=\"og:title\" content=\"NovoaGlobal\u00ae Videovigilancia, Sistema de Fotomulta Automatizado\" \/>\n<meta property=\"og:description\" content=\"NovoaGlobal\u00ae ofrece videovigilancia del tr\u00e1fico casi en tiempo real las 24 horas, 7 dias a la semana para intensificar el control de tr\u00e1nsito.\" \/>\n<meta property=\"og:url\" content=\"https:\/\/novoaglobal.com\/es\/video-sec\/\" \/>\n<meta property=\"og:site_name\" content=\"NovoaGlobal\u00ae\" \/>\n<meta property=\"article:publisher\" content=\"https:\/\/www.facebook.com\/novoaglobal\/\" \/>\n<meta property=\"article:modified_time\" content=\"2021-10-19T11:10:58+00:00\" \/>\n<meta property=\"og:image\" content=\"https:\/\/novoaglobal.com\/es\/wp-content\/uploads\/2020\/06\/Video-Sec-1200-x-630-copy-e1593470025975.jpg\" \/>\n\t<meta property=\"og:image:width\" content=\"765\" \/>\n\t<meta property=\"og:image:height\" content=\"630\" \/>\n\t<meta property=\"og:image:type\" content=\"image\/jpeg\" \/>\n<meta name=\"twitter:card\" content=\"summary_large_image\" \/>\n<meta name=\"twitter:site\" content=\"@NovoaGlobal\" \/>\n<meta name=\"twitter:label1\" content=\"Tiempo de lectura\" \/>\n\t<meta name=\"twitter:data1\" content=\"1 minuto\" \/>\n<script type=\"application\/ld+json\" class=\"yoast-schema-graph\">{\"@context\":\"https:\\\/\\\/schema.org\",\"@graph\":[{\"@type\":\"WebPage\",\"@id\":\"https:\\\/\\\/novoaglobal.com\\\/es\\\/video-sec\\\/\",\"url\":\"https:\\\/\\\/novoaglobal.com\\\/es\\\/video-sec\\\/\",\"name\":\"NovoaGlobal\u00ae Videovigilancia, Sistema de Fotomulta Automatizado\",\"isPartOf\":{\"@id\":\"https:\\\/\\\/novoaglobal.com\\\/es\\\/#website\"},\"primaryImageOfPage\":{\"@id\":\"https:\\\/\\\/novoaglobal.com\\\/es\\\/video-sec\\\/#primaryimage\"},\"image\":{\"@id\":\"https:\\\/\\\/novoaglobal.com\\\/es\\\/video-sec\\\/#primaryimage\"},\"thumbnailUrl\":\"https:\\\/\\\/novoaglobal.com\\\/es\\\/wp-content\\\/uploads\\\/2020\\\/06\\\/Video-Sec-1200-x-630-copy-e1593470025975.jpg\",\"datePublished\":\"2019-10-14T08:59:24+00:00\",\"dateModified\":\"2021-10-19T11:10:58+00:00\",\"description\":\"NovoaGlobal\u00ae ofrece videovigilancia del tr\u00e1fico casi en tiempo real las 24 horas, 7 dias a la semana para intensificar el control de tr\u00e1nsito.\",\"breadcrumb\":{\"@id\":\"https:\\\/\\\/novoaglobal.com\\\/es\\\/video-sec\\\/#breadcrumb\"},\"inLanguage\":\"es\",\"potentialAction\":[{\"@type\":\"ReadAction\",\"target\":[\"https:\\\/\\\/novoaglobal.com\\\/es\\\/video-sec\\\/\"]}]},{\"@type\":\"ImageObject\",\"inLanguage\":\"es\",\"@id\":\"https:\\\/\\\/novoaglobal.com\\\/es\\\/video-sec\\\/#primaryimage\",\"url\":\"https:\\\/\\\/novoaglobal.com\\\/es\\\/wp-content\\\/uploads\\\/2020\\\/06\\\/Video-Sec-1200-x-630-copy-e1593470025975.jpg\",\"contentUrl\":\"https:\\\/\\\/novoaglobal.com\\\/es\\\/wp-content\\\/uploads\\\/2020\\\/06\\\/Video-Sec-1200-x-630-copy-e1593470025975.jpg\",\"width\":765,\"height\":630,\"caption\":\"NovoaGlobal Video Monitoring, NovoaGlobal Automated Camera Enforcement\"},{\"@type\":\"BreadcrumbList\",\"@id\":\"https:\\\/\\\/novoaglobal.com\\\/es\\\/video-sec\\\/#breadcrumb\",\"itemListElement\":[{\"@type\":\"ListItem\",\"position\":1,\"name\":\"Home\",\"item\":\"https:\\\/\\\/novoaglobal.com\\\/es\\\/\"},{\"@type\":\"ListItem\",\"position\":2,\"name\":\"VIDEOVIGILANCIA\"}]},{\"@type\":\"WebSite\",\"@id\":\"https:\\\/\\\/novoaglobal.com\\\/es\\\/#website\",\"url\":\"https:\\\/\\\/novoaglobal.com\\\/es\\\/\",\"name\":\"NovoaGlobal\u2122\",\"description\":\"Creando comunidades m\u00e1s seguras\",\"publisher\":{\"@id\":\"https:\\\/\\\/novoaglobal.com\\\/es\\\/#organization\"},\"potentialAction\":[{\"@type\":\"SearchAction\",\"target\":{\"@type\":\"EntryPoint\",\"urlTemplate\":\"https:\\\/\\\/novoaglobal.com\\\/es\\\/?s={search_term_string}\"},\"query-input\":{\"@type\":\"PropertyValueSpecification\",\"valueRequired\":true,\"valueName\":\"search_term_string\"}}],\"inLanguage\":\"es\"},{\"@type\":\"Organization\",\"@id\":\"https:\\\/\\\/novoaglobal.com\\\/es\\\/#organization\",\"name\":\"NovoaGlobal\",\"url\":\"https:\\\/\\\/novoaglobal.com\\\/es\\\/\",\"logo\":{\"@type\":\"ImageObject\",\"inLanguage\":\"es\",\"@id\":\"https:\\\/\\\/novoaglobal.com\\\/es\\\/#\\\/schema\\\/logo\\\/image\\\/\",\"url\":\"https:\\\/\\\/novoaglobal.com\\\/es\\\/wp-content\\\/uploads\\\/2019\\\/10\\\/logo-history-2.png\",\"contentUrl\":\"https:\\\/\\\/novoaglobal.com\\\/es\\\/wp-content\\\/uploads\\\/2019\\\/10\\\/logo-history-2.png\",\"width\":394,\"height\":363,\"caption\":\"NovoaGlobal\"},\"image\":{\"@id\":\"https:\\\/\\\/novoaglobal.com\\\/es\\\/#\\\/schema\\\/logo\\\/image\\\/\"},\"sameAs\":[\"https:\\\/\\\/www.facebook.com\\\/novoaglobal\\\/\",\"https:\\\/\\\/x.com\\\/NovoaGlobal\",\"https:\\\/\\\/www.instagram.com\\\/novoaglobal\\\/\",\"https:\\\/\\\/www.linkedin.com\\\/company\\\/novoaglobal\\\/about\\\/\",\"https:\\\/\\\/www.youtube.com\\\/channel\\\/UCoMVz-xMzL_dyjZ0GgVz7Dw\"]}]}<\/script>\n<!-- \/ Yoast SEO plugin. -->","yoast_head_json":{"title":"NovoaGlobal\u00ae Videovigilancia, Sistema de Fotomulta Automatizado","description":"NovoaGlobal\u00ae ofrece videovigilancia del tr\u00e1fico casi en tiempo real las 24 horas, 7 dias a la semana para intensificar el control de tr\u00e1nsito.","robots":{"index":"index","follow":"follow","max-snippet":"max-snippet:-1","max-image-preview":"max-image-preview:large","max-video-preview":"max-video-preview:-1"},"canonical":"https:\/\/novoaglobal.com\/es\/video-sec\/","og_locale":"es_ES","og_type":"article","og_title":"NovoaGlobal\u00ae Videovigilancia, Sistema de Fotomulta Automatizado","og_description":"NovoaGlobal\u00ae ofrece videovigilancia del tr\u00e1fico casi en tiempo real las 24 horas, 7 dias a la semana para intensificar el control de tr\u00e1nsito.","og_url":"https:\/\/novoaglobal.com\/es\/video-sec\/","og_site_name":"NovoaGlobal\u00ae","article_publisher":"https:\/\/www.facebook.com\/novoaglobal\/","article_modified_time":"2021-10-19T11:10:58+00:00","og_image":[{"width":765,"height":630,"url":"https:\/\/novoaglobal.com\/es\/wp-content\/uploads\/2020\/06\/Video-Sec-1200-x-630-copy-e1593470025975.jpg","type":"image\/jpeg"}],"twitter_card":"summary_large_image","twitter_site":"@NovoaGlobal","twitter_misc":{"Tiempo de lectura":"1 minuto"},"schema":{"@context":"https:\/\/schema.org","@graph":[{"@type":"WebPage","@id":"https:\/\/novoaglobal.com\/es\/video-sec\/","url":"https:\/\/novoaglobal.com\/es\/video-sec\/","name":"NovoaGlobal\u00ae Videovigilancia, Sistema de Fotomulta Automatizado","isPartOf":{"@id":"https:\/\/novoaglobal.com\/es\/#website"},"primaryImageOfPage":{"@id":"https:\/\/novoaglobal.com\/es\/video-sec\/#primaryimage"},"image":{"@id":"https:\/\/novoaglobal.com\/es\/video-sec\/#primaryimage"},"thumbnailUrl":"https:\/\/novoaglobal.com\/es\/wp-content\/uploads\/2020\/06\/Video-Sec-1200-x-630-copy-e1593470025975.jpg","datePublished":"2019-10-14T08:59:24+00:00","dateModified":"2021-10-19T11:10:58+00:00","description":"NovoaGlobal\u00ae ofrece videovigilancia del tr\u00e1fico casi en tiempo real las 24 horas, 7 dias a la semana para intensificar el control de tr\u00e1nsito.","breadcrumb":{"@id":"https:\/\/novoaglobal.com\/es\/video-sec\/#breadcrumb"},"inLanguage":"es","potentialAction":[{"@type":"ReadAction","target":["https:\/\/novoaglobal.com\/es\/video-sec\/"]}]},{"@type":"ImageObject","inLanguage":"es","@id":"https:\/\/novoaglobal.com\/es\/video-sec\/#primaryimage","url":"https:\/\/novoaglobal.com\/es\/wp-content\/uploads\/2020\/06\/Video-Sec-1200-x-630-copy-e1593470025975.jpg","contentUrl":"https:\/\/novoaglobal.com\/es\/wp-content\/uploads\/2020\/06\/Video-Sec-1200-x-630-copy-e1593470025975.jpg","width":765,"height":630,"caption":"NovoaGlobal Video Monitoring, NovoaGlobal Automated Camera Enforcement"},{"@type":"BreadcrumbList","@id":"https:\/\/novoaglobal.com\/es\/video-sec\/#breadcrumb","itemListElement":[{"@type":"ListItem","position":1,"name":"Home","item":"https:\/\/novoaglobal.com\/es\/"},{"@type":"ListItem","position":2,"name":"VIDEOVIGILANCIA"}]},{"@type":"WebSite","@id":"https:\/\/novoaglobal.com\/es\/#website","url":"https:\/\/novoaglobal.com\/es\/","name":"NovoaGlobal\u2122","description":"Creando comunidades m\u00e1s seguras","publisher":{"@id":"https:\/\/novoaglobal.com\/es\/#organization"},"potentialAction":[{"@type":"SearchAction","target":{"@type":"EntryPoint","urlTemplate":"https:\/\/novoaglobal.com\/es\/?s={search_term_string}"},"query-input":{"@type":"PropertyValueSpecification","valueRequired":true,"valueName":"search_term_string"}}],"inLanguage":"es"},{"@type":"Organization","@id":"https:\/\/novoaglobal.com\/es\/#organization","name":"NovoaGlobal","url":"https:\/\/novoaglobal.com\/es\/","logo":{"@type":"ImageObject","inLanguage":"es","@id":"https:\/\/novoaglobal.com\/es\/#\/schema\/logo\/image\/","url":"https:\/\/novoaglobal.com\/es\/wp-content\/uploads\/2019\/10\/logo-history-2.png","contentUrl":"https:\/\/novoaglobal.com\/es\/wp-content\/uploads\/2019\/10\/logo-history-2.png","width":394,"height":363,"caption":"NovoaGlobal"},"image":{"@id":"https:\/\/novoaglobal.com\/es\/#\/schema\/logo\/image\/"},"sameAs":["https:\/\/www.facebook.com\/novoaglobal\/","https:\/\/x.com\/NovoaGlobal","https:\/\/www.instagram.com\/novoaglobal\/","https:\/\/www.linkedin.com\/company\/novoaglobal\/about\/","https:\/\/www.youtube.com\/channel\/UCoMVz-xMzL_dyjZ0GgVz7Dw"]}]}},"_links":{"self":[{"href":"https:\/\/novoaglobal.com\/es\/wp-json\/wp\/v2\/pages\/2434","targetHints":{"allow":["GET"]}}],"collection":[{"href":"https:\/\/novoaglobal.com\/es\/wp-json\/wp\/v2\/pages"}],"about":[{"href":"https:\/\/novoaglobal.com\/es\/wp-json\/wp\/v2\/types\/page"}],"author":[{"embeddable":true,"href":"https:\/\/novoaglobal.com\/es\/wp-json\/wp\/v2\/users\/1"}],"replies":[{"embeddable":true,"href":"https:\/\/novoaglobal.com\/es\/wp-json\/wp\/v2\/comments?post=2434"}],"version-history":[{"count":6,"href":"https:\/\/novoaglobal.com\/es\/wp-json\/wp\/v2\/pages\/2434\/revisions"}],"predecessor-version":[{"id":10419,"href":"https:\/\/novoaglobal.com\/es\/wp-json\/wp\/v2\/pages\/2434\/revisions\/10419"}],"wp:featuredmedia":[{"embeddable":true,"href":"https:\/\/novoaglobal.com\/es\/wp-json\/wp\/v2\/media\/6796"}],"wp:attachment":[{"href":"https:\/\/novoaglobal.com\/es\/wp-json\/wp\/v2\/media?parent=2434"}],"curies":[{"name":"wp","href":"https:\/\/api.w.org\/{rel}","templated":true}]}}