{"id":2428,"date":"2019-10-14T08:49:56","date_gmt":"2019-10-14T08:49:56","guid":{"rendered":"https:\/\/novoaglobal.com\/es\/?page_id=2428"},"modified":"2022-01-09T00:13:26","modified_gmt":"2022-01-09T00:13:26","slug":"cuerpo-cam-sec","status":"publish","type":"page","link":"https:\/\/novoaglobal.com\/es\/cuerpo-cam-sec\/","title":{"rendered":"C\u00c1MARA CORPORAL"},"content":{"rendered":"<section class=\"sh-section sh-section-4554c1964e37fbbb6afece028615103e fw-main-row sh-section-visibility-everywhere\">\n\t\n\t\n\t<div class=\"sh-section-container container-fluid\">\n\t\t\t<\/div>\n<\/section>\n\n<section class=\"sh-section sh-section-6d6dbf83178ba5dc4151e7c9ea3c75cf fw-main-row sh-section-visibility-everywhere\">\n\t\n\t\n\t<div class=\"sh-section-container container section-justify-height\">\n\t\t<div class=\"fw-row\">\n\t\n<div class=\"sh-column sh-column-d28a20641558a2899670a6ed5a50d1b5 fw-col-xs-12 fw-col-sm-6\" >\n\n\t\n\t<div class=\"sh-column-wrapper\">\n\t\t\n<div class=\"sh-heading  \" id=\"heading-4bb404a9da74a7501e3f66f7a22ac53d\">\n\t<div class=\"sh-element-margin\">\n\n\t\t\n\t\t\t<h2 class=\"sh-heading-content size-l text-left\">\n\t\t\t\tBODYCAM-SEC\t\t\t<\/h2>\n\n\t\t\n\t<\/div>\n<\/div>\n\n<div id=\"text-block-12cdf824ee9513b69942c74a4747bde4\" class=\"sh-text-block\">\n\t<div id=\"pg-1400-1\" class=\"panel-grid panel-no-style\"><div id=\"pgc-1400-1-0\" class=\"panel-grid-cell\"><div id=\"panel-1400-1-0-0\" class=\"so-panel widget widget_text panel-first-child panel-last-child\" data-index=\"1\"><div class=\"textwidget\"><h5>\u00a1PROTEGIENDO A LA POLIC\u00cdA Y A LOS CIUDADANOS CON LA C\u00c1MARA CORPORAL POLICIAL DE NOVOAGLOBAL!<\/h5><h5 class=\"pro-desc\">\u00a1PROPORCIONANDO EVIDENCIA EN VIDEO DE ALTA RESOLUCI\u00d3N DE LA INTERACCI\u00d3N ENTRE OFICIALES Y CIUDADANOS!<\/h5><\/div><\/div><\/div><\/div><div id=\"pg-1400-2\" class=\"panel-grid panel-no-style\"><div id=\"pgc-1400-2-0\" class=\"panel-grid-cell\"><div id=\"panel-1400-2-0-0\" class=\"so-panel widget widget_text panel-first-child panel-last-child\" data-index=\"2\"><div class=\"textwidget\"><p>El trabajo de un oficial es dif\u00edcil y con demasiada frecuencia los relatos de lo que realmente sucedi\u00f3 difieren entre el del oficial y el del civil. Pero si bien el testimonio puede tener fallas, la evidencia en video es s\u00f3lida como una roca y reconocida en un tribunal de justicia. Presentamos BodyCam-Sec, la c\u00e1mara corporal que proporciona un ojo imparcial para proteger tanto a los agentes como a los ciudadanos.<\/p><p>Novoa Global se enorgullece de presentar nuestra soluci\u00f3n de c\u00e1mara corporal BodyCam-Sec. BodyCam-Sec es una soluci\u00f3n aut\u00f3noma y totalmente automatizada para video, que registra la interacci\u00f3n entre el oficial y los ciudadanos en la escena.<\/p><\/div><\/div><\/div><\/div><\/div>\n\t<\/div>\n\n\n\t\t\n\n<\/div>\n\n<div class=\"sh-column sh-column-3c5418793c1c7763f145d5230717b563 fw-col-xs-12 fw-col-sm-4\" >\n\n\t\n\t<div class=\"sh-column-wrapper\">\n\t\t\n<div id=\"single-image-3b32a744016f18170ab6a96f3ed6e26f\" class=\"sh-single-image   sh-single-image-shadow3\">\n\t<div class=\"sh-element-margin\">\n\t\t\n\t\t\t\t\t<div class=\"sh-image-lazy-loading\" style=\"max-width: 691px;\">\n\t\t\n\t\t\t<div class=\"sh-single-image-container sh-single-image-container-lazy\">\n\t\t\t\t\t\t\t\t\t\t\t\t\t\t\t<a href=\"\/\/novoaglobal.com\/wp-content\/uploads\/2021\/08\/Body-Camera-NG-2021-B.png\" rel=\"lightbox\">\n\t\t\t\t\t\n\t\t\t\t\t\t\t\t\t\t\t\t\t\t\t\t\t\t\t\t\t<div class=\"ratio-container\" style=\"padding-top: 37.337192474674%;\">\n\t\t\t\t\t\t\t\t\t<div class=\"ratio-content\">\n\t\t\t\t\t\t\t\t\t\t<img class=\"sh-image-url lazy\" data-src=\"https:\/\/novoaglobal.com\/es\/wp-content\/uploads\/2021\/08\/Body-Camera-NG-2021-B.png\" alt=\"NovoaGlobal Body Camera is part of the BodyCam-Sec system\" \/>\n\t\t\t\t\t\t\t\t\t<\/div>\n\t\t\t\t\t\t\t\t<\/div>\n\t\t\t\t\t\t\t\n\t\t\t\t\t\t\t\t\t\t\t\t\t\n\t\t\t\t\t\t\t\t\t\t\t<\/a>\n\t\t\t\t\t\t\t\t\t\n\t\t\t\t\t\t\t<\/div>\n\n\t\t\t\t\t<\/div>\n\t\t\n\t<\/div>\n<\/div>\n\t<\/div>\n\n\n\t\t\n\n<\/div>\n<\/div>\n\n\t<\/div>\n<\/section>\n\n<section class=\"sh-section sh-section-b414616623d6b016e214df18ed1b88c2 fw-main-row sh-section-visibility-everywhere\">\n\t\n\t\n\t<div class=\"sh-section-container container section-justify-height\">\n\t\t<div class=\"fw-row\">\n\t\n<div class=\"sh-column sh-column-e9252772e44fa48dd446ae414b2b8fdb fw-col-xs-12 fw-col-sm-4 sh-column-mobile-padding\" >\n\n\t\n\t<div class=\"sh-column-wrapper\">\n\t\t\n<div id=\"single-image-84a8be123fe22348a16eb7d9066bcbd5\" class=\"sh-single-image   sh-single-image-shadow3\">\n\t<div class=\"sh-element-margin\">\n\t\t\n\t\t\t\t\t<div class=\"sh-image-lazy-loading\" style=\"max-width: 300px;\">\n\t\t\n\t\t\t<div class=\"sh-single-image-container sh-single-image-container-lazy\">\n\t\t\t\t\t\t\t\t\t\t\t\t\t\t\t<a href=\"\/\/novoaglobal.net\/wp-content\/uploads\/2019\/10\/Screen-shot-of-Bodycam-back-office-300x213.png\" rel=\"lightbox\">\n\t\t\t\t\t\n\t\t\t\t\t\t\t\t\t\t\t\t\t\t\t\t\t\t\t\t\t<div class=\"ratio-container\" style=\"padding-top: 71%;\">\n\t\t\t\t\t\t\t\t\t<div class=\"ratio-content\">\n\t\t\t\t\t\t\t\t\t\t<img class=\"sh-image-url lazy\" data-src=\"https:\/\/novoaglobal.com\/es\/wp-content\/uploads\/2019\/10\/Screen-shot-of-Bodycam-back-office-300x213.png\" alt=\"Novoa Global BodyCam\" \/>\n\t\t\t\t\t\t\t\t\t<\/div>\n\t\t\t\t\t\t\t\t<\/div>\n\t\t\t\t\t\t\t\n\t\t\t\t\t\t\t\t\t\t\t\t\t\n\t\t\t\t\t\t\t\t\t\t\t<\/a>\n\t\t\t\t\t\t\t\t\t\n\t\t\t\t\t\t\t<\/div>\n\n\t\t\t\t\t<\/div>\n\t\t\n\t<\/div>\n<\/div>\n\t<\/div>\n\n\n\t\t\n\n<\/div>\n\n<div class=\"sh-column sh-column-de3a1b7d30dba7ebef3d81e7220d363f fw-col-xs-12 fw-col-sm-6\" >\n\n\t\n\t<div class=\"sh-column-wrapper\">\n\t\t\n<div id=\"text-block-e78c0fb2b8b264aa79bd96aca25b81ed\" class=\"sh-text-block\">\n\t<h5>\u00bfQU\u00c9 ES BODYCAM-SEC?<\/h5><p>BodyCam-Sec de NovoaGlobal es una c\u00e1mara para oficiales ultraduradera dise\u00f1ada para ser usada f\u00e1cilmente a la vez que ofrece simplicidad y un rendimiento superior. BodyCam-Sec ofrece grabaci\u00f3n de video, grabaci\u00f3n de audio, capacidad para tomar una foto, pregrabaci\u00f3n e infrarrojos autom\u00e1ticos para captura con poca luz.<\/p><ul class=\"police-page\"><li>Inicio con un toque<\/li><li>GPS, Wifi y 4G (opcional)<\/li><li>IP 67 a prueba de agua<\/li><li>Software de back office robusto<\/li><\/ul><\/div>\n\t<\/div>\n\n\n\t\t\n\n<\/div>\n<\/div>\n\n\t<\/div>\n<\/section>\n","protected":false},"excerpt":{"rendered":"<p>BODYCAM-SEC \u00a1PROTEGIENDO A LA POLIC\u00cdA Y A LOS CIUDADANOS CON LA C\u00c1MARA CORPORAL POLICIAL DE NOVOAGLOBAL!\u00a1PROPORCIONANDO EVIDENCIA EN VIDEO DE ALTA RESOLUCI\u00d3N DE LA INTERACCI\u00d3N ENTRE OFICIALES Y CIUDADANOS!El trabajo&#8230;<\/p>\n","protected":false},"author":1,"featured_media":6812,"parent":0,"menu_order":0,"comment_status":"closed","ping_status":"closed","template":"","meta":{"_exactmetrics_skip_tracking":false,"_exactmetrics_sitenote_active":false,"_exactmetrics_sitenote_note":"","_exactmetrics_sitenote_category":0,"footnotes":""},"class_list":["post-2428","page","type-page","status-publish","has-post-thumbnail","hentry"],"yoast_head":"<!-- This site is optimized with the Yoast SEO plugin v27.3 - https:\/\/yoast.com\/product\/yoast-seo-wordpress\/ -->\n<title>NovoaGlobal\u00ae C\u00e1mara Corporal, Evidencia en Video Integrada<\/title>\n<meta name=\"description\" content=\"NovoaGlobal\u00ae C\u00e1mara Corporal, Creando comunidades m\u00e1s seguras con la c\u00e1mara corporal policial integrada que captura evidencia de las interacciones en video.\" \/>\n<meta name=\"robots\" content=\"index, follow, max-snippet:-1, max-image-preview:large, max-video-preview:-1\" \/>\n<link rel=\"canonical\" href=\"https:\/\/novoaglobal.com\/es\/cuerpo-cam-sec\/\" \/>\n<meta property=\"og:locale\" content=\"es_ES\" \/>\n<meta property=\"og:type\" content=\"article\" \/>\n<meta property=\"og:title\" content=\"NovoaGlobal\u00ae C\u00e1mara Corporal, Evidencia en Video Integrada\" \/>\n<meta property=\"og:description\" content=\"NovoaGlobal\u00ae C\u00e1mara Corporal, Creando comunidades m\u00e1s seguras con la c\u00e1mara corporal policial integrada que captura evidencia de las interacciones en video.\" \/>\n<meta property=\"og:url\" content=\"https:\/\/novoaglobal.com\/es\/cuerpo-cam-sec\/\" \/>\n<meta property=\"og:site_name\" content=\"NovoaGlobal\u00ae\" \/>\n<meta property=\"article:publisher\" content=\"https:\/\/www.facebook.com\/novoaglobal\/\" \/>\n<meta property=\"article:modified_time\" content=\"2022-01-09T00:13:26+00:00\" \/>\n<meta property=\"og:image\" content=\"https:\/\/novoaglobal.com\/es\/wp-content\/uploads\/2020\/06\/NG-BodyCam-Web-Solutions_edited-1.jpg\" \/>\n\t<meta property=\"og:image:width\" content=\"1280\" \/>\n\t<meta property=\"og:image:height\" content=\"619\" \/>\n\t<meta property=\"og:image:type\" content=\"image\/jpeg\" \/>\n<meta name=\"twitter:card\" content=\"summary_large_image\" \/>\n<meta name=\"twitter:site\" content=\"@NovoaGlobal\" \/>\n<meta name=\"twitter:label1\" content=\"Tiempo de lectura\" \/>\n\t<meta name=\"twitter:data1\" content=\"2 minutos\" \/>\n<script type=\"application\/ld+json\" class=\"yoast-schema-graph\">{\"@context\":\"https:\\\/\\\/schema.org\",\"@graph\":[{\"@type\":\"WebPage\",\"@id\":\"https:\\\/\\\/novoaglobal.com\\\/es\\\/cuerpo-cam-sec\\\/\",\"url\":\"https:\\\/\\\/novoaglobal.com\\\/es\\\/cuerpo-cam-sec\\\/\",\"name\":\"NovoaGlobal\u00ae C\u00e1mara Corporal, Evidencia en Video Integrada\",\"isPartOf\":{\"@id\":\"https:\\\/\\\/novoaglobal.com\\\/es\\\/#website\"},\"primaryImageOfPage\":{\"@id\":\"https:\\\/\\\/novoaglobal.com\\\/es\\\/cuerpo-cam-sec\\\/#primaryimage\"},\"image\":{\"@id\":\"https:\\\/\\\/novoaglobal.com\\\/es\\\/cuerpo-cam-sec\\\/#primaryimage\"},\"thumbnailUrl\":\"https:\\\/\\\/novoaglobal.com\\\/es\\\/wp-content\\\/uploads\\\/2020\\\/06\\\/NG-BodyCam-Web-Solutions_edited-1.jpg\",\"datePublished\":\"2019-10-14T08:49:56+00:00\",\"dateModified\":\"2022-01-09T00:13:26+00:00\",\"description\":\"NovoaGlobal\u00ae C\u00e1mara Corporal, Creando comunidades m\u00e1s seguras con la c\u00e1mara corporal policial integrada que captura evidencia de las interacciones en video.\",\"breadcrumb\":{\"@id\":\"https:\\\/\\\/novoaglobal.com\\\/es\\\/cuerpo-cam-sec\\\/#breadcrumb\"},\"inLanguage\":\"es\",\"potentialAction\":[{\"@type\":\"ReadAction\",\"target\":[\"https:\\\/\\\/novoaglobal.com\\\/es\\\/cuerpo-cam-sec\\\/\"]}]},{\"@type\":\"ImageObject\",\"inLanguage\":\"es\",\"@id\":\"https:\\\/\\\/novoaglobal.com\\\/es\\\/cuerpo-cam-sec\\\/#primaryimage\",\"url\":\"https:\\\/\\\/novoaglobal.com\\\/es\\\/wp-content\\\/uploads\\\/2020\\\/06\\\/NG-BodyCam-Web-Solutions_edited-1.jpg\",\"contentUrl\":\"https:\\\/\\\/novoaglobal.com\\\/es\\\/wp-content\\\/uploads\\\/2020\\\/06\\\/NG-BodyCam-Web-Solutions_edited-1.jpg\",\"width\":1280,\"height\":619,\"caption\":\"BodyCam-Sec is a body worn Camera that captures Video evidence of the interaction\"},{\"@type\":\"BreadcrumbList\",\"@id\":\"https:\\\/\\\/novoaglobal.com\\\/es\\\/cuerpo-cam-sec\\\/#breadcrumb\",\"itemListElement\":[{\"@type\":\"ListItem\",\"position\":1,\"name\":\"Home\",\"item\":\"https:\\\/\\\/novoaglobal.com\\\/es\\\/\"},{\"@type\":\"ListItem\",\"position\":2,\"name\":\"C\u00c1MARA CORPORAL\"}]},{\"@type\":\"WebSite\",\"@id\":\"https:\\\/\\\/novoaglobal.com\\\/es\\\/#website\",\"url\":\"https:\\\/\\\/novoaglobal.com\\\/es\\\/\",\"name\":\"NovoaGlobal\u2122\",\"description\":\"Creando comunidades m\u00e1s seguras\",\"publisher\":{\"@id\":\"https:\\\/\\\/novoaglobal.com\\\/es\\\/#organization\"},\"potentialAction\":[{\"@type\":\"SearchAction\",\"target\":{\"@type\":\"EntryPoint\",\"urlTemplate\":\"https:\\\/\\\/novoaglobal.com\\\/es\\\/?s={search_term_string}\"},\"query-input\":{\"@type\":\"PropertyValueSpecification\",\"valueRequired\":true,\"valueName\":\"search_term_string\"}}],\"inLanguage\":\"es\"},{\"@type\":\"Organization\",\"@id\":\"https:\\\/\\\/novoaglobal.com\\\/es\\\/#organization\",\"name\":\"NovoaGlobal\",\"url\":\"https:\\\/\\\/novoaglobal.com\\\/es\\\/\",\"logo\":{\"@type\":\"ImageObject\",\"inLanguage\":\"es\",\"@id\":\"https:\\\/\\\/novoaglobal.com\\\/es\\\/#\\\/schema\\\/logo\\\/image\\\/\",\"url\":\"https:\\\/\\\/novoaglobal.com\\\/es\\\/wp-content\\\/uploads\\\/2019\\\/10\\\/logo-history-2.png\",\"contentUrl\":\"https:\\\/\\\/novoaglobal.com\\\/es\\\/wp-content\\\/uploads\\\/2019\\\/10\\\/logo-history-2.png\",\"width\":394,\"height\":363,\"caption\":\"NovoaGlobal\"},\"image\":{\"@id\":\"https:\\\/\\\/novoaglobal.com\\\/es\\\/#\\\/schema\\\/logo\\\/image\\\/\"},\"sameAs\":[\"https:\\\/\\\/www.facebook.com\\\/novoaglobal\\\/\",\"https:\\\/\\\/x.com\\\/NovoaGlobal\",\"https:\\\/\\\/www.instagram.com\\\/novoaglobal\\\/\",\"https:\\\/\\\/www.linkedin.com\\\/company\\\/novoaglobal\\\/about\\\/\",\"https:\\\/\\\/www.youtube.com\\\/channel\\\/UCoMVz-xMzL_dyjZ0GgVz7Dw\"]}]}<\/script>\n<!-- \/ Yoast SEO plugin. -->","yoast_head_json":{"title":"NovoaGlobal\u00ae C\u00e1mara Corporal, Evidencia en Video Integrada","description":"NovoaGlobal\u00ae C\u00e1mara Corporal, Creando comunidades m\u00e1s seguras con la c\u00e1mara corporal policial integrada que captura evidencia de las interacciones en video.","robots":{"index":"index","follow":"follow","max-snippet":"max-snippet:-1","max-image-preview":"max-image-preview:large","max-video-preview":"max-video-preview:-1"},"canonical":"https:\/\/novoaglobal.com\/es\/cuerpo-cam-sec\/","og_locale":"es_ES","og_type":"article","og_title":"NovoaGlobal\u00ae C\u00e1mara Corporal, Evidencia en Video Integrada","og_description":"NovoaGlobal\u00ae C\u00e1mara Corporal, Creando comunidades m\u00e1s seguras con la c\u00e1mara corporal policial integrada que captura evidencia de las interacciones en video.","og_url":"https:\/\/novoaglobal.com\/es\/cuerpo-cam-sec\/","og_site_name":"NovoaGlobal\u00ae","article_publisher":"https:\/\/www.facebook.com\/novoaglobal\/","article_modified_time":"2022-01-09T00:13:26+00:00","og_image":[{"width":1280,"height":619,"url":"https:\/\/novoaglobal.com\/es\/wp-content\/uploads\/2020\/06\/NG-BodyCam-Web-Solutions_edited-1.jpg","type":"image\/jpeg"}],"twitter_card":"summary_large_image","twitter_site":"@NovoaGlobal","twitter_misc":{"Tiempo de lectura":"2 minutos"},"schema":{"@context":"https:\/\/schema.org","@graph":[{"@type":"WebPage","@id":"https:\/\/novoaglobal.com\/es\/cuerpo-cam-sec\/","url":"https:\/\/novoaglobal.com\/es\/cuerpo-cam-sec\/","name":"NovoaGlobal\u00ae C\u00e1mara Corporal, Evidencia en Video Integrada","isPartOf":{"@id":"https:\/\/novoaglobal.com\/es\/#website"},"primaryImageOfPage":{"@id":"https:\/\/novoaglobal.com\/es\/cuerpo-cam-sec\/#primaryimage"},"image":{"@id":"https:\/\/novoaglobal.com\/es\/cuerpo-cam-sec\/#primaryimage"},"thumbnailUrl":"https:\/\/novoaglobal.com\/es\/wp-content\/uploads\/2020\/06\/NG-BodyCam-Web-Solutions_edited-1.jpg","datePublished":"2019-10-14T08:49:56+00:00","dateModified":"2022-01-09T00:13:26+00:00","description":"NovoaGlobal\u00ae C\u00e1mara Corporal, Creando comunidades m\u00e1s seguras con la c\u00e1mara corporal policial integrada que captura evidencia de las interacciones en video.","breadcrumb":{"@id":"https:\/\/novoaglobal.com\/es\/cuerpo-cam-sec\/#breadcrumb"},"inLanguage":"es","potentialAction":[{"@type":"ReadAction","target":["https:\/\/novoaglobal.com\/es\/cuerpo-cam-sec\/"]}]},{"@type":"ImageObject","inLanguage":"es","@id":"https:\/\/novoaglobal.com\/es\/cuerpo-cam-sec\/#primaryimage","url":"https:\/\/novoaglobal.com\/es\/wp-content\/uploads\/2020\/06\/NG-BodyCam-Web-Solutions_edited-1.jpg","contentUrl":"https:\/\/novoaglobal.com\/es\/wp-content\/uploads\/2020\/06\/NG-BodyCam-Web-Solutions_edited-1.jpg","width":1280,"height":619,"caption":"BodyCam-Sec is a body worn Camera that captures Video evidence of the interaction"},{"@type":"BreadcrumbList","@id":"https:\/\/novoaglobal.com\/es\/cuerpo-cam-sec\/#breadcrumb","itemListElement":[{"@type":"ListItem","position":1,"name":"Home","item":"https:\/\/novoaglobal.com\/es\/"},{"@type":"ListItem","position":2,"name":"C\u00c1MARA CORPORAL"}]},{"@type":"WebSite","@id":"https:\/\/novoaglobal.com\/es\/#website","url":"https:\/\/novoaglobal.com\/es\/","name":"NovoaGlobal\u2122","description":"Creando comunidades m\u00e1s seguras","publisher":{"@id":"https:\/\/novoaglobal.com\/es\/#organization"},"potentialAction":[{"@type":"SearchAction","target":{"@type":"EntryPoint","urlTemplate":"https:\/\/novoaglobal.com\/es\/?s={search_term_string}"},"query-input":{"@type":"PropertyValueSpecification","valueRequired":true,"valueName":"search_term_string"}}],"inLanguage":"es"},{"@type":"Organization","@id":"https:\/\/novoaglobal.com\/es\/#organization","name":"NovoaGlobal","url":"https:\/\/novoaglobal.com\/es\/","logo":{"@type":"ImageObject","inLanguage":"es","@id":"https:\/\/novoaglobal.com\/es\/#\/schema\/logo\/image\/","url":"https:\/\/novoaglobal.com\/es\/wp-content\/uploads\/2019\/10\/logo-history-2.png","contentUrl":"https:\/\/novoaglobal.com\/es\/wp-content\/uploads\/2019\/10\/logo-history-2.png","width":394,"height":363,"caption":"NovoaGlobal"},"image":{"@id":"https:\/\/novoaglobal.com\/es\/#\/schema\/logo\/image\/"},"sameAs":["https:\/\/www.facebook.com\/novoaglobal\/","https:\/\/x.com\/NovoaGlobal","https:\/\/www.instagram.com\/novoaglobal\/","https:\/\/www.linkedin.com\/company\/novoaglobal\/about\/","https:\/\/www.youtube.com\/channel\/UCoMVz-xMzL_dyjZ0GgVz7Dw"]}]}},"_links":{"self":[{"href":"https:\/\/novoaglobal.com\/es\/wp-json\/wp\/v2\/pages\/2428","targetHints":{"allow":["GET"]}}],"collection":[{"href":"https:\/\/novoaglobal.com\/es\/wp-json\/wp\/v2\/pages"}],"about":[{"href":"https:\/\/novoaglobal.com\/es\/wp-json\/wp\/v2\/types\/page"}],"author":[{"embeddable":true,"href":"https:\/\/novoaglobal.com\/es\/wp-json\/wp\/v2\/users\/1"}],"replies":[{"embeddable":true,"href":"https:\/\/novoaglobal.com\/es\/wp-json\/wp\/v2\/comments?post=2428"}],"version-history":[{"count":4,"href":"https:\/\/novoaglobal.com\/es\/wp-json\/wp\/v2\/pages\/2428\/revisions"}],"predecessor-version":[{"id":10347,"href":"https:\/\/novoaglobal.com\/es\/wp-json\/wp\/v2\/pages\/2428\/revisions\/10347"}],"wp:featuredmedia":[{"embeddable":true,"href":"https:\/\/novoaglobal.com\/es\/wp-json\/wp\/v2\/media\/6812"}],"wp:attachment":[{"href":"https:\/\/novoaglobal.com\/es\/wp-json\/wp\/v2\/media?parent=2428"}],"curies":[{"name":"wp","href":"https:\/\/api.w.org\/{rel}","templated":true}]}}