{"id":2421,"date":"2019-10-14T08:42:20","date_gmt":"2019-10-14T08:42:20","guid":{"rendered":"https:\/\/novoaglobal.com\/es\/?page_id=2421"},"modified":"2021-10-19T04:13:45","modified_gmt":"2021-10-19T04:13:45","slug":"lpr-sec","status":"publish","type":"page","link":"https:\/\/novoaglobal.com\/es\/lpr-sec\/","title":{"rendered":"RECONOCIMIENTO AUTOMATIZADO MATR\u00cdCULA (LPR)"},"content":{"rendered":"<section class=\"sh-section sh-section-4554c1964e37fbbb6afece028615103e fw-main-row sh-section-visibility-everywhere\">\n\t\n\t\n\t<div class=\"sh-section-container container-fluid\">\n\t\t\t<\/div>\n<\/section>\n\n<section class=\"sh-section sh-section-6d6dbf83178ba5dc4151e7c9ea3c75cf fw-main-row sh-section-visibility-everywhere\">\n\t\n\t\n\t<div class=\"sh-section-container container section-justify-height\">\n\t\t<div class=\"fw-row\">\n\t\n<div class=\"sh-column sh-column-d28a20641558a2899670a6ed5a50d1b5 fw-col-xs-12 fw-col-sm-6\" >\n\n\t\n\t<div class=\"sh-column-wrapper\">\n\t\t\n<div class=\"sh-heading  \" id=\"heading-4bb404a9da74a7501e3f66f7a22ac53d\">\n\t<div class=\"sh-element-margin\">\n\n\t\t\n\t\t\t<h2 class=\"sh-heading-content size-l text-left\">\n\t\t\t\tLPR-SEC\t\t\t<\/h2>\n\n\t\t\n\t<\/div>\n<\/div>\n\n<div id=\"text-block-12cdf824ee9513b69942c74a4747bde4\" class=\"sh-text-block\">\n\t<h5>EL RECONOCIMIENTO DE MATR\u00cdCULAS LPR-SEC AUMENTA LA SEGURIDAD Y LA EFICIENCIA<\/h5><p>LPR-Sec es la soluci\u00f3n de reconocimiento de matr\u00edculas que facilita la localizaci\u00f3n de veh\u00edculos de inter\u00e9s, el cumplimiento de las restricciones de estacionamiento, el control del flujo de tr\u00e1nsito, el control del cobro de peajes y muchos m\u00e1s usos. LPR-Sec es una soluci\u00f3n de \"Ciudad Inteligente\" para promover la seguridad, mejorar la circulaci\u00f3n y formular decisiones basadas en datos.<\/p><h5>\u00bfC\u00d3MO FUNCIONA?<\/h5><p>LPR-Sec monitorea, registra, detecta y reconoce las matr\u00edculas de los veh\u00edculos en tiempo real, compara o agrega datos a una lista predefinida y luego toma las medidas adecuadas, como generar un \"evento\", abrir una barrera, agregar un costo o enviar una alerta.<\/p><\/div>\n\t<\/div>\n\n\n\t\t\n\n<\/div>\n\n<div class=\"sh-column sh-column-3c5418793c1c7763f145d5230717b563 fw-col-xs-12 fw-col-sm-4\" >\n\n\t\n\t<div class=\"sh-column-wrapper\">\n\t\t\n<div id=\"single-image-3b32a744016f18170ab6a96f3ed6e26f\" class=\"sh-single-image   sh-single-image-shadow3\">\n\t<div class=\"sh-element-margin\">\n\t\t\n\t\t\t\t\t<div class=\"sh-image-lazy-loading\" style=\"max-width: 225px;\">\n\t\t\n\t\t\t<div class=\"sh-single-image-container sh-single-image-container-lazy\">\n\t\t\t\t\t\t\t\t\t\t\t\t\t\t\t<a href=\"\/\/novoaglobal.net\/wp-content\/uploads\/2019\/10\/LPR-2-copy-225x300.jpg\" rel=\"lightbox\">\n\t\t\t\t\t\n\t\t\t\t\t\t\t\t\t\t\t\t\t\t\t\t\t\t\t\t\t<div class=\"ratio-container\" style=\"padding-top: 133.33333333333%;\">\n\t\t\t\t\t\t\t\t\t<div class=\"ratio-content\">\n\t\t\t\t\t\t\t\t\t\t<img class=\"sh-image-url lazy\" data-src=\"https:\/\/novoaglobal.com\/es\/wp-content\/uploads\/2019\/10\/LPR-2-copy-225x300.jpg\" alt=\"LPR-SEC&#039;S LICENSE PLATE RECOGNITION\" \/>\n\t\t\t\t\t\t\t\t\t<\/div>\n\t\t\t\t\t\t\t\t<\/div>\n\t\t\t\t\t\t\t\n\t\t\t\t\t\t\t\t\t\t\t\t\t\n\t\t\t\t\t\t\t\t\t\t\t<\/a>\n\t\t\t\t\t\t\t\t\t\n\t\t\t\t\t\t\t<\/div>\n\n\t\t\t\t\t<\/div>\n\t\t\n\t<\/div>\n<\/div>\n\t<\/div>\n\n\n\t\t\n\n<\/div>\n<\/div>\n\n\t<\/div>\n<\/section>\n\n<section class=\"sh-section sh-section-b414616623d6b016e214df18ed1b88c2 fw-main-row sh-section-visibility-everywhere\">\n\t\n\t\n\t<div class=\"sh-section-container container section-justify-height\">\n\t\t<div class=\"fw-row\">\n\t\n<div class=\"sh-column sh-column-e9252772e44fa48dd446ae414b2b8fdb fw-col-xs-12 fw-col-sm-4 sh-column-mobile-padding\" >\n\n\t\n\t<div class=\"sh-column-wrapper\">\n\t\t\n<div id=\"single-image-84a8be123fe22348a16eb7d9066bcbd5\" class=\"sh-single-image   sh-single-image-shadow3\">\n\t<div class=\"sh-element-margin\">\n\t\t\n\t\t\t\t\t<div class=\"sh-image-lazy-loading\" style=\"max-width: 300px;\">\n\t\t\n\t\t\t<div class=\"sh-single-image-container sh-single-image-container-lazy\">\n\t\t\t\t\t\t\t\t\t\t\t\t\t\t\t<a href=\"\/\/novoaglobal.net\/wp-content\/uploads\/2019\/10\/LPR-Photo-sq-target.png\" rel=\"lightbox\">\n\t\t\t\t\t\n\t\t\t\t\t\t\t\t\t\t\t\t\t\t\t\t\t\t\t\t\t<div class=\"ratio-container\" style=\"padding-top: 100%;\">\n\t\t\t\t\t\t\t\t\t<div class=\"ratio-content\">\n\t\t\t\t\t\t\t\t\t\t<img class=\"sh-image-url lazy\" data-src=\"https:\/\/novoaglobal.com\/es\/wp-content\/uploads\/2019\/10\/LPR-Photo-sq-target.png\" alt=\"LPR-SEC ADVANTAGES AND APPLICATIONS\" \/>\n\t\t\t\t\t\t\t\t\t<\/div>\n\t\t\t\t\t\t\t\t<\/div>\n\t\t\t\t\t\t\t\n\t\t\t\t\t\t\t\t\t\t\t\t\t\n\t\t\t\t\t\t\t\t\t\t\t<\/a>\n\t\t\t\t\t\t\t\t\t\n\t\t\t\t\t\t\t<\/div>\n\n\t\t\t\t\t<\/div>\n\t\t\n\t<\/div>\n<\/div>\n\t<\/div>\n\n\n\t\t\n\n<\/div>\n\n<div class=\"sh-column sh-column-de3a1b7d30dba7ebef3d81e7220d363f fw-col-xs-12 fw-col-sm-6\" >\n\n\t\n\t<div class=\"sh-column-wrapper\">\n\t\t\n<div id=\"text-block-e78c0fb2b8b264aa79bd96aca25b81ed\" class=\"sh-text-block\">\n\t<h5>VENTAJAS Y APLICACIONES DE LPR-SEC:<\/h5><p>Reconocimiento de matr\u00edculas que proporciona im\u00e1genes digitales de alta resoluci\u00f3n. LPR-Sec interact\u00faa con Video-Sec, nuestro sistema de grabaci\u00f3n y monitoreo de video 24 horas al d\u00eda, 7 d\u00edas a la semana. Como parte de nuestras soluciones modulares llave en mano, LPR-Sec se instala f\u00e1cilmente y se integra completamente con nuestro back office Pro-Center y Hawk-Center.<\/p><ul class=\"police-page\"><li style=\"list-style-type: none;\"><ul class=\"police-page\">APLICACIONES LPR-SEC:<\/ul><\/li><li>Detecta veh\u00edculos buscados<\/li><li>Monitorea veh\u00edculos para alertas \u00e1mbar<\/li><li>Aplicaci\u00f3n del carril bus<\/li><li>Geoesgrima<\/li><li>Protecci\u00f3n de la frontera<\/li><li>Sistemas de estacionamiento<\/li><li>Manejo de sitio<\/li><li>Medici\u00f3n del tiempo de viaje<\/li><\/ul><\/div>\n\t<\/div>\n\n\n\t\t\n\n<\/div>\n<\/div>\n\n\t<\/div>\n<\/section>\n","protected":false},"excerpt":{"rendered":"<p>LPR-SEC EL RECONOCIMIENTO DE MATR\u00cdCULAS LPR-SEC AUMENTA LA SEGURIDAD Y LA EFICIENCIALPR-Sec es la soluci\u00f3n de reconocimiento de matr\u00edculas que facilita la localizaci\u00f3n de veh\u00edculos de inter\u00e9s, el cumplimiento de&#8230;<\/p>\n","protected":false},"author":1,"featured_media":6801,"parent":0,"menu_order":0,"comment_status":"closed","ping_status":"closed","template":"","meta":{"_exactmetrics_skip_tracking":false,"_exactmetrics_sitenote_active":false,"_exactmetrics_sitenote_note":"","_exactmetrics_sitenote_category":0,"footnotes":""},"class_list":["post-2421","page","type-page","status-publish","has-post-thumbnail","hentry"],"yoast_head":"<!-- This site is optimized with the Yoast SEO plugin v27.3 - https:\/\/yoast.com\/product\/yoast-seo-wordpress\/ -->\n<title>NovoaGlobal\u00ae RECONOCIMIENTO AUTOMATIZADO DE MATR\u00cdCULA (LPR)<\/title>\n<meta name=\"description\" content=\"NovoaGlobal\u00ae Creando comunidades m\u00e1s seguras el reconocimiento automatizado de matr\u00edcula para localizar veh\u00edculos de inter\u00e9s, monitorear el flujo de tr\u00e1nsito, aplicar multas.\" \/>\n<meta name=\"robots\" content=\"index, follow, max-snippet:-1, max-image-preview:large, max-video-preview:-1\" \/>\n<link rel=\"canonical\" href=\"https:\/\/novoaglobal.com\/es\/lpr-sec\/\" \/>\n<meta property=\"og:locale\" content=\"es_ES\" \/>\n<meta property=\"og:type\" content=\"article\" \/>\n<meta property=\"og:title\" content=\"NovoaGlobal\u00ae RECONOCIMIENTO AUTOMATIZADO DE MATR\u00cdCULA (LPR)\" \/>\n<meta property=\"og:description\" content=\"NovoaGlobal\u00ae Creando comunidades m\u00e1s seguras el reconocimiento automatizado de matr\u00edcula para localizar veh\u00edculos de inter\u00e9s, monitorear el flujo de tr\u00e1nsito, aplicar multas.\" \/>\n<meta property=\"og:url\" content=\"https:\/\/novoaglobal.com\/es\/lpr-sec\/\" \/>\n<meta property=\"og:site_name\" content=\"NovoaGlobal\u00ae\" \/>\n<meta property=\"article:publisher\" content=\"https:\/\/www.facebook.com\/novoaglobal\/\" \/>\n<meta property=\"article:modified_time\" content=\"2021-10-19T04:13:45+00:00\" \/>\n<meta property=\"og:image\" content=\"https:\/\/novoaglobal.com\/es\/wp-content\/uploads\/2019\/10\/NG-LPR-Sec-NovoaGlobal-1280-x-619-banner-2-e1593473974500.jpg\" \/>\n\t<meta property=\"og:image:width\" content=\"528\" \/>\n\t<meta property=\"og:image:height\" content=\"431\" \/>\n\t<meta property=\"og:image:type\" content=\"image\/jpeg\" \/>\n<meta name=\"twitter:card\" content=\"summary_large_image\" \/>\n<meta name=\"twitter:site\" content=\"@NovoaGlobal\" \/>\n<meta name=\"twitter:label1\" content=\"Tiempo de lectura\" \/>\n\t<meta name=\"twitter:data1\" content=\"1 minuto\" \/>\n<script type=\"application\/ld+json\" class=\"yoast-schema-graph\">{\"@context\":\"https:\\\/\\\/schema.org\",\"@graph\":[{\"@type\":\"WebPage\",\"@id\":\"https:\\\/\\\/novoaglobal.com\\\/es\\\/lpr-sec\\\/\",\"url\":\"https:\\\/\\\/novoaglobal.com\\\/es\\\/lpr-sec\\\/\",\"name\":\"NovoaGlobal\u00ae RECONOCIMIENTO AUTOMATIZADO DE MATR\u00cdCULA (LPR)\",\"isPartOf\":{\"@id\":\"https:\\\/\\\/novoaglobal.com\\\/es\\\/#website\"},\"primaryImageOfPage\":{\"@id\":\"https:\\\/\\\/novoaglobal.com\\\/es\\\/lpr-sec\\\/#primaryimage\"},\"image\":{\"@id\":\"https:\\\/\\\/novoaglobal.com\\\/es\\\/lpr-sec\\\/#primaryimage\"},\"thumbnailUrl\":\"https:\\\/\\\/novoaglobal.com\\\/es\\\/wp-content\\\/uploads\\\/2019\\\/10\\\/NG-LPR-Sec-NovoaGlobal-1280-x-619-banner-2-e1593473974500.jpg\",\"datePublished\":\"2019-10-14T08:42:20+00:00\",\"dateModified\":\"2021-10-19T04:13:45+00:00\",\"description\":\"NovoaGlobal\u00ae Creando comunidades m\u00e1s seguras el reconocimiento automatizado de matr\u00edcula para localizar veh\u00edculos de inter\u00e9s, monitorear el flujo de tr\u00e1nsito, aplicar multas.\",\"breadcrumb\":{\"@id\":\"https:\\\/\\\/novoaglobal.com\\\/es\\\/lpr-sec\\\/#breadcrumb\"},\"inLanguage\":\"es\",\"potentialAction\":[{\"@type\":\"ReadAction\",\"target\":[\"https:\\\/\\\/novoaglobal.com\\\/es\\\/lpr-sec\\\/\"]}]},{\"@type\":\"ImageObject\",\"inLanguage\":\"es\",\"@id\":\"https:\\\/\\\/novoaglobal.com\\\/es\\\/lpr-sec\\\/#primaryimage\",\"url\":\"https:\\\/\\\/novoaglobal.com\\\/es\\\/wp-content\\\/uploads\\\/2019\\\/10\\\/NG-LPR-Sec-NovoaGlobal-1280-x-619-banner-2-e1593473974500.jpg\",\"contentUrl\":\"https:\\\/\\\/novoaglobal.com\\\/es\\\/wp-content\\\/uploads\\\/2019\\\/10\\\/NG-LPR-Sec-NovoaGlobal-1280-x-619-banner-2-e1593473974500.jpg\",\"width\":528,\"height\":431,\"caption\":\"NovoaGlobal LPR License Plate Recognition System integrated solution\"},{\"@type\":\"BreadcrumbList\",\"@id\":\"https:\\\/\\\/novoaglobal.com\\\/es\\\/lpr-sec\\\/#breadcrumb\",\"itemListElement\":[{\"@type\":\"ListItem\",\"position\":1,\"name\":\"Home\",\"item\":\"https:\\\/\\\/novoaglobal.com\\\/es\\\/\"},{\"@type\":\"ListItem\",\"position\":2,\"name\":\"RECONOCIMIENTO AUTOMATIZADO MATR\u00cdCULA (LPR)\"}]},{\"@type\":\"WebSite\",\"@id\":\"https:\\\/\\\/novoaglobal.com\\\/es\\\/#website\",\"url\":\"https:\\\/\\\/novoaglobal.com\\\/es\\\/\",\"name\":\"NovoaGlobal\u2122\",\"description\":\"Creando comunidades m\u00e1s seguras\",\"publisher\":{\"@id\":\"https:\\\/\\\/novoaglobal.com\\\/es\\\/#organization\"},\"potentialAction\":[{\"@type\":\"SearchAction\",\"target\":{\"@type\":\"EntryPoint\",\"urlTemplate\":\"https:\\\/\\\/novoaglobal.com\\\/es\\\/?s={search_term_string}\"},\"query-input\":{\"@type\":\"PropertyValueSpecification\",\"valueRequired\":true,\"valueName\":\"search_term_string\"}}],\"inLanguage\":\"es\"},{\"@type\":\"Organization\",\"@id\":\"https:\\\/\\\/novoaglobal.com\\\/es\\\/#organization\",\"name\":\"NovoaGlobal\",\"url\":\"https:\\\/\\\/novoaglobal.com\\\/es\\\/\",\"logo\":{\"@type\":\"ImageObject\",\"inLanguage\":\"es\",\"@id\":\"https:\\\/\\\/novoaglobal.com\\\/es\\\/#\\\/schema\\\/logo\\\/image\\\/\",\"url\":\"https:\\\/\\\/novoaglobal.com\\\/es\\\/wp-content\\\/uploads\\\/2019\\\/10\\\/logo-history-2.png\",\"contentUrl\":\"https:\\\/\\\/novoaglobal.com\\\/es\\\/wp-content\\\/uploads\\\/2019\\\/10\\\/logo-history-2.png\",\"width\":394,\"height\":363,\"caption\":\"NovoaGlobal\"},\"image\":{\"@id\":\"https:\\\/\\\/novoaglobal.com\\\/es\\\/#\\\/schema\\\/logo\\\/image\\\/\"},\"sameAs\":[\"https:\\\/\\\/www.facebook.com\\\/novoaglobal\\\/\",\"https:\\\/\\\/x.com\\\/NovoaGlobal\",\"https:\\\/\\\/www.instagram.com\\\/novoaglobal\\\/\",\"https:\\\/\\\/www.linkedin.com\\\/company\\\/novoaglobal\\\/about\\\/\",\"https:\\\/\\\/www.youtube.com\\\/channel\\\/UCoMVz-xMzL_dyjZ0GgVz7Dw\"]}]}<\/script>\n<!-- \/ Yoast SEO plugin. -->","yoast_head_json":{"title":"NovoaGlobal\u00ae RECONOCIMIENTO AUTOMATIZADO DE MATR\u00cdCULA (LPR)","description":"NovoaGlobal\u00ae Creando comunidades m\u00e1s seguras el reconocimiento automatizado de matr\u00edcula para localizar veh\u00edculos de inter\u00e9s, monitorear el flujo de tr\u00e1nsito, aplicar multas.","robots":{"index":"index","follow":"follow","max-snippet":"max-snippet:-1","max-image-preview":"max-image-preview:large","max-video-preview":"max-video-preview:-1"},"canonical":"https:\/\/novoaglobal.com\/es\/lpr-sec\/","og_locale":"es_ES","og_type":"article","og_title":"NovoaGlobal\u00ae RECONOCIMIENTO AUTOMATIZADO DE MATR\u00cdCULA (LPR)","og_description":"NovoaGlobal\u00ae Creando comunidades m\u00e1s seguras el reconocimiento automatizado de matr\u00edcula para localizar veh\u00edculos de inter\u00e9s, monitorear el flujo de tr\u00e1nsito, aplicar multas.","og_url":"https:\/\/novoaglobal.com\/es\/lpr-sec\/","og_site_name":"NovoaGlobal\u00ae","article_publisher":"https:\/\/www.facebook.com\/novoaglobal\/","article_modified_time":"2021-10-19T04:13:45+00:00","og_image":[{"width":528,"height":431,"url":"https:\/\/novoaglobal.com\/es\/wp-content\/uploads\/2019\/10\/NG-LPR-Sec-NovoaGlobal-1280-x-619-banner-2-e1593473974500.jpg","type":"image\/jpeg"}],"twitter_card":"summary_large_image","twitter_site":"@NovoaGlobal","twitter_misc":{"Tiempo de lectura":"1 minuto"},"schema":{"@context":"https:\/\/schema.org","@graph":[{"@type":"WebPage","@id":"https:\/\/novoaglobal.com\/es\/lpr-sec\/","url":"https:\/\/novoaglobal.com\/es\/lpr-sec\/","name":"NovoaGlobal\u00ae RECONOCIMIENTO AUTOMATIZADO DE MATR\u00cdCULA (LPR)","isPartOf":{"@id":"https:\/\/novoaglobal.com\/es\/#website"},"primaryImageOfPage":{"@id":"https:\/\/novoaglobal.com\/es\/lpr-sec\/#primaryimage"},"image":{"@id":"https:\/\/novoaglobal.com\/es\/lpr-sec\/#primaryimage"},"thumbnailUrl":"https:\/\/novoaglobal.com\/es\/wp-content\/uploads\/2019\/10\/NG-LPR-Sec-NovoaGlobal-1280-x-619-banner-2-e1593473974500.jpg","datePublished":"2019-10-14T08:42:20+00:00","dateModified":"2021-10-19T04:13:45+00:00","description":"NovoaGlobal\u00ae Creando comunidades m\u00e1s seguras el reconocimiento automatizado de matr\u00edcula para localizar veh\u00edculos de inter\u00e9s, monitorear el flujo de tr\u00e1nsito, aplicar multas.","breadcrumb":{"@id":"https:\/\/novoaglobal.com\/es\/lpr-sec\/#breadcrumb"},"inLanguage":"es","potentialAction":[{"@type":"ReadAction","target":["https:\/\/novoaglobal.com\/es\/lpr-sec\/"]}]},{"@type":"ImageObject","inLanguage":"es","@id":"https:\/\/novoaglobal.com\/es\/lpr-sec\/#primaryimage","url":"https:\/\/novoaglobal.com\/es\/wp-content\/uploads\/2019\/10\/NG-LPR-Sec-NovoaGlobal-1280-x-619-banner-2-e1593473974500.jpg","contentUrl":"https:\/\/novoaglobal.com\/es\/wp-content\/uploads\/2019\/10\/NG-LPR-Sec-NovoaGlobal-1280-x-619-banner-2-e1593473974500.jpg","width":528,"height":431,"caption":"NovoaGlobal LPR License Plate Recognition System integrated solution"},{"@type":"BreadcrumbList","@id":"https:\/\/novoaglobal.com\/es\/lpr-sec\/#breadcrumb","itemListElement":[{"@type":"ListItem","position":1,"name":"Home","item":"https:\/\/novoaglobal.com\/es\/"},{"@type":"ListItem","position":2,"name":"RECONOCIMIENTO AUTOMATIZADO MATR\u00cdCULA (LPR)"}]},{"@type":"WebSite","@id":"https:\/\/novoaglobal.com\/es\/#website","url":"https:\/\/novoaglobal.com\/es\/","name":"NovoaGlobal\u2122","description":"Creando comunidades m\u00e1s seguras","publisher":{"@id":"https:\/\/novoaglobal.com\/es\/#organization"},"potentialAction":[{"@type":"SearchAction","target":{"@type":"EntryPoint","urlTemplate":"https:\/\/novoaglobal.com\/es\/?s={search_term_string}"},"query-input":{"@type":"PropertyValueSpecification","valueRequired":true,"valueName":"search_term_string"}}],"inLanguage":"es"},{"@type":"Organization","@id":"https:\/\/novoaglobal.com\/es\/#organization","name":"NovoaGlobal","url":"https:\/\/novoaglobal.com\/es\/","logo":{"@type":"ImageObject","inLanguage":"es","@id":"https:\/\/novoaglobal.com\/es\/#\/schema\/logo\/image\/","url":"https:\/\/novoaglobal.com\/es\/wp-content\/uploads\/2019\/10\/logo-history-2.png","contentUrl":"https:\/\/novoaglobal.com\/es\/wp-content\/uploads\/2019\/10\/logo-history-2.png","width":394,"height":363,"caption":"NovoaGlobal"},"image":{"@id":"https:\/\/novoaglobal.com\/es\/#\/schema\/logo\/image\/"},"sameAs":["https:\/\/www.facebook.com\/novoaglobal\/","https:\/\/x.com\/NovoaGlobal","https:\/\/www.instagram.com\/novoaglobal\/","https:\/\/www.linkedin.com\/company\/novoaglobal\/about\/","https:\/\/www.youtube.com\/channel\/UCoMVz-xMzL_dyjZ0GgVz7Dw"]}]}},"_links":{"self":[{"href":"https:\/\/novoaglobal.com\/es\/wp-json\/wp\/v2\/pages\/2421","targetHints":{"allow":["GET"]}}],"collection":[{"href":"https:\/\/novoaglobal.com\/es\/wp-json\/wp\/v2\/pages"}],"about":[{"href":"https:\/\/novoaglobal.com\/es\/wp-json\/wp\/v2\/types\/page"}],"author":[{"embeddable":true,"href":"https:\/\/novoaglobal.com\/es\/wp-json\/wp\/v2\/users\/1"}],"replies":[{"embeddable":true,"href":"https:\/\/novoaglobal.com\/es\/wp-json\/wp\/v2\/comments?post=2421"}],"version-history":[{"count":5,"href":"https:\/\/novoaglobal.com\/es\/wp-json\/wp\/v2\/pages\/2421\/revisions"}],"predecessor-version":[{"id":10401,"href":"https:\/\/novoaglobal.com\/es\/wp-json\/wp\/v2\/pages\/2421\/revisions\/10401"}],"wp:featuredmedia":[{"embeddable":true,"href":"https:\/\/novoaglobal.com\/es\/wp-json\/wp\/v2\/media\/6801"}],"wp:attachment":[{"href":"https:\/\/novoaglobal.com\/es\/wp-json\/wp\/v2\/media?parent=2421"}],"curies":[{"name":"wp","href":"https:\/\/api.w.org\/{rel}","templated":true}]}}