{"id":2415,"date":"2019-10-14T08:35:44","date_gmt":"2019-10-14T08:35:44","guid":{"rendered":"https:\/\/novoaglobal.com\/es\/?page_id=2415"},"modified":"2021-10-04T14:40:17","modified_gmt":"2021-10-04T14:40:17","slug":"eticketing-safe","status":"publish","type":"page","link":"https:\/\/novoaglobal.com\/es\/eticketing-safe\/","title":{"rendered":"Eticketing"},"content":{"rendered":"\t\t<div data-elementor-type=\"wp-page\" data-elementor-id=\"2415\" class=\"elementor elementor-2415\">\n\t\t\t\t\t\t<section class=\"elementor-section elementor-top-section elementor-element elementor-element-64728c57 elementor-section-boxed elementor-section-height-default elementor-section-height-default\" data-id=\"64728c57\" data-element_type=\"section\" data-e-type=\"section\">\n\t\t\t\t\t\t<div class=\"elementor-container elementor-column-gap-default\">\n\t\t\t\t\t<div class=\"elementor-column elementor-col-100 elementor-top-column elementor-element elementor-element-7305191\" data-id=\"7305191\" data-element_type=\"column\" data-e-type=\"column\">\n\t\t\t<div class=\"elementor-widget-wrap elementor-element-populated\">\n\t\t\t\t\t\t<div class=\"elementor-element elementor-element-4971e0a7 elementor-widget elementor-widget-text-editor\" data-id=\"4971e0a7\" data-element_type=\"widget\" data-e-type=\"widget\" data-widget_type=\"text-editor.default\">\n\t\t\t\t<div class=\"elementor-widget-container\">\n\t\t\t\t\t\t\t\t\t<section class=\"sh-section sh-section-29972e3cd9aa3839983083adf1319984 fw-main-row sh-section-visibility-everywhere\">\n<div class=\"sh-section-container container-fluid\">\n<div class=\"fw-row\">\n<div class=\"sh-column sh-column-11b4e342cd2b49741fe6abbeb439b162 fw-col-xs-12\">\n<div class=\"sh-column-wrapper\">\n<div id=\"heading-2ca01c2b09cd6621c0a60dc16071c54d\" class=\"sh-heading \">\n<div class=\"sh-element-margin\">\n<h2 class=\"sh-heading-content size-l text-center\">E BILLETE SEGURO<\/h2>\n<\/div>\n<\/div>\n<\/div>\n<\/div>\n<\/div>\n<div class=\"fw-row\">\n<div class=\"sh-column sh-column-11b4e342cd2b49741fe6abbeb439b162 fw-col-xs-12\">\n<div class=\"sh-column-wrapper\">\n<div id=\"single-image-1faa77659e916028518f7d8a1c1b2537\" class=\"sh-single-image \">\n<div class=\"sh-element-margin\">\n<div class=\"sh-image-lazy-loading\" style=\"max-width: 830px;\">\n<div class=\"sh-single-image-container sh-single-image-container-lazy\">\n<div class=\"ratio-container\" style=\"padding-top: 19.036144578313%;\">\n<div class=\"ratio-content\"><img class=\"sh-image-url lazy\" alt=\"School Zone Speed Detection\" data-src=\"https:\/\/novoaglobal.com\/es\/wp-content\/uploads\/2019\/10\/schoolzone-safe-banner-for-website.png\"><\/div>\n<\/div>\n<p>&nbsp;<\/p>\n<\/div>\n<\/div>\n<\/div>\n<\/div>\n<\/div>\n<\/div>\n<\/div>\n<\/div>\n<\/section>\n<section class=\"sh-section sh-section-4bbcd62badd4c541f5f2f5f06b9186a0 fw-main-row sh-section-visibility-everywhere\">\n<div class=\"sh-section-container container section-justify-height\">\n<div class=\"fw-row\">\n<div class=\"sh-column sh-column-8f9ac325449be2764969950263f6a163 fw-col-xs-12 fw-col-sm-6\">\n<div class=\"sh-column-wrapper\">\n<div id=\"heading-1d76a79fcb88ed4c3aa95a1bcf7e1263\" class=\"sh-heading \">\n<div class=\"sh-element-margin\">\n<h2 class=\"sh-heading-content size-l text-left\">ETICKETING-SAFE<\/h2>\n<\/div>\n<\/div>\n<div id=\"text-block-37d0a91ae842347bedb84e7613f395a1\" class=\"sh-text-block\">\n<h5><span style=\"font-size: 16px;\">Optimice el proceso de emisi\u00f3n de multas con una tablet e impresora de \u00faltima generaci\u00f3n<\/span><\/h5>\n<p>Escribir las multas a mano toma mucho tiempo, aumenta los problemas con los errores de escritura, crea una doble entrada al regresar a la estaci\u00f3n de polic\u00eda y registros atrasados que mantienen a los oficiales fuera de las calles.<\/p>\n<p>Eticketing-Safe automatiza las citaciones de tr\u00e1fico, agiliza la emisi\u00f3n de las mismas y crea un proceso m\u00e1s eficiente con una continuidad e integraci\u00f3n fluidas. La tecnolog\u00eda m\u00f3vil de vanguardia de NovoaGlobal permite a los oficiales en el campo emitir tickets que se cargan directamente en el sistema de back office centralizado mediante una PDA \/ tableta y una impresora port\u00e1til. El proceso se agiliza y lleva menos tiempo, por lo que se acabaron los d\u00edas de doble entrada.<\/p>\n<p><strong>\u00bf C\u00d3MO FUNCIONA ?<\/strong><\/p>\n<p>Los oficiales cargan digitalmente los datos de las multas desde la tablet directamente al conveniente y avanzado sistema de administraci\u00f3n de casos Pro-Center a trav\u00e9s de tecnolog\u00eda celular o inal\u00e1mbrica. El sistema tambi\u00e9n proporciona una impresora port\u00e1til para imprimir citas en el campo, lo que disminuye errores y acelera el proceso. Ahorre tiempo y elimine errores con Eticketing-Safe.<\/p>\n<\/div>\n<\/div>\n<\/div>\n<div class=\"sh-column sh-column-35257073b9b648e3c9868f02a322bbb3 fw-col-xs-12 fw-col-sm-4\">\n<div class=\"sh-column-wrapper\">\n<div id=\"single-image-d5df41a270e69a1a7a68327b0a91e528\" class=\"sh-single-image sh-single-image-shadow3\">\n<div class=\"sh-element-margin\">\n<div class=\"sh-image-lazy-loading\" style=\"max-width: 170px;\">\n<div class=\"sh-single-image-container sh-single-image-container-lazy\">\n<div class=\"ratio-container\" style=\"padding-top: 235.29411764706%;\">\n<div class=\"ratio-content\"><img class=\"sh-image-url lazy\" alt=\"ETICKETING SAFE\" data-src=\"https:\/\/novoaglobal.com\/es\/wp-content\/uploads\/2019\/10\/Eticketing-Vertical-copy.png\"><\/div>\n<\/div>\n<p>&nbsp;<\/p>\n<\/div>\n<\/div>\n<\/div>\n<\/div>\n<\/div>\n<\/div>\n<\/div>\n<\/div>\n<\/section>\n<section class=\"sh-section sh-section-d0a3b2c86d5d5af29d8ac6e750e891b8 fw-main-row sh-section-visibility-everywhere\">\n<div class=\"sh-section-container container section-justify-height\">\n<div class=\"fw-row\">\n<div class=\"sh-column sh-column-f4ce56bedafec9f8f2d354650b22fc9e fw-col-xs-12 fw-col-sm-4 sh-column-mobile-padding\">\n<div class=\"sh-column-wrapper\">\n<div id=\"single-image-bd94333b218ee060db4e65eecac17583\" class=\"sh-single-image sh-single-image-shadow3\">\n<div class=\"sh-element-margin\">\n<div class=\"sh-image-lazy-loading\" style=\"max-width: 200px;\">\n<div class=\"sh-single-image-container sh-single-image-container-lazy\">\n<div class=\"ratio-container\" style=\"padding-top: 65.5%;\">\n<div class=\"ratio-content\"><img class=\"sh-image-url lazy\" alt=\"ETICKETING SAFE ADVANTAGES\" data-src=\"https:\/\/novoaglobal.com\/es\/wp-content\/uploads\/2019\/10\/screen-shot-and-ticket.jpg\"><\/div>\n<\/div>\n<p>&nbsp;<\/p>\n<\/div>\n<\/div>\n<\/div>\n<\/div>\n<\/div>\n<\/div>\n<div class=\"sh-column sh-column-73e52b3a9475dc05e102b498f362cae3 fw-col-xs-12 fw-col-sm-6\">\n<div class=\"sh-column-wrapper\">\n<div id=\"heading-6523b285ce865fcceaf4a03c8226e5d6\" class=\"sh-heading \">\n<div class=\"sh-element-margin\">\n<h2 class=\"sh-heading-content size-s text-left\">SCHOOL ZONE SPEED SAFE<\/h2>\n<\/div>\n<\/div>\n<div id=\"text-block-8c29548c207ae697152115c6a85ec20c\" class=\"sh-text-block\">\n<h5>VENTAJAS DE ETICKETING-SAFE:<\/h5>\n<ul class=\"school-page\">\n<li>Mayor eficiencia y precisi\u00f3n<\/li>\n<li>Carga directa a la gesti\u00f3n de casos<\/li>\n<li>Imprimir citas en el campo<\/li>\n<li>S\u00f3lido software de back office Pro-Center<\/li>\n<li>Soluci\u00f3n segura en la nube<\/li>\n<\/ul>\n<\/div>\n<\/div>\n<\/div>\n<\/div>\n<\/div>\n<\/section>\n<p><!-- f4439fa606e5a806a371aecf07b301e7 --><\/p>\t\t\t\t\t\t\t\t<\/div>\n\t\t\t\t<\/div>\n\t\t\t\t\t<\/div>\n\t\t<\/div>\n\t\t\t\t\t<\/div>\n\t\t<\/section>\n\t\t\t\t<\/div>\n\t\t","protected":false},"excerpt":{"rendered":"<p>ETICKETING-SAFE Optimice el proceso de emisi\u00f3n de boletos con la tablet e impresora de \u00faltima generaci\u00f3nEscribir las multas a mano toma mucho tiempo, aumenta los problemas por errores de escritura,&#8230;<\/p>\n","protected":false},"author":1,"featured_media":1709,"parent":0,"menu_order":0,"comment_status":"closed","ping_status":"closed","template":"","meta":{"_exactmetrics_skip_tracking":false,"_exactmetrics_sitenote_active":false,"_exactmetrics_sitenote_note":"","_exactmetrics_sitenote_category":0,"footnotes":""},"class_list":["post-2415","page","type-page","status-publish","has-post-thumbnail","hentry"],"yoast_head":"<!-- This site is optimized with the Yoast SEO plugin v27.4 - https:\/\/yoast.com\/product\/yoast-seo-wordpress\/ -->\n<title>NovoaGlobal\u00ae El Eticketing de las Fuerzas de Seguridad automatiza las multas de tr\u00e1nsito<\/title>\n<meta name=\"description\" content=\"Eticketing crea comunidades m\u00e1s seguras gracias a la automatizaci\u00f3n de citaciones de tr\u00e1nsito, agilizando su emisi\u00f3n con una soluci\u00f3n eficiente y sencilla.\" \/>\n<meta name=\"robots\" content=\"index, follow, max-snippet:-1, max-image-preview:large, max-video-preview:-1\" \/>\n<link rel=\"canonical\" href=\"https:\/\/novoaglobal.com\/es\/eticketing-safe\/\" \/>\n<meta property=\"og:locale\" content=\"es_ES\" \/>\n<meta property=\"og:type\" content=\"article\" \/>\n<meta property=\"og:title\" content=\"NovoaGlobal\u00ae El Eticketing de las Fuerzas de Seguridad automatiza las multas de tr\u00e1nsito\" \/>\n<meta property=\"og:description\" content=\"Eticketing crea comunidades m\u00e1s seguras gracias a la automatizaci\u00f3n de citaciones de tr\u00e1nsito, agilizando su emisi\u00f3n con una soluci\u00f3n eficiente y sencilla.\" \/>\n<meta property=\"og:url\" content=\"https:\/\/novoaglobal.com\/es\/eticketing-safe\/\" \/>\n<meta property=\"og:site_name\" content=\"NovoaGlobal\u00ae\" \/>\n<meta property=\"article:publisher\" content=\"https:\/\/www.facebook.com\/novoaglobal\/\" \/>\n<meta property=\"article:modified_time\" content=\"2021-10-04T14:40:17+00:00\" \/>\n<meta property=\"og:image\" content=\"https:\/\/novoaglobal.com\/es\/wp-content\/uploads\/2019\/10\/eticketing-banner-copy.jpg\" \/>\n\t<meta property=\"og:image:width\" content=\"1000\" \/>\n\t<meta property=\"og:image:height\" content=\"667\" \/>\n\t<meta property=\"og:image:type\" content=\"image\/jpeg\" \/>\n<meta name=\"twitter:card\" content=\"summary_large_image\" \/>\n<meta name=\"twitter:site\" content=\"@NovoaGlobal\" \/>\n<meta name=\"twitter:label1\" content=\"Tiempo de lectura\" \/>\n\t<meta name=\"twitter:data1\" content=\"2 minutos\" \/>\n<script type=\"application\/ld+json\" class=\"yoast-schema-graph\">{\"@context\":\"https:\\\/\\\/schema.org\",\"@graph\":[{\"@type\":\"WebPage\",\"@id\":\"https:\\\/\\\/novoaglobal.com\\\/es\\\/eticketing-safe\\\/\",\"url\":\"https:\\\/\\\/novoaglobal.com\\\/es\\\/eticketing-safe\\\/\",\"name\":\"NovoaGlobal\u00ae El Eticketing de las Fuerzas de Seguridad automatiza las multas de tr\u00e1nsito\",\"isPartOf\":{\"@id\":\"https:\\\/\\\/novoaglobal.com\\\/es\\\/#website\"},\"primaryImageOfPage\":{\"@id\":\"https:\\\/\\\/novoaglobal.com\\\/es\\\/eticketing-safe\\\/#primaryimage\"},\"image\":{\"@id\":\"https:\\\/\\\/novoaglobal.com\\\/es\\\/eticketing-safe\\\/#primaryimage\"},\"thumbnailUrl\":\"https:\\\/\\\/novoaglobal.com\\\/es\\\/wp-content\\\/uploads\\\/2019\\\/10\\\/eticketing-banner-copy.jpg\",\"datePublished\":\"2019-10-14T08:35:44+00:00\",\"dateModified\":\"2021-10-04T14:40:17+00:00\",\"description\":\"Eticketing crea comunidades m\u00e1s seguras gracias a la automatizaci\u00f3n de citaciones de tr\u00e1nsito, agilizando su emisi\u00f3n con una soluci\u00f3n eficiente y sencilla.\",\"breadcrumb\":{\"@id\":\"https:\\\/\\\/novoaglobal.com\\\/es\\\/eticketing-safe\\\/#breadcrumb\"},\"inLanguage\":\"es\",\"potentialAction\":[{\"@type\":\"ReadAction\",\"target\":[\"https:\\\/\\\/novoaglobal.com\\\/es\\\/eticketing-safe\\\/\"]}]},{\"@type\":\"ImageObject\",\"inLanguage\":\"es\",\"@id\":\"https:\\\/\\\/novoaglobal.com\\\/es\\\/eticketing-safe\\\/#primaryimage\",\"url\":\"https:\\\/\\\/novoaglobal.com\\\/es\\\/wp-content\\\/uploads\\\/2019\\\/10\\\/eticketing-banner-copy.jpg\",\"contentUrl\":\"https:\\\/\\\/novoaglobal.com\\\/es\\\/wp-content\\\/uploads\\\/2019\\\/10\\\/eticketing-banner-copy.jpg\",\"width\":1000,\"height\":667,\"caption\":\"NovoaGobal Eticketing Automates traffic citations, expedites traffic ticket issuance creating a more efficient process with seamless continuity and integration\"},{\"@type\":\"BreadcrumbList\",\"@id\":\"https:\\\/\\\/novoaglobal.com\\\/es\\\/eticketing-safe\\\/#breadcrumb\",\"itemListElement\":[{\"@type\":\"ListItem\",\"position\":1,\"name\":\"Home\",\"item\":\"https:\\\/\\\/novoaglobal.com\\\/es\\\/\"},{\"@type\":\"ListItem\",\"position\":2,\"name\":\"Eticketing\"}]},{\"@type\":\"WebSite\",\"@id\":\"https:\\\/\\\/novoaglobal.com\\\/es\\\/#website\",\"url\":\"https:\\\/\\\/novoaglobal.com\\\/es\\\/\",\"name\":\"NovoaGlobal\u2122\",\"description\":\"Creando comunidades m\u00e1s seguras\",\"publisher\":{\"@id\":\"https:\\\/\\\/novoaglobal.com\\\/es\\\/#organization\"},\"potentialAction\":[{\"@type\":\"SearchAction\",\"target\":{\"@type\":\"EntryPoint\",\"urlTemplate\":\"https:\\\/\\\/novoaglobal.com\\\/es\\\/?s={search_term_string}\"},\"query-input\":{\"@type\":\"PropertyValueSpecification\",\"valueRequired\":true,\"valueName\":\"search_term_string\"}}],\"inLanguage\":\"es\"},{\"@type\":\"Organization\",\"@id\":\"https:\\\/\\\/novoaglobal.com\\\/es\\\/#organization\",\"name\":\"NovoaGlobal\",\"url\":\"https:\\\/\\\/novoaglobal.com\\\/es\\\/\",\"logo\":{\"@type\":\"ImageObject\",\"inLanguage\":\"es\",\"@id\":\"https:\\\/\\\/novoaglobal.com\\\/es\\\/#\\\/schema\\\/logo\\\/image\\\/\",\"url\":\"https:\\\/\\\/novoaglobal.com\\\/es\\\/wp-content\\\/uploads\\\/2019\\\/10\\\/logo-history-2.png\",\"contentUrl\":\"https:\\\/\\\/novoaglobal.com\\\/es\\\/wp-content\\\/uploads\\\/2019\\\/10\\\/logo-history-2.png\",\"width\":394,\"height\":363,\"caption\":\"NovoaGlobal\"},\"image\":{\"@id\":\"https:\\\/\\\/novoaglobal.com\\\/es\\\/#\\\/schema\\\/logo\\\/image\\\/\"},\"sameAs\":[\"https:\\\/\\\/www.facebook.com\\\/novoaglobal\\\/\",\"https:\\\/\\\/x.com\\\/NovoaGlobal\",\"https:\\\/\\\/www.instagram.com\\\/novoaglobal\\\/\",\"https:\\\/\\\/www.linkedin.com\\\/company\\\/novoaglobal\\\/about\\\/\",\"https:\\\/\\\/www.youtube.com\\\/channel\\\/UCoMVz-xMzL_dyjZ0GgVz7Dw\"]}]}<\/script>\n<!-- \/ Yoast SEO plugin. -->","yoast_head_json":{"title":"NovoaGlobal\u00ae El Eticketing de las Fuerzas de Seguridad automatiza las multas de tr\u00e1nsito","description":"Eticketing crea comunidades m\u00e1s seguras gracias a la automatizaci\u00f3n de citaciones de tr\u00e1nsito, agilizando su emisi\u00f3n con una soluci\u00f3n eficiente y sencilla.","robots":{"index":"index","follow":"follow","max-snippet":"max-snippet:-1","max-image-preview":"max-image-preview:large","max-video-preview":"max-video-preview:-1"},"canonical":"https:\/\/novoaglobal.com\/es\/eticketing-safe\/","og_locale":"es_ES","og_type":"article","og_title":"NovoaGlobal\u00ae El Eticketing de las Fuerzas de Seguridad automatiza las multas de tr\u00e1nsito","og_description":"Eticketing crea comunidades m\u00e1s seguras gracias a la automatizaci\u00f3n de citaciones de tr\u00e1nsito, agilizando su emisi\u00f3n con una soluci\u00f3n eficiente y sencilla.","og_url":"https:\/\/novoaglobal.com\/es\/eticketing-safe\/","og_site_name":"NovoaGlobal\u00ae","article_publisher":"https:\/\/www.facebook.com\/novoaglobal\/","article_modified_time":"2021-10-04T14:40:17+00:00","og_image":[{"width":1000,"height":667,"url":"https:\/\/novoaglobal.com\/es\/wp-content\/uploads\/2019\/10\/eticketing-banner-copy.jpg","type":"image\/jpeg"}],"twitter_card":"summary_large_image","twitter_site":"@NovoaGlobal","twitter_misc":{"Tiempo de lectura":"2 minutos"},"schema":{"@context":"https:\/\/schema.org","@graph":[{"@type":"WebPage","@id":"https:\/\/novoaglobal.com\/es\/eticketing-safe\/","url":"https:\/\/novoaglobal.com\/es\/eticketing-safe\/","name":"NovoaGlobal\u00ae El Eticketing de las Fuerzas de Seguridad automatiza las multas de tr\u00e1nsito","isPartOf":{"@id":"https:\/\/novoaglobal.com\/es\/#website"},"primaryImageOfPage":{"@id":"https:\/\/novoaglobal.com\/es\/eticketing-safe\/#primaryimage"},"image":{"@id":"https:\/\/novoaglobal.com\/es\/eticketing-safe\/#primaryimage"},"thumbnailUrl":"https:\/\/novoaglobal.com\/es\/wp-content\/uploads\/2019\/10\/eticketing-banner-copy.jpg","datePublished":"2019-10-14T08:35:44+00:00","dateModified":"2021-10-04T14:40:17+00:00","description":"Eticketing crea comunidades m\u00e1s seguras gracias a la automatizaci\u00f3n de citaciones de tr\u00e1nsito, agilizando su emisi\u00f3n con una soluci\u00f3n eficiente y sencilla.","breadcrumb":{"@id":"https:\/\/novoaglobal.com\/es\/eticketing-safe\/#breadcrumb"},"inLanguage":"es","potentialAction":[{"@type":"ReadAction","target":["https:\/\/novoaglobal.com\/es\/eticketing-safe\/"]}]},{"@type":"ImageObject","inLanguage":"es","@id":"https:\/\/novoaglobal.com\/es\/eticketing-safe\/#primaryimage","url":"https:\/\/novoaglobal.com\/es\/wp-content\/uploads\/2019\/10\/eticketing-banner-copy.jpg","contentUrl":"https:\/\/novoaglobal.com\/es\/wp-content\/uploads\/2019\/10\/eticketing-banner-copy.jpg","width":1000,"height":667,"caption":"NovoaGobal Eticketing Automates traffic citations, expedites traffic ticket issuance creating a more efficient process with seamless continuity and integration"},{"@type":"BreadcrumbList","@id":"https:\/\/novoaglobal.com\/es\/eticketing-safe\/#breadcrumb","itemListElement":[{"@type":"ListItem","position":1,"name":"Home","item":"https:\/\/novoaglobal.com\/es\/"},{"@type":"ListItem","position":2,"name":"Eticketing"}]},{"@type":"WebSite","@id":"https:\/\/novoaglobal.com\/es\/#website","url":"https:\/\/novoaglobal.com\/es\/","name":"NovoaGlobal\u2122","description":"Creando comunidades m\u00e1s seguras","publisher":{"@id":"https:\/\/novoaglobal.com\/es\/#organization"},"potentialAction":[{"@type":"SearchAction","target":{"@type":"EntryPoint","urlTemplate":"https:\/\/novoaglobal.com\/es\/?s={search_term_string}"},"query-input":{"@type":"PropertyValueSpecification","valueRequired":true,"valueName":"search_term_string"}}],"inLanguage":"es"},{"@type":"Organization","@id":"https:\/\/novoaglobal.com\/es\/#organization","name":"NovoaGlobal","url":"https:\/\/novoaglobal.com\/es\/","logo":{"@type":"ImageObject","inLanguage":"es","@id":"https:\/\/novoaglobal.com\/es\/#\/schema\/logo\/image\/","url":"https:\/\/novoaglobal.com\/es\/wp-content\/uploads\/2019\/10\/logo-history-2.png","contentUrl":"https:\/\/novoaglobal.com\/es\/wp-content\/uploads\/2019\/10\/logo-history-2.png","width":394,"height":363,"caption":"NovoaGlobal"},"image":{"@id":"https:\/\/novoaglobal.com\/es\/#\/schema\/logo\/image\/"},"sameAs":["https:\/\/www.facebook.com\/novoaglobal\/","https:\/\/x.com\/NovoaGlobal","https:\/\/www.instagram.com\/novoaglobal\/","https:\/\/www.linkedin.com\/company\/novoaglobal\/about\/","https:\/\/www.youtube.com\/channel\/UCoMVz-xMzL_dyjZ0GgVz7Dw"]}]}},"_links":{"self":[{"href":"https:\/\/novoaglobal.com\/es\/wp-json\/wp\/v2\/pages\/2415","targetHints":{"allow":["GET"]}}],"collection":[{"href":"https:\/\/novoaglobal.com\/es\/wp-json\/wp\/v2\/pages"}],"about":[{"href":"https:\/\/novoaglobal.com\/es\/wp-json\/wp\/v2\/types\/page"}],"author":[{"embeddable":true,"href":"https:\/\/novoaglobal.com\/es\/wp-json\/wp\/v2\/users\/1"}],"replies":[{"embeddable":true,"href":"https:\/\/novoaglobal.com\/es\/wp-json\/wp\/v2\/comments?post=2415"}],"version-history":[{"count":8,"href":"https:\/\/novoaglobal.com\/es\/wp-json\/wp\/v2\/pages\/2415\/revisions"}],"predecessor-version":[{"id":10375,"href":"https:\/\/novoaglobal.com\/es\/wp-json\/wp\/v2\/pages\/2415\/revisions\/10375"}],"wp:featuredmedia":[{"embeddable":true,"href":"https:\/\/novoaglobal.com\/es\/wp-json\/wp\/v2\/media\/1709"}],"wp:attachment":[{"href":"https:\/\/novoaglobal.com\/es\/wp-json\/wp\/v2\/media?parent=2415"}],"curies":[{"name":"wp","href":"https:\/\/api.w.org\/{rel}","templated":true}]}}