{"id":2386,"date":"2019-10-14T08:02:38","date_gmt":"2019-10-14T08:02:38","guid":{"rendered":"https:\/\/novoaglobal.com\/es\/?page_id=2386"},"modified":"2021-10-04T12:52:09","modified_gmt":"2021-10-04T12:52:09","slug":"paso-de-peatones-seguro","status":"publish","type":"page","link":"https:\/\/novoaglobal.com\/es\/paso-de-peatones-seguro\/","title":{"rendered":"CONTROL DE CRUCE PEATONAL"},"content":{"rendered":"<section class=\"sh-section sh-section-4554c1964e37fbbb6afece028615103e fw-main-row sh-section-visibility-everywhere\">\n\t\n\t\n\t<div class=\"sh-section-container container-fluid\">\n\t\t\t<\/div>\n<\/section>\n\n<section class=\"sh-section sh-section-6d6dbf83178ba5dc4151e7c9ea3c75cf fw-main-row sh-section-visibility-everywhere\">\n\t\n\t\n\t<div class=\"sh-section-container container section-justify-height\">\n\t\t<div class=\"fw-row\">\n\t\n<div class=\"sh-column sh-column-d28a20641558a2899670a6ed5a50d1b5 fw-col-xs-12 fw-col-sm-6\" >\n\n\t\n\t<div class=\"sh-column-wrapper\">\n\t\t\n<div class=\"sh-heading  \" id=\"heading-4bb404a9da74a7501e3f66f7a22ac53d\">\n\t<div class=\"sh-element-margin\">\n\n\t\t\n\t\t\t<h2 class=\"sh-heading-content size-l text-left\">\n\t\t\t\tCROSSWALK-SAFE\t\t\t<\/h2>\n\n\t\t\n\t<\/div>\n<\/div>\n\n<div id=\"text-block-12cdf824ee9513b69942c74a4747bde4\" class=\"sh-text-block\">\n\t<h5>PROTEJA A LOS PEATONES CON EL CROSSWALK-SAFE DE NOVOA GLOBAL DISE\u00d1ADO PARA MEJORAR LA SEGURIDAD DE LOS PEATONES<\/h5><p>Los conductores impacientes ponen constantemente en riesgo la seguridad de los peatones. Aceleran en los cruces peatonales, a menudo a solo cent\u00edmetros de personas inocentes, mientras intentan ahorrar unos segundos de viaje al trabajo o ganarle a un sem\u00e1foro. Esos pocos segundos pueden tener repercusiones devastadoras cuando se choca a un peat\u00f3n desprevenido.<\/p><p>&nbsp;<\/p><h5>\u00bfCU\u00c1L ES LA SOLUCI\u00d3N?<\/h5><p>Novoa Global ofrece esta importante soluci\u00f3n que salva vidas en la capital de los Estados Unidos. Crosswalk-Safe de Novoa Global es una soluci\u00f3n de fotomultas de cruce peatonal totalmente automatizada para monitorear y disuadir a los conductores de ingresar a un cruce peatonal mientras hay personas presentes.<\/p><\/div>\n\t<\/div>\n\n\n\t\t\n\n<\/div>\n\n<div class=\"sh-column sh-column-3c5418793c1c7763f145d5230717b563 fw-col-xs-12 fw-col-sm-4\" >\n\n\t\n\t<div class=\"sh-column-wrapper\">\n\t\t\n<div id=\"single-image-3b32a744016f18170ab6a96f3ed6e26f\" class=\"sh-single-image   sh-single-image-shadow3\">\n\t<div class=\"sh-element-margin\">\n\t\t\n\t\t\t\t\t<div class=\"sh-image-lazy-loading\" style=\"max-width: 1024px;\">\n\t\t\n\t\t\t<div class=\"sh-single-image-container sh-single-image-container-lazy\">\n\t\t\t\t\t\t\t\t\t\t\t\t\t\t\t<a href=\"\/\/novoaglobal.net\/wp-content\/uploads\/2019\/10\/samplecrosswalk2.png\" rel=\"lightbox\">\n\t\t\t\t\t\n\t\t\t\t\t\t\t\t\t\t\t\t\t\t\t\t\t\t\t\t\t<div class=\"ratio-container\" style=\"padding-top: 63.8671875%;\">\n\t\t\t\t\t\t\t\t\t<div class=\"ratio-content\">\n\t\t\t\t\t\t\t\t\t\t<img class=\"sh-image-url lazy\" data-src=\"https:\/\/novoaglobal.com\/es\/wp-content\/uploads\/2019\/10\/samplecrosswalk2-1024x654.png\" alt=\"NovoaGlobal Crosswalk-Safe\" \/>\n\t\t\t\t\t\t\t\t\t<\/div>\n\t\t\t\t\t\t\t\t<\/div>\n\t\t\t\t\t\t\t\n\t\t\t\t\t\t\t\t\t\t\t\t\t\n\t\t\t\t\t\t\t\t\t\t\t<\/a>\n\t\t\t\t\t\t\t\t\t\n\t\t\t\t\t\t\t<\/div>\n\n\t\t\t\t\t<\/div>\n\t\t\n\t<\/div>\n<\/div>\n\t<\/div>\n\n\n\t\t\n\n<\/div>\n<\/div>\n\n\t<\/div>\n<\/section>\n\n<section class=\"sh-section sh-section-b414616623d6b016e214df18ed1b88c2 fw-main-row sh-section-visibility-everywhere\">\n\t\n\t\n\t<div class=\"sh-section-container container section-justify-height\">\n\t\t<div class=\"fw-row\">\n\t\n<div class=\"sh-column sh-column-e9252772e44fa48dd446ae414b2b8fdb fw-col-xs-12 fw-col-sm-4 sh-column-mobile-padding\" >\n\n\t\n\t<div class=\"sh-column-wrapper\">\n\t\t\n<div id=\"single-image-84a8be123fe22348a16eb7d9066bcbd5\" class=\"sh-single-image   sh-single-image-shadow3\">\n\t<div class=\"sh-element-margin\">\n\t\t\n\t\t\t\t\t<div class=\"sh-image-lazy-loading\" style=\"max-width: 291px;\">\n\t\t\n\t\t\t<div class=\"sh-single-image-container sh-single-image-container-lazy\">\n\t\t\t\t\t\t\t\t\t\t\t\t\t\t\t<a href=\"\/\/novoaglobal.net\/wp-content\/uploads\/2019\/10\/Sensys-Portable-at-crosswalk-291x300.jpg\" rel=\"lightbox\">\n\t\t\t\t\t\n\t\t\t\t\t\t\t\t\t\t\t\t\t\t\t\t\t\t\t\t\t<div class=\"ratio-container\" style=\"padding-top: 103.09278350515%;\">\n\t\t\t\t\t\t\t\t\t<div class=\"ratio-content\">\n\t\t\t\t\t\t\t\t\t\t<img class=\"sh-image-url lazy\" data-src=\"https:\/\/novoaglobal.com\/es\/wp-content\/uploads\/2019\/10\/Sensys-Portable-at-crosswalk-291x300.jpg\" alt=\"CROSSWALK-SAFE ADVANTAGES\" \/>\n\t\t\t\t\t\t\t\t\t<\/div>\n\t\t\t\t\t\t\t\t<\/div>\n\t\t\t\t\t\t\t\n\t\t\t\t\t\t\t\t\t\t\t\t\t\n\t\t\t\t\t\t\t\t\t\t\t<\/a>\n\t\t\t\t\t\t\t\t\t\n\t\t\t\t\t\t\t<\/div>\n\n\t\t\t\t\t<\/div>\n\t\t\n\t<\/div>\n<\/div>\n\t<\/div>\n\n\n\t\t\n\n<\/div>\n\n<div class=\"sh-column sh-column-de3a1b7d30dba7ebef3d81e7220d363f fw-col-xs-12 fw-col-sm-6\" >\n\n\t\n\t<div class=\"sh-column-wrapper\">\n\t\t\n<div id=\"text-block-e78c0fb2b8b264aa79bd96aca25b81ed\" class=\"sh-text-block\">\n\t<h5>VENTAJAS SEGURAS PARA CAMINAR:<\/h5><ul class=\"school-page\"><li>Opci\u00f3n de hacerse sin costos iniciales<\/li><li>Potencial para generar fondos excedentes<\/li><li>Soluci\u00f3n llave en mano lista para usar<\/li><li>Instalaci\u00f3n no intrusiva, sin necesidad de inciar obras en carreteras<\/li><li>Legalmente defendible<\/li><li>Atenci\u00f3n al cliente 24\/7<\/li><li>Cumple al 100% con todas las leyes locales, del condado, estatales y federales<\/li><li>Tecnolog\u00eda de vanguardia en captura de datos y grabaci\u00f3n de im\u00e1genes<\/li><li>Back office de \u00faltima generaci\u00f3n que proporciona verificaci\u00f3n de infracciones, soporte y mantenimiento<\/li><\/ul><\/div>\n\t<\/div>\n\n\n\t\t\n\n<\/div>\n<\/div>\n\n\t<\/div>\n<\/section>\n","protected":false},"excerpt":{"rendered":"<p>CROSSWALK-SAFE PROTEJA A LOS PEATONES CON EL CROSSWALK-SAFE DE NOVOA GLOBAL DISE\u00d1ADO PARA MEJORAR LA SEGURIDAD DE LOS PEATONESLos conductores impacientes ponen constantemente en riesgo la seguridad de los peatones&#8230;.<\/p>\n","protected":false},"author":1,"featured_media":2389,"parent":0,"menu_order":0,"comment_status":"closed","ping_status":"closed","template":"","meta":{"_exactmetrics_skip_tracking":false,"_exactmetrics_sitenote_active":false,"_exactmetrics_sitenote_note":"","_exactmetrics_sitenote_category":0,"footnotes":""},"class_list":["post-2386","page","type-page","status-publish","has-post-thumbnail","hentry"],"yoast_head":"<!-- This site is optimized with the Yoast SEO plugin v27.4 - https:\/\/yoast.com\/product\/yoast-seo-wordpress\/ -->\n<title>NovoaGlobal\u00ae Fotomulta de Cruce Peatonal, Control Automatizado<\/title>\n<meta name=\"description\" content=\"CONTROL DE CRUCE PEATONAL Creando comunidades m\u00e1s seguras con el sistema de Fotomultas de Cruce Peatonal que educa y controla la seguridad de los peatones.\" \/>\n<meta name=\"robots\" content=\"index, follow, max-snippet:-1, max-image-preview:large, max-video-preview:-1\" \/>\n<link rel=\"canonical\" href=\"https:\/\/novoaglobal.com\/es\/paso-de-peatones-seguro\/\" \/>\n<meta property=\"og:locale\" content=\"es_ES\" \/>\n<meta property=\"og:type\" content=\"article\" \/>\n<meta property=\"og:title\" content=\"NovoaGlobal\u00ae Fotomulta de Cruce Peatonal, Control Automatizado\" \/>\n<meta property=\"og:description\" content=\"CONTROL DE CRUCE PEATONAL Creando comunidades m\u00e1s seguras con el sistema de Fotomultas de Cruce Peatonal que educa y controla la seguridad de los peatones.\" \/>\n<meta property=\"og:url\" content=\"https:\/\/novoaglobal.com\/es\/paso-de-peatones-seguro\/\" \/>\n<meta property=\"og:site_name\" content=\"NovoaGlobal\u00ae\" \/>\n<meta property=\"article:publisher\" content=\"https:\/\/www.facebook.com\/novoaglobal\/\" \/>\n<meta property=\"article:modified_time\" content=\"2021-10-04T12:52:09+00:00\" \/>\n<meta property=\"og:image\" content=\"https:\/\/novoaglobal.com\/es\/wp-content\/uploads\/2019\/10\/samplecrosswalk2.png\" \/>\n\t<meta property=\"og:image:width\" content=\"1121\" \/>\n\t<meta property=\"og:image:height\" content=\"716\" \/>\n\t<meta property=\"og:image:type\" content=\"image\/png\" \/>\n<meta name=\"twitter:card\" content=\"summary_large_image\" \/>\n<meta name=\"twitter:site\" content=\"@NovoaGlobal\" \/>\n<meta name=\"twitter:label1\" content=\"Tiempo de lectura\" \/>\n\t<meta name=\"twitter:data1\" content=\"1 minuto\" \/>\n<script type=\"application\/ld+json\" class=\"yoast-schema-graph\">{\"@context\":\"https:\\\/\\\/schema.org\",\"@graph\":[{\"@type\":\"WebPage\",\"@id\":\"https:\\\/\\\/novoaglobal.com\\\/es\\\/paso-de-peatones-seguro\\\/\",\"url\":\"https:\\\/\\\/novoaglobal.com\\\/es\\\/paso-de-peatones-seguro\\\/\",\"name\":\"NovoaGlobal\u00ae Fotomulta de Cruce Peatonal, Control Automatizado\",\"isPartOf\":{\"@id\":\"https:\\\/\\\/novoaglobal.com\\\/es\\\/#website\"},\"primaryImageOfPage\":{\"@id\":\"https:\\\/\\\/novoaglobal.com\\\/es\\\/paso-de-peatones-seguro\\\/#primaryimage\"},\"image\":{\"@id\":\"https:\\\/\\\/novoaglobal.com\\\/es\\\/paso-de-peatones-seguro\\\/#primaryimage\"},\"thumbnailUrl\":\"https:\\\/\\\/novoaglobal.com\\\/es\\\/wp-content\\\/uploads\\\/2019\\\/10\\\/samplecrosswalk2.png\",\"datePublished\":\"2019-10-14T08:02:38+00:00\",\"dateModified\":\"2021-10-04T12:52:09+00:00\",\"description\":\"CONTROL DE CRUCE PEATONAL Creando comunidades m\u00e1s seguras con el sistema de Fotomultas de Cruce Peatonal que educa y controla la seguridad de los peatones.\",\"breadcrumb\":{\"@id\":\"https:\\\/\\\/novoaglobal.com\\\/es\\\/paso-de-peatones-seguro\\\/#breadcrumb\"},\"inLanguage\":\"es\",\"potentialAction\":[{\"@type\":\"ReadAction\",\"target\":[\"https:\\\/\\\/novoaglobal.com\\\/es\\\/paso-de-peatones-seguro\\\/\"]}]},{\"@type\":\"ImageObject\",\"inLanguage\":\"es\",\"@id\":\"https:\\\/\\\/novoaglobal.com\\\/es\\\/paso-de-peatones-seguro\\\/#primaryimage\",\"url\":\"https:\\\/\\\/novoaglobal.com\\\/es\\\/wp-content\\\/uploads\\\/2019\\\/10\\\/samplecrosswalk2.png\",\"contentUrl\":\"https:\\\/\\\/novoaglobal.com\\\/es\\\/wp-content\\\/uploads\\\/2019\\\/10\\\/samplecrosswalk2.png\",\"width\":1121,\"height\":716,\"caption\":\"NovoaGlobal Crosswalk-Safe\"},{\"@type\":\"BreadcrumbList\",\"@id\":\"https:\\\/\\\/novoaglobal.com\\\/es\\\/paso-de-peatones-seguro\\\/#breadcrumb\",\"itemListElement\":[{\"@type\":\"ListItem\",\"position\":1,\"name\":\"Home\",\"item\":\"https:\\\/\\\/novoaglobal.com\\\/es\\\/\"},{\"@type\":\"ListItem\",\"position\":2,\"name\":\"CONTROL DE CRUCE PEATONAL\"}]},{\"@type\":\"WebSite\",\"@id\":\"https:\\\/\\\/novoaglobal.com\\\/es\\\/#website\",\"url\":\"https:\\\/\\\/novoaglobal.com\\\/es\\\/\",\"name\":\"NovoaGlobal\u2122\",\"description\":\"Creando comunidades m\u00e1s seguras\",\"publisher\":{\"@id\":\"https:\\\/\\\/novoaglobal.com\\\/es\\\/#organization\"},\"potentialAction\":[{\"@type\":\"SearchAction\",\"target\":{\"@type\":\"EntryPoint\",\"urlTemplate\":\"https:\\\/\\\/novoaglobal.com\\\/es\\\/?s={search_term_string}\"},\"query-input\":{\"@type\":\"PropertyValueSpecification\",\"valueRequired\":true,\"valueName\":\"search_term_string\"}}],\"inLanguage\":\"es\"},{\"@type\":\"Organization\",\"@id\":\"https:\\\/\\\/novoaglobal.com\\\/es\\\/#organization\",\"name\":\"NovoaGlobal\",\"url\":\"https:\\\/\\\/novoaglobal.com\\\/es\\\/\",\"logo\":{\"@type\":\"ImageObject\",\"inLanguage\":\"es\",\"@id\":\"https:\\\/\\\/novoaglobal.com\\\/es\\\/#\\\/schema\\\/logo\\\/image\\\/\",\"url\":\"https:\\\/\\\/novoaglobal.com\\\/es\\\/wp-content\\\/uploads\\\/2019\\\/10\\\/logo-history-2.png\",\"contentUrl\":\"https:\\\/\\\/novoaglobal.com\\\/es\\\/wp-content\\\/uploads\\\/2019\\\/10\\\/logo-history-2.png\",\"width\":394,\"height\":363,\"caption\":\"NovoaGlobal\"},\"image\":{\"@id\":\"https:\\\/\\\/novoaglobal.com\\\/es\\\/#\\\/schema\\\/logo\\\/image\\\/\"},\"sameAs\":[\"https:\\\/\\\/www.facebook.com\\\/novoaglobal\\\/\",\"https:\\\/\\\/x.com\\\/NovoaGlobal\",\"https:\\\/\\\/www.instagram.com\\\/novoaglobal\\\/\",\"https:\\\/\\\/www.linkedin.com\\\/company\\\/novoaglobal\\\/about\\\/\",\"https:\\\/\\\/www.youtube.com\\\/channel\\\/UCoMVz-xMzL_dyjZ0GgVz7Dw\"]}]}<\/script>\n<!-- \/ Yoast SEO plugin. -->","yoast_head_json":{"title":"NovoaGlobal\u00ae Fotomulta de Cruce Peatonal, Control Automatizado","description":"CONTROL DE CRUCE PEATONAL Creando comunidades m\u00e1s seguras con el sistema de Fotomultas de Cruce Peatonal que educa y controla la seguridad de los peatones.","robots":{"index":"index","follow":"follow","max-snippet":"max-snippet:-1","max-image-preview":"max-image-preview:large","max-video-preview":"max-video-preview:-1"},"canonical":"https:\/\/novoaglobal.com\/es\/paso-de-peatones-seguro\/","og_locale":"es_ES","og_type":"article","og_title":"NovoaGlobal\u00ae Fotomulta de Cruce Peatonal, Control Automatizado","og_description":"CONTROL DE CRUCE PEATONAL Creando comunidades m\u00e1s seguras con el sistema de Fotomultas de Cruce Peatonal que educa y controla la seguridad de los peatones.","og_url":"https:\/\/novoaglobal.com\/es\/paso-de-peatones-seguro\/","og_site_name":"NovoaGlobal\u00ae","article_publisher":"https:\/\/www.facebook.com\/novoaglobal\/","article_modified_time":"2021-10-04T12:52:09+00:00","og_image":[{"width":1121,"height":716,"url":"https:\/\/novoaglobal.com\/es\/wp-content\/uploads\/2019\/10\/samplecrosswalk2.png","type":"image\/png"}],"twitter_card":"summary_large_image","twitter_site":"@NovoaGlobal","twitter_misc":{"Tiempo de lectura":"1 minuto"},"schema":{"@context":"https:\/\/schema.org","@graph":[{"@type":"WebPage","@id":"https:\/\/novoaglobal.com\/es\/paso-de-peatones-seguro\/","url":"https:\/\/novoaglobal.com\/es\/paso-de-peatones-seguro\/","name":"NovoaGlobal\u00ae Fotomulta de Cruce Peatonal, Control Automatizado","isPartOf":{"@id":"https:\/\/novoaglobal.com\/es\/#website"},"primaryImageOfPage":{"@id":"https:\/\/novoaglobal.com\/es\/paso-de-peatones-seguro\/#primaryimage"},"image":{"@id":"https:\/\/novoaglobal.com\/es\/paso-de-peatones-seguro\/#primaryimage"},"thumbnailUrl":"https:\/\/novoaglobal.com\/es\/wp-content\/uploads\/2019\/10\/samplecrosswalk2.png","datePublished":"2019-10-14T08:02:38+00:00","dateModified":"2021-10-04T12:52:09+00:00","description":"CONTROL DE CRUCE PEATONAL Creando comunidades m\u00e1s seguras con el sistema de Fotomultas de Cruce Peatonal que educa y controla la seguridad de los peatones.","breadcrumb":{"@id":"https:\/\/novoaglobal.com\/es\/paso-de-peatones-seguro\/#breadcrumb"},"inLanguage":"es","potentialAction":[{"@type":"ReadAction","target":["https:\/\/novoaglobal.com\/es\/paso-de-peatones-seguro\/"]}]},{"@type":"ImageObject","inLanguage":"es","@id":"https:\/\/novoaglobal.com\/es\/paso-de-peatones-seguro\/#primaryimage","url":"https:\/\/novoaglobal.com\/es\/wp-content\/uploads\/2019\/10\/samplecrosswalk2.png","contentUrl":"https:\/\/novoaglobal.com\/es\/wp-content\/uploads\/2019\/10\/samplecrosswalk2.png","width":1121,"height":716,"caption":"NovoaGlobal Crosswalk-Safe"},{"@type":"BreadcrumbList","@id":"https:\/\/novoaglobal.com\/es\/paso-de-peatones-seguro\/#breadcrumb","itemListElement":[{"@type":"ListItem","position":1,"name":"Home","item":"https:\/\/novoaglobal.com\/es\/"},{"@type":"ListItem","position":2,"name":"CONTROL DE CRUCE PEATONAL"}]},{"@type":"WebSite","@id":"https:\/\/novoaglobal.com\/es\/#website","url":"https:\/\/novoaglobal.com\/es\/","name":"NovoaGlobal\u2122","description":"Creando comunidades m\u00e1s seguras","publisher":{"@id":"https:\/\/novoaglobal.com\/es\/#organization"},"potentialAction":[{"@type":"SearchAction","target":{"@type":"EntryPoint","urlTemplate":"https:\/\/novoaglobal.com\/es\/?s={search_term_string}"},"query-input":{"@type":"PropertyValueSpecification","valueRequired":true,"valueName":"search_term_string"}}],"inLanguage":"es"},{"@type":"Organization","@id":"https:\/\/novoaglobal.com\/es\/#organization","name":"NovoaGlobal","url":"https:\/\/novoaglobal.com\/es\/","logo":{"@type":"ImageObject","inLanguage":"es","@id":"https:\/\/novoaglobal.com\/es\/#\/schema\/logo\/image\/","url":"https:\/\/novoaglobal.com\/es\/wp-content\/uploads\/2019\/10\/logo-history-2.png","contentUrl":"https:\/\/novoaglobal.com\/es\/wp-content\/uploads\/2019\/10\/logo-history-2.png","width":394,"height":363,"caption":"NovoaGlobal"},"image":{"@id":"https:\/\/novoaglobal.com\/es\/#\/schema\/logo\/image\/"},"sameAs":["https:\/\/www.facebook.com\/novoaglobal\/","https:\/\/x.com\/NovoaGlobal","https:\/\/www.instagram.com\/novoaglobal\/","https:\/\/www.linkedin.com\/company\/novoaglobal\/about\/","https:\/\/www.youtube.com\/channel\/UCoMVz-xMzL_dyjZ0GgVz7Dw"]}]}},"_links":{"self":[{"href":"https:\/\/novoaglobal.com\/es\/wp-json\/wp\/v2\/pages\/2386","targetHints":{"allow":["GET"]}}],"collection":[{"href":"https:\/\/novoaglobal.com\/es\/wp-json\/wp\/v2\/pages"}],"about":[{"href":"https:\/\/novoaglobal.com\/es\/wp-json\/wp\/v2\/types\/page"}],"author":[{"embeddable":true,"href":"https:\/\/novoaglobal.com\/es\/wp-json\/wp\/v2\/users\/1"}],"replies":[{"embeddable":true,"href":"https:\/\/novoaglobal.com\/es\/wp-json\/wp\/v2\/comments?post=2386"}],"version-history":[{"count":7,"href":"https:\/\/novoaglobal.com\/es\/wp-json\/wp\/v2\/pages\/2386\/revisions"}],"predecessor-version":[{"id":10368,"href":"https:\/\/novoaglobal.com\/es\/wp-json\/wp\/v2\/pages\/2386\/revisions\/10368"}],"wp:featuredmedia":[{"embeddable":true,"href":"https:\/\/novoaglobal.com\/es\/wp-json\/wp\/v2\/media\/2389"}],"wp:attachment":[{"href":"https:\/\/novoaglobal.com\/es\/wp-json\/wp\/v2\/media?parent=2386"}],"curies":[{"name":"wp","href":"https:\/\/api.w.org\/{rel}","templated":true}]}}