{"id":2380,"date":"2019-10-14T07:41:49","date_gmt":"2019-10-14T07:41:49","guid":{"rendered":"https:\/\/novoaglobal.com\/es\/?page_id=2380"},"modified":"2021-10-04T14:08:02","modified_gmt":"2021-10-04T14:08:02","slug":"senal-de-stop-segura","status":"publish","type":"page","link":"https:\/\/novoaglobal.com\/es\/senal-de-stop-segura\/","title":{"rendered":"CONTROL DE SE\u00d1AL DE ALTO"},"content":{"rendered":"<section class=\"sh-section sh-section-4554c1964e37fbbb6afece028615103e fw-main-row sh-section-visibility-everywhere\">\n\t\n\t\n\t<div class=\"sh-section-container container-fluid\">\n\t\t\t<\/div>\n<\/section>\n\n<section class=\"sh-section sh-section-6d6dbf83178ba5dc4151e7c9ea3c75cf fw-main-row sh-section-visibility-everywhere\">\n\t\n\t\n\t<div class=\"sh-section-container container section-justify-height\">\n\t\t<div class=\"fw-row\">\n\t\n<div class=\"sh-column sh-column-d28a20641558a2899670a6ed5a50d1b5 fw-col-xs-12 fw-col-sm-6\" >\n\n\t\n\t<div class=\"sh-column-wrapper\">\n\t\t\n<div class=\"sh-heading  \" id=\"heading-4bb404a9da74a7501e3f66f7a22ac53d\">\n\t<div class=\"sh-element-margin\">\n\n\t\t\n\t\t\t<h2 class=\"sh-heading-content size-l text-left\">\n\t\t\t\tSTOP SIGN SAFE\t\t\t<\/h2>\n\n\t\t\n\t<\/div>\n<\/div>\n\n<div id=\"text-block-12cdf824ee9513b69942c74a4747bde4\" class=\"sh-text-block\">\n\t<h5>\u00a1MEJORE TANTO A LOS CONDUCTORES COMO A LA SEGURIDAD PEATONAL CON STOP SIGN SAFE!<\/h5><p>\u00a1Parar significa parar! Cientos de miles de accidentes ocurren en las se\u00f1ales de alto cada a\u00f1o, la mayor\u00eda de los cuales son evitables. Los conductores que optan por ignorar la ley ponen en riesgo la seguridad y la protecci\u00f3n de los dem\u00e1s, especialmente en \u00e1reas de gran circulaci\u00f3n de peatones como parques, cerca de escuelas y calles de la ciudad. Se puede prevenir choques, adem\u00e1s de proporcionar a los conductores y peatones una medida adicional de protecci\u00f3n mediante el uso de Stop Sign-Safe de NovoaGlobal, una soluci\u00f3n de fotomultas en se\u00f1al de alto totalmente automatizada para monitorear y disuadir a los conductores de pasarse las se\u00f1ales de alto.<\/p><p>NovoaGlobal est\u00e1 proporcionando esta importante soluci\u00f3n que salva vidas en la capital de los Estados Unidos, protegiendo a nuestros ciudadanos y visitantes. NovoaGlobal no ofrece m\u00e1s que el mejor equipo y soporte a nuestros clientes.<\/p><\/div>\n\t<\/div>\n\n\n\t\t\n\n<\/div>\n\n<div class=\"sh-column sh-column-3c5418793c1c7763f145d5230717b563 fw-col-xs-12 fw-col-sm-4\" >\n\n\t\n\t<div class=\"sh-column-wrapper\">\n\t\t\n<div id=\"single-image-3b32a744016f18170ab6a96f3ed6e26f\" class=\"sh-single-image   sh-single-image-shadow3\">\n\t<div class=\"sh-element-margin\">\n\t\t\n\t\t\t\t\t<div class=\"sh-image-lazy-loading\" style=\"max-width: 300px;\">\n\t\t\n\t\t\t<div class=\"sh-single-image-container sh-single-image-container-lazy\">\n\t\t\t\t\t\t\t\t\t\t\t\t\t\t\t<a href=\"\/\/novoaglobal.net\/wp-content\/uploads\/2019\/10\/screenshot-2-300x251.png\" rel=\"lightbox\">\n\t\t\t\t\t\n\t\t\t\t\t\t\t\t\t\t\t\t\t\t\t\t\t\t\t\t\t<div class=\"ratio-container\" style=\"padding-top: 83.666666666667%;\">\n\t\t\t\t\t\t\t\t\t<div class=\"ratio-content\">\n\t\t\t\t\t\t\t\t\t\t<img class=\"sh-image-url lazy\" data-src=\"https:\/\/novoaglobal.com\/es\/wp-content\/uploads\/2019\/10\/screenshot-2-300x251.png\" alt=\"STOP SIGN SAFE\" \/>\n\t\t\t\t\t\t\t\t\t<\/div>\n\t\t\t\t\t\t\t\t<\/div>\n\t\t\t\t\t\t\t\n\t\t\t\t\t\t\t\t\t\t\t\t\t\n\t\t\t\t\t\t\t\t\t\t\t<\/a>\n\t\t\t\t\t\t\t\t\t\n\t\t\t\t\t\t\t<\/div>\n\n\t\t\t\t\t<\/div>\n\t\t\n\t<\/div>\n<\/div>\n\t<\/div>\n\n\n\t\t\n\n<\/div>\n<\/div>\n\n\t<\/div>\n<\/section>\n\n<section class=\"sh-section sh-section-b414616623d6b016e214df18ed1b88c2 fw-main-row sh-section-visibility-everywhere\">\n\t\n\t\n\t<div class=\"sh-section-container container section-justify-height\">\n\t\t<div class=\"fw-row\">\n\t\n<div class=\"sh-column sh-column-e9252772e44fa48dd446ae414b2b8fdb fw-col-xs-12 fw-col-sm-4 sh-column-mobile-padding\" >\n\n\t\n\t<div class=\"sh-column-wrapper\">\n\t\t\n<div id=\"single-image-84a8be123fe22348a16eb7d9066bcbd5\" class=\"sh-single-image   sh-single-image-shadow3\">\n\t<div class=\"sh-element-margin\">\n\t\t\n\t\t\t\t\t<div class=\"sh-image-lazy-loading\" style=\"max-width: 300px;\">\n\t\t\n\t\t\t<div class=\"sh-single-image-container sh-single-image-container-lazy\">\n\t\t\t\t\t\t\t\t\t\t\t\t\t\t\t<a href=\"\/\/novoaglobal.net\/wp-content\/uploads\/2019\/10\/screenshot-3-cropped-300x258.png\" rel=\"lightbox\">\n\t\t\t\t\t\n\t\t\t\t\t\t\t\t\t\t\t\t\t\t\t\t\t\t\t\t\t<div class=\"ratio-container\" style=\"padding-top: 86%;\">\n\t\t\t\t\t\t\t\t\t<div class=\"ratio-content\">\n\t\t\t\t\t\t\t\t\t\t<img class=\"sh-image-url lazy\" data-src=\"https:\/\/novoaglobal.com\/es\/wp-content\/uploads\/2019\/10\/screenshot-3-cropped-300x258.png\" alt=\"STOPSIGN-SAFE ADVANTAGES\" \/>\n\t\t\t\t\t\t\t\t\t<\/div>\n\t\t\t\t\t\t\t\t<\/div>\n\t\t\t\t\t\t\t\n\t\t\t\t\t\t\t\t\t\t\t\t\t\n\t\t\t\t\t\t\t\t\t\t\t<\/a>\n\t\t\t\t\t\t\t\t\t\n\t\t\t\t\t\t\t<\/div>\n\n\t\t\t\t\t<\/div>\n\t\t\n\t<\/div>\n<\/div>\n\t<\/div>\n\n\n\t\t\n\n<\/div>\n\n<div class=\"sh-column sh-column-de3a1b7d30dba7ebef3d81e7220d363f fw-col-xs-12 fw-col-sm-6\" >\n\n\t\n\t<div class=\"sh-column-wrapper\">\n\t\t\n<div id=\"text-block-e78c0fb2b8b264aa79bd96aca25b81ed\" class=\"sh-text-block\">\n\t<h5>VENTAJAS DE STOP SIGN-SAFE:<\/h5><ul class=\"police-page\"><li>Instalaci\u00f3n no intrusiva, portabilidad<\/li><li>Capacidad para monitorear m\u00faltiples carriles de tr\u00e1fico<\/li><li>Legalmente defendible<\/li><li>Atenci\u00f3n al cliente 24\/7<\/li><li>Sin costos iniciales y con potencial para generar fondos excedentes<\/li><li>Cumple al 100% con todas las leyes locales, estatales y federales<\/li><li>Tecnolog\u00eda de \u00faltima generaci\u00f3n en captura de datos y grabaci\u00f3n de im\u00e1genes<\/li><li>Back office din\u00e1mico: verificaci\u00f3n de infracciones, soporte y mantenimiento<\/li><li>Puede funcionar con bater\u00eda para un r\u00e1pido despliegue<\/li><\/ul><\/div>\n\t<\/div>\n\n\n\t\t\n\n<\/div>\n<\/div>\n\n\t<\/div>\n<\/section>\n","protected":false},"excerpt":{"rendered":"<p>STOP SIGN SAFE \u00a1MEJORE TANTO A LOS CONDUCTORES COMO A LA SEGURIDAD PEATONAL CON STOP SIGN SAFE!\u00a1Parar significa parar! Cientos de miles de accidentes ocurren en las se\u00f1ales de alto&#8230;<\/p>\n","protected":false},"author":1,"featured_media":2384,"parent":0,"menu_order":0,"comment_status":"closed","ping_status":"closed","template":"","meta":{"_exactmetrics_skip_tracking":false,"_exactmetrics_sitenote_active":false,"_exactmetrics_sitenote_note":"","_exactmetrics_sitenote_category":0,"footnotes":""},"class_list":["post-2380","page","type-page","status-publish","has-post-thumbnail","hentry"],"yoast_head":"<!-- This site is optimized with the Yoast SEO plugin v27.3 - https:\/\/yoast.com\/product\/yoast-seo-wordpress\/ -->\n<title>NovoaGlobal\u00ae Fotomulta en Se\u00f1al de Alto, Control Automatizado por C\u00e1maras<\/title>\n<meta name=\"description\" content=\"NovoaGlobal\u00ae El sistema de fotomultas en se\u00f1al de alto est\u00e1 Creando Comunidades m\u00e1s seguras con el Control Automatizado por C\u00e1maras de Detecci\u00f3n en Se\u00f1al de Alto usando Vision Zero.\" \/>\n<meta name=\"robots\" content=\"index, follow, max-snippet:-1, max-image-preview:large, max-video-preview:-1\" \/>\n<link rel=\"canonical\" href=\"https:\/\/novoaglobal.com\/es\/senal-de-stop-segura\/\" \/>\n<meta property=\"og:locale\" content=\"es_ES\" \/>\n<meta property=\"og:type\" content=\"article\" \/>\n<meta property=\"og:title\" content=\"NovoaGlobal\u00ae Fotomulta en Se\u00f1al de Alto, Control Automatizado por C\u00e1maras\" \/>\n<meta property=\"og:description\" content=\"NovoaGlobal\u00ae El sistema de fotomultas en se\u00f1al de alto est\u00e1 Creando Comunidades m\u00e1s seguras con el Control Automatizado por C\u00e1maras de Detecci\u00f3n en Se\u00f1al de Alto usando Vision Zero.\" \/>\n<meta property=\"og:url\" content=\"https:\/\/novoaglobal.com\/es\/senal-de-stop-segura\/\" \/>\n<meta property=\"og:site_name\" content=\"NovoaGlobal\u00ae\" \/>\n<meta property=\"article:publisher\" content=\"https:\/\/www.facebook.com\/novoaglobal\/\" \/>\n<meta property=\"article:modified_time\" content=\"2021-10-04T14:08:02+00:00\" \/>\n<meta property=\"og:image\" content=\"https:\/\/novoaglobal.com\/es\/wp-content\/uploads\/2019\/10\/StopSign-Safe_A1-scaled.jpg\" \/>\n\t<meta property=\"og:image:width\" content=\"2560\" \/>\n\t<meta property=\"og:image:height\" content=\"681\" \/>\n\t<meta property=\"og:image:type\" content=\"image\/jpeg\" \/>\n<meta name=\"twitter:card\" content=\"summary_large_image\" \/>\n<meta name=\"twitter:site\" content=\"@NovoaGlobal\" \/>\n<meta name=\"twitter:label1\" content=\"Tiempo de lectura\" \/>\n\t<meta name=\"twitter:data1\" content=\"1 minuto\" \/>\n<script type=\"application\/ld+json\" class=\"yoast-schema-graph\">{\"@context\":\"https:\\\/\\\/schema.org\",\"@graph\":[{\"@type\":\"WebPage\",\"@id\":\"https:\\\/\\\/novoaglobal.com\\\/es\\\/senal-de-stop-segura\\\/\",\"url\":\"https:\\\/\\\/novoaglobal.com\\\/es\\\/senal-de-stop-segura\\\/\",\"name\":\"NovoaGlobal\u00ae Fotomulta en Se\u00f1al de Alto, Control Automatizado por C\u00e1maras\",\"isPartOf\":{\"@id\":\"https:\\\/\\\/novoaglobal.com\\\/es\\\/#website\"},\"primaryImageOfPage\":{\"@id\":\"https:\\\/\\\/novoaglobal.com\\\/es\\\/senal-de-stop-segura\\\/#primaryimage\"},\"image\":{\"@id\":\"https:\\\/\\\/novoaglobal.com\\\/es\\\/senal-de-stop-segura\\\/#primaryimage\"},\"thumbnailUrl\":\"https:\\\/\\\/novoaglobal.com\\\/es\\\/wp-content\\\/uploads\\\/2019\\\/10\\\/StopSign-Safe_A1-scaled.jpg\",\"datePublished\":\"2019-10-14T07:41:49+00:00\",\"dateModified\":\"2021-10-04T14:08:02+00:00\",\"description\":\"NovoaGlobal\u00ae El sistema de fotomultas en se\u00f1al de alto est\u00e1 Creando Comunidades m\u00e1s seguras con el Control Automatizado por C\u00e1maras de Detecci\u00f3n en Se\u00f1al de Alto usando Vision Zero.\",\"breadcrumb\":{\"@id\":\"https:\\\/\\\/novoaglobal.com\\\/es\\\/senal-de-stop-segura\\\/#breadcrumb\"},\"inLanguage\":\"es\",\"potentialAction\":[{\"@type\":\"ReadAction\",\"target\":[\"https:\\\/\\\/novoaglobal.com\\\/es\\\/senal-de-stop-segura\\\/\"]}]},{\"@type\":\"ImageObject\",\"inLanguage\":\"es\",\"@id\":\"https:\\\/\\\/novoaglobal.com\\\/es\\\/senal-de-stop-segura\\\/#primaryimage\",\"url\":\"https:\\\/\\\/novoaglobal.com\\\/es\\\/wp-content\\\/uploads\\\/2019\\\/10\\\/StopSign-Safe_A1-scaled.jpg\",\"contentUrl\":\"https:\\\/\\\/novoaglobal.com\\\/es\\\/wp-content\\\/uploads\\\/2019\\\/10\\\/StopSign-Safe_A1-scaled.jpg\",\"width\":2560,\"height\":681,\"caption\":\"Novoaglobal offers Stop Sign Enforcement\"},{\"@type\":\"BreadcrumbList\",\"@id\":\"https:\\\/\\\/novoaglobal.com\\\/es\\\/senal-de-stop-segura\\\/#breadcrumb\",\"itemListElement\":[{\"@type\":\"ListItem\",\"position\":1,\"name\":\"Home\",\"item\":\"https:\\\/\\\/novoaglobal.com\\\/es\\\/\"},{\"@type\":\"ListItem\",\"position\":2,\"name\":\"CONTROL DE SE\u00d1AL DE ALTO\"}]},{\"@type\":\"WebSite\",\"@id\":\"https:\\\/\\\/novoaglobal.com\\\/es\\\/#website\",\"url\":\"https:\\\/\\\/novoaglobal.com\\\/es\\\/\",\"name\":\"NovoaGlobal\u2122\",\"description\":\"Creando comunidades m\u00e1s seguras\",\"publisher\":{\"@id\":\"https:\\\/\\\/novoaglobal.com\\\/es\\\/#organization\"},\"potentialAction\":[{\"@type\":\"SearchAction\",\"target\":{\"@type\":\"EntryPoint\",\"urlTemplate\":\"https:\\\/\\\/novoaglobal.com\\\/es\\\/?s={search_term_string}\"},\"query-input\":{\"@type\":\"PropertyValueSpecification\",\"valueRequired\":true,\"valueName\":\"search_term_string\"}}],\"inLanguage\":\"es\"},{\"@type\":\"Organization\",\"@id\":\"https:\\\/\\\/novoaglobal.com\\\/es\\\/#organization\",\"name\":\"NovoaGlobal\",\"url\":\"https:\\\/\\\/novoaglobal.com\\\/es\\\/\",\"logo\":{\"@type\":\"ImageObject\",\"inLanguage\":\"es\",\"@id\":\"https:\\\/\\\/novoaglobal.com\\\/es\\\/#\\\/schema\\\/logo\\\/image\\\/\",\"url\":\"https:\\\/\\\/novoaglobal.com\\\/es\\\/wp-content\\\/uploads\\\/2019\\\/10\\\/logo-history-2.png\",\"contentUrl\":\"https:\\\/\\\/novoaglobal.com\\\/es\\\/wp-content\\\/uploads\\\/2019\\\/10\\\/logo-history-2.png\",\"width\":394,\"height\":363,\"caption\":\"NovoaGlobal\"},\"image\":{\"@id\":\"https:\\\/\\\/novoaglobal.com\\\/es\\\/#\\\/schema\\\/logo\\\/image\\\/\"},\"sameAs\":[\"https:\\\/\\\/www.facebook.com\\\/novoaglobal\\\/\",\"https:\\\/\\\/x.com\\\/NovoaGlobal\",\"https:\\\/\\\/www.instagram.com\\\/novoaglobal\\\/\",\"https:\\\/\\\/www.linkedin.com\\\/company\\\/novoaglobal\\\/about\\\/\",\"https:\\\/\\\/www.youtube.com\\\/channel\\\/UCoMVz-xMzL_dyjZ0GgVz7Dw\"]}]}<\/script>\n<!-- \/ Yoast SEO plugin. -->","yoast_head_json":{"title":"NovoaGlobal\u00ae Fotomulta en Se\u00f1al de Alto, Control Automatizado por C\u00e1maras","description":"NovoaGlobal\u00ae El sistema de fotomultas en se\u00f1al de alto est\u00e1 Creando Comunidades m\u00e1s seguras con el Control Automatizado por C\u00e1maras de Detecci\u00f3n en Se\u00f1al de Alto usando Vision Zero.","robots":{"index":"index","follow":"follow","max-snippet":"max-snippet:-1","max-image-preview":"max-image-preview:large","max-video-preview":"max-video-preview:-1"},"canonical":"https:\/\/novoaglobal.com\/es\/senal-de-stop-segura\/","og_locale":"es_ES","og_type":"article","og_title":"NovoaGlobal\u00ae Fotomulta en Se\u00f1al de Alto, Control Automatizado por C\u00e1maras","og_description":"NovoaGlobal\u00ae El sistema de fotomultas en se\u00f1al de alto est\u00e1 Creando Comunidades m\u00e1s seguras con el Control Automatizado por C\u00e1maras de Detecci\u00f3n en Se\u00f1al de Alto usando Vision Zero.","og_url":"https:\/\/novoaglobal.com\/es\/senal-de-stop-segura\/","og_site_name":"NovoaGlobal\u00ae","article_publisher":"https:\/\/www.facebook.com\/novoaglobal\/","article_modified_time":"2021-10-04T14:08:02+00:00","og_image":[{"width":2560,"height":681,"url":"https:\/\/novoaglobal.com\/es\/wp-content\/uploads\/2019\/10\/StopSign-Safe_A1-scaled.jpg","type":"image\/jpeg"}],"twitter_card":"summary_large_image","twitter_site":"@NovoaGlobal","twitter_misc":{"Tiempo de lectura":"1 minuto"},"schema":{"@context":"https:\/\/schema.org","@graph":[{"@type":"WebPage","@id":"https:\/\/novoaglobal.com\/es\/senal-de-stop-segura\/","url":"https:\/\/novoaglobal.com\/es\/senal-de-stop-segura\/","name":"NovoaGlobal\u00ae Fotomulta en Se\u00f1al de Alto, Control Automatizado por C\u00e1maras","isPartOf":{"@id":"https:\/\/novoaglobal.com\/es\/#website"},"primaryImageOfPage":{"@id":"https:\/\/novoaglobal.com\/es\/senal-de-stop-segura\/#primaryimage"},"image":{"@id":"https:\/\/novoaglobal.com\/es\/senal-de-stop-segura\/#primaryimage"},"thumbnailUrl":"https:\/\/novoaglobal.com\/es\/wp-content\/uploads\/2019\/10\/StopSign-Safe_A1-scaled.jpg","datePublished":"2019-10-14T07:41:49+00:00","dateModified":"2021-10-04T14:08:02+00:00","description":"NovoaGlobal\u00ae El sistema de fotomultas en se\u00f1al de alto est\u00e1 Creando Comunidades m\u00e1s seguras con el Control Automatizado por C\u00e1maras de Detecci\u00f3n en Se\u00f1al de Alto usando Vision Zero.","breadcrumb":{"@id":"https:\/\/novoaglobal.com\/es\/senal-de-stop-segura\/#breadcrumb"},"inLanguage":"es","potentialAction":[{"@type":"ReadAction","target":["https:\/\/novoaglobal.com\/es\/senal-de-stop-segura\/"]}]},{"@type":"ImageObject","inLanguage":"es","@id":"https:\/\/novoaglobal.com\/es\/senal-de-stop-segura\/#primaryimage","url":"https:\/\/novoaglobal.com\/es\/wp-content\/uploads\/2019\/10\/StopSign-Safe_A1-scaled.jpg","contentUrl":"https:\/\/novoaglobal.com\/es\/wp-content\/uploads\/2019\/10\/StopSign-Safe_A1-scaled.jpg","width":2560,"height":681,"caption":"Novoaglobal offers Stop Sign Enforcement"},{"@type":"BreadcrumbList","@id":"https:\/\/novoaglobal.com\/es\/senal-de-stop-segura\/#breadcrumb","itemListElement":[{"@type":"ListItem","position":1,"name":"Home","item":"https:\/\/novoaglobal.com\/es\/"},{"@type":"ListItem","position":2,"name":"CONTROL DE SE\u00d1AL DE ALTO"}]},{"@type":"WebSite","@id":"https:\/\/novoaglobal.com\/es\/#website","url":"https:\/\/novoaglobal.com\/es\/","name":"NovoaGlobal\u2122","description":"Creando comunidades m\u00e1s seguras","publisher":{"@id":"https:\/\/novoaglobal.com\/es\/#organization"},"potentialAction":[{"@type":"SearchAction","target":{"@type":"EntryPoint","urlTemplate":"https:\/\/novoaglobal.com\/es\/?s={search_term_string}"},"query-input":{"@type":"PropertyValueSpecification","valueRequired":true,"valueName":"search_term_string"}}],"inLanguage":"es"},{"@type":"Organization","@id":"https:\/\/novoaglobal.com\/es\/#organization","name":"NovoaGlobal","url":"https:\/\/novoaglobal.com\/es\/","logo":{"@type":"ImageObject","inLanguage":"es","@id":"https:\/\/novoaglobal.com\/es\/#\/schema\/logo\/image\/","url":"https:\/\/novoaglobal.com\/es\/wp-content\/uploads\/2019\/10\/logo-history-2.png","contentUrl":"https:\/\/novoaglobal.com\/es\/wp-content\/uploads\/2019\/10\/logo-history-2.png","width":394,"height":363,"caption":"NovoaGlobal"},"image":{"@id":"https:\/\/novoaglobal.com\/es\/#\/schema\/logo\/image\/"},"sameAs":["https:\/\/www.facebook.com\/novoaglobal\/","https:\/\/x.com\/NovoaGlobal","https:\/\/www.instagram.com\/novoaglobal\/","https:\/\/www.linkedin.com\/company\/novoaglobal\/about\/","https:\/\/www.youtube.com\/channel\/UCoMVz-xMzL_dyjZ0GgVz7Dw"]}]}},"_links":{"self":[{"href":"https:\/\/novoaglobal.com\/es\/wp-json\/wp\/v2\/pages\/2380","targetHints":{"allow":["GET"]}}],"collection":[{"href":"https:\/\/novoaglobal.com\/es\/wp-json\/wp\/v2\/pages"}],"about":[{"href":"https:\/\/novoaglobal.com\/es\/wp-json\/wp\/v2\/types\/page"}],"author":[{"embeddable":true,"href":"https:\/\/novoaglobal.com\/es\/wp-json\/wp\/v2\/users\/1"}],"replies":[{"embeddable":true,"href":"https:\/\/novoaglobal.com\/es\/wp-json\/wp\/v2\/comments?post=2380"}],"version-history":[{"count":5,"href":"https:\/\/novoaglobal.com\/es\/wp-json\/wp\/v2\/pages\/2380\/revisions"}],"predecessor-version":[{"id":10373,"href":"https:\/\/novoaglobal.com\/es\/wp-json\/wp\/v2\/pages\/2380\/revisions\/10373"}],"wp:featuredmedia":[{"embeddable":true,"href":"https:\/\/novoaglobal.com\/es\/wp-json\/wp\/v2\/media\/2384"}],"wp:attachment":[{"href":"https:\/\/novoaglobal.com\/es\/wp-json\/wp\/v2\/media?parent=2380"}],"curies":[{"name":"wp","href":"https:\/\/api.w.org\/{rel}","templated":true}]}}