{"id":2372,"date":"2019-10-14T07:30:30","date_gmt":"2019-10-14T07:30:30","guid":{"rendered":"https:\/\/novoaglobal.com\/es\/?page_id=2372"},"modified":"2022-01-08T23:57:46","modified_gmt":"2022-01-08T23:57:46","slug":"railroad-safe","status":"publish","type":"page","link":"https:\/\/novoaglobal.com\/es\/railroad-safe\/","title":{"rendered":"CONTROL FERROVIARIO"},"content":{"rendered":"<section class=\"sh-section sh-section-4554c1964e37fbbb6afece028615103e fw-main-row sh-section-visibility-everywhere\">\n\t\n\t\n\t<div class=\"sh-section-container container-fluid\">\n\t\t\t<\/div>\n<\/section>\n\n<section class=\"sh-section sh-section-6d6dbf83178ba5dc4151e7c9ea3c75cf fw-main-row sh-section-visibility-everywhere\">\n\t\n\t\n\t<div class=\"sh-section-container container section-justify-height\">\n\t\t<div class=\"fw-row\">\n\t\n<div class=\"sh-column sh-column-d28a20641558a2899670a6ed5a50d1b5 fw-col-xs-12 fw-col-sm-6\" >\n\n\t\n\t<div class=\"sh-column-wrapper\">\n\t\t\n<div class=\"sh-heading  \" id=\"heading-4bb404a9da74a7501e3f66f7a22ac53d\">\n\t<div class=\"sh-element-margin\">\n\n\t\t\n\t\t\t<h2 class=\"sh-heading-content size-l text-left\">\n\t\t\t\tRAILROAD-SAFE\t\t\t<\/h2>\n\n\t\t\n\t<\/div>\n<\/div>\n\n<div id=\"text-block-12cdf824ee9513b69942c74a4747bde4\" class=\"sh-text-block\">\n\t<h5>PREVENGA FATALIDADES EN CRUCES CON FERROCARRILES Y EDUQUE A LOS CONDUCTORES CON RAILROAD-SAFE<\/h5><p>Railroad-Safe detecta a los conductores que ignoran se\u00f1ales de advertencia y atraviesan la barrera cuando los trenes se acercan. Seg\u00fan la Administraci\u00f3n Federal de Ferrocarriles, la mayor\u00eda de las colisiones se pueden prevenir.<\/p><p>Railroad-Safe hace cumplir los estatutos estatales y federales, como detenerse a 15 pies de los cruces ferroviarios, no rodear la barrera, ni ingresar al cruce sin espacio para despejar, as\u00ed como la parada obligatoria de autobuses y camiones. Con Railroad-Safe, todos los conductores aprenden a ser cuidadosos cerca de las v\u00edas.<\/p><\/div>\n\t<\/div>\n\n\n\t\t\n\n<\/div>\n\n<div class=\"sh-column sh-column-3c5418793c1c7763f145d5230717b563 fw-col-xs-12 fw-col-sm-4\" >\n\n\t\n\t<div class=\"sh-column-wrapper\">\n\t\t\n<div id=\"single-image-3b32a744016f18170ab6a96f3ed6e26f\" class=\"sh-single-image   sh-single-image-shadow3\">\n\t<div class=\"sh-element-margin\">\n\t\t\n\t\t\t\t\t<div class=\"sh-image-lazy-loading\" style=\"max-width: 300px;\">\n\t\t\n\t\t\t<div class=\"sh-single-image-container sh-single-image-container-lazy\">\n\t\t\t\t\t\t\t\t\t\t\t\t\t\t\t<a href=\"\/\/novoaglobal.net\/wp-content\/uploads\/2019\/10\/screen-shot-bar-on-car-copy-1-300x183.jpg\" rel=\"lightbox\">\n\t\t\t\t\t\n\t\t\t\t\t\t\t\t\t\t\t\t\t\t\t\t\t\t\t\t\t<div class=\"ratio-container\" style=\"padding-top: 61%;\">\n\t\t\t\t\t\t\t\t\t<div class=\"ratio-content\">\n\t\t\t\t\t\t\t\t\t\t<img class=\"sh-image-url lazy\" data-src=\"https:\/\/novoaglobal.com\/es\/wp-content\/uploads\/2019\/10\/screen-shot-bar-on-car-copy-1-300x183.jpg\" alt=\"RAILROAD SAFE\" \/>\n\t\t\t\t\t\t\t\t\t<\/div>\n\t\t\t\t\t\t\t\t<\/div>\n\t\t\t\t\t\t\t\n\t\t\t\t\t\t\t\t\t\t\t\t\t\n\t\t\t\t\t\t\t\t\t\t\t<\/a>\n\t\t\t\t\t\t\t\t\t\n\t\t\t\t\t\t\t<\/div>\n\n\t\t\t\t\t<\/div>\n\t\t\n\t<\/div>\n<\/div>\n\t<\/div>\n\n\n\t\t\n\n<\/div>\n<\/div>\n\n\t<\/div>\n<\/section>\n\n<section class=\"sh-section sh-section-b414616623d6b016e214df18ed1b88c2 fw-main-row sh-section-visibility-everywhere\">\n\t\n\t\n\t<div class=\"sh-section-container container section-justify-height\">\n\t\t<div class=\"fw-row\">\n\t\n<div class=\"sh-column sh-column-e9252772e44fa48dd446ae414b2b8fdb fw-col-xs-12 fw-col-sm-4 sh-column-mobile-padding\" >\n\n\t\n\t<div class=\"sh-column-wrapper\">\n\t\t\n<div id=\"single-image-84a8be123fe22348a16eb7d9066bcbd5\" class=\"sh-single-image   sh-single-image-shadow3\">\n\t<div class=\"sh-element-margin\">\n\t\t\n\t\t\t\t\t<div class=\"sh-image-lazy-loading\" style=\"max-width: 200px;\">\n\t\t\n\t\t\t<div class=\"sh-single-image-container sh-single-image-container-lazy\">\n\t\t\t\t\t\t\t\t\t\t\t\t\t\t\t<a href=\"\/\/novoaglobal.net\/wp-content\/uploads\/2019\/10\/Railroad-lights-vertical-small-200x300.jpg\" rel=\"lightbox\">\n\t\t\t\t\t\n\t\t\t\t\t\t\t\t\t\t\t\t\t\t\t\t\t\t\t\t\t<div class=\"ratio-container\" style=\"padding-top: 150%;\">\n\t\t\t\t\t\t\t\t\t<div class=\"ratio-content\">\n\t\t\t\t\t\t\t\t\t\t<img class=\"sh-image-url lazy\" data-src=\"https:\/\/novoaglobal.com\/es\/wp-content\/uploads\/2019\/10\/Railroad-lights-vertical-small-200x300.jpg\" alt=\"Railroad lights\" \/>\n\t\t\t\t\t\t\t\t\t<\/div>\n\t\t\t\t\t\t\t\t<\/div>\n\t\t\t\t\t\t\t\n\t\t\t\t\t\t\t\t\t\t\t\t\t\n\t\t\t\t\t\t\t\t\t\t\t<\/a>\n\t\t\t\t\t\t\t\t\t\n\t\t\t\t\t\t\t<\/div>\n\n\t\t\t\t\t<\/div>\n\t\t\n\t<\/div>\n<\/div>\n\t<\/div>\n\n\n\t\t\n\n<\/div>\n\n<div class=\"sh-column sh-column-de3a1b7d30dba7ebef3d81e7220d363f fw-col-xs-12 fw-col-sm-6\" >\n\n\t\n\t<div class=\"sh-column-wrapper\">\n\t\t\n<div id=\"text-block-e78c0fb2b8b264aa79bd96aca25b81ed\" class=\"sh-text-block\">\n\t<h5>VENTAJAS DE RAILROAD-SAFE:<\/h5><ul class=\"police-page\"><li>Grabaci\u00f3n de im\u00e1genes de \u00faltima generaci\u00f3n<\/li><li>Tecnolog\u00eda de captura de datos excepcional<\/li><li>C\u00e1maras de alta resoluci\u00f3n<\/li><li>Instalaci\u00f3n no invasiva<\/li><li>Soluci\u00f3n llave en mano lista para usar<\/li><li>Sin costo inicial<\/li><li>Genera financiaci\u00f3n para la seguridad<\/li><li>Atenci\u00f3n al cliente 24\/7<\/li><\/ul><\/div>\n\t<\/div>\n\n\n\t\t\n\n<\/div>\n<\/div>\n\n\t<\/div>\n<\/section>\n","protected":false},"excerpt":{"rendered":"<p>RAILROAD-SAFE PREVENGA FATALIDADES EN CRUCES CON FERROCARRILES Y EDUQUE A LOS CONDUCTORES CON RAILROAD-SAFERailroad-Safe detecta a los conductores que ignoran se\u00f1ales de advertencia y atraviesan la barrera cuando los trenes&#8230;<\/p>\n","protected":false},"author":1,"featured_media":6815,"parent":0,"menu_order":0,"comment_status":"closed","ping_status":"closed","template":"","meta":{"_exactmetrics_skip_tracking":false,"_exactmetrics_sitenote_active":false,"_exactmetrics_sitenote_note":"","_exactmetrics_sitenote_category":0,"footnotes":""},"class_list":["post-2372","page","type-page","status-publish","has-post-thumbnail","hentry"],"yoast_head":"<!-- This site is optimized with the Yoast SEO plugin v27.3 - https:\/\/yoast.com\/product\/yoast-seo-wordpress\/ -->\n<title>NovoaGlobal\u00ae Fotomulta Visi\u00f3n Cero en Pasos a Nivel<\/title>\n<meta name=\"description\" content=\"NovoaGlobal\u00ae usa un sistema de fotomultas para detectar autos en pasos a nivel para la seguridad y el control usando el enfoque FRA Visi\u00f3n Cero.\" \/>\n<meta name=\"robots\" content=\"index, follow, max-snippet:-1, max-image-preview:large, max-video-preview:-1\" \/>\n<link rel=\"canonical\" href=\"https:\/\/novoaglobal.com\/es\/railroad-safe\/\" \/>\n<meta property=\"og:locale\" content=\"es_ES\" \/>\n<meta property=\"og:type\" content=\"article\" \/>\n<meta property=\"og:title\" content=\"NovoaGlobal\u00ae Fotomulta Visi\u00f3n Cero en Pasos a Nivel\" \/>\n<meta property=\"og:description\" content=\"NovoaGlobal\u00ae usa un sistema de fotomultas para detectar autos en pasos a nivel para la seguridad y el control usando el enfoque FRA Visi\u00f3n Cero.\" \/>\n<meta property=\"og:url\" content=\"https:\/\/novoaglobal.com\/es\/railroad-safe\/\" \/>\n<meta property=\"og:site_name\" content=\"NovoaGlobal\u00ae\" \/>\n<meta property=\"article:publisher\" content=\"https:\/\/www.facebook.com\/novoaglobal\/\" \/>\n<meta property=\"article:modified_time\" content=\"2022-01-08T23:57:46+00:00\" \/>\n<meta property=\"og:image\" content=\"https:\/\/novoaglobal.com\/es\/wp-content\/uploads\/2020\/06\/NG-Railroad-Safe-Web-Solutions-e1593532016121.jpg\" \/>\n\t<meta property=\"og:image:width\" content=\"1280\" \/>\n\t<meta property=\"og:image:height\" content=\"508\" \/>\n\t<meta property=\"og:image:type\" content=\"image\/jpeg\" \/>\n<meta name=\"twitter:card\" content=\"summary_large_image\" \/>\n<meta name=\"twitter:site\" content=\"@NovoaGlobal\" \/>\n<meta name=\"twitter:label1\" content=\"Tiempo de lectura\" \/>\n\t<meta name=\"twitter:data1\" content=\"1 minuto\" \/>\n<script type=\"application\/ld+json\" class=\"yoast-schema-graph\">{\"@context\":\"https:\\\/\\\/schema.org\",\"@graph\":[{\"@type\":\"WebPage\",\"@id\":\"https:\\\/\\\/novoaglobal.com\\\/es\\\/railroad-safe\\\/\",\"url\":\"https:\\\/\\\/novoaglobal.com\\\/es\\\/railroad-safe\\\/\",\"name\":\"NovoaGlobal\u00ae Fotomulta Visi\u00f3n Cero en Pasos a Nivel\",\"isPartOf\":{\"@id\":\"https:\\\/\\\/novoaglobal.com\\\/es\\\/#website\"},\"primaryImageOfPage\":{\"@id\":\"https:\\\/\\\/novoaglobal.com\\\/es\\\/railroad-safe\\\/#primaryimage\"},\"image\":{\"@id\":\"https:\\\/\\\/novoaglobal.com\\\/es\\\/railroad-safe\\\/#primaryimage\"},\"thumbnailUrl\":\"https:\\\/\\\/novoaglobal.com\\\/es\\\/wp-content\\\/uploads\\\/2020\\\/06\\\/NG-Railroad-Safe-Web-Solutions-e1593532016121.jpg\",\"datePublished\":\"2019-10-14T07:30:30+00:00\",\"dateModified\":\"2022-01-08T23:57:46+00:00\",\"description\":\"NovoaGlobal\u00ae usa un sistema de fotomultas para detectar autos en pasos a nivel para la seguridad y el control usando el enfoque FRA Visi\u00f3n Cero.\",\"breadcrumb\":{\"@id\":\"https:\\\/\\\/novoaglobal.com\\\/es\\\/railroad-safe\\\/#breadcrumb\"},\"inLanguage\":\"es\",\"potentialAction\":[{\"@type\":\"ReadAction\",\"target\":[\"https:\\\/\\\/novoaglobal.com\\\/es\\\/railroad-safe\\\/\"]}]},{\"@type\":\"ImageObject\",\"inLanguage\":\"es\",\"@id\":\"https:\\\/\\\/novoaglobal.com\\\/es\\\/railroad-safe\\\/#primaryimage\",\"url\":\"https:\\\/\\\/novoaglobal.com\\\/es\\\/wp-content\\\/uploads\\\/2020\\\/06\\\/NG-Railroad-Safe-Web-Solutions-e1593532016121.jpg\",\"contentUrl\":\"https:\\\/\\\/novoaglobal.com\\\/es\\\/wp-content\\\/uploads\\\/2020\\\/06\\\/NG-Railroad-Safe-Web-Solutions-e1593532016121.jpg\",\"width\":1280,\"height\":508,\"caption\":\"NovoaGlobal Railroad-Safe Grade Crossing Camera Enforcement\"},{\"@type\":\"BreadcrumbList\",\"@id\":\"https:\\\/\\\/novoaglobal.com\\\/es\\\/railroad-safe\\\/#breadcrumb\",\"itemListElement\":[{\"@type\":\"ListItem\",\"position\":1,\"name\":\"Home\",\"item\":\"https:\\\/\\\/novoaglobal.com\\\/es\\\/\"},{\"@type\":\"ListItem\",\"position\":2,\"name\":\"CONTROL FERROVIARIO\"}]},{\"@type\":\"WebSite\",\"@id\":\"https:\\\/\\\/novoaglobal.com\\\/es\\\/#website\",\"url\":\"https:\\\/\\\/novoaglobal.com\\\/es\\\/\",\"name\":\"NovoaGlobal\u2122\",\"description\":\"Creando comunidades m\u00e1s seguras\",\"publisher\":{\"@id\":\"https:\\\/\\\/novoaglobal.com\\\/es\\\/#organization\"},\"potentialAction\":[{\"@type\":\"SearchAction\",\"target\":{\"@type\":\"EntryPoint\",\"urlTemplate\":\"https:\\\/\\\/novoaglobal.com\\\/es\\\/?s={search_term_string}\"},\"query-input\":{\"@type\":\"PropertyValueSpecification\",\"valueRequired\":true,\"valueName\":\"search_term_string\"}}],\"inLanguage\":\"es\"},{\"@type\":\"Organization\",\"@id\":\"https:\\\/\\\/novoaglobal.com\\\/es\\\/#organization\",\"name\":\"NovoaGlobal\",\"url\":\"https:\\\/\\\/novoaglobal.com\\\/es\\\/\",\"logo\":{\"@type\":\"ImageObject\",\"inLanguage\":\"es\",\"@id\":\"https:\\\/\\\/novoaglobal.com\\\/es\\\/#\\\/schema\\\/logo\\\/image\\\/\",\"url\":\"https:\\\/\\\/novoaglobal.com\\\/es\\\/wp-content\\\/uploads\\\/2019\\\/10\\\/logo-history-2.png\",\"contentUrl\":\"https:\\\/\\\/novoaglobal.com\\\/es\\\/wp-content\\\/uploads\\\/2019\\\/10\\\/logo-history-2.png\",\"width\":394,\"height\":363,\"caption\":\"NovoaGlobal\"},\"image\":{\"@id\":\"https:\\\/\\\/novoaglobal.com\\\/es\\\/#\\\/schema\\\/logo\\\/image\\\/\"},\"sameAs\":[\"https:\\\/\\\/www.facebook.com\\\/novoaglobal\\\/\",\"https:\\\/\\\/x.com\\\/NovoaGlobal\",\"https:\\\/\\\/www.instagram.com\\\/novoaglobal\\\/\",\"https:\\\/\\\/www.linkedin.com\\\/company\\\/novoaglobal\\\/about\\\/\",\"https:\\\/\\\/www.youtube.com\\\/channel\\\/UCoMVz-xMzL_dyjZ0GgVz7Dw\"]}]}<\/script>\n<!-- \/ Yoast SEO plugin. -->","yoast_head_json":{"title":"NovoaGlobal\u00ae Fotomulta Visi\u00f3n Cero en Pasos a Nivel","description":"NovoaGlobal\u00ae usa un sistema de fotomultas para detectar autos en pasos a nivel para la seguridad y el control usando el enfoque FRA Visi\u00f3n Cero.","robots":{"index":"index","follow":"follow","max-snippet":"max-snippet:-1","max-image-preview":"max-image-preview:large","max-video-preview":"max-video-preview:-1"},"canonical":"https:\/\/novoaglobal.com\/es\/railroad-safe\/","og_locale":"es_ES","og_type":"article","og_title":"NovoaGlobal\u00ae Fotomulta Visi\u00f3n Cero en Pasos a Nivel","og_description":"NovoaGlobal\u00ae usa un sistema de fotomultas para detectar autos en pasos a nivel para la seguridad y el control usando el enfoque FRA Visi\u00f3n Cero.","og_url":"https:\/\/novoaglobal.com\/es\/railroad-safe\/","og_site_name":"NovoaGlobal\u00ae","article_publisher":"https:\/\/www.facebook.com\/novoaglobal\/","article_modified_time":"2022-01-08T23:57:46+00:00","og_image":[{"width":1280,"height":508,"url":"https:\/\/novoaglobal.com\/es\/wp-content\/uploads\/2020\/06\/NG-Railroad-Safe-Web-Solutions-e1593532016121.jpg","type":"image\/jpeg"}],"twitter_card":"summary_large_image","twitter_site":"@NovoaGlobal","twitter_misc":{"Tiempo de lectura":"1 minuto"},"schema":{"@context":"https:\/\/schema.org","@graph":[{"@type":"WebPage","@id":"https:\/\/novoaglobal.com\/es\/railroad-safe\/","url":"https:\/\/novoaglobal.com\/es\/railroad-safe\/","name":"NovoaGlobal\u00ae Fotomulta Visi\u00f3n Cero en Pasos a Nivel","isPartOf":{"@id":"https:\/\/novoaglobal.com\/es\/#website"},"primaryImageOfPage":{"@id":"https:\/\/novoaglobal.com\/es\/railroad-safe\/#primaryimage"},"image":{"@id":"https:\/\/novoaglobal.com\/es\/railroad-safe\/#primaryimage"},"thumbnailUrl":"https:\/\/novoaglobal.com\/es\/wp-content\/uploads\/2020\/06\/NG-Railroad-Safe-Web-Solutions-e1593532016121.jpg","datePublished":"2019-10-14T07:30:30+00:00","dateModified":"2022-01-08T23:57:46+00:00","description":"NovoaGlobal\u00ae usa un sistema de fotomultas para detectar autos en pasos a nivel para la seguridad y el control usando el enfoque FRA Visi\u00f3n Cero.","breadcrumb":{"@id":"https:\/\/novoaglobal.com\/es\/railroad-safe\/#breadcrumb"},"inLanguage":"es","potentialAction":[{"@type":"ReadAction","target":["https:\/\/novoaglobal.com\/es\/railroad-safe\/"]}]},{"@type":"ImageObject","inLanguage":"es","@id":"https:\/\/novoaglobal.com\/es\/railroad-safe\/#primaryimage","url":"https:\/\/novoaglobal.com\/es\/wp-content\/uploads\/2020\/06\/NG-Railroad-Safe-Web-Solutions-e1593532016121.jpg","contentUrl":"https:\/\/novoaglobal.com\/es\/wp-content\/uploads\/2020\/06\/NG-Railroad-Safe-Web-Solutions-e1593532016121.jpg","width":1280,"height":508,"caption":"NovoaGlobal Railroad-Safe Grade Crossing Camera Enforcement"},{"@type":"BreadcrumbList","@id":"https:\/\/novoaglobal.com\/es\/railroad-safe\/#breadcrumb","itemListElement":[{"@type":"ListItem","position":1,"name":"Home","item":"https:\/\/novoaglobal.com\/es\/"},{"@type":"ListItem","position":2,"name":"CONTROL FERROVIARIO"}]},{"@type":"WebSite","@id":"https:\/\/novoaglobal.com\/es\/#website","url":"https:\/\/novoaglobal.com\/es\/","name":"NovoaGlobal\u2122","description":"Creando comunidades m\u00e1s seguras","publisher":{"@id":"https:\/\/novoaglobal.com\/es\/#organization"},"potentialAction":[{"@type":"SearchAction","target":{"@type":"EntryPoint","urlTemplate":"https:\/\/novoaglobal.com\/es\/?s={search_term_string}"},"query-input":{"@type":"PropertyValueSpecification","valueRequired":true,"valueName":"search_term_string"}}],"inLanguage":"es"},{"@type":"Organization","@id":"https:\/\/novoaglobal.com\/es\/#organization","name":"NovoaGlobal","url":"https:\/\/novoaglobal.com\/es\/","logo":{"@type":"ImageObject","inLanguage":"es","@id":"https:\/\/novoaglobal.com\/es\/#\/schema\/logo\/image\/","url":"https:\/\/novoaglobal.com\/es\/wp-content\/uploads\/2019\/10\/logo-history-2.png","contentUrl":"https:\/\/novoaglobal.com\/es\/wp-content\/uploads\/2019\/10\/logo-history-2.png","width":394,"height":363,"caption":"NovoaGlobal"},"image":{"@id":"https:\/\/novoaglobal.com\/es\/#\/schema\/logo\/image\/"},"sameAs":["https:\/\/www.facebook.com\/novoaglobal\/","https:\/\/x.com\/NovoaGlobal","https:\/\/www.instagram.com\/novoaglobal\/","https:\/\/www.linkedin.com\/company\/novoaglobal\/about\/","https:\/\/www.youtube.com\/channel\/UCoMVz-xMzL_dyjZ0GgVz7Dw"]}]}},"_links":{"self":[{"href":"https:\/\/novoaglobal.com\/es\/wp-json\/wp\/v2\/pages\/2372","targetHints":{"allow":["GET"]}}],"collection":[{"href":"https:\/\/novoaglobal.com\/es\/wp-json\/wp\/v2\/pages"}],"about":[{"href":"https:\/\/novoaglobal.com\/es\/wp-json\/wp\/v2\/types\/page"}],"author":[{"embeddable":true,"href":"https:\/\/novoaglobal.com\/es\/wp-json\/wp\/v2\/users\/1"}],"replies":[{"embeddable":true,"href":"https:\/\/novoaglobal.com\/es\/wp-json\/wp\/v2\/comments?post=2372"}],"version-history":[{"count":7,"href":"https:\/\/novoaglobal.com\/es\/wp-json\/wp\/v2\/pages\/2372\/revisions"}],"predecessor-version":[{"id":10531,"href":"https:\/\/novoaglobal.com\/es\/wp-json\/wp\/v2\/pages\/2372\/revisions\/10531"}],"wp:featuredmedia":[{"embeddable":true,"href":"https:\/\/novoaglobal.com\/es\/wp-json\/wp\/v2\/media\/6815"}],"wp:attachment":[{"href":"https:\/\/novoaglobal.com\/es\/wp-json\/wp\/v2\/media?parent=2372"}],"curies":[{"name":"wp","href":"https:\/\/api.w.org\/{rel}","templated":true}]}}