{"id":2351,"date":"2019-10-15T06:20:20","date_gmt":"2019-10-15T06:20:20","guid":{"rendered":"https:\/\/novoaglobal.com\/es\/?page_id=2351"},"modified":"2022-01-09T00:16:24","modified_gmt":"2022-01-09T00:16:24","slug":"luz-roja-segura","status":"publish","type":"page","link":"https:\/\/novoaglobal.com\/es\/luz-roja-segura\/","title":{"rendered":"C\u00c1MARA DE LUZ ROJA"},"content":{"rendered":"<section class=\"sh-section sh-section-4554c1964e37fbbb6afece028615103e fw-main-row sh-section-visibility-everywhere\">\n\t\n\t\n\t<div class=\"sh-section-container container-fluid\">\n\t\t\t<\/div>\n<\/section>\n\n<section class=\"sh-section sh-section-6d6dbf83178ba5dc4151e7c9ea3c75cf fw-main-row sh-section-visibility-everywhere\">\n\t\n\t\n\t<div class=\"sh-section-container container section-justify-height\">\n\t\t<div class=\"fw-row\">\n\t\n<div class=\"sh-column sh-column-d28a20641558a2899670a6ed5a50d1b5 fw-col-xs-12 fw-col-sm-6\" >\n\n\t\n\t<div class=\"sh-column-wrapper\">\n\t\t\n<div class=\"sh-heading  \" id=\"heading-4bb404a9da74a7501e3f66f7a22ac53d\">\n\t<div class=\"sh-element-margin\">\n\n\t\t\n\t\t\t<h2 class=\"sh-heading-content size-l text-left\">\n\t\t\t\tREDLIGHT-SAFE\u00ae\t\t\t<\/h2>\n\n\t\t\n\t<\/div>\n<\/div>\n\n<div id=\"text-block-12cdf824ee9513b69942c74a4747bde4\" class=\"sh-text-block\">\n\t<p>El\u00a0 cruce con sem\u00e1foro en rojo crea un riesgo considerable de colisiones peligrosas en intersecciones y los peatones son particularmente vulnerables a los veh\u00edculos que ignoran la luz roja. Nuestro sistema de fotomulta en luz roja, RedLight-Safe System, se basa en un avanzado rastreo por radar para monitorear el tr\u00e1fico que se acerca a la se\u00f1al y cuando detecta un veh\u00edculo que cruza la barrera despu\u00e9s de que la luz ha cambiado a rojo, el RedLight-Safe System captura la infracci\u00f3n con dos fotograf\u00edas digitales de alta resoluci\u00f3n, la primera muestra el veh\u00edculo detr\u00e1s de la barrera mientras la luz est\u00e1 roja y la segunda muestra al veh\u00edculo infractor pasando la barrera e invadiendo la intersecci\u00f3n. El sistema tambi\u00e9n captura una imagen de alta resoluci\u00f3n de la matr\u00edcula del veh\u00edculo. Para crear una identificaci\u00f3n por imagen del 100%, NovoaGlobal tambi\u00e9n ofrece un videoclip en movimiento completo de la infracci\u00f3n. Este paquete completo de pruebas es pr\u00e1cticamente imposible de refutar en un tribunal.<\/p><\/div>\n\t<\/div>\n\n\n\t\t\n\n<\/div>\n\n<div class=\"sh-column sh-column-3c5418793c1c7763f145d5230717b563 fw-col-xs-12 fw-col-sm-4\" >\n\n\t\n\t<div class=\"sh-column-wrapper\">\n\t\t\n<div id=\"single-image-3b32a744016f18170ab6a96f3ed6e26f\" class=\"sh-single-image   sh-single-image-shadow3\">\n\t<div class=\"sh-element-margin\">\n\t\t\n\t\t\t\t\t<div class=\"sh-image-lazy-loading\" style=\"max-width: 1024px;\">\n\t\t\n\t\t\t<div class=\"sh-single-image-container sh-single-image-container-lazy\">\n\t\t\t\t\t\t\t\t\t\t\t\t\t\t\t<a href=\"\/\/novoaglobal.net\/wp-content\/uploads\/2019\/10\/REd-light-safe-blue-sky-copy-for-web-1024x675.jpg\" rel=\"lightbox\">\n\t\t\t\t\t\n\t\t\t\t\t\t\t\t\t\t\t\t\t\t\t\t\t\t\t\t\t<div class=\"ratio-container\" style=\"padding-top: 65.91796875%;\">\n\t\t\t\t\t\t\t\t\t<div class=\"ratio-content\">\n\t\t\t\t\t\t\t\t\t\t<img class=\"sh-image-url lazy\" data-src=\"https:\/\/novoaglobal.com\/es\/wp-content\/uploads\/2019\/10\/REd-light-safe-blue-sky-copy-for-web-1024x675.jpg\" alt=\"REd-light-safe-blue-sky-copy-for-web-1024x675\" \/>\n\t\t\t\t\t\t\t\t\t<\/div>\n\t\t\t\t\t\t\t\t<\/div>\n\t\t\t\t\t\t\t\n\t\t\t\t\t\t\t\t\t\t\t\t\t\n\t\t\t\t\t\t\t\t\t\t\t<\/a>\n\t\t\t\t\t\t\t\t\t\n\t\t\t\t\t\t\t<\/div>\n\n\t\t\t\t\t<\/div>\n\t\t\n\t<\/div>\n<\/div>\n\t<\/div>\n\n\n\t\t\n\n<\/div>\n<\/div>\n\n\t<\/div>\n<\/section>\n\n<section class=\"sh-section sh-section-b414616623d6b016e214df18ed1b88c2 fw-main-row sh-section-visibility-everywhere\">\n\t\n\t\n\t<div class=\"sh-section-container container section-justify-height\">\n\t\t<div class=\"fw-row\">\n\t\n<div class=\"sh-column sh-column-de3a1b7d30dba7ebef3d81e7220d363f fw-col-xs-12 fw-col-sm-8\" >\n\n\t\n\t<div class=\"sh-column-wrapper\">\n\t\t\n<div id=\"text-block-e78c0fb2b8b264aa79bd96aca25b81ed\" class=\"sh-text-block\">\n\t<div id=\"pg-636-2\" class=\"panel-grid panel-no-style\"><div id=\"pgc-636-2-0\" class=\"panel-grid-cell\"><div id=\"panel-636-2-0-0\" class=\"so-panel widget widget_text panel-first-child panel-last-child\" data-index=\"3\"><div class=\"panel-widget-style panel-widget-style-for-636-2-0-0\"><div class=\"textwidget\"><p><strong>\u00bfC\u00d3MO FUNCIONA?<\/strong><\/p><p>La computadora interna del sistema de fotomulta en luz roja, RedLight-Safe, utiliza un algoritmo patentado que compara la velocidad de todos los veh\u00edculos que se aproximan en la zona de control con el tiempo en que se espera que la luz cambie a rojo. Si el sistema determina que un veh\u00edculo viaja demasiado r\u00e1pido para detenerse a tiempo, toma una fotograf\u00eda digital de alta resoluci\u00f3n del veh\u00edculo justo antes de la barrera, mostrando la posici\u00f3n del veh\u00edculo, la fase roja del sem\u00e1foro y la matr\u00edcula del veh\u00edculo. Si el veh\u00edculo logra detenerse antes de ingresar a la intersecci\u00f3n, el evento se descarta. Si el veh\u00edculo pasa ilegalmente a la intersecci\u00f3n, el sistema captura una segunda fotograf\u00eda digital que muestra claramente que el veh\u00edculo pas\u00f3 la barrera y e invadi\u00f3 la intersecci\u00f3n. La segunda imagen puede ser tomada por la misma c\u00e1mara desde atr\u00e1s o por una segunda c\u00e1mara ubicada al otro lado de la intersecci\u00f3n. La \u00faltima opci\u00f3n permite la identificaci\u00f3n del conductor si as\u00ed lo exige la ley.<\/p><p><strong>CRUZAR EN LUZ ROJA MATA<\/strong><\/p><p>Los accidentes de tr\u00e1fico son la causa m\u00e1s importante de muerte y lesiones evitables en Am\u00e9rica del Norte. En 2007 en los EEUU, casi 900 personas murieron y se estima que 153 000 resultaron heridas en choques que involucraron el cruce en luz roja.<\/p><p>Los costos p\u00fablicos superan los $ 14 mil millones por a\u00f1o, y m\u00e1s de la mitad de las muertes en choques por cruzar el sem\u00e1foro en rojo son de otros automovilistas y peatones. No hay duda de que los que cruzan un sem\u00e1foro en rojo son conductores peligrosos, que de manera irresponsable ponen en peligro a los dem\u00e1s. En las ciudades de Estados Unidos, donde con demasiada frecuencia la luz amarilla se ha convertido en el s\u00edmbolo de \"apresurarse\" en lugar de \"reducir la velocidad\", cruzar con luz roja es la causa principal de todos los accidentes automovil\u00edsticos urbanos.<\/p><p>El p\u00fablico estadounidense reconoce el problema, est\u00e1 profundamente preocupado por el cruce de los sem\u00e1foros en rojo y apoya el uso&nbsp; de fotomulta y c\u00e1maras en los sem\u00e1foro. Una encuesta nacional de 2002 patrocinada por la Administraci\u00f3n Nacional de Seguridad Vial en las Carreteras y realizada por la Organizaci\u00f3n Gallup encontr\u00f3 que el 75% de los conductores estaban a favor del uso de c\u00e1maras semaf\u00f3ricas. La mayor\u00eda de los estadounidenses (96%) tienen miedo de ser atropellados por un cruce en luz roja, pero casi uno de cada cinco admite haber cruzado un sem\u00e1foro en rojo en las \u00faltimas diez intersecciones. La principal excusa que se dio para esto no fue ni la frustraci\u00f3n ni la ira en la carretera; sino solo\"tener prisa\". Campa\u00f1a Nacional para Detener el Cruce con Sem\u00e1foro en Rojo.<\/p><\/div><\/div><\/div><\/div><\/div><\/div>\n\t<\/div>\n\n\n\t\t\n\n<\/div>\n<\/div>\n\n\t<\/div>\n<\/section>\n","protected":false},"excerpt":{"rendered":"<p>REDLIGHT-SAFE\u00ae El\u00a0 cruce con sem\u00e1foro en rojo crea un riesgo considerable de colisiones peligrosas en intersecciones y los peatones son particularmente vulnerables a los veh\u00edculos que ignoran la luz roja&#8230;.<\/p>\n","protected":false},"author":1,"featured_media":6793,"parent":0,"menu_order":0,"comment_status":"closed","ping_status":"closed","template":"","meta":{"_exactmetrics_skip_tracking":false,"_exactmetrics_sitenote_active":false,"_exactmetrics_sitenote_note":"","_exactmetrics_sitenote_category":0,"footnotes":""},"class_list":["post-2351","page","type-page","status-publish","has-post-thumbnail","hentry"],"yoast_head":"<!-- This site is optimized with the Yoast SEO plugin v27.4 - https:\/\/yoast.com\/product\/yoast-seo-wordpress\/ -->\n<title>NovoaGlobal C\u00e1mara de Luz Roja, Fotomulta Automatizada<\/title>\n<meta name=\"description\" content=\"Creando comunidades m\u00e1s seguras con su Programa Automatizado de Fotomultas en Luz Roja para educar conductores y aplicar las leyes de tr\u00e1nsito y seguridad vial que corresponde.\" \/>\n<meta name=\"robots\" content=\"index, follow, max-snippet:-1, max-image-preview:large, max-video-preview:-1\" \/>\n<link rel=\"canonical\" href=\"https:\/\/novoaglobal.com\/es\/luz-roja-segura\/\" \/>\n<meta property=\"og:locale\" content=\"es_ES\" \/>\n<meta property=\"og:type\" content=\"article\" \/>\n<meta property=\"og:title\" content=\"NovoaGlobal C\u00e1mara de Luz Roja, Fotomulta Automatizada\" \/>\n<meta property=\"og:description\" content=\"Creando comunidades m\u00e1s seguras con su Programa Automatizado de Fotomultas en Luz Roja para educar conductores y aplicar las leyes de tr\u00e1nsito y seguridad vial que corresponde.\" \/>\n<meta property=\"og:url\" content=\"https:\/\/novoaglobal.com\/es\/luz-roja-segura\/\" \/>\n<meta property=\"og:site_name\" content=\"NovoaGlobal\u00ae\" \/>\n<meta property=\"article:publisher\" content=\"https:\/\/www.facebook.com\/novoaglobal\/\" \/>\n<meta property=\"article:modified_time\" content=\"2022-01-09T00:16:24+00:00\" \/>\n<meta property=\"og:image\" content=\"https:\/\/novoaglobal.com\/es\/wp-content\/uploads\/2020\/06\/REd-Light-for-Miami-medium-scaled.jpg\" \/>\n\t<meta property=\"og:image:width\" content=\"2560\" \/>\n\t<meta property=\"og:image:height\" content=\"1702\" \/>\n\t<meta property=\"og:image:type\" content=\"image\/jpeg\" \/>\n<meta name=\"twitter:card\" content=\"summary_large_image\" \/>\n<meta name=\"twitter:site\" content=\"@NovoaGlobal\" \/>\n<meta name=\"twitter:label1\" content=\"Tiempo de lectura\" \/>\n\t<meta name=\"twitter:data1\" content=\"3 minutos\" \/>\n<script type=\"application\/ld+json\" class=\"yoast-schema-graph\">{\"@context\":\"https:\\\/\\\/schema.org\",\"@graph\":[{\"@type\":\"WebPage\",\"@id\":\"https:\\\/\\\/novoaglobal.com\\\/es\\\/luz-roja-segura\\\/\",\"url\":\"https:\\\/\\\/novoaglobal.com\\\/es\\\/luz-roja-segura\\\/\",\"name\":\"NovoaGlobal C\u00e1mara de Luz Roja, Fotomulta Automatizada\",\"isPartOf\":{\"@id\":\"https:\\\/\\\/novoaglobal.com\\\/es\\\/#website\"},\"primaryImageOfPage\":{\"@id\":\"https:\\\/\\\/novoaglobal.com\\\/es\\\/luz-roja-segura\\\/#primaryimage\"},\"image\":{\"@id\":\"https:\\\/\\\/novoaglobal.com\\\/es\\\/luz-roja-segura\\\/#primaryimage\"},\"thumbnailUrl\":\"https:\\\/\\\/novoaglobal.com\\\/es\\\/wp-content\\\/uploads\\\/2020\\\/06\\\/REd-Light-for-Miami-medium-scaled.jpg\",\"datePublished\":\"2019-10-15T06:20:20+00:00\",\"dateModified\":\"2022-01-09T00:16:24+00:00\",\"description\":\"Creando comunidades m\u00e1s seguras con su Programa Automatizado de Fotomultas en Luz Roja para educar conductores y aplicar las leyes de tr\u00e1nsito y seguridad vial que corresponde.\",\"breadcrumb\":{\"@id\":\"https:\\\/\\\/novoaglobal.com\\\/es\\\/luz-roja-segura\\\/#breadcrumb\"},\"inLanguage\":\"es\",\"potentialAction\":[{\"@type\":\"ReadAction\",\"target\":[\"https:\\\/\\\/novoaglobal.com\\\/es\\\/luz-roja-segura\\\/\"]}]},{\"@type\":\"ImageObject\",\"inLanguage\":\"es\",\"@id\":\"https:\\\/\\\/novoaglobal.com\\\/es\\\/luz-roja-segura\\\/#primaryimage\",\"url\":\"https:\\\/\\\/novoaglobal.com\\\/es\\\/wp-content\\\/uploads\\\/2020\\\/06\\\/REd-Light-for-Miami-medium-scaled.jpg\",\"contentUrl\":\"https:\\\/\\\/novoaglobal.com\\\/es\\\/wp-content\\\/uploads\\\/2020\\\/06\\\/REd-Light-for-Miami-medium-scaled.jpg\",\"width\":2560,\"height\":1702,\"caption\":\"NovoaGlobal Red Light camera offers Automated Photo Enforcement for monitoring Red Light Runners\"},{\"@type\":\"BreadcrumbList\",\"@id\":\"https:\\\/\\\/novoaglobal.com\\\/es\\\/luz-roja-segura\\\/#breadcrumb\",\"itemListElement\":[{\"@type\":\"ListItem\",\"position\":1,\"name\":\"Home\",\"item\":\"https:\\\/\\\/novoaglobal.com\\\/es\\\/\"},{\"@type\":\"ListItem\",\"position\":2,\"name\":\"C\u00c1MARA DE LUZ ROJA\"}]},{\"@type\":\"WebSite\",\"@id\":\"https:\\\/\\\/novoaglobal.com\\\/es\\\/#website\",\"url\":\"https:\\\/\\\/novoaglobal.com\\\/es\\\/\",\"name\":\"NovoaGlobal\u2122\",\"description\":\"Creando comunidades m\u00e1s seguras\",\"publisher\":{\"@id\":\"https:\\\/\\\/novoaglobal.com\\\/es\\\/#organization\"},\"potentialAction\":[{\"@type\":\"SearchAction\",\"target\":{\"@type\":\"EntryPoint\",\"urlTemplate\":\"https:\\\/\\\/novoaglobal.com\\\/es\\\/?s={search_term_string}\"},\"query-input\":{\"@type\":\"PropertyValueSpecification\",\"valueRequired\":true,\"valueName\":\"search_term_string\"}}],\"inLanguage\":\"es\"},{\"@type\":\"Organization\",\"@id\":\"https:\\\/\\\/novoaglobal.com\\\/es\\\/#organization\",\"name\":\"NovoaGlobal\",\"url\":\"https:\\\/\\\/novoaglobal.com\\\/es\\\/\",\"logo\":{\"@type\":\"ImageObject\",\"inLanguage\":\"es\",\"@id\":\"https:\\\/\\\/novoaglobal.com\\\/es\\\/#\\\/schema\\\/logo\\\/image\\\/\",\"url\":\"https:\\\/\\\/novoaglobal.com\\\/es\\\/wp-content\\\/uploads\\\/2019\\\/10\\\/logo-history-2.png\",\"contentUrl\":\"https:\\\/\\\/novoaglobal.com\\\/es\\\/wp-content\\\/uploads\\\/2019\\\/10\\\/logo-history-2.png\",\"width\":394,\"height\":363,\"caption\":\"NovoaGlobal\"},\"image\":{\"@id\":\"https:\\\/\\\/novoaglobal.com\\\/es\\\/#\\\/schema\\\/logo\\\/image\\\/\"},\"sameAs\":[\"https:\\\/\\\/www.facebook.com\\\/novoaglobal\\\/\",\"https:\\\/\\\/x.com\\\/NovoaGlobal\",\"https:\\\/\\\/www.instagram.com\\\/novoaglobal\\\/\",\"https:\\\/\\\/www.linkedin.com\\\/company\\\/novoaglobal\\\/about\\\/\",\"https:\\\/\\\/www.youtube.com\\\/channel\\\/UCoMVz-xMzL_dyjZ0GgVz7Dw\"]}]}<\/script>\n<!-- \/ Yoast SEO plugin. -->","yoast_head_json":{"title":"NovoaGlobal C\u00e1mara de Luz Roja, Fotomulta Automatizada","description":"Creando comunidades m\u00e1s seguras con su Programa Automatizado de Fotomultas en Luz Roja para educar conductores y aplicar las leyes de tr\u00e1nsito y seguridad vial que corresponde.","robots":{"index":"index","follow":"follow","max-snippet":"max-snippet:-1","max-image-preview":"max-image-preview:large","max-video-preview":"max-video-preview:-1"},"canonical":"https:\/\/novoaglobal.com\/es\/luz-roja-segura\/","og_locale":"es_ES","og_type":"article","og_title":"NovoaGlobal C\u00e1mara de Luz Roja, Fotomulta Automatizada","og_description":"Creando comunidades m\u00e1s seguras con su Programa Automatizado de Fotomultas en Luz Roja para educar conductores y aplicar las leyes de tr\u00e1nsito y seguridad vial que corresponde.","og_url":"https:\/\/novoaglobal.com\/es\/luz-roja-segura\/","og_site_name":"NovoaGlobal\u00ae","article_publisher":"https:\/\/www.facebook.com\/novoaglobal\/","article_modified_time":"2022-01-09T00:16:24+00:00","og_image":[{"width":2560,"height":1702,"url":"https:\/\/novoaglobal.com\/es\/wp-content\/uploads\/2020\/06\/REd-Light-for-Miami-medium-scaled.jpg","type":"image\/jpeg"}],"twitter_card":"summary_large_image","twitter_site":"@NovoaGlobal","twitter_misc":{"Tiempo de lectura":"3 minutos"},"schema":{"@context":"https:\/\/schema.org","@graph":[{"@type":"WebPage","@id":"https:\/\/novoaglobal.com\/es\/luz-roja-segura\/","url":"https:\/\/novoaglobal.com\/es\/luz-roja-segura\/","name":"NovoaGlobal C\u00e1mara de Luz Roja, Fotomulta Automatizada","isPartOf":{"@id":"https:\/\/novoaglobal.com\/es\/#website"},"primaryImageOfPage":{"@id":"https:\/\/novoaglobal.com\/es\/luz-roja-segura\/#primaryimage"},"image":{"@id":"https:\/\/novoaglobal.com\/es\/luz-roja-segura\/#primaryimage"},"thumbnailUrl":"https:\/\/novoaglobal.com\/es\/wp-content\/uploads\/2020\/06\/REd-Light-for-Miami-medium-scaled.jpg","datePublished":"2019-10-15T06:20:20+00:00","dateModified":"2022-01-09T00:16:24+00:00","description":"Creando comunidades m\u00e1s seguras con su Programa Automatizado de Fotomultas en Luz Roja para educar conductores y aplicar las leyes de tr\u00e1nsito y seguridad vial que corresponde.","breadcrumb":{"@id":"https:\/\/novoaglobal.com\/es\/luz-roja-segura\/#breadcrumb"},"inLanguage":"es","potentialAction":[{"@type":"ReadAction","target":["https:\/\/novoaglobal.com\/es\/luz-roja-segura\/"]}]},{"@type":"ImageObject","inLanguage":"es","@id":"https:\/\/novoaglobal.com\/es\/luz-roja-segura\/#primaryimage","url":"https:\/\/novoaglobal.com\/es\/wp-content\/uploads\/2020\/06\/REd-Light-for-Miami-medium-scaled.jpg","contentUrl":"https:\/\/novoaglobal.com\/es\/wp-content\/uploads\/2020\/06\/REd-Light-for-Miami-medium-scaled.jpg","width":2560,"height":1702,"caption":"NovoaGlobal Red Light camera offers Automated Photo Enforcement for monitoring Red Light Runners"},{"@type":"BreadcrumbList","@id":"https:\/\/novoaglobal.com\/es\/luz-roja-segura\/#breadcrumb","itemListElement":[{"@type":"ListItem","position":1,"name":"Home","item":"https:\/\/novoaglobal.com\/es\/"},{"@type":"ListItem","position":2,"name":"C\u00c1MARA DE LUZ ROJA"}]},{"@type":"WebSite","@id":"https:\/\/novoaglobal.com\/es\/#website","url":"https:\/\/novoaglobal.com\/es\/","name":"NovoaGlobal\u2122","description":"Creando comunidades m\u00e1s seguras","publisher":{"@id":"https:\/\/novoaglobal.com\/es\/#organization"},"potentialAction":[{"@type":"SearchAction","target":{"@type":"EntryPoint","urlTemplate":"https:\/\/novoaglobal.com\/es\/?s={search_term_string}"},"query-input":{"@type":"PropertyValueSpecification","valueRequired":true,"valueName":"search_term_string"}}],"inLanguage":"es"},{"@type":"Organization","@id":"https:\/\/novoaglobal.com\/es\/#organization","name":"NovoaGlobal","url":"https:\/\/novoaglobal.com\/es\/","logo":{"@type":"ImageObject","inLanguage":"es","@id":"https:\/\/novoaglobal.com\/es\/#\/schema\/logo\/image\/","url":"https:\/\/novoaglobal.com\/es\/wp-content\/uploads\/2019\/10\/logo-history-2.png","contentUrl":"https:\/\/novoaglobal.com\/es\/wp-content\/uploads\/2019\/10\/logo-history-2.png","width":394,"height":363,"caption":"NovoaGlobal"},"image":{"@id":"https:\/\/novoaglobal.com\/es\/#\/schema\/logo\/image\/"},"sameAs":["https:\/\/www.facebook.com\/novoaglobal\/","https:\/\/x.com\/NovoaGlobal","https:\/\/www.instagram.com\/novoaglobal\/","https:\/\/www.linkedin.com\/company\/novoaglobal\/about\/","https:\/\/www.youtube.com\/channel\/UCoMVz-xMzL_dyjZ0GgVz7Dw"]}]}},"_links":{"self":[{"href":"https:\/\/novoaglobal.com\/es\/wp-json\/wp\/v2\/pages\/2351","targetHints":{"allow":["GET"]}}],"collection":[{"href":"https:\/\/novoaglobal.com\/es\/wp-json\/wp\/v2\/pages"}],"about":[{"href":"https:\/\/novoaglobal.com\/es\/wp-json\/wp\/v2\/types\/page"}],"author":[{"embeddable":true,"href":"https:\/\/novoaglobal.com\/es\/wp-json\/wp\/v2\/users\/1"}],"replies":[{"embeddable":true,"href":"https:\/\/novoaglobal.com\/es\/wp-json\/wp\/v2\/comments?post=2351"}],"version-history":[{"count":5,"href":"https:\/\/novoaglobal.com\/es\/wp-json\/wp\/v2\/pages\/2351\/revisions"}],"predecessor-version":[{"id":10532,"href":"https:\/\/novoaglobal.com\/es\/wp-json\/wp\/v2\/pages\/2351\/revisions\/10532"}],"wp:featuredmedia":[{"embeddable":true,"href":"https:\/\/novoaglobal.com\/es\/wp-json\/wp\/v2\/media\/6793"}],"wp:attachment":[{"href":"https:\/\/novoaglobal.com\/es\/wp-json\/wp\/v2\/media?parent=2351"}],"curies":[{"name":"wp","href":"https:\/\/api.w.org\/{rel}","templated":true}]}}