{"id":2051,"date":"2019-10-12T05:06:21","date_gmt":"2019-10-12T05:06:21","guid":{"rendered":"https:\/\/novoaglobal.com\/es\/?page_id=2051"},"modified":"2022-01-09T03:53:50","modified_gmt":"2022-01-09T03:53:50","slug":"escuela-zona-velocidad-segura","status":"publish","type":"page","link":"https:\/\/novoaglobal.com\/es\/escuela-zona-velocidad-segura\/","title":{"rendered":"VELOCIDAD EN ZONA ESCOLAR"},"content":{"rendered":"<section class=\"sh-section sh-section-4554c1964e37fbbb6afece028615103e fw-main-row sh-section-visibility-everywhere\">\n\t\n\t\n\t<div class=\"sh-section-container container-fluid\">\n\t\t\t<\/div>\n<\/section>\n\n<section class=\"sh-section sh-section-6d6dbf83178ba5dc4151e7c9ea3c75cf fw-main-row sh-section-visibility-everywhere\">\n\t\n\t\n\t<div class=\"sh-section-container container section-justify-height\">\n\t\t<div class=\"fw-row\">\n\t\n<div class=\"sh-column sh-column-d28a20641558a2899670a6ed5a50d1b5 fw-col-xs-12 fw-col-sm-6\" >\n\n\t\n\t<div class=\"sh-column-wrapper\">\n\t\t\n<div class=\"sh-heading  \" id=\"heading-4bb404a9da74a7501e3f66f7a22ac53d\">\n\t<div class=\"sh-element-margin\">\n\n\t\t\n\t\t\t<h2 class=\"sh-heading-content size-l text-left\">\n\t\t\t\tSCHOOL ZONE SPEED-SAFE\t\t\t<\/h2>\n\n\t\t\n\t<\/div>\n<\/div>\n\n<div id=\"text-block-12cdf824ee9513b69942c74a4747bde4\" class=\"sh-text-block\">\n\t<p>La velocidad es uno de los mayores factores que determina si un accidente resulta en una lesi\u00f3n grave o la muerte, y reducir la velocidad a los l\u00edmites establecidos en las zonas escolares salvar\u00e1 vidas. Un programa automatizado de exceso velocidad en zona escolar protege a los ni\u00f1os y peatones al recordarles a los automovilistas que reduzcan la velocidad y obedezcan los l\u00edmites impuestos en zonas escolares, especialmente cuando las luces parpadean y los ni\u00f1os est\u00e1n presentes.<\/p><p>Un estudiante atropellado por un veh\u00edculo que viaja a 30 km\/h, que es el l\u00edmite de velocidad t\u00edpico en una zona escolar, tiene un 95% de posibilidades de vivir. Ese mismo estudiante atropellado por un veh\u00edculo que viaja a m\u00e1s de 60 km\/h tiene un 80% de posibilidades de morir.<\/p><\/div>\n\t<\/div>\n\n\n\t\t\n\n<\/div>\n\n<div class=\"sh-column sh-column-3c5418793c1c7763f145d5230717b563 fw-col-xs-12 fw-col-sm-4\" >\n\n\t\n\t<div class=\"sh-column-wrapper\">\n\t\t\n<div id=\"single-image-3b32a744016f18170ab6a96f3ed6e26f\" class=\"sh-single-image   sh-single-image-shadow3\">\n\t<div class=\"sh-element-margin\">\n\t\t\n\t\t\t\t\t<div class=\"sh-image-lazy-loading\" style=\"max-width: 719px;\">\n\t\t\n\t\t\t<div class=\"sh-single-image-container sh-single-image-container-lazy\">\n\t\t\t\t\t\t\t\t\t\t\t\t\t\t\t<a href=\"\/\/novoaglobal.net\/wp-content\/uploads\/2019\/10\/schoolzonesafe.jpg\" rel=\"lightbox\">\n\t\t\t\t\t\n\t\t\t\t\t\t\t\t\t\t\t\t\t\t\t\t\t\t\t\t\t<div class=\"ratio-container\" style=\"padding-top: 76.63421418637%;\">\n\t\t\t\t\t\t\t\t\t<div class=\"ratio-content\">\n\t\t\t\t\t\t\t\t\t\t<img class=\"sh-image-url lazy\" data-src=\"https:\/\/novoaglobal.com\/es\/wp-content\/uploads\/2019\/10\/schoolzonesafe.jpg\" alt=\"NovoaGlobal School Zone Speed Detection\" \/>\n\t\t\t\t\t\t\t\t\t<\/div>\n\t\t\t\t\t\t\t\t<\/div>\n\t\t\t\t\t\t\t\n\t\t\t\t\t\t\t\t\t\t\t\t\t\n\t\t\t\t\t\t\t\t\t\t\t<\/a>\n\t\t\t\t\t\t\t\t\t\n\t\t\t\t\t\t\t<\/div>\n\n\t\t\t\t\t<\/div>\n\t\t\n\t<\/div>\n<\/div>\n\t<\/div>\n\n\n\t\t\n\n<\/div>\n<\/div>\n\n\t<\/div>\n<\/section>\n\n<section class=\"sh-section sh-section-b414616623d6b016e214df18ed1b88c2 fw-main-row sh-section-visibility-everywhere\">\n\t\n\t\n\t<div class=\"sh-section-container container section-justify-height\">\n\t\t<div class=\"fw-row\">\n\t\n<div class=\"sh-column sh-column-e9252772e44fa48dd446ae414b2b8fdb fw-col-xs-12 fw-col-sm-4 sh-column-mobile-padding\" >\n\n\t\n\t<div class=\"sh-column-wrapper\">\n\t\t\n<div id=\"single-image-84a8be123fe22348a16eb7d9066bcbd5\" class=\"sh-single-image   sh-single-image-shadow3\">\n\t<div class=\"sh-element-margin\">\n\t\t\n\t\t\t\t\t<div class=\"sh-image-lazy-loading\" style=\"max-width: 655px;\">\n\t\t\n\t\t\t<div class=\"sh-single-image-container sh-single-image-container-lazy\">\n\t\t\t\t\t\t\t\t\t\t\t\t\t\t\t<a href=\"\/\/novoaglobal.net\/wp-content\/uploads\/2019\/10\/schoolzonesafe1-1.jpg\" rel=\"lightbox\">\n\t\t\t\t\t\n\t\t\t\t\t\t\t\t\t\t\t\t\t\t\t\t\t\t\t\t\t<div class=\"ratio-container\" style=\"padding-top: 92.824427480916%;\">\n\t\t\t\t\t\t\t\t\t<div class=\"ratio-content\">\n\t\t\t\t\t\t\t\t\t\t<img class=\"sh-image-url lazy\" data-src=\"https:\/\/novoaglobal.com\/es\/wp-content\/uploads\/2019\/10\/schoolzonesafe1-1.jpg\" alt=\"NovoaGlobal School Zone Photo\" \/>\n\t\t\t\t\t\t\t\t\t<\/div>\n\t\t\t\t\t\t\t\t<\/div>\n\t\t\t\t\t\t\t\n\t\t\t\t\t\t\t\t\t\t\t\t\t\n\t\t\t\t\t\t\t\t\t\t\t<\/a>\n\t\t\t\t\t\t\t\t\t\n\t\t\t\t\t\t\t<\/div>\n\n\t\t\t\t\t<\/div>\n\t\t\n\t<\/div>\n<\/div>\n\t<\/div>\n\n\n\t\t\n\n<\/div>\n\n<div class=\"sh-column sh-column-de3a1b7d30dba7ebef3d81e7220d363f fw-col-xs-12 fw-col-sm-6\" >\n\n\t\n\t<div class=\"sh-column-wrapper\">\n\t\t\n<div class=\"sh-heading  \" id=\"heading-21b1d98ef6f3e4cee4da2c07c6ab5b18\">\n\t<div class=\"sh-element-margin\">\n\n\t\t\n\t\t\t<h2 class=\"sh-heading-content size-s text-left\">\n\t\t\t\t\u00bfCu\u00e1l es la soluci\u00f3n?\t\t\t<\/h2>\n\n\t\t\n\t<\/div>\n<\/div>\n\n<div id=\"text-block-e78c0fb2b8b264aa79bd96aca25b81ed\" class=\"sh-text-block\">\n\t<p>School Zone Speed-Safe utiliza tecnolog\u00eda automatizada de c\u00e1maras para monitorear y hacer cumplir los l\u00edmites de velocidad alrededor de las zonas escolares, capturando im\u00e1genes y evidencia en video de veh\u00edculos que exceden los l\u00edmites de velocidad se\u00f1alizados, poniendo a los peatones y a los ni\u00f1os de la escuela en riesgo de lesiones.<\/p><p>Ventajas de School Zone Speed-Safe:<\/p><ul><li>Tecnolog\u00eda de vanguardia en captura de datos y grabaci\u00f3n de im\u00e1genes<\/li><li>C\u00e1maras de alta resoluci\u00f3n: incluye video<\/li><li>Instalaci\u00f3n no invasiva, sin necesidad de iniciar obras en carreteras<\/li><li>Soluci\u00f3n llave en mano lista para usar<\/li><li>Sin costo inicial<\/li><li>Genera fondos para mejorar a\u00fan m\u00e1s la seguridad<\/li><li>Atenci\u00f3n al cliente 24 horas al d\u00eda, 7 d\u00edas a la semana<\/li><li>Back office de \u00faltima generaci\u00f3n que proporciona verificaci\u00f3n, soporte y mantenimiento de infracciones<\/li><\/ul><\/div>\n\t<\/div>\n\n\n\t\t\n\n<\/div>\n<\/div>\n\n\t<\/div>\n<\/section>\n","protected":false},"excerpt":{"rendered":"<p>SCHOOL ZONE SPEED-SAFE La velocidad es uno de los mayores factores que determina si un accidente resulta en una lesi\u00f3n grave o la muerte, y reducir la velocidad a los&#8230;<\/p>\n","protected":false},"author":1,"featured_media":6177,"parent":0,"menu_order":0,"comment_status":"closed","ping_status":"closed","template":"","meta":{"_exactmetrics_skip_tracking":false,"_exactmetrics_sitenote_active":false,"_exactmetrics_sitenote_note":"","_exactmetrics_sitenote_category":0,"footnotes":""},"class_list":["post-2051","page","type-page","status-publish","has-post-thumbnail","hentry"],"yoast_head":"<!-- This site is optimized with the Yoast SEO plugin v27.3 - https:\/\/yoast.com\/product\/yoast-seo-wordpress\/ -->\n<title>Control de Exceso de Velocidad en Zonas Escolares NovoaGlobal<\/title>\n<meta name=\"description\" content=\"School Zone Speed-Safe de NovoaGlobal utiliza la Fotomulta Automatizada para monitorear y controlar la velocidad de los conductores, capturando im\u00e1genes y videos de infracciones.\" \/>\n<meta name=\"robots\" content=\"index, follow, max-snippet:-1, max-image-preview:large, max-video-preview:-1\" \/>\n<link rel=\"canonical\" href=\"https:\/\/novoaglobal.com\/es\/escuela-zona-velocidad-segura\/\" \/>\n<meta property=\"og:locale\" content=\"es_ES\" \/>\n<meta property=\"og:type\" content=\"article\" \/>\n<meta property=\"og:title\" content=\"Control de Exceso de Velocidad en Zonas Escolares NovoaGlobal\" \/>\n<meta property=\"og:description\" content=\"School Zone Speed-Safe de NovoaGlobal utiliza la Fotomulta Automatizada para monitorear y controlar la velocidad de los conductores, capturando im\u00e1genes y videos de infracciones.\" \/>\n<meta property=\"og:url\" content=\"https:\/\/novoaglobal.com\/es\/escuela-zona-velocidad-segura\/\" \/>\n<meta property=\"og:site_name\" content=\"NovoaGlobal\u00ae\" \/>\n<meta property=\"article:publisher\" content=\"https:\/\/www.facebook.com\/novoaglobal\/\" \/>\n<meta property=\"article:modified_time\" content=\"2022-01-09T03:53:50+00:00\" \/>\n<meta property=\"og:image\" content=\"https:\/\/novoaglobal.com\/es\/wp-content\/uploads\/2019\/10\/Scool-Zone-1.jpg\" \/>\n\t<meta property=\"og:image:width\" content=\"1000\" \/>\n\t<meta property=\"og:image:height\" content=\"773\" \/>\n\t<meta property=\"og:image:type\" content=\"image\/jpeg\" \/>\n<meta name=\"twitter:card\" content=\"summary_large_image\" \/>\n<meta name=\"twitter:site\" content=\"@NovoaGlobal\" \/>\n<meta name=\"twitter:label1\" content=\"Tiempo de lectura\" \/>\n\t<meta name=\"twitter:data1\" content=\"1 minuto\" \/>\n<script type=\"application\/ld+json\" class=\"yoast-schema-graph\">{\"@context\":\"https:\\\/\\\/schema.org\",\"@graph\":[{\"@type\":\"WebPage\",\"@id\":\"https:\\\/\\\/novoaglobal.com\\\/es\\\/escuela-zona-velocidad-segura\\\/\",\"url\":\"https:\\\/\\\/novoaglobal.com\\\/es\\\/escuela-zona-velocidad-segura\\\/\",\"name\":\"Control de Exceso de Velocidad en Zonas Escolares NovoaGlobal\",\"isPartOf\":{\"@id\":\"https:\\\/\\\/novoaglobal.com\\\/es\\\/#website\"},\"primaryImageOfPage\":{\"@id\":\"https:\\\/\\\/novoaglobal.com\\\/es\\\/escuela-zona-velocidad-segura\\\/#primaryimage\"},\"image\":{\"@id\":\"https:\\\/\\\/novoaglobal.com\\\/es\\\/escuela-zona-velocidad-segura\\\/#primaryimage\"},\"thumbnailUrl\":\"https:\\\/\\\/novoaglobal.com\\\/es\\\/wp-content\\\/uploads\\\/2019\\\/10\\\/Scool-Zone-1.jpg\",\"datePublished\":\"2019-10-12T05:06:21+00:00\",\"dateModified\":\"2022-01-09T03:53:50+00:00\",\"description\":\"School Zone Speed-Safe de NovoaGlobal utiliza la Fotomulta Automatizada para monitorear y controlar la velocidad de los conductores, capturando im\u00e1genes y videos de infracciones.\",\"breadcrumb\":{\"@id\":\"https:\\\/\\\/novoaglobal.com\\\/es\\\/escuela-zona-velocidad-segura\\\/#breadcrumb\"},\"inLanguage\":\"es\",\"potentialAction\":[{\"@type\":\"ReadAction\",\"target\":[\"https:\\\/\\\/novoaglobal.com\\\/es\\\/escuela-zona-velocidad-segura\\\/\"]}]},{\"@type\":\"ImageObject\",\"inLanguage\":\"es\",\"@id\":\"https:\\\/\\\/novoaglobal.com\\\/es\\\/escuela-zona-velocidad-segura\\\/#primaryimage\",\"url\":\"https:\\\/\\\/novoaglobal.com\\\/es\\\/wp-content\\\/uploads\\\/2019\\\/10\\\/Scool-Zone-1.jpg\",\"contentUrl\":\"https:\\\/\\\/novoaglobal.com\\\/es\\\/wp-content\\\/uploads\\\/2019\\\/10\\\/Scool-Zone-1.jpg\",\"width\":1000,\"height\":773,\"caption\":\"NovoaGlobal offers School Zone Speed-Safe Automated Camera Detection\"},{\"@type\":\"BreadcrumbList\",\"@id\":\"https:\\\/\\\/novoaglobal.com\\\/es\\\/escuela-zona-velocidad-segura\\\/#breadcrumb\",\"itemListElement\":[{\"@type\":\"ListItem\",\"position\":1,\"name\":\"Home\",\"item\":\"https:\\\/\\\/novoaglobal.com\\\/es\\\/\"},{\"@type\":\"ListItem\",\"position\":2,\"name\":\"VELOCIDAD EN ZONA ESCOLAR\"}]},{\"@type\":\"WebSite\",\"@id\":\"https:\\\/\\\/novoaglobal.com\\\/es\\\/#website\",\"url\":\"https:\\\/\\\/novoaglobal.com\\\/es\\\/\",\"name\":\"NovoaGlobal\u2122\",\"description\":\"Creando comunidades m\u00e1s seguras\",\"publisher\":{\"@id\":\"https:\\\/\\\/novoaglobal.com\\\/es\\\/#organization\"},\"potentialAction\":[{\"@type\":\"SearchAction\",\"target\":{\"@type\":\"EntryPoint\",\"urlTemplate\":\"https:\\\/\\\/novoaglobal.com\\\/es\\\/?s={search_term_string}\"},\"query-input\":{\"@type\":\"PropertyValueSpecification\",\"valueRequired\":true,\"valueName\":\"search_term_string\"}}],\"inLanguage\":\"es\"},{\"@type\":\"Organization\",\"@id\":\"https:\\\/\\\/novoaglobal.com\\\/es\\\/#organization\",\"name\":\"NovoaGlobal\",\"url\":\"https:\\\/\\\/novoaglobal.com\\\/es\\\/\",\"logo\":{\"@type\":\"ImageObject\",\"inLanguage\":\"es\",\"@id\":\"https:\\\/\\\/novoaglobal.com\\\/es\\\/#\\\/schema\\\/logo\\\/image\\\/\",\"url\":\"https:\\\/\\\/novoaglobal.com\\\/es\\\/wp-content\\\/uploads\\\/2019\\\/10\\\/logo-history-2.png\",\"contentUrl\":\"https:\\\/\\\/novoaglobal.com\\\/es\\\/wp-content\\\/uploads\\\/2019\\\/10\\\/logo-history-2.png\",\"width\":394,\"height\":363,\"caption\":\"NovoaGlobal\"},\"image\":{\"@id\":\"https:\\\/\\\/novoaglobal.com\\\/es\\\/#\\\/schema\\\/logo\\\/image\\\/\"},\"sameAs\":[\"https:\\\/\\\/www.facebook.com\\\/novoaglobal\\\/\",\"https:\\\/\\\/x.com\\\/NovoaGlobal\",\"https:\\\/\\\/www.instagram.com\\\/novoaglobal\\\/\",\"https:\\\/\\\/www.linkedin.com\\\/company\\\/novoaglobal\\\/about\\\/\",\"https:\\\/\\\/www.youtube.com\\\/channel\\\/UCoMVz-xMzL_dyjZ0GgVz7Dw\"]}]}<\/script>\n<!-- \/ Yoast SEO plugin. -->","yoast_head_json":{"title":"Control de Exceso de Velocidad en Zonas Escolares NovoaGlobal","description":"School Zone Speed-Safe de NovoaGlobal utiliza la Fotomulta Automatizada para monitorear y controlar la velocidad de los conductores, capturando im\u00e1genes y videos de infracciones.","robots":{"index":"index","follow":"follow","max-snippet":"max-snippet:-1","max-image-preview":"max-image-preview:large","max-video-preview":"max-video-preview:-1"},"canonical":"https:\/\/novoaglobal.com\/es\/escuela-zona-velocidad-segura\/","og_locale":"es_ES","og_type":"article","og_title":"Control de Exceso de Velocidad en Zonas Escolares NovoaGlobal","og_description":"School Zone Speed-Safe de NovoaGlobal utiliza la Fotomulta Automatizada para monitorear y controlar la velocidad de los conductores, capturando im\u00e1genes y videos de infracciones.","og_url":"https:\/\/novoaglobal.com\/es\/escuela-zona-velocidad-segura\/","og_site_name":"NovoaGlobal\u00ae","article_publisher":"https:\/\/www.facebook.com\/novoaglobal\/","article_modified_time":"2022-01-09T03:53:50+00:00","og_image":[{"width":1000,"height":773,"url":"https:\/\/novoaglobal.com\/es\/wp-content\/uploads\/2019\/10\/Scool-Zone-1.jpg","type":"image\/jpeg"}],"twitter_card":"summary_large_image","twitter_site":"@NovoaGlobal","twitter_misc":{"Tiempo de lectura":"1 minuto"},"schema":{"@context":"https:\/\/schema.org","@graph":[{"@type":"WebPage","@id":"https:\/\/novoaglobal.com\/es\/escuela-zona-velocidad-segura\/","url":"https:\/\/novoaglobal.com\/es\/escuela-zona-velocidad-segura\/","name":"Control de Exceso de Velocidad en Zonas Escolares NovoaGlobal","isPartOf":{"@id":"https:\/\/novoaglobal.com\/es\/#website"},"primaryImageOfPage":{"@id":"https:\/\/novoaglobal.com\/es\/escuela-zona-velocidad-segura\/#primaryimage"},"image":{"@id":"https:\/\/novoaglobal.com\/es\/escuela-zona-velocidad-segura\/#primaryimage"},"thumbnailUrl":"https:\/\/novoaglobal.com\/es\/wp-content\/uploads\/2019\/10\/Scool-Zone-1.jpg","datePublished":"2019-10-12T05:06:21+00:00","dateModified":"2022-01-09T03:53:50+00:00","description":"School Zone Speed-Safe de NovoaGlobal utiliza la Fotomulta Automatizada para monitorear y controlar la velocidad de los conductores, capturando im\u00e1genes y videos de infracciones.","breadcrumb":{"@id":"https:\/\/novoaglobal.com\/es\/escuela-zona-velocidad-segura\/#breadcrumb"},"inLanguage":"es","potentialAction":[{"@type":"ReadAction","target":["https:\/\/novoaglobal.com\/es\/escuela-zona-velocidad-segura\/"]}]},{"@type":"ImageObject","inLanguage":"es","@id":"https:\/\/novoaglobal.com\/es\/escuela-zona-velocidad-segura\/#primaryimage","url":"https:\/\/novoaglobal.com\/es\/wp-content\/uploads\/2019\/10\/Scool-Zone-1.jpg","contentUrl":"https:\/\/novoaglobal.com\/es\/wp-content\/uploads\/2019\/10\/Scool-Zone-1.jpg","width":1000,"height":773,"caption":"NovoaGlobal offers School Zone Speed-Safe Automated Camera Detection"},{"@type":"BreadcrumbList","@id":"https:\/\/novoaglobal.com\/es\/escuela-zona-velocidad-segura\/#breadcrumb","itemListElement":[{"@type":"ListItem","position":1,"name":"Home","item":"https:\/\/novoaglobal.com\/es\/"},{"@type":"ListItem","position":2,"name":"VELOCIDAD EN ZONA ESCOLAR"}]},{"@type":"WebSite","@id":"https:\/\/novoaglobal.com\/es\/#website","url":"https:\/\/novoaglobal.com\/es\/","name":"NovoaGlobal\u2122","description":"Creando comunidades m\u00e1s seguras","publisher":{"@id":"https:\/\/novoaglobal.com\/es\/#organization"},"potentialAction":[{"@type":"SearchAction","target":{"@type":"EntryPoint","urlTemplate":"https:\/\/novoaglobal.com\/es\/?s={search_term_string}"},"query-input":{"@type":"PropertyValueSpecification","valueRequired":true,"valueName":"search_term_string"}}],"inLanguage":"es"},{"@type":"Organization","@id":"https:\/\/novoaglobal.com\/es\/#organization","name":"NovoaGlobal","url":"https:\/\/novoaglobal.com\/es\/","logo":{"@type":"ImageObject","inLanguage":"es","@id":"https:\/\/novoaglobal.com\/es\/#\/schema\/logo\/image\/","url":"https:\/\/novoaglobal.com\/es\/wp-content\/uploads\/2019\/10\/logo-history-2.png","contentUrl":"https:\/\/novoaglobal.com\/es\/wp-content\/uploads\/2019\/10\/logo-history-2.png","width":394,"height":363,"caption":"NovoaGlobal"},"image":{"@id":"https:\/\/novoaglobal.com\/es\/#\/schema\/logo\/image\/"},"sameAs":["https:\/\/www.facebook.com\/novoaglobal\/","https:\/\/x.com\/NovoaGlobal","https:\/\/www.instagram.com\/novoaglobal\/","https:\/\/www.linkedin.com\/company\/novoaglobal\/about\/","https:\/\/www.youtube.com\/channel\/UCoMVz-xMzL_dyjZ0GgVz7Dw"]}]}},"_links":{"self":[{"href":"https:\/\/novoaglobal.com\/es\/wp-json\/wp\/v2\/pages\/2051","targetHints":{"allow":["GET"]}}],"collection":[{"href":"https:\/\/novoaglobal.com\/es\/wp-json\/wp\/v2\/pages"}],"about":[{"href":"https:\/\/novoaglobal.com\/es\/wp-json\/wp\/v2\/types\/page"}],"author":[{"embeddable":true,"href":"https:\/\/novoaglobal.com\/es\/wp-json\/wp\/v2\/users\/1"}],"replies":[{"embeddable":true,"href":"https:\/\/novoaglobal.com\/es\/wp-json\/wp\/v2\/comments?post=2051"}],"version-history":[{"count":5,"href":"https:\/\/novoaglobal.com\/es\/wp-json\/wp\/v2\/pages\/2051\/revisions"}],"predecessor-version":[{"id":10541,"href":"https:\/\/novoaglobal.com\/es\/wp-json\/wp\/v2\/pages\/2051\/revisions\/10541"}],"wp:featuredmedia":[{"embeddable":true,"href":"https:\/\/novoaglobal.com\/es\/wp-json\/wp\/v2\/media\/6177"}],"wp:attachment":[{"href":"https:\/\/novoaglobal.com\/es\/wp-json\/wp\/v2\/media?parent=2051"}],"curies":[{"name":"wp","href":"https:\/\/api.w.org\/{rel}","templated":true}]}}