{"id":1993,"date":"2019-10-09T12:38:15","date_gmt":"2019-10-09T12:38:15","guid":{"rendered":"https:\/\/novoaglobal.com\/es\/?page_id=1993"},"modified":"2022-01-09T03:30:04","modified_gmt":"2022-01-09T03:30:04","slug":"testimonios","status":"publish","type":"page","link":"https:\/\/novoaglobal.com\/es\/testimonios\/","title":{"rendered":"TESTIMONIOS"},"content":{"rendered":"<section class=\"sh-section sh-section-2ace25617d58405afab3f0511f8aaa8e fw-main-row sh-section-visibility-everywhere\">\n\t\n\t\n\t<div class=\"sh-section-container container-fluid\">\n\t\t<div class=\"fw-row\">\n\t\n<div class=\"sh-column sh-column-8dfcbc67b2182ff6391ac240a1d28a44 fw-col-xs-12\" >\n\n\t\n\t<div class=\"sh-column-wrapper\">\n\t\t\n<div class=\"sh-heading  \" id=\"heading-4d79317bf035a7d192cdba53dbb20dc8\">\n\t<div class=\"sh-element-margin\">\n\n\t\t\n\t\t\t<h2 class=\"sh-heading-content size-xxl text-center\">\n\t\t\t\tLo que dicen nuestros clientes sobre nosotros\t\t\t<\/h2>\n\n\t\t\n\t<\/div>\n<\/div>\n\t<\/div>\n\n\n\t\t\n\n<\/div>\n<\/div>\n\n\t<\/div>\n<\/section>\n\n<section class=\"sh-section sh-section-bc747ce925a229f9a5557186501c7fb0 fw-main-row sh-section-visibility-everywhere sh-animated fadeInUp\" id=\"testimonials\" data-wow-duration=\"1s\" >\n\t\n\t\n\t<div class=\"sh-section-container container\">\n\t\t<div class=\"fw-row\">\n\t\n<div class=\"sh-column sh-column-1f3b8488eead8b3af7f525e55b71d468 fw-col-xs-12 sh-column-mobile-padding\" >\n\n\t\n\t<div class=\"sh-column-wrapper\">\n\t\t\n<div class=\"sh-heading  \" id=\"heading-fe64df341638e39aa9b36a03cc09d2cd\">\n\t<div class=\"sh-element-margin\">\n\n\t\t\n\t\t\t<h3 class=\"sh-heading-content size-xs text-center\">\n\t\t\t\tCLIENTE\t\t\t<\/h3>\n\n\t\t\n\t<\/div>\n<\/div>\n\n<div class=\"sh-heading  \" id=\"heading-bc35dd134e638b933dfcc6a368a082a1\">\n\t<div class=\"sh-element-margin\">\n\n\t\t\n\t\t\t<h1 class=\"sh-heading-content size-l text-center\">\n\t\t\t\tTESTIMONIOS\t\t\t<\/h1>\n\n\t\t\n\t<\/div>\n<\/div>\n\n<script type=\"text\/javascript\">\njQuery(document).ready(function ($) {\n\n\t$('#testimonials-slider-68bb7397eb79790c1d76394fa72c12e5').on('init', function(event, slick, currentSlide, nextSlide){\n\t\t$('#testimonials-68bb7397eb79790c1d76394fa72c12e5 .sh-testimonials-switch').css( 'opacity','1' );\n\t});\n\n\t$('#testimonials-slider-68bb7397eb79790c1d76394fa72c12e5').slick({\n\t\tdots: false,\n\t\tarrows: true,\n\t\tinfinite: true,\n\t\tspeed: 500,\n\t\tslidesToShow: 1,\n\t\tfade: true,\n\t\tresponsive: [\n\t\t\t{\n\t\t\t\tbreakpoint: 1000,\n\t\t\t\tsettings: {\n\t\t\t\t\tslidesToShow: 1\n\t\t\t\t}\n\t\t\t}\n\t\t],\n\t\tadaptiveHeight: true,\n\t\tautoplay: false,\n\t\tautoplaySpeed: 5000,\n\t});\n\n\tfunction testimonials_slider_update_68bb7397eb79790c1d76394fa72c12e5() {\n\t\t$('#testimonials-slider-68bb7397eb79790c1d76394fa72c12e5 .slick-slide').css('height', '');\n\t\tvar stHeight = $('#testimonials-slider-68bb7397eb79790c1d76394fa72c12e5 .slick-track').height();\n\t\t$('#testimonials-slider-68bb7397eb79790c1d76394fa72c12e5 .slick-slide').css('height',stHeight + 'px' );\n\t}\n\n\ttestimonials_slider_update_68bb7397eb79790c1d76394fa72c12e5();\n\t$(window).on( 'load resize', function() {\n\t\tsetTimeout(function(){\n\t\t\ttestimonials_slider_update_68bb7397eb79790c1d76394fa72c12e5();\n\t\t}, 50);\n\t});\n\n\t$('#testimonials-68bb7397eb79790c1d76394fa72c12e5 .sh-testimonials-prev').on( 'click', function() {\n\t\t$('#testimonials-slider-68bb7397eb79790c1d76394fa72c12e5').slick('slickPrev');\n\t});\n\n\t$('#testimonials-68bb7397eb79790c1d76394fa72c12e5 .sh-testimonials-next').on( 'click', function() {\n\t\t$('#testimonials-slider-68bb7397eb79790c1d76394fa72c12e5').slick('slickNext');\n\t});\n\n});\n<\/script>\n\n<div id=\"testimonials-68bb7397eb79790c1d76394fa72c12e5\" class=\"sh-testimonials sh-testimonials-quote-off sh-testimonials-style3\">\n\t<div class=\"sh-testimonials-group\" id=\"testimonials-slider-68bb7397eb79790c1d76394fa72c12e5\">\n\t\t\t\t\t\n\t\t\t\t\t\t\t\t\t<div class=\"sh-testimonials-item\">\n\t\t\t\t\n\t\t\t\t\t<div class=\"sh-testimonials-item-container\">\n\t\t\t\t\t\t<div class=\"sh-testimonials-table sh-table text-left\">\n\t\t\t\t\t\t\t<div class=\"sh-testimonials-table-icon sh-table-cell text-center\">\n\t\t\t\t\t\t\t\t<div class=\"sh-testimonials-quote-icon\">\n\t\t\t\t\t\t\t\t\t<i class=\"ti-quote-right\"><\/i>\n\t\t\t\t\t\t\t\t<\/div>\n\t\t\t\t\t\t\t<\/div>\n\t\t\t\t\t\t\t\t\t\t\t\t\t\t\t<div class=\"sh-testimonials-table-image sh-table-cell\">\n\t\t\t\t\t\t\t\t\t<div class=\"sh-testimonials-image\" style=\"background-image: url(\/\/novoaglobal.com\/es\/wp-content\/uploads\/2019\/10\/rl2.jpg);\"><\/div>\n\t\t\t\t\t\t\t\t<\/div>\n\t\t\t\t\t\t\t\t\t\t\t\t\t\t<div class=\"sh-testimonials-table-name sh-table-cell\">\n\t\t\t\t\t\t\t\t<div class=\"sh-testimonials-name\">\n\t\t\t\t\t\t\t\t\t<h3>Donald Schubert, oficial de polic\u00eda de Murfreesboro<\/h3>\n\t\t\t\t\t\t\t\t<\/div>\n\t\t\t\t\t\t\t\t<div class=\"sh-testimonials-job\">\n\t\t\t\t\t\t\t\t\t\t\t\t\t\t\t\t\t<\/div>\n\t\t\t\t\t\t\t<\/div>\n\t\t\t\t\t\t\t<div class=\"sh-testimonials-table-quote sh-table-cell-top\">\n\t\t\t\t\t\t\t\t<div class=\"sh-testimonials-quote\">\n\t\t\t\t\t\t\t\t\t\u00a1Las nuevas c\u00e1maras de luz roja son mucho m\u00e1s claras! (...) Cuando la Ciudad de Murfreesboro cambi\u00f3 el proveedor que proporcionaba las c\u00e1maras de luz roja, nos acerc\u00f3 a una nueva era de alta tecnolog\u00eda en claridad (...). Hay una gran diferencia en el video y las fotograf\u00edas. Es como si estuvieras parado all\u00ed en la esquina de la calle mirando c\u00f3mo ocurre la infracci\u00f3n.\t\t\t\t\t\t\t\t<\/div>\n\t\t\t\t\t\t\t<\/div>\n\t\t\t\t\t\t<\/div>\n\t\t\t\t\t<\/div>\n\n\t\t\t\t\n\t\t\t\n\t\t\t\t\n\t\t\t\t\t<div class=\"sh-testimonials-item-container\">\n\t\t\t\t\t\t<div class=\"sh-testimonials-table sh-table text-left\">\n\t\t\t\t\t\t\t<div class=\"sh-testimonials-table-icon sh-table-cell text-center\">\n\t\t\t\t\t\t\t\t<div class=\"sh-testimonials-quote-icon\">\n\t\t\t\t\t\t\t\t\t<i class=\"ti-quote-right\"><\/i>\n\t\t\t\t\t\t\t\t<\/div>\n\t\t\t\t\t\t\t<\/div>\n\t\t\t\t\t\t\t\t\t\t\t\t\t\t\t<div class=\"sh-testimonials-table-image sh-table-cell\">\n\t\t\t\t\t\t\t\t\t<div class=\"sh-testimonials-image\" style=\"background-image: url(\/\/novoaglobal.com\/es\/wp-content\/uploads\/2019\/10\/Annotation-2019-10-14-022118.jpg);\"><\/div>\n\t\t\t\t\t\t\t\t<\/div>\n\t\t\t\t\t\t\t\t\t\t\t\t\t\t<div class=\"sh-testimonials-table-name sh-table-cell\">\n\t\t\t\t\t\t\t\t<div class=\"sh-testimonials-name\">\n\t\t\t\t\t\t\t\t\t<h3>Director de Transporte de la ciudad de Orlando, Billy Hattaway<\/h3>\n\t\t\t\t\t\t\t\t<\/div>\n\t\t\t\t\t\t\t\t<div class=\"sh-testimonials-job\">\n\t\t\t\t\t\t\t\t\t\t\t\t\t\t\t\t\t<\/div>\n\t\t\t\t\t\t\t<\/div>\n\t\t\t\t\t\t\t<div class=\"sh-testimonials-table-quote sh-table-cell-top\">\n\t\t\t\t\t\t\t\t<div class=\"sh-testimonials-quote\">\n\t\t\t\t\t\t\t\t\tHemos visto una reducci\u00f3n del 15% en las infracciones como resultado del programa (\u2026). Esa reducci\u00f3n significa solo una cosa: se est\u00e1n salvando vidas.\t\t\t\t\t\t\t\t<\/div>\n\t\t\t\t\t\t\t<\/div>\n\t\t\t\t\t\t<\/div>\n\t\t\t\t\t<\/div>\n\n\t\t\t\t\t\t\t\t\t<\/div>\n\t\t\t\t\n\t\t\t\n\t\t\t\t\t\t\t\t\t<div class=\"sh-testimonials-item\">\n\t\t\t\t\n\t\t\t\t\t<div class=\"sh-testimonials-item-container\">\n\t\t\t\t\t\t<div class=\"sh-testimonials-table sh-table text-left\">\n\t\t\t\t\t\t\t<div class=\"sh-testimonials-table-icon sh-table-cell text-center\">\n\t\t\t\t\t\t\t\t<div class=\"sh-testimonials-quote-icon\">\n\t\t\t\t\t\t\t\t\t<i class=\"ti-quote-right\"><\/i>\n\t\t\t\t\t\t\t\t<\/div>\n\t\t\t\t\t\t\t<\/div>\n\t\t\t\t\t\t\t\t\t\t\t\t\t\t\t<div class=\"sh-testimonials-table-image sh-table-cell\">\n\t\t\t\t\t\t\t\t\t<div class=\"sh-testimonials-image\" style=\"background-image: url(\/\/novoaglobal.com\/es\/wp-content\/uploads\/2019\/10\/test-2.jpg);\"><\/div>\n\t\t\t\t\t\t\t\t<\/div>\n\t\t\t\t\t\t\t\t\t\t\t\t\t\t<div class=\"sh-testimonials-table-name sh-table-cell\">\n\t\t\t\t\t\t\t\t<div class=\"sh-testimonials-name\">\n\t\t\t\t\t\t\t\t\t<h3>Asistente Jefe Shawn Gustason - Departamento de Polic\u00eda de Tacoma, WA<\/h3>\n\t\t\t\t\t\t\t\t<\/div>\n\t\t\t\t\t\t\t\t<div class=\"sh-testimonials-job\">\n\t\t\t\t\t\t\t\t\t\t\t\t\t\t\t\t\t<\/div>\n\t\t\t\t\t\t\t<\/div>\n\t\t\t\t\t\t\t<div class=\"sh-testimonials-table-quote sh-table-cell-top\">\n\t\t\t\t\t\t\t\t<div class=\"sh-testimonials-quote\">\n\t\t\t\t\t\t\t\t\tDespu\u00e9s de cambiar los antiguos proveedores de fotomultas a NovoaGlobal, el n\u00famero de infracciones ha aumentado, personalizaron su software administrativo \/ judicial seg\u00fan nuestras necesidades espec\u00edficas y brindan un excelente servicio al cliente. Nuestro traslado a Novoa Global super\u00f3 todas las expectativas\t\t\t\t\t\t\t\t<\/div>\n\t\t\t\t\t\t\t<\/div>\n\t\t\t\t\t\t<\/div>\n\t\t\t\t\t<\/div>\n\n\t\t\t\t\t\t\t\t\t<\/div>\n\t\t\t\t\n\t\t\t\t\t\t<\/div>\n\n\t\t\t\t\t\t\t\t\t\t<div class=\"sh-testimonials-switch sh-group\">\n\t\t\t\t\t<div class=\"sh-testimonials-prev\">\n\t\t\t\t\t\t<i class=\"icon-arrow-left\"><\/i>\n\t\t\t\t\t<\/div>\n\t\t\t\t\t<div class=\"sh-testimonials-next\">\n\t\t\t\t\t\t<i class=\"icon-arrow-right\"><\/i>\n\t\t\t\t\t<\/div>\n\t\t\t\t<\/div>\n\t\t\t\t\t\t<\/div>\n\t<\/div>\n\n\n\t\t\n\n<\/div>\n<\/div>\n\n\t<\/div>\n<\/section>\n","protected":false},"excerpt":{"rendered":"<p>Lo que dicen nuestros clientes sobre nosotros CLIENTE TESTIMONIOS Donald Schubert, oficial de polic\u00eda de Murfreesboro \u00a1Las nuevas c\u00e1maras de luz roja son mucho m\u00e1s claras! (&#8230;) Cuando la Ciudad&#8230;<\/p>\n","protected":false},"author":1,"featured_media":0,"parent":0,"menu_order":0,"comment_status":"closed","ping_status":"closed","template":"","meta":{"_exactmetrics_skip_tracking":false,"_exactmetrics_sitenote_active":false,"_exactmetrics_sitenote_note":"","_exactmetrics_sitenote_category":0,"footnotes":""},"class_list":["post-1993","page","type-page","status-publish","hentry"],"yoast_head":"<!-- This site is optimized with the Yoast SEO plugin v27.3 - https:\/\/yoast.com\/product\/yoast-seo-wordpress\/ -->\n<title>Testimonios de NovoaGlobal<\/title>\n<meta name=\"description\" content=\"Testimonios de NovoaGlobal- Creando comunidades m\u00e1s seguras y educando conductores con sus Sistemas Automatizados de Fotomulta.\" \/>\n<meta name=\"robots\" content=\"index, follow, max-snippet:-1, max-image-preview:large, max-video-preview:-1\" \/>\n<link rel=\"canonical\" href=\"https:\/\/novoaglobal.com\/es\/testimonios\/\" \/>\n<meta property=\"og:locale\" content=\"es_ES\" \/>\n<meta property=\"og:type\" content=\"article\" \/>\n<meta property=\"og:title\" content=\"Testimonios de NovoaGlobal\" \/>\n<meta property=\"og:description\" content=\"Testimonios de NovoaGlobal- Creando comunidades m\u00e1s seguras y educando conductores con sus Sistemas Automatizados de Fotomulta.\" \/>\n<meta property=\"og:url\" content=\"https:\/\/novoaglobal.com\/es\/testimonios\/\" \/>\n<meta property=\"og:site_name\" content=\"NovoaGlobal\u00ae\" \/>\n<meta property=\"article:publisher\" content=\"https:\/\/www.facebook.com\/novoaglobal\/\" \/>\n<meta property=\"article:modified_time\" content=\"2022-01-09T03:30:04+00:00\" \/>\n<meta name=\"twitter:card\" content=\"summary_large_image\" \/>\n<meta name=\"twitter:site\" content=\"@NovoaGlobal\" \/>\n<meta name=\"twitter:label1\" content=\"Tiempo de lectura\" \/>\n\t<meta name=\"twitter:data1\" content=\"1 minuto\" \/>\n<script type=\"application\/ld+json\" class=\"yoast-schema-graph\">{\"@context\":\"https:\\\/\\\/schema.org\",\"@graph\":[{\"@type\":\"WebPage\",\"@id\":\"https:\\\/\\\/novoaglobal.com\\\/es\\\/testimonios\\\/\",\"url\":\"https:\\\/\\\/novoaglobal.com\\\/es\\\/testimonios\\\/\",\"name\":\"Testimonios de NovoaGlobal\",\"isPartOf\":{\"@id\":\"https:\\\/\\\/novoaglobal.com\\\/es\\\/#website\"},\"datePublished\":\"2019-10-09T12:38:15+00:00\",\"dateModified\":\"2022-01-09T03:30:04+00:00\",\"description\":\"Testimonios de NovoaGlobal- Creando comunidades m\u00e1s seguras y educando conductores con sus Sistemas Automatizados de Fotomulta.\",\"breadcrumb\":{\"@id\":\"https:\\\/\\\/novoaglobal.com\\\/es\\\/testimonios\\\/#breadcrumb\"},\"inLanguage\":\"es\",\"potentialAction\":[{\"@type\":\"ReadAction\",\"target\":[\"https:\\\/\\\/novoaglobal.com\\\/es\\\/testimonios\\\/\"]}]},{\"@type\":\"BreadcrumbList\",\"@id\":\"https:\\\/\\\/novoaglobal.com\\\/es\\\/testimonios\\\/#breadcrumb\",\"itemListElement\":[{\"@type\":\"ListItem\",\"position\":1,\"name\":\"Home\",\"item\":\"https:\\\/\\\/novoaglobal.com\\\/es\\\/\"},{\"@type\":\"ListItem\",\"position\":2,\"name\":\"TESTIMONIOS\"}]},{\"@type\":\"WebSite\",\"@id\":\"https:\\\/\\\/novoaglobal.com\\\/es\\\/#website\",\"url\":\"https:\\\/\\\/novoaglobal.com\\\/es\\\/\",\"name\":\"NovoaGlobal\u2122\",\"description\":\"Creando comunidades m\u00e1s seguras\",\"publisher\":{\"@id\":\"https:\\\/\\\/novoaglobal.com\\\/es\\\/#organization\"},\"potentialAction\":[{\"@type\":\"SearchAction\",\"target\":{\"@type\":\"EntryPoint\",\"urlTemplate\":\"https:\\\/\\\/novoaglobal.com\\\/es\\\/?s={search_term_string}\"},\"query-input\":{\"@type\":\"PropertyValueSpecification\",\"valueRequired\":true,\"valueName\":\"search_term_string\"}}],\"inLanguage\":\"es\"},{\"@type\":\"Organization\",\"@id\":\"https:\\\/\\\/novoaglobal.com\\\/es\\\/#organization\",\"name\":\"NovoaGlobal\",\"url\":\"https:\\\/\\\/novoaglobal.com\\\/es\\\/\",\"logo\":{\"@type\":\"ImageObject\",\"inLanguage\":\"es\",\"@id\":\"https:\\\/\\\/novoaglobal.com\\\/es\\\/#\\\/schema\\\/logo\\\/image\\\/\",\"url\":\"https:\\\/\\\/novoaglobal.com\\\/es\\\/wp-content\\\/uploads\\\/2019\\\/10\\\/logo-history-2.png\",\"contentUrl\":\"https:\\\/\\\/novoaglobal.com\\\/es\\\/wp-content\\\/uploads\\\/2019\\\/10\\\/logo-history-2.png\",\"width\":394,\"height\":363,\"caption\":\"NovoaGlobal\"},\"image\":{\"@id\":\"https:\\\/\\\/novoaglobal.com\\\/es\\\/#\\\/schema\\\/logo\\\/image\\\/\"},\"sameAs\":[\"https:\\\/\\\/www.facebook.com\\\/novoaglobal\\\/\",\"https:\\\/\\\/x.com\\\/NovoaGlobal\",\"https:\\\/\\\/www.instagram.com\\\/novoaglobal\\\/\",\"https:\\\/\\\/www.linkedin.com\\\/company\\\/novoaglobal\\\/about\\\/\",\"https:\\\/\\\/www.youtube.com\\\/channel\\\/UCoMVz-xMzL_dyjZ0GgVz7Dw\"]}]}<\/script>\n<!-- \/ Yoast SEO plugin. -->","yoast_head_json":{"title":"Testimonios de NovoaGlobal","description":"Testimonios de NovoaGlobal- Creando comunidades m\u00e1s seguras y educando conductores con sus Sistemas Automatizados de Fotomulta.","robots":{"index":"index","follow":"follow","max-snippet":"max-snippet:-1","max-image-preview":"max-image-preview:large","max-video-preview":"max-video-preview:-1"},"canonical":"https:\/\/novoaglobal.com\/es\/testimonios\/","og_locale":"es_ES","og_type":"article","og_title":"Testimonios de NovoaGlobal","og_description":"Testimonios de NovoaGlobal- Creando comunidades m\u00e1s seguras y educando conductores con sus Sistemas Automatizados de Fotomulta.","og_url":"https:\/\/novoaglobal.com\/es\/testimonios\/","og_site_name":"NovoaGlobal\u00ae","article_publisher":"https:\/\/www.facebook.com\/novoaglobal\/","article_modified_time":"2022-01-09T03:30:04+00:00","twitter_card":"summary_large_image","twitter_site":"@NovoaGlobal","twitter_misc":{"Tiempo de lectura":"1 minuto"},"schema":{"@context":"https:\/\/schema.org","@graph":[{"@type":"WebPage","@id":"https:\/\/novoaglobal.com\/es\/testimonios\/","url":"https:\/\/novoaglobal.com\/es\/testimonios\/","name":"Testimonios de NovoaGlobal","isPartOf":{"@id":"https:\/\/novoaglobal.com\/es\/#website"},"datePublished":"2019-10-09T12:38:15+00:00","dateModified":"2022-01-09T03:30:04+00:00","description":"Testimonios de NovoaGlobal- Creando comunidades m\u00e1s seguras y educando conductores con sus Sistemas Automatizados de Fotomulta.","breadcrumb":{"@id":"https:\/\/novoaglobal.com\/es\/testimonios\/#breadcrumb"},"inLanguage":"es","potentialAction":[{"@type":"ReadAction","target":["https:\/\/novoaglobal.com\/es\/testimonios\/"]}]},{"@type":"BreadcrumbList","@id":"https:\/\/novoaglobal.com\/es\/testimonios\/#breadcrumb","itemListElement":[{"@type":"ListItem","position":1,"name":"Home","item":"https:\/\/novoaglobal.com\/es\/"},{"@type":"ListItem","position":2,"name":"TESTIMONIOS"}]},{"@type":"WebSite","@id":"https:\/\/novoaglobal.com\/es\/#website","url":"https:\/\/novoaglobal.com\/es\/","name":"NovoaGlobal\u2122","description":"Creando comunidades m\u00e1s seguras","publisher":{"@id":"https:\/\/novoaglobal.com\/es\/#organization"},"potentialAction":[{"@type":"SearchAction","target":{"@type":"EntryPoint","urlTemplate":"https:\/\/novoaglobal.com\/es\/?s={search_term_string}"},"query-input":{"@type":"PropertyValueSpecification","valueRequired":true,"valueName":"search_term_string"}}],"inLanguage":"es"},{"@type":"Organization","@id":"https:\/\/novoaglobal.com\/es\/#organization","name":"NovoaGlobal","url":"https:\/\/novoaglobal.com\/es\/","logo":{"@type":"ImageObject","inLanguage":"es","@id":"https:\/\/novoaglobal.com\/es\/#\/schema\/logo\/image\/","url":"https:\/\/novoaglobal.com\/es\/wp-content\/uploads\/2019\/10\/logo-history-2.png","contentUrl":"https:\/\/novoaglobal.com\/es\/wp-content\/uploads\/2019\/10\/logo-history-2.png","width":394,"height":363,"caption":"NovoaGlobal"},"image":{"@id":"https:\/\/novoaglobal.com\/es\/#\/schema\/logo\/image\/"},"sameAs":["https:\/\/www.facebook.com\/novoaglobal\/","https:\/\/x.com\/NovoaGlobal","https:\/\/www.instagram.com\/novoaglobal\/","https:\/\/www.linkedin.com\/company\/novoaglobal\/about\/","https:\/\/www.youtube.com\/channel\/UCoMVz-xMzL_dyjZ0GgVz7Dw"]}]}},"_links":{"self":[{"href":"https:\/\/novoaglobal.com\/es\/wp-json\/wp\/v2\/pages\/1993","targetHints":{"allow":["GET"]}}],"collection":[{"href":"https:\/\/novoaglobal.com\/es\/wp-json\/wp\/v2\/pages"}],"about":[{"href":"https:\/\/novoaglobal.com\/es\/wp-json\/wp\/v2\/types\/page"}],"author":[{"embeddable":true,"href":"https:\/\/novoaglobal.com\/es\/wp-json\/wp\/v2\/users\/1"}],"replies":[{"embeddable":true,"href":"https:\/\/novoaglobal.com\/es\/wp-json\/wp\/v2\/comments?post=1993"}],"version-history":[{"count":5,"href":"https:\/\/novoaglobal.com\/es\/wp-json\/wp\/v2\/pages\/1993\/revisions"}],"predecessor-version":[{"id":10540,"href":"https:\/\/novoaglobal.com\/es\/wp-json\/wp\/v2\/pages\/1993\/revisions\/10540"}],"wp:attachment":[{"href":"https:\/\/novoaglobal.com\/es\/wp-json\/wp\/v2\/media?parent=1993"}],"curies":[{"name":"wp","href":"https:\/\/api.w.org\/{rel}","templated":true}]}}